{"id":56568,"date":"2021-12-01T10:31:33","date_gmt":"2021-12-01T09:31:33","guid":{"rendered":"https:\/\/happyvetproject.org\/cookies-richtlinie\/"},"modified":"2023-02-22T12:04:52","modified_gmt":"2023-02-22T11:04:52","slug":"cookies-richtlinie","status":"publish","type":"page","link":"https:\/\/happyvetproject.org\/de\/cookies-richtlinie\/","title":{"rendered":"Cookies-Richtlinie"},"content":{"rendered":"<h3><strong>Was sind Cookies?<\/strong><\/h3>\n<p>Cookies sind kleine Dateien, die Datenmengen enthalten, welche heruntergeladen und auf einem Ger\u00e4t installiert werden, w\u00e4hrend man auf einer Website surft. Bei sp\u00e4teren Aufrufen der Website werden die Cookies an die urspr\u00fcngliche Website oder an andere Websites, die diese Cookies erkennen, zur\u00fcckgegeben. Cookies sind n\u00fctzlich, weil sie es erm\u00f6glichen, Informationen \u00fcber die Anzahl der Besucher, die Surfgewohnheiten der Nutzer und der Ger\u00e4te zu speichern und abzurufen. Je nach den in ihnen enthaltenen Informationen und der Art und Weise, wie die Nutzer das Ger\u00e4t verwenden, k\u00f6nnen sie auch hilfreich sein, um Nutzer wiederzuerkennen. Weitere Informationen \u00fcber Cookies finden Sie unter <a href=\"http:\/\/www.allaboutcookies.org\" target=\"_blank\" rel=\"noopener\">www.allaboutcookies.org.<\/a><\/p>\n<p>&nbsp;<\/p>\n<h3>Welche Art von Cookies werden auf dieser Website verwendet?<\/h3>\n<p>Die Website http:\/\/www.livisto.com (die \u201eWebsite\u201c) verwendet die folgenden Arten von Cookies:<\/p>\n<ul>\n<li>Basierend auf der Dauer\n<ul>\n<li>Sitzungscookies &#8211; diese Cookies existieren nur w\u00e4hrend der Sitzung des Nutzers beim Besuch der Website. Sie verschwinden vom Ger\u00e4t, wenn der Benutzer den Browser schlie\u00dft oder das Ger\u00e4t ausschaltet. Wenn die Nutzer sich durch aktivierte Mechanismen identifizieren, verwenden wir Sitzungscookies mit verschl\u00fcsselten Informationen, um sie von anderen Nutzern zu unterscheiden.<\/li>\n<li>Dauerhafte Cookies \u2013 diese Cookies bleiben auch nach dem Schlie\u00dfen des Browsers oder dem Ausschalten des Ger\u00e4ts auf dem Ger\u00e4t der Nutzer gespeichert. Sie werden jedes Mal aktiviert, wenn ein Nutzer die Website besucht, von der das Cookie stammt. Beim Besuch der Website wird dem Nutzer eine eindeutige Kennung zugewiesen, die mit einem dauerhaften Cookie verkn\u00fcpft ist, das auf den Browser des Nutzers heruntergeladen wird.<\/li>\n<\/ul>\n<\/li>\n<li>Basierend auf der Instanz, die die Cookies installiert\n<ul>\n<li>Eigene Cookies \u2013 die Informationen, die durch diese Cookies gesammelt werden, werden von LIVISTO verwaltet, um den vom Benutzer angeforderten Service zu liefern.<\/li>\n<li>Cookies von Dritten \u2013 die durch diese Cookies erhaltenen Informationen werden von Google, Inc. verwaltet.<\/li>\n<\/ul>\n<\/li>\n<li>Je nach dem Zweck der Installation dieser Cookies\n<ul>\n<li>Technische Cookies \u2013 sind diejenigen, die es dem Benutzer erm\u00f6glichen, die verschiedenen Optionen und Dienste, die auf der Website angeboten werden, zu durchsuchen und zu nutzen, wie z. B. Verkehrssteuerung und Datenkommunikation, Sitzungsidentifikation, Informationsanfragen, Videoanzeige, Verwendung von Sicherheitselementen beim Browsen oder Speicherung, Offenlegung oder gemeinsame Nutzung von Inhalten.<\/li>\n<li>Analytische Cookies \u2013 sind solche, die es erm\u00f6glichen, die Anzahl der Besucher zu registrieren und die Nutzung und die Aktivit\u00e4t der Nutzer zu messen und statistisch zu analysieren, sowie Browserprofile zu erstellen, um Verbesserungen auf der Website vorzunehmen.<\/li>\n<\/ul>\n<\/li>\n<\/ul>\n<p>Im Folgenden finden Sie eine kurze Beschreibung der auf der Website verwendeten Cookies und ihrer Zwecke:<\/p>\n<table>\n<tbody>\n<tr>\n<td><strong>RECHTSGRUPPE<\/strong><\/td>\n<td><strong>NAME<\/strong><\/td>\n<td><strong>TYPOLOGIE<\/strong><\/td>\n<td><strong>ZWECK<\/strong><\/td>\n<td><strong>DAUER<\/strong><\/td>\n<\/tr>\n<tr>\n<td>Google, Inc.<\/td>\n<td>_ga<\/td>\n<td>Analytisches Cookie<\/td>\n<td>Wird verwendet, um die Nutzer der Website zu unterscheiden<\/td>\n<td>2 Jahre<\/td>\n<\/tr>\n<tr>\n<td>Google, Inc.<\/td>\n<td>_gat<\/td>\n<td>Analytisches Cookie<\/td>\n<td>Wird verwendet, um die Anfragerate zu drosseln<\/td>\n<td>10 Minuten<\/td>\n<\/tr>\n<tr>\n<td>LIVISTO Group GmbH<\/td>\n<td>PHPSESSID<\/td>\n<td>Technisches Cookie<\/td>\n<td>Wird verwendet, um die Nutzer der Website zu identifizieren<\/td>\n<td>Sitzung<\/td>\n<\/tr>\n<tr>\n<td>LIVISTO Group GmbH<\/td>\n<td>cookie_message_viewed<\/td>\n<td>Technisches Cookie<\/td>\n<td>Wird verwendet, um die Annahme von Cookies zu identifizieren<\/td>\n<td>90 Tage<\/td>\n<\/tr>\n<\/tbody>\n<\/table>\n<p>&nbsp;<\/p>\n<p>Wie in der \u00dcberschrift der Homepage mitgeteilt, gehen wir davon aus, dass die Nutzer die Installation und Verwendung der in diesem Abschnitt genannten Cookies akzeptieren, wenn sie auf der Website surfen. Wenn Nutzer die Installation dieser Cookies ablehnen oder die Einstellungen f\u00fcr die Annahme von Cookies deaktiviert haben, erkl\u00e4ren sie sich damit einverstanden, dass das Surfen in verschiedenen Bereichen der Website eingeschr\u00e4nkt sein kann. Ungeachtet des Vorgenannten hindert das Fehlen eines Cookies in keinem Fall an der Aus\u00fcbung der gesetzlich anerkannten Rechte gegen\u00fcber der Stiftung.<\/p>\n<p>&nbsp;<\/p>\n<h3 class=\"generic-text-black-medium\">Wie kann ich Cookies deaktivieren oder l\u00f6schen?<\/h3>\n<p>Die Nutzer k\u00f6nnen die Installation dieser Cookies akzeptieren sowie diese Cookies jederzeit \u00fcber die Einstellungen ihres Browsers deaktivieren, blockieren oder l\u00f6schen:<\/p>\n<ul>\n<li>Cookie-Einstellungen im Internet Explorer \u2013 http:\/\/windows.microsoft.com\/en-us\/windows7\/block-enable-or-allow-cookies<\/li>\n<li>Cookie-Einstellungen in Firefox \u2013 https:\/\/support.mozilla.org\/en-US\/kb\/enable-and-disable-cookies-website-preferences<\/li>\n<li>Cookie-Einstellungen in Google Chrome -https:\/\/support.google.com\/chrome\/answer\/95647?hl=en<\/li>\n<li>Cookie-Einstellungen in Safari -https:\/\/support.apple.com\/en-gb\/HT201265<\/li>\n<li>Cookie-Einstellungen in Windows Phone -http:\/\/www.windowsphone.com\/en-us\/how-to\/wp7\/web\/changing-privacy-and-other-browser-settings<\/li>\n<\/ul>\n<p>&nbsp;<\/p>\n<h3>Aktualisierungen der Cookie-Richtlinie<\/h3>\n<p>LIVISTO beh\u00e4lt sich das Recht vor, diese Cookie-Richtlinie zu \u00e4ndern, um gesetzliche Anforderungen zu erf\u00fcllen oder um sie an die Art der auf dieser Website verwendeten Cookies anzupassen, wobei die informierte Zustimmung der Nutzer eingeholt wird, sofern dies gesetzlich vorgeschrieben ist.<\/p>\n<p>&nbsp;<\/p>\n<h3>Google Analytics<\/h3>\n<p>Diese Website benutzt Google Analytics, einen Webanalysedienst der Google Inc. (\u201eGoogle\u201c). Google Analytics verwendet sogenannte \u201eCookies\u201c, sprich Textdateien, die auf Ihrem Computer gespeichert werden und die eine Analyse der Benutzung der Website durch Sie erm\u00f6glichen. Die durch den Cookie erzeugten Informationen \u00fcber Ihre Benutzung dieser Website (einschlie\u00dflich Ihrer IP-Adresse) werden an einen Server von Google in den Vereinigten Staaten \u00fcbertragen und dort gespeichert. Im Falle der Aktivierung der IP-Anonymisierung wird Google das letzte Oktett der IP-Adresse f\u00fcr Mitgliedstaaten der Europ\u00e4ischen Union sowie f\u00fcr andere Vertragsstaaten des Abkommens \u00fcber den Europ\u00e4ischen Wirtschaftsraum k\u00fcrzen\/anonymisieren. Nur in Ausnahmef\u00e4llen wird die volle IP-Adresse an einen Server von Google in den USA \u00fcbertragen und dort gek\u00fcrzt. Im Auftrag des Websitebetreibers wird Google diese Informationen benutzen, um Ihre Nutzung der Website auszuwerten, um Berichte \u00fcber die Websiteaktivit\u00e4ten f\u00fcr die Websitebetreiber zusammenzustellen und um weitere mit der Websitenutzung und der Internetnutzung verbundene Dienstleistungen zu erbringen. Google wird Ihre IP-Adresse nicht mit anderen von Google gespeicherten Daten in Verbindung bringen. Sie k\u00f6nnen die Verwendung von Cookies ablehnen, indem Sie die entsprechenden Einstellungen in Ihrem Browser vornehmen. Bitte beachten Sie jedoch, dass Sie in diesem Fall m\u00f6glicherweise nicht die volle Funktionalit\u00e4t dieser Website nutzen k\u00f6nnen. Sie k\u00f6nnen dar\u00fcber hinaus die Erfassung und Nutzung der Daten (Cookies und IP-Adresse) durch Google verhindern, indem Sie das unter <a href=\"https:\/\/tools.google.com\/dlpage\/gaoptout?hl=en-GB\" target=\"_blank\" rel=\"noopener\">https:\/\/tools.google.com\/dlpage\/gaoptout?hl=en-GB<\/a> verf\u00fcgbare Browser-Plugin herunterladen und installieren.<\/p>\n<p>Sie k\u00f6nnen die Verwendung von Google Analytics ablehnen, indem Sie auf den folgenden Link klicken. Auf dem Computer wird ein Opt-out-Cookie gesetzt, das die k\u00fcnftige Erfassung Ihrer Daten beim Besuch dieser Website verhindert: Google Analytics deaktivieren<\/p>\n<p>Weitere Informationen zu den Nutzungsbedingungen und zum Datenschutz finden Sie unter <a href=\"http:\/\/www.google.com\/analytics\/terms\/gb.html\" target=\"_blank\" rel=\"noopener\">http:\/\/www.google.com\/analytics\/terms\/gb.html<\/a> oder unter <a href=\"https:\/\/www.google.de\/intl\/en_uk\/policies\/\" target=\"_blank\" rel=\"noopener\">https:\/\/www.google.de\/intl\/en_uk\/policies\/<\/a> . Wir weisen Sie darauf hin, dass auf dieser Website Google Analytics um den Code \u201eanonymizeIp\u201c erweitert wurde, um eine anonymisierte Erfassung von IP-Adressen (sog. IP-Masking) zu gew\u00e4hrleisten.<\/p>\n","protected":false},"excerpt":{"rendered":"<p>Was sind Cookies? Cookies sind kleine Dateien, die Datenmengen enthalten, welche heruntergeladen und auf einem Ger\u00e4t installiert werden, w\u00e4hrend man auf einer Website surft. Bei sp\u00e4teren Aufrufen der Website werden die Cookies an die urspr\u00fcngliche Website oder an andere Websites, die diese Cookies erkennen, zur\u00fcckgegeben. Cookies sind n\u00fctzlich, weil sie es erm\u00f6glichen, Informationen \u00fcber die&hellip;<\/p>\n","protected":false},"author":6,"featured_media":0,"parent":0,"menu_order":80,"comment_status":"closed","ping_status":"closed","template":"","meta":{"inline_featured_image":false},"acf":[],"yoast_head":"<!-- This site is optimized with the Yoast SEO plugin v20.11 - https:\/\/yoast.com\/wordpress\/plugins\/seo\/ -->\n<title>Cookies-Richtlinie - HappyVetProject<\/title>\n<meta name=\"robots\" content=\"index, follow, max-snippet:-1, max-image-preview:large, max-video-preview:-1\" \/>\n<link rel=\"canonical\" href=\"https:\/\/happyvetproject.org\/de\/cookies-richtlinie\/\" \/>\n<meta property=\"og:locale\" content=\"de_DE\" \/>\n<meta property=\"og:type\" content=\"article\" \/>\n<meta property=\"og:title\" content=\"Cookies-Richtlinie - HappyVetProject\" \/>\n<meta property=\"og:description\" content=\"Was sind Cookies? Cookies sind kleine Dateien, die Datenmengen enthalten, welche heruntergeladen und auf einem Ger\u00e4t installiert werden, w\u00e4hrend man auf einer Website surft. Bei sp\u00e4teren Aufrufen der Website werden die Cookies an die urspr\u00fcngliche Website oder an andere Websites, die diese Cookies erkennen, zur\u00fcckgegeben. Cookies sind n\u00fctzlich, weil sie es erm\u00f6glichen, Informationen \u00fcber die&hellip;\" \/>\n<meta property=\"og:url\" content=\"https:\/\/happyvetproject.org\/de\/cookies-richtlinie\/\" \/>\n<meta property=\"og:site_name\" content=\"HappyVetProject\" \/>\n<meta property=\"article:modified_time\" content=\"2023-02-22T11:04:52+00:00\" \/>\n<meta name=\"twitter:card\" content=\"summary_large_image\" \/>\n<meta name=\"twitter:label1\" content=\"Gesch\u00e4tzte Lesezeit\" \/>\n\t<meta name=\"twitter:data1\" content=\"5 Minuten\" \/>\n<script type=\"application\/ld+json\" class=\"yoast-schema-graph\">{\"@context\":\"https:\/\/schema.org\",\"@graph\":[{\"@type\":\"WebPage\",\"@id\":\"https:\/\/happyvetproject.org\/de\/cookies-richtlinie\/\",\"url\":\"https:\/\/happyvetproject.org\/de\/cookies-richtlinie\/\",\"name\":\"Cookies-Richtlinie - HappyVetProject\",\"isPartOf\":{\"@id\":\"https:\/\/happyvetproject.org\/de\/#website\"},\"datePublished\":\"2021-12-01T09:31:33+00:00\",\"dateModified\":\"2023-02-22T11:04:52+00:00\",\"breadcrumb\":{\"@id\":\"https:\/\/happyvetproject.org\/de\/cookies-richtlinie\/#breadcrumb\"},\"inLanguage\":\"de-DE\",\"potentialAction\":[{\"@type\":\"ReadAction\",\"target\":[\"https:\/\/happyvetproject.org\/de\/cookies-richtlinie\/\"]}]},{\"@type\":\"BreadcrumbList\",\"@id\":\"https:\/\/happyvetproject.org\/de\/cookies-richtlinie\/#breadcrumb\",\"itemListElement\":[{\"@type\":\"ListItem\",\"position\":1,\"name\":\"Home\",\"item\":\"https:\/\/happyvetproject.org\/de\/\"},{\"@type\":\"ListItem\",\"position\":2,\"name\":\"Cookies-Richtlinie\"}]},{\"@type\":\"WebSite\",\"@id\":\"https:\/\/happyvetproject.org\/de\/#website\",\"url\":\"https:\/\/happyvetproject.org\/de\/\",\"name\":\"HappyVetProject\",\"description\":\"Burnout antidotes for vets\",\"publisher\":{\"@id\":\"https:\/\/happyvetproject.org\/de\/#organization\"},\"potentialAction\":[{\"@type\":\"SearchAction\",\"target\":{\"@type\":\"EntryPoint\",\"urlTemplate\":\"https:\/\/happyvetproject.org\/de\/?s={search_term_string}\"},\"query-input\":\"required name=search_term_string\"}],\"inLanguage\":\"de-DE\"},{\"@type\":\"Organization\",\"@id\":\"https:\/\/happyvetproject.org\/de\/#organization\",\"name\":\"HappyVetProject\",\"url\":\"https:\/\/happyvetproject.org\/de\/\",\"logo\":{\"@type\":\"ImageObject\",\"inLanguage\":\"de-DE\",\"@id\":\"https:\/\/happyvetproject.org\/de\/#\/schema\/logo\/image\/\",\"url\":\"https:\/\/happyvetproject.org\/wp-content\/uploads\/2021\/11\/happyvet-logo.png\",\"contentUrl\":\"https:\/\/happyvetproject.org\/wp-content\/uploads\/2021\/11\/happyvet-logo.png\",\"width\":123,\"height\":150,\"caption\":\"HappyVetProject\"},\"image\":{\"@id\":\"https:\/\/happyvetproject.org\/de\/#\/schema\/logo\/image\/\"}}]}<\/script>\n<!-- \/ Yoast SEO plugin. -->","yoast_head_json":{"title":"Cookies-Richtlinie - HappyVetProject","robots":{"index":"index","follow":"follow","max-snippet":"max-snippet:-1","max-image-preview":"max-image-preview:large","max-video-preview":"max-video-preview:-1"},"canonical":"https:\/\/happyvetproject.org\/de\/cookies-richtlinie\/","og_locale":"de_DE","og_type":"article","og_title":"Cookies-Richtlinie - HappyVetProject","og_description":"Was sind Cookies? Cookies sind kleine Dateien, die Datenmengen enthalten, welche heruntergeladen und auf einem Ger\u00e4t installiert werden, w\u00e4hrend man auf einer Website surft. Bei sp\u00e4teren Aufrufen der Website werden die Cookies an die urspr\u00fcngliche Website oder an andere Websites, die diese Cookies erkennen, zur\u00fcckgegeben. Cookies sind n\u00fctzlich, weil sie es erm\u00f6glichen, Informationen \u00fcber die&hellip;","og_url":"https:\/\/happyvetproject.org\/de\/cookies-richtlinie\/","og_site_name":"HappyVetProject","article_modified_time":"2023-02-22T11:04:52+00:00","twitter_card":"summary_large_image","twitter_misc":{"Gesch\u00e4tzte Lesezeit":"5 Minuten"},"schema":{"@context":"https:\/\/schema.org","@graph":[{"@type":"WebPage","@id":"https:\/\/happyvetproject.org\/de\/cookies-richtlinie\/","url":"https:\/\/happyvetproject.org\/de\/cookies-richtlinie\/","name":"Cookies-Richtlinie - HappyVetProject","isPartOf":{"@id":"https:\/\/happyvetproject.org\/de\/#website"},"datePublished":"2021-12-01T09:31:33+00:00","dateModified":"2023-02-22T11:04:52+00:00","breadcrumb":{"@id":"https:\/\/happyvetproject.org\/de\/cookies-richtlinie\/#breadcrumb"},"inLanguage":"de-DE","potentialAction":[{"@type":"ReadAction","target":["https:\/\/happyvetproject.org\/de\/cookies-richtlinie\/"]}]},{"@type":"BreadcrumbList","@id":"https:\/\/happyvetproject.org\/de\/cookies-richtlinie\/#breadcrumb","itemListElement":[{"@type":"ListItem","position":1,"name":"Home","item":"https:\/\/happyvetproject.org\/de\/"},{"@type":"ListItem","position":2,"name":"Cookies-Richtlinie"}]},{"@type":"WebSite","@id":"https:\/\/happyvetproject.org\/de\/#website","url":"https:\/\/happyvetproject.org\/de\/","name":"HappyVetProject","description":"Burnout antidotes for vets","publisher":{"@id":"https:\/\/happyvetproject.org\/de\/#organization"},"potentialAction":[{"@type":"SearchAction","target":{"@type":"EntryPoint","urlTemplate":"https:\/\/happyvetproject.org\/de\/?s={search_term_string}"},"query-input":"required name=search_term_string"}],"inLanguage":"de-DE"},{"@type":"Organization","@id":"https:\/\/happyvetproject.org\/de\/#organization","name":"HappyVetProject","url":"https:\/\/happyvetproject.org\/de\/","logo":{"@type":"ImageObject","inLanguage":"de-DE","@id":"https:\/\/happyvetproject.org\/de\/#\/schema\/logo\/image\/","url":"https:\/\/happyvetproject.org\/wp-content\/uploads\/2021\/11\/happyvet-logo.png","contentUrl":"https:\/\/happyvetproject.org\/wp-content\/uploads\/2021\/11\/happyvet-logo.png","width":123,"height":150,"caption":"HappyVetProject"},"image":{"@id":"https:\/\/happyvetproject.org\/de\/#\/schema\/logo\/image\/"}}]}},"_links":{"self":[{"href":"https:\/\/happyvetproject.org\/de\/wp-json\/wp\/v2\/pages\/56568"}],"collection":[{"href":"https:\/\/happyvetproject.org\/de\/wp-json\/wp\/v2\/pages"}],"about":[{"href":"https:\/\/happyvetproject.org\/de\/wp-json\/wp\/v2\/types\/page"}],"author":[{"embeddable":true,"href":"https:\/\/happyvetproject.org\/de\/wp-json\/wp\/v2\/users\/6"}],"replies":[{"embeddable":true,"href":"https:\/\/happyvetproject.org\/de\/wp-json\/wp\/v2\/comments?post=56568"}],"version-history":[{"count":0,"href":"https:\/\/happyvetproject.org\/de\/wp-json\/wp\/v2\/pages\/56568\/revisions"}],"wp:attachment":[{"href":"https:\/\/happyvetproject.org\/de\/wp-json\/wp\/v2\/media?parent=56568"}],"curies":[{"name":"wp","href":"https:\/\/api.w.org\/{rel}","templated":true}]}}