{"id":56612,"date":"2022-01-05T10:18:57","date_gmt":"2022-01-05T09:18:57","guid":{"rendered":"https:\/\/happyvetproject.org\/nutzungsbedingungen\/"},"modified":"2023-02-22T12:04:46","modified_gmt":"2023-02-22T11:04:46","slug":"nutzungsbedingungen","status":"publish","type":"page","link":"https:\/\/happyvetproject.org\/de\/nutzungsbedingungen\/","title":{"rendered":"Nutzungsbedingungen"},"content":{"rendered":"\t\t<div data-elementor-type=\"wp-page\" data-elementor-id=\"56612\" class=\"elementor elementor-56612 elementor-51671\">\n\t\t\t\t\t\t\t\t\t<section class=\"elementor-section elementor-top-section elementor-element elementor-element-72353091 elementor-section-boxed elementor-section-height-default elementor-section-height-default\" data-id=\"72353091\" data-element_type=\"section\">\n\t\t\t\t\t\t<div class=\"elementor-container elementor-column-gap-default\">\n\t\t\t\t\t<div class=\"elementor-column elementor-col-100 elementor-top-column elementor-element elementor-element-53165c2e\" data-id=\"53165c2e\" data-element_type=\"column\">\n\t\t\t<div class=\"elementor-widget-wrap elementor-element-populated\">\n\t\t\t\t\t\t\t\t<div class=\"elementor-element elementor-element-291f882a elementor-widget elementor-widget-text-editor\" data-id=\"291f882a\" data-element_type=\"widget\" data-widget_type=\"text-editor.default\">\n\t\t\t\t<div class=\"elementor-widget-container\">\n\t\t\t<style>\/*! elementor - v3.13.3 - 28-05-2023 *\/\n.elementor-widget-text-editor.elementor-drop-cap-view-stacked .elementor-drop-cap{background-color:#69727d;color:#fff}.elementor-widget-text-editor.elementor-drop-cap-view-framed .elementor-drop-cap{color:#69727d;border:3px solid;background-color:transparent}.elementor-widget-text-editor:not(.elementor-drop-cap-view-default) .elementor-drop-cap{margin-top:8px}.elementor-widget-text-editor:not(.elementor-drop-cap-view-default) .elementor-drop-cap-letter{width:1em;height:1em}.elementor-widget-text-editor .elementor-drop-cap{float:left;text-align:center;line-height:1;font-size:50px}.elementor-widget-text-editor .elementor-drop-cap-letter{display:inline-block}<\/style>\t\t\t\t<h2><span style=\"color: var(--the7-h2-color); letter-spacing: 0.1em; text-transform: var(--the7-h2-text-transform); word-spacing: var(--the7-h2-word-spacing);\">NUTZUNGSBEDINGUNGEN<\/span><\/h2>\n<p><\/p>\n<p>Alle Inhalte werden sorgf\u00e4ltig gepr\u00fcft und nach bestem Wissen und Gewissen zusammengestellt. Wir bem\u00fchen uns, dieses Informationsangebot stetig zu erweitern und zu aktualisieren. Eine Garantie f\u00fcr die Vollst\u00e4ndigkeit, Richtigkeit und Aktualit\u00e4t kann jedoch nicht \u00fcbernommen werden. Die LIVISTO Group GmbH haftet nicht f\u00fcr Sch\u00e4den, die im Zusammenhang mit der Nutzung der Inhalte unserer Webseiten entstehen. Die LIVISTO Group GmbH haftet nicht f\u00fcr mittelbare Sch\u00e4den materieller oder immaterieller Art, Folgesch\u00e4den oder entgangenen Gewinn, die durch die Nutzung oder Nichtnutzung der dargebotenen Informationen oder der darin enthaltenen Software verursacht werden. Alle Angebote sind freibleibend und unverbindlich. Die LIVISTO Group GmbH beh\u00e4lt es sich ausdr\u00fccklich vor, Teile der Seiten oder das gesamte Angebot ohne gesonderte Ank\u00fcndigung zu ver\u00e4ndern, zu erg\u00e4nzen, zu l\u00f6schen oder die Ver\u00f6ffentlichung zeitweise oder endg\u00fcltig einzustellen.<\/p>\n<p><\/p>\n<h3 class=\"generic-text-black-medium\">Urheberrecht<\/h3>\n<p><\/p>\n<p>Der Inhalt der Website der LIVISTO Group GmbH ist urheberrechtlich gesch\u00fctzt. Alle Rechte vorbehalten. Das Copyright f\u00fcr ver\u00f6ffentlichte, von der LIVISTO Group GmbH selbst erstellte Objekte bleibt allein bei der LIVISTO Group GmbH. Eine Vervielf\u00e4ltigung oder Verwendung solcher Grafiken, Tondokumente, Videosequenzen und Texte in anderen elektronischen oder gedruckten Publikationen ist ohne ausdr\u00fcckliche Zustimmung der LIVISTO Group GmbH nicht gestattet.<\/p>\n<p>Die LIVISTO Group GmbH ist bestrebt, in allen Publikationen die Urheberrechte der verwendeten Grafiken, Tondokumente, Videosequenzen und Texte zu beachten, von ihr selbst erstellte Grafiken, Tondokumente, Videosequenzen und Texte zu nutzen oder auf lizenzfreie Grafiken, Tondokumente, Videosequenzen und Texte zur\u00fcckzugreifen. Alle innerhalb des Internetangebotes genannten und ggf. durch Dritte gesch\u00fctzten Marken- und Warenzeichen, Handelsnamen und Gattungsbezeichnungen unterliegen uneingeschr\u00e4nkt den Bestimmungen des jeweils g\u00fcltigen Kennzeichenrechts und den Besitzrechten der jeweiligen eingetragenen Eigent\u00fcmer. Allein aufgrund der blo\u00dfen Nennung ist nicht der Schluss zu ziehen, dass Markenzeichen nicht durch Rechte Dritter gesch\u00fctzt sind!<\/p>\n<p><\/p>\n<h3 class=\"generic-text-black-medium\">Ihre Privatsph\u00e4re und der Schutz Ihrer pers\u00f6nlichen Daten<\/h3>\n<p><\/p>\n<p>Ihre Zufriedenheit hat f\u00fcr die LIVISTO Group GmbH Priorit\u00e4t. In diesem Sinne sehen wir es auch als unsere Pflicht an, Ihre pers\u00f6nlichen Daten, die wir sammeln, zu sch\u00fctzen. Wir verwenden die Informationen, die wir \u00fcber Sie sammeln, nur f\u00fcr betriebliche Zwecke, d. h. haupts\u00e4chlich, um Ihnen eine bequemere und gezieltere Nutzung unserer Angebote zu erm\u00f6glichen. Die LIVISTO Group GmbH stellt Ihre personenbezogenen Daten nicht zur Nutzung durch Dritte au\u00dferhalb des Unternehmens zur Verf\u00fcgung. Die strikte Wahrung der Vertraulichkeit Ihrer Daten ist f\u00fcr uns selbstverst\u00e4ndlich.<\/p>\n<p><\/p>\n<h3 class=\"generic-text-black-medium\">Rechtswirksamkeit dieses Haftungsausschlusses<\/h3>\n<p><\/p>\n<p>Dieser Haftungsausschluss ist als Teil des Internetangebotes zu betrachten, von dem aus auf diese Seite verwiesen wurde. Sofern Teile oder einzelne Formulierungen dieses Textes der geltenden Rechtslage nicht, nicht mehr oder nicht vollst\u00e4ndig entsprechen sollten, bleiben die \u00fcbrigen Teile des Dokumentes in ihrem Inhalt und ihrer G\u00fcltigkeit davon unber\u00fchrt.<\/p>\t\t\t\t\t\t<\/div>\n\t\t\t\t<\/div>\n\t\t\t\t\t<\/div>\n\t\t<\/div>\n\t\t\t\t\t\t\t<\/div>\n\t\t<\/section>\n\t\t\t\t\t\t\t<\/div>\n\t\t","protected":false},"excerpt":{"rendered":"<p>NUTZUNGSBEDINGUNGEN Alle Inhalte werden sorgf\u00e4ltig gepr\u00fcft und nach bestem Wissen und Gewissen zusammengestellt. Wir bem\u00fchen uns, dieses Informationsangebot stetig zu erweitern und zu aktualisieren. Eine Garantie f\u00fcr die Vollst\u00e4ndigkeit, Richtigkeit und Aktualit\u00e4t kann jedoch nicht \u00fcbernommen werden. Die LIVISTO Group GmbH haftet nicht f\u00fcr Sch\u00e4den, die im Zusammenhang mit der Nutzung der Inhalte unserer Webseiten&hellip;<\/p>\n","protected":false},"author":6,"featured_media":0,"parent":0,"menu_order":80,"comment_status":"closed","ping_status":"closed","template":"","meta":{"inline_featured_image":false},"acf":[],"yoast_head":"<!-- This site is optimized with the Yoast SEO plugin v20.11 - https:\/\/yoast.com\/wordpress\/plugins\/seo\/ -->\n<title>Nutzungsbedingungen - HappyVetProject<\/title>\n<meta name=\"robots\" content=\"index, follow, max-snippet:-1, max-image-preview:large, max-video-preview:-1\" \/>\n<link rel=\"canonical\" href=\"https:\/\/happyvetproject.org\/de\/nutzungsbedingungen\/\" \/>\n<meta property=\"og:locale\" content=\"de_DE\" \/>\n<meta property=\"og:type\" content=\"article\" \/>\n<meta property=\"og:title\" content=\"Nutzungsbedingungen - HappyVetProject\" \/>\n<meta property=\"og:description\" content=\"NUTZUNGSBEDINGUNGEN Alle Inhalte werden sorgf\u00e4ltig gepr\u00fcft und nach bestem Wissen und Gewissen zusammengestellt. Wir bem\u00fchen uns, dieses Informationsangebot stetig zu erweitern und zu aktualisieren. Eine Garantie f\u00fcr die Vollst\u00e4ndigkeit, Richtigkeit und Aktualit\u00e4t kann jedoch nicht \u00fcbernommen werden. Die LIVISTO Group GmbH haftet nicht f\u00fcr Sch\u00e4den, die im Zusammenhang mit der Nutzung der Inhalte unserer Webseiten&hellip;\" \/>\n<meta property=\"og:url\" content=\"https:\/\/happyvetproject.org\/de\/nutzungsbedingungen\/\" \/>\n<meta property=\"og:site_name\" content=\"HappyVetProject\" \/>\n<meta property=\"article:modified_time\" content=\"2023-02-22T11:04:46+00:00\" \/>\n<meta name=\"twitter:card\" content=\"summary_large_image\" \/>\n<meta name=\"twitter:label1\" content=\"Gesch\u00e4tzte Lesezeit\" \/>\n\t<meta name=\"twitter:data1\" content=\"2 Minuten\" \/>\n<script type=\"application\/ld+json\" class=\"yoast-schema-graph\">{\"@context\":\"https:\/\/schema.org\",\"@graph\":[{\"@type\":\"WebPage\",\"@id\":\"https:\/\/happyvetproject.org\/de\/nutzungsbedingungen\/\",\"url\":\"https:\/\/happyvetproject.org\/de\/nutzungsbedingungen\/\",\"name\":\"Nutzungsbedingungen - HappyVetProject\",\"isPartOf\":{\"@id\":\"https:\/\/happyvetproject.org\/de\/#website\"},\"datePublished\":\"2022-01-05T09:18:57+00:00\",\"dateModified\":\"2023-02-22T11:04:46+00:00\",\"breadcrumb\":{\"@id\":\"https:\/\/happyvetproject.org\/de\/nutzungsbedingungen\/#breadcrumb\"},\"inLanguage\":\"de-DE\",\"potentialAction\":[{\"@type\":\"ReadAction\",\"target\":[\"https:\/\/happyvetproject.org\/de\/nutzungsbedingungen\/\"]}]},{\"@type\":\"BreadcrumbList\",\"@id\":\"https:\/\/happyvetproject.org\/de\/nutzungsbedingungen\/#breadcrumb\",\"itemListElement\":[{\"@type\":\"ListItem\",\"position\":1,\"name\":\"Home\",\"item\":\"https:\/\/happyvetproject.org\/de\/\"},{\"@type\":\"ListItem\",\"position\":2,\"name\":\"Nutzungsbedingungen\"}]},{\"@type\":\"WebSite\",\"@id\":\"https:\/\/happyvetproject.org\/de\/#website\",\"url\":\"https:\/\/happyvetproject.org\/de\/\",\"name\":\"HappyVetProject\",\"description\":\"Burnout antidotes for vets\",\"publisher\":{\"@id\":\"https:\/\/happyvetproject.org\/de\/#organization\"},\"potentialAction\":[{\"@type\":\"SearchAction\",\"target\":{\"@type\":\"EntryPoint\",\"urlTemplate\":\"https:\/\/happyvetproject.org\/de\/?s={search_term_string}\"},\"query-input\":\"required name=search_term_string\"}],\"inLanguage\":\"de-DE\"},{\"@type\":\"Organization\",\"@id\":\"https:\/\/happyvetproject.org\/de\/#organization\",\"name\":\"HappyVetProject\",\"url\":\"https:\/\/happyvetproject.org\/de\/\",\"logo\":{\"@type\":\"ImageObject\",\"inLanguage\":\"de-DE\",\"@id\":\"https:\/\/happyvetproject.org\/de\/#\/schema\/logo\/image\/\",\"url\":\"https:\/\/happyvetproject.org\/wp-content\/uploads\/2021\/11\/happyvet-logo.png\",\"contentUrl\":\"https:\/\/happyvetproject.org\/wp-content\/uploads\/2021\/11\/happyvet-logo.png\",\"width\":123,\"height\":150,\"caption\":\"HappyVetProject\"},\"image\":{\"@id\":\"https:\/\/happyvetproject.org\/de\/#\/schema\/logo\/image\/\"}}]}<\/script>\n<!-- \/ Yoast SEO plugin. -->","yoast_head_json":{"title":"Nutzungsbedingungen - HappyVetProject","robots":{"index":"index","follow":"follow","max-snippet":"max-snippet:-1","max-image-preview":"max-image-preview:large","max-video-preview":"max-video-preview:-1"},"canonical":"https:\/\/happyvetproject.org\/de\/nutzungsbedingungen\/","og_locale":"de_DE","og_type":"article","og_title":"Nutzungsbedingungen - HappyVetProject","og_description":"NUTZUNGSBEDINGUNGEN Alle Inhalte werden sorgf\u00e4ltig gepr\u00fcft und nach bestem Wissen und Gewissen zusammengestellt. Wir bem\u00fchen uns, dieses Informationsangebot stetig zu erweitern und zu aktualisieren. Eine Garantie f\u00fcr die Vollst\u00e4ndigkeit, Richtigkeit und Aktualit\u00e4t kann jedoch nicht \u00fcbernommen werden. Die LIVISTO Group GmbH haftet nicht f\u00fcr Sch\u00e4den, die im Zusammenhang mit der Nutzung der Inhalte unserer Webseiten&hellip;","og_url":"https:\/\/happyvetproject.org\/de\/nutzungsbedingungen\/","og_site_name":"HappyVetProject","article_modified_time":"2023-02-22T11:04:46+00:00","twitter_card":"summary_large_image","twitter_misc":{"Gesch\u00e4tzte Lesezeit":"2 Minuten"},"schema":{"@context":"https:\/\/schema.org","@graph":[{"@type":"WebPage","@id":"https:\/\/happyvetproject.org\/de\/nutzungsbedingungen\/","url":"https:\/\/happyvetproject.org\/de\/nutzungsbedingungen\/","name":"Nutzungsbedingungen - HappyVetProject","isPartOf":{"@id":"https:\/\/happyvetproject.org\/de\/#website"},"datePublished":"2022-01-05T09:18:57+00:00","dateModified":"2023-02-22T11:04:46+00:00","breadcrumb":{"@id":"https:\/\/happyvetproject.org\/de\/nutzungsbedingungen\/#breadcrumb"},"inLanguage":"de-DE","potentialAction":[{"@type":"ReadAction","target":["https:\/\/happyvetproject.org\/de\/nutzungsbedingungen\/"]}]},{"@type":"BreadcrumbList","@id":"https:\/\/happyvetproject.org\/de\/nutzungsbedingungen\/#breadcrumb","itemListElement":[{"@type":"ListItem","position":1,"name":"Home","item":"https:\/\/happyvetproject.org\/de\/"},{"@type":"ListItem","position":2,"name":"Nutzungsbedingungen"}]},{"@type":"WebSite","@id":"https:\/\/happyvetproject.org\/de\/#website","url":"https:\/\/happyvetproject.org\/de\/","name":"HappyVetProject","description":"Burnout antidotes for vets","publisher":{"@id":"https:\/\/happyvetproject.org\/de\/#organization"},"potentialAction":[{"@type":"SearchAction","target":{"@type":"EntryPoint","urlTemplate":"https:\/\/happyvetproject.org\/de\/?s={search_term_string}"},"query-input":"required name=search_term_string"}],"inLanguage":"de-DE"},{"@type":"Organization","@id":"https:\/\/happyvetproject.org\/de\/#organization","name":"HappyVetProject","url":"https:\/\/happyvetproject.org\/de\/","logo":{"@type":"ImageObject","inLanguage":"de-DE","@id":"https:\/\/happyvetproject.org\/de\/#\/schema\/logo\/image\/","url":"https:\/\/happyvetproject.org\/wp-content\/uploads\/2021\/11\/happyvet-logo.png","contentUrl":"https:\/\/happyvetproject.org\/wp-content\/uploads\/2021\/11\/happyvet-logo.png","width":123,"height":150,"caption":"HappyVetProject"},"image":{"@id":"https:\/\/happyvetproject.org\/de\/#\/schema\/logo\/image\/"}}]}},"_links":{"self":[{"href":"https:\/\/happyvetproject.org\/de\/wp-json\/wp\/v2\/pages\/56612"}],"collection":[{"href":"https:\/\/happyvetproject.org\/de\/wp-json\/wp\/v2\/pages"}],"about":[{"href":"https:\/\/happyvetproject.org\/de\/wp-json\/wp\/v2\/types\/page"}],"author":[{"embeddable":true,"href":"https:\/\/happyvetproject.org\/de\/wp-json\/wp\/v2\/users\/6"}],"replies":[{"embeddable":true,"href":"https:\/\/happyvetproject.org\/de\/wp-json\/wp\/v2\/comments?post=56612"}],"version-history":[{"count":1,"href":"https:\/\/happyvetproject.org\/de\/wp-json\/wp\/v2\/pages\/56612\/revisions"}],"predecessor-version":[{"id":60008,"href":"https:\/\/happyvetproject.org\/de\/wp-json\/wp\/v2\/pages\/56612\/revisions\/60008"}],"wp:attachment":[{"href":"https:\/\/happyvetproject.org\/de\/wp-json\/wp\/v2\/media?parent=56612"}],"curies":[{"name":"wp","href":"https:\/\/api.w.org\/{rel}","templated":true}]}}