{"id":56622,"date":"2022-02-08T10:40:57","date_gmt":"2022-02-08T09:40:57","guid":{"rendered":"https:\/\/happyvetproject.org\/vet-yogi\/clinics-yoga\/"},"modified":"2023-02-22T11:53:57","modified_gmt":"2023-02-22T10:53:57","slug":"clinics-yoga","status":"publish","type":"page","link":"https:\/\/happyvetproject.org\/de\/body-vet\/vet-yogi\/clinics-yoga\/","title":{"rendered":"Clinics Yoga"},"content":{"rendered":"\t\t<div data-elementor-type=\"wp-page\" data-elementor-id=\"56622\" class=\"elementor elementor-56622 elementor-51833\">\n\t\t\t\t\t\t\t\t\t<section class=\"elementor-section elementor-top-section elementor-element elementor-element-1d78df91 category-picto-box elementor-section-boxed elementor-section-height-default elementor-section-height-default\" data-id=\"1d78df91\" data-element_type=\"section\">\n\t\t\t\t\t\t<div class=\"elementor-container elementor-column-gap-default\">\n\t\t\t\t\t<div class=\"elementor-column elementor-col-100 elementor-top-column elementor-element elementor-element-4715ed8a\" data-id=\"4715ed8a\" data-element_type=\"column\">\n\t\t\t<div class=\"elementor-widget-wrap elementor-element-populated\">\n\t\t\t\t\t\t\t\t<div class=\"elementor-element elementor-element-5a053bf8 category-picto elementor-widget elementor-widget-image\" data-id=\"5a053bf8\" data-element_type=\"widget\" data-widget_type=\"image.default\">\n\t\t\t\t<div class=\"elementor-widget-container\">\n\t\t\t<style>\/*! elementor - v3.13.3 - 28-05-2023 *\/\n.elementor-widget-image{text-align:center}.elementor-widget-image a{display:inline-block}.elementor-widget-image a img{width:48px}.elementor-widget-image img{vertical-align:middle;display:inline-block}<\/style>\t\t\t\t\t\t\t\t\t\t\t\t\t<a href=\"https:\/\/happyvetproject.org\/body-vet\/vet-yogi\/\">\n\t\t\t\t\t\t\t<img decoding=\"async\" width=\"92\" height=\"92\" src=\"https:\/\/happyvetproject.org\/wp-content\/uploads\/2022\/04\/happy-vet-project-vet-yogi.png\" class=\"attachment-full size-full wp-image-52388\" alt=\"happy vet project vet yogi\" loading=\"lazy\" \/>\t\t\t\t\t\t\t\t<\/a>\n\t\t\t\t\t\t\t\t\t\t\t\t\t\t\t<\/div>\n\t\t\t\t<\/div>\n\t\t\t\t<div class=\"elementor-element elementor-element-3892bd29 category-picto elementor-widget elementor-widget-image\" data-id=\"3892bd29\" data-element_type=\"widget\" data-widget_type=\"image.default\">\n\t\t\t\t<div class=\"elementor-widget-container\">\n\t\t\t\t\t\t\t\t\t\t\t\t\t\t\t<img decoding=\"async\" src=\"https:\/\/happyvetproject.org\/wp-content\/uploads\/elementor\/thumbs\/icon01-1-q3hpvo06szdg8mpyprapoqffc1goj25g9s89smsryw.png\" title=\"icon01\" alt=\"icon01\" loading=\"lazy\" \/>\t\t\t\t\t\t\t\t\t\t\t\t\t\t\t<\/div>\n\t\t\t\t<\/div>\n\t\t\t\t\t<\/div>\n\t\t<\/div>\n\t\t\t\t\t\t\t<\/div>\n\t\t<\/section>\n\t\t\t\t<section class=\"elementor-section elementor-top-section elementor-element elementor-element-6e77ff0c elementor-section-boxed elementor-section-height-default elementor-section-height-default\" data-id=\"6e77ff0c\" data-element_type=\"section\">\n\t\t\t\t\t\t<div class=\"elementor-container elementor-column-gap-default\">\n\t\t\t\t\t<div class=\"elementor-column elementor-col-100 elementor-top-column elementor-element elementor-element-74b7588\" data-id=\"74b7588\" data-element_type=\"column\">\n\t\t\t<div class=\"elementor-widget-wrap elementor-element-populated\">\n\t\t\t\t\t\t\t\t<div class=\"elementor-element elementor-element-27b1142d elementor-widget elementor-widget-shortcode\" data-id=\"27b1142d\" data-element_type=\"widget\" data-widget_type=\"shortcode.default\">\n\t\t\t\t<div class=\"elementor-widget-container\">\n\t\t\t\t\t<div class=\"elementor-shortcode\"><div class=\"facetwp-template\" data-name=\"clinics_yoga\"><div class=\"fwpl-layout el-2dtxsr\"><div class=\"fwpl-result r1\"><div class=\"fwpl-row el-fh2opx\"><div class=\"fwpl-col fwpl-col el-z6z46o\"><div class=\"fwpl-item el-vzu7su item-image\"><a href=\"https:\/\/happyvetproject.org\/de\/vet-yogi\/druckentlastung\/\"><img width=\"392\" height=\"256\" src=\"https:\/\/happyvetproject.org\/wp-content\/uploads\/2022\/03\/happy-vet-yogi-pression-release-1.jpg\" class=\"attachment-medium_large size-medium_large wp-post-image\" alt=\"\" decoding=\"async\" loading=\"lazy\" srcset=\"https:\/\/happyvetproject.org\/wp-content\/uploads\/2022\/03\/happy-vet-yogi-pression-release-1.jpg 392w, https:\/\/happyvetproject.org\/wp-content\/uploads\/2022\/03\/happy-vet-yogi-pression-release-1-300x196.jpg 300w\" sizes=\"(max-width: 392px) 100vw, 392px\" \/><\/a><\/div><div class=\"fwpl-item el-9tknsu item-duration\">9 Min.<\/div><div class=\"fwpl-item el-ht8iv item-title title-uppsercase\"><a href=\"https:\/\/happyvetproject.org\/de\/vet-yogi\/druckentlastung\/\">Druckentlastung<\/a><\/div><div class=\"fwpl-item el-pfeppr item-degree is-empty\"><\/div><div class=\"fwpl-item el-rd7s6 item-excerpt\">In unserer t\u00e4glichen Arbeit als Tier\u00e4rzt:innen, Tiermedizinische Fachangestellte, Tierarztpraxis-Manager:innen ...k\u00f6nnen Konfliktsituationen von verschiedenen Seiten kommen: Tierbesitzer:innen, Kund:innen, Mitarbeitende, Angestellte, Zulieferunternehmen und dar\u00fcber hinaus ...wenn wir als Fachpersonal auch in den sozialen Medien pr\u00e4sent sind, stehen wir st\u00e4ndig unter \u00f6ffentlicher Beobachtung. Das Gef\u00fchl, bei der Arbeit in st\u00e4ndigem Konflikt und unter Spannung zu stehen, ist ein \u00e4u\u00dferst wichtiges Thema, an dem Sie aktiv arbeiten sollten. In der Zwischenzeit kann Yoga helfen, sich neu zu konzentrieren.<\/div><\/div><\/div><\/div><div class=\"fwpl-result r2\"><div class=\"fwpl-row el-fh2opx\"><div class=\"fwpl-col fwpl-col el-z6z46o\"><div class=\"fwpl-item el-vzu7su item-image\"><a href=\"https:\/\/happyvetproject.org\/de\/vet-yogi\/verlust-und-trauer\/\"><img width=\"392\" height=\"256\" src=\"https:\/\/happyvetproject.org\/wp-content\/uploads\/2022\/03\/happy-vet-yogi-loss-and-grief.jpg\" class=\"attachment-medium_large size-medium_large wp-post-image\" alt=\"\" decoding=\"async\" loading=\"lazy\" srcset=\"https:\/\/happyvetproject.org\/wp-content\/uploads\/2022\/03\/happy-vet-yogi-loss-and-grief.jpg 392w, https:\/\/happyvetproject.org\/wp-content\/uploads\/2022\/03\/happy-vet-yogi-loss-and-grief-300x196.jpg 300w\" sizes=\"(max-width: 392px) 100vw, 392px\" \/><\/a><\/div><div class=\"fwpl-item el-9tknsu item-duration\">11 Min.<\/div><div class=\"fwpl-item el-ht8iv item-title title-uppsercase\"><a href=\"https:\/\/happyvetproject.org\/de\/vet-yogi\/verlust-und-trauer\/\">Verlust und Trauer<\/a><\/div><div class=\"fwpl-item el-pfeppr item-degree is-empty\"><\/div><div class=\"fwpl-item el-rd7s6 item-excerpt\">Um mit dem Verlust und all den damit verbundenen Emotionen fertig zu werden, sollten Sie sich vielleicht erlauben, sich manchmal verletzlich zu f\u00fchlen, indem Sie das Ereignis in vollem Umfang anerkennen, es aber als etwas loslassen, das nicht mehr zu Ihnen geh\u00f6rt und das als eine Erfahrung, an der Sie beteiligt waren, au\u00dferhalb von Ihnen stattfand. Bevor Sie beginnen, empfehlen wir Ihnen, einen Ort mit warmem, nat\u00fcrlichem Licht und so viel Ruhe wie m\u00f6glich zu w\u00e4hlen. Nach jeder Erfahrung mit dem Tod eines Patienten sollten Sie wirklich versuchen, f\u00fcr ein paar Augenblicke aus der Klinik herauszugehen, bewusst zu atmen ...<\/div><\/div><\/div><\/div><div class=\"fwpl-result r3\"><div class=\"fwpl-row el-fh2opx\"><div class=\"fwpl-col fwpl-col el-z6z46o\"><div class=\"fwpl-item el-vzu7su item-image\"><a href=\"https:\/\/happyvetproject.org\/de\/vet-yogi\/chirurgie-modus\/\"><img width=\"392\" height=\"256\" src=\"https:\/\/happyvetproject.org\/wp-content\/uploads\/2022\/02\/happy-vet-yogi-surgery-mode.jpg\" class=\"attachment-medium_large size-medium_large wp-post-image\" alt=\"\" decoding=\"async\" loading=\"lazy\" srcset=\"https:\/\/happyvetproject.org\/wp-content\/uploads\/2022\/02\/happy-vet-yogi-surgery-mode.jpg 392w, https:\/\/happyvetproject.org\/wp-content\/uploads\/2022\/02\/happy-vet-yogi-surgery-mode-300x196.jpg 300w\" sizes=\"(max-width: 392px) 100vw, 392px\" \/><\/a><\/div><div class=\"fwpl-item el-9tknsu item-duration\">10 Min.<\/div><div class=\"fwpl-item el-ht8iv item-title title-uppsercase\"><a href=\"https:\/\/happyvetproject.org\/de\/vet-yogi\/chirurgie-modus\/\">Chirurgie-Modus<\/a><\/div><div class=\"fwpl-item el-pfeppr item-degree is-empty\"><\/div><div class=\"fwpl-item el-rd7s6 item-excerpt\">Jetzt, wo Sie Ihr Gesicht waschen und Ihre M\u00fctze abnehmen, k\u00f6nnen Sie sich endlich um etwas anderes k\u00fcmmern. Bis jetzt drehte sich alles um den Wurf, den Sie gerade bei einem Notkaiserschnitt am Mittag zur Welt gebracht haben, und dem ein ganzer OP-Vormittag vorausging \u2013 also nutzen Sie diesen Moment, um an sich selbst zu denken. Langes Stehen in falschen Positionen, das Tragen des Gewichts bet\u00e4ubter Patienten, anhaltende K\u00f6rperspannung ...k\u00f6nnen Taubheitsgef\u00fchle und Verspannungen in bestimmten Muskeln verursachen und langfristig zu schwereren Verletzungen f\u00fchren. Suchen Sie sich einen Raum mit ged\u00e4mpftem Licht (ein R\u00f6ntgen- oder Ultraschallraum kann geeignet sein!) und schlie\u00dfen Sie f\u00fcr eine Weile die Augen. Wenn Sie sich immer noch gehetzt f\u00fchlen, beginnen Sie damit, die \u00dcbungen im \u201eKonsultationsmodus\u201c durchzuf\u00fchren, um sich zu entschleunigen. Ihr K\u00f6rper kann sich schwer anf\u00fchlen; suchen Sie sich einen bequemen Stuhl, auf dem Sie sitzen k\u00f6nnen. Es ist auch sch\u00f6n, f\u00fcr einen Moment an die frische Luft zu gehen und das Sonnenlicht auf Ihrem Gesicht zu sp\u00fcren. Und vergessen Sie nicht, ausreichend zu trinken und gut zu essen.<\/div><\/div><\/div><\/div><div class=\"fwpl-result r4\"><div class=\"fwpl-row el-fh2opx\"><div class=\"fwpl-col fwpl-col el-z6z46o\"><div class=\"fwpl-item el-vzu7su item-image\"><a href=\"https:\/\/happyvetproject.org\/de\/vet-yogi\/arbeitsmodus\/\"><img width=\"768\" height=\"414\" src=\"https:\/\/happyvetproject.org\/wp-content\/uploads\/2022\/01\/consultations-mode-play-768x414.jpg\" class=\"attachment-medium_large size-medium_large wp-post-image\" alt=\"\" decoding=\"async\" loading=\"lazy\" srcset=\"https:\/\/happyvetproject.org\/wp-content\/uploads\/2022\/01\/consultations-mode-play-768x414.jpg 768w, https:\/\/happyvetproject.org\/wp-content\/uploads\/2022\/01\/consultations-mode-play-300x162.jpg 300w, https:\/\/happyvetproject.org\/wp-content\/uploads\/2022\/01\/consultations-mode-play-1024x552.jpg 1024w, https:\/\/happyvetproject.org\/wp-content\/uploads\/2022\/01\/consultations-mode-play.jpg 1200w\" sizes=\"(max-width: 768px) 100vw, 768px\" \/><\/a><\/div><div class=\"fwpl-item el-9tknsu item-duration\">7 Min.<\/div><div class=\"fwpl-item el-ht8iv item-title title-uppsercase\"><a href=\"https:\/\/happyvetproject.org\/de\/vet-yogi\/arbeitsmodus\/\">Arbeitsmodus<\/a><\/div><div class=\"fwpl-item el-pfeppr item-degree is-empty\"><\/div><div class=\"fwpl-item el-rd7s6 item-excerpt\">Diese 6-min\u00fctige Serie konzentriert sich auf die Verlangsamung der Atmung und dekomprimierende K\u00f6rperhaltungen. Sie brauchen nur einen Stuhl und ...raten Sie mal! Eine Hundeleine! Wir empfehlen die gesamte Serie, aber wahrscheinlich m\u00fcssen Sie jede \u00dcbung einzeln w\u00e4hrend einer ein- bis zweimin\u00fctigen Pause zwischen Ihren Patienten durchf\u00fchren. Los!<\/div><\/div><\/div><\/div><\/div>\n<style>\n.fwpl-layout, .fwpl-row {\n    display: grid;\n}\n.fwpl-layout.el-2dtxsr {\n    grid-template-columns: repeat(3, 1fr);\n    grid-gap: 10px;\n}\n.fwpl-row.el-fh2opx {\n    grid-template-columns: 1fr;\n}\n<\/style>\n<\/div><\/div>\n\t\t\t\t<\/div>\n\t\t\t\t<\/div>\n\t\t\t\t\t<\/div>\n\t\t<\/div>\n\t\t\t\t\t\t\t<\/div>\n\t\t<\/section>\n\t\t\t\t\t\t\t<\/div>\n\t\t","protected":false},"excerpt":{"rendered":"<p>9 Min.DruckentlastungIn unserer t\u00e4glichen Arbeit als Tier\u00e4rzt:innen, Tiermedizinische Fachangestellte, Tierarztpraxis-Manager:innen &#8230;k\u00f6nnen Konfliktsituationen von verschiedenen Seiten kommen: Tierbesitzer:innen, Kund:innen, Mitarbeitende, Angestellte, Zulieferunternehmen und dar\u00fcber hinaus &#8230;wenn wir als Fachpersonal auch in den sozialen Medien pr\u00e4sent sind, stehen wir st\u00e4ndig unter \u00f6ffentlicher Beobachtung. Das Gef\u00fchl, bei der Arbeit in st\u00e4ndigem Konflikt und unter Spannung zu stehen, ist&hellip;<\/p>\n","protected":false},"author":6,"featured_media":0,"parent":56616,"menu_order":0,"comment_status":"closed","ping_status":"closed","template":"","meta":{"inline_featured_image":false},"acf":[],"yoast_head":"<!-- This site is optimized with the Yoast SEO plugin v20.11 - https:\/\/yoast.com\/wordpress\/plugins\/seo\/ -->\n<title>Clinics Yoga - HappyVetProject<\/title>\n<meta name=\"robots\" content=\"index, follow, max-snippet:-1, max-image-preview:large, max-video-preview:-1\" \/>\n<link rel=\"canonical\" href=\"https:\/\/happyvetproject.org\/de\/body-vet\/vet-yogi\/clinics-yoga\/\" \/>\n<meta property=\"og:locale\" content=\"de_DE\" \/>\n<meta property=\"og:type\" content=\"article\" \/>\n<meta property=\"og:title\" content=\"Clinics Yoga - HappyVetProject\" \/>\n<meta property=\"og:url\" content=\"https:\/\/happyvetproject.org\/de\/body-vet\/vet-yogi\/clinics-yoga\/\" \/>\n<meta property=\"og:site_name\" content=\"HappyVetProject\" \/>\n<meta property=\"article:modified_time\" content=\"2023-02-22T10:53:57+00:00\" \/>\n<meta property=\"og:image\" content=\"https:\/\/happyvetproject.org\/wp-content\/uploads\/2022\/04\/happy-vet-project-vet-yogi.png\" \/>\n<meta name=\"twitter:card\" content=\"summary_large_image\" \/>\n<meta name=\"twitter:label1\" content=\"Gesch\u00e4tzte Lesezeit\" \/>\n\t<meta name=\"twitter:data1\" content=\"1 Minute\" \/>\n<script type=\"application\/ld+json\" class=\"yoast-schema-graph\">{\"@context\":\"https:\/\/schema.org\",\"@graph\":[{\"@type\":\"WebPage\",\"@id\":\"https:\/\/happyvetproject.org\/de\/body-vet\/vet-yogi\/clinics-yoga\/\",\"url\":\"https:\/\/happyvetproject.org\/de\/body-vet\/vet-yogi\/clinics-yoga\/\",\"name\":\"Clinics Yoga - HappyVetProject\",\"isPartOf\":{\"@id\":\"https:\/\/happyvetproject.org\/de\/#website\"},\"datePublished\":\"2022-02-08T09:40:57+00:00\",\"dateModified\":\"2023-02-22T10:53:57+00:00\",\"breadcrumb\":{\"@id\":\"https:\/\/happyvetproject.org\/de\/body-vet\/vet-yogi\/clinics-yoga\/#breadcrumb\"},\"inLanguage\":\"de-DE\",\"potentialAction\":[{\"@type\":\"ReadAction\",\"target\":[\"https:\/\/happyvetproject.org\/de\/body-vet\/vet-yogi\/clinics-yoga\/\"]}]},{\"@type\":\"BreadcrumbList\",\"@id\":\"https:\/\/happyvetproject.org\/de\/body-vet\/vet-yogi\/clinics-yoga\/#breadcrumb\",\"itemListElement\":[{\"@type\":\"ListItem\",\"position\":1,\"name\":\"Home\",\"item\":\"https:\/\/happyvetproject.org\/de\/\"},{\"@type\":\"ListItem\",\"position\":2,\"name\":\"BODY VET\",\"item\":\"https:\/\/happyvetproject.org\/de\/body-vet\/\"},{\"@type\":\"ListItem\",\"position\":3,\"name\":\"VET-YOGI\",\"item\":\"https:\/\/happyvetproject.org\/de\/body-vet\/vet-yogi\/\"},{\"@type\":\"ListItem\",\"position\":4,\"name\":\"Clinics Yoga\"}]},{\"@type\":\"WebSite\",\"@id\":\"https:\/\/happyvetproject.org\/de\/#website\",\"url\":\"https:\/\/happyvetproject.org\/de\/\",\"name\":\"HappyVetProject\",\"description\":\"Burnout antidotes for vets\",\"publisher\":{\"@id\":\"https:\/\/happyvetproject.org\/de\/#organization\"},\"potentialAction\":[{\"@type\":\"SearchAction\",\"target\":{\"@type\":\"EntryPoint\",\"urlTemplate\":\"https:\/\/happyvetproject.org\/de\/?s={search_term_string}\"},\"query-input\":\"required name=search_term_string\"}],\"inLanguage\":\"de-DE\"},{\"@type\":\"Organization\",\"@id\":\"https:\/\/happyvetproject.org\/de\/#organization\",\"name\":\"HappyVetProject\",\"url\":\"https:\/\/happyvetproject.org\/de\/\",\"logo\":{\"@type\":\"ImageObject\",\"inLanguage\":\"de-DE\",\"@id\":\"https:\/\/happyvetproject.org\/de\/#\/schema\/logo\/image\/\",\"url\":\"https:\/\/happyvetproject.org\/wp-content\/uploads\/2021\/11\/happyvet-logo.png\",\"contentUrl\":\"https:\/\/happyvetproject.org\/wp-content\/uploads\/2021\/11\/happyvet-logo.png\",\"width\":123,\"height\":150,\"caption\":\"HappyVetProject\"},\"image\":{\"@id\":\"https:\/\/happyvetproject.org\/de\/#\/schema\/logo\/image\/\"}}]}<\/script>\n<!-- \/ Yoast SEO plugin. -->","yoast_head_json":{"title":"Clinics Yoga - HappyVetProject","robots":{"index":"index","follow":"follow","max-snippet":"max-snippet:-1","max-image-preview":"max-image-preview:large","max-video-preview":"max-video-preview:-1"},"canonical":"https:\/\/happyvetproject.org\/de\/body-vet\/vet-yogi\/clinics-yoga\/","og_locale":"de_DE","og_type":"article","og_title":"Clinics Yoga - HappyVetProject","og_url":"https:\/\/happyvetproject.org\/de\/body-vet\/vet-yogi\/clinics-yoga\/","og_site_name":"HappyVetProject","article_modified_time":"2023-02-22T10:53:57+00:00","og_image":[{"url":"https:\/\/happyvetproject.org\/wp-content\/uploads\/2022\/04\/happy-vet-project-vet-yogi.png"}],"twitter_card":"summary_large_image","twitter_misc":{"Gesch\u00e4tzte Lesezeit":"1 Minute"},"schema":{"@context":"https:\/\/schema.org","@graph":[{"@type":"WebPage","@id":"https:\/\/happyvetproject.org\/de\/body-vet\/vet-yogi\/clinics-yoga\/","url":"https:\/\/happyvetproject.org\/de\/body-vet\/vet-yogi\/clinics-yoga\/","name":"Clinics Yoga - HappyVetProject","isPartOf":{"@id":"https:\/\/happyvetproject.org\/de\/#website"},"datePublished":"2022-02-08T09:40:57+00:00","dateModified":"2023-02-22T10:53:57+00:00","breadcrumb":{"@id":"https:\/\/happyvetproject.org\/de\/body-vet\/vet-yogi\/clinics-yoga\/#breadcrumb"},"inLanguage":"de-DE","potentialAction":[{"@type":"ReadAction","target":["https:\/\/happyvetproject.org\/de\/body-vet\/vet-yogi\/clinics-yoga\/"]}]},{"@type":"BreadcrumbList","@id":"https:\/\/happyvetproject.org\/de\/body-vet\/vet-yogi\/clinics-yoga\/#breadcrumb","itemListElement":[{"@type":"ListItem","position":1,"name":"Home","item":"https:\/\/happyvetproject.org\/de\/"},{"@type":"ListItem","position":2,"name":"BODY VET","item":"https:\/\/happyvetproject.org\/de\/body-vet\/"},{"@type":"ListItem","position":3,"name":"VET-YOGI","item":"https:\/\/happyvetproject.org\/de\/body-vet\/vet-yogi\/"},{"@type":"ListItem","position":4,"name":"Clinics Yoga"}]},{"@type":"WebSite","@id":"https:\/\/happyvetproject.org\/de\/#website","url":"https:\/\/happyvetproject.org\/de\/","name":"HappyVetProject","description":"Burnout antidotes for vets","publisher":{"@id":"https:\/\/happyvetproject.org\/de\/#organization"},"potentialAction":[{"@type":"SearchAction","target":{"@type":"EntryPoint","urlTemplate":"https:\/\/happyvetproject.org\/de\/?s={search_term_string}"},"query-input":"required name=search_term_string"}],"inLanguage":"de-DE"},{"@type":"Organization","@id":"https:\/\/happyvetproject.org\/de\/#organization","name":"HappyVetProject","url":"https:\/\/happyvetproject.org\/de\/","logo":{"@type":"ImageObject","inLanguage":"de-DE","@id":"https:\/\/happyvetproject.org\/de\/#\/schema\/logo\/image\/","url":"https:\/\/happyvetproject.org\/wp-content\/uploads\/2021\/11\/happyvet-logo.png","contentUrl":"https:\/\/happyvetproject.org\/wp-content\/uploads\/2021\/11\/happyvet-logo.png","width":123,"height":150,"caption":"HappyVetProject"},"image":{"@id":"https:\/\/happyvetproject.org\/de\/#\/schema\/logo\/image\/"}}]}},"_links":{"self":[{"href":"https:\/\/happyvetproject.org\/de\/wp-json\/wp\/v2\/pages\/56622"}],"collection":[{"href":"https:\/\/happyvetproject.org\/de\/wp-json\/wp\/v2\/pages"}],"about":[{"href":"https:\/\/happyvetproject.org\/de\/wp-json\/wp\/v2\/types\/page"}],"author":[{"embeddable":true,"href":"https:\/\/happyvetproject.org\/de\/wp-json\/wp\/v2\/users\/6"}],"replies":[{"embeddable":true,"href":"https:\/\/happyvetproject.org\/de\/wp-json\/wp\/v2\/comments?post=56622"}],"version-history":[{"count":0,"href":"https:\/\/happyvetproject.org\/de\/wp-json\/wp\/v2\/pages\/56622\/revisions"}],"up":[{"embeddable":true,"href":"https:\/\/happyvetproject.org\/de\/wp-json\/wp\/v2\/pages\/56616"}],"wp:attachment":[{"href":"https:\/\/happyvetproject.org\/de\/wp-json\/wp\/v2\/media?parent=56622"}],"curies":[{"name":"wp","href":"https:\/\/api.w.org\/{rel}","templated":true}]}}