{"id":56642,"date":"2022-02-08T10:42:08","date_gmt":"2022-02-08T09:42:08","guid":{"rendered":"https:\/\/happyvetproject.org\/vet-yogi\/meditation\/"},"modified":"2023-02-22T11:53:47","modified_gmt":"2023-02-22T10:53:47","slug":"meditation","status":"publish","type":"page","link":"https:\/\/happyvetproject.org\/de\/body-vet\/vet-yogi\/meditation\/","title":{"rendered":"Meditation"},"content":{"rendered":"\t\t<div data-elementor-type=\"wp-page\" data-elementor-id=\"56642\" class=\"elementor elementor-56642 elementor-51887\">\n\t\t\t\t\t\t\t\t\t<section class=\"elementor-section elementor-top-section elementor-element elementor-element-9b83a7f category-picto-box elementor-section-boxed elementor-section-height-default elementor-section-height-default\" data-id=\"9b83a7f\" data-element_type=\"section\">\n\t\t\t\t\t\t<div class=\"elementor-container elementor-column-gap-default\">\n\t\t\t\t\t<div class=\"elementor-column elementor-col-100 elementor-top-column elementor-element elementor-element-6ca6054d\" data-id=\"6ca6054d\" data-element_type=\"column\">\n\t\t\t<div class=\"elementor-widget-wrap elementor-element-populated\">\n\t\t\t\t\t\t\t\t<div class=\"elementor-element elementor-element-2ea8285b category-picto elementor-widget elementor-widget-image\" data-id=\"2ea8285b\" data-element_type=\"widget\" data-widget_type=\"image.default\">\n\t\t\t\t<div class=\"elementor-widget-container\">\n\t\t\t<style>\/*! elementor - v3.13.3 - 28-05-2023 *\/\n.elementor-widget-image{text-align:center}.elementor-widget-image a{display:inline-block}.elementor-widget-image a img{width:48px}.elementor-widget-image img{vertical-align:middle;display:inline-block}<\/style>\t\t\t\t\t\t\t\t\t\t\t\t\t<a href=\"https:\/\/happyvetproject.org\/body-vet\/vet-yogi\/\">\n\t\t\t\t\t\t\t<img decoding=\"async\" width=\"92\" height=\"92\" src=\"https:\/\/happyvetproject.org\/wp-content\/uploads\/2022\/04\/happy-vet-project-vet-yogi.png\" class=\"attachment-full size-full wp-image-52388\" alt=\"happy vet project vet yogi\" loading=\"lazy\" \/>\t\t\t\t\t\t\t\t<\/a>\n\t\t\t\t\t\t\t\t\t\t\t\t\t\t\t<\/div>\n\t\t\t\t<\/div>\n\t\t\t\t<div class=\"elementor-element elementor-element-4474758 category-picto elementor-widget elementor-widget-image\" data-id=\"4474758\" data-element_type=\"widget\" data-widget_type=\"image.default\">\n\t\t\t\t<div class=\"elementor-widget-container\">\n\t\t\t\t\t\t\t\t\t\t\t\t\t\t\t<img decoding=\"async\" src=\"https:\/\/happyvetproject.org\/wp-content\/uploads\/elementor\/thumbs\/icon04-q3hpvo06szdg8mpyprapoqffc1goj25g9s89smsryw.png\" title=\"icon04\" alt=\"icon04\" loading=\"lazy\" \/>\t\t\t\t\t\t\t\t\t\t\t\t\t\t\t<\/div>\n\t\t\t\t<\/div>\n\t\t\t\t\t<\/div>\n\t\t<\/div>\n\t\t\t\t\t\t\t<\/div>\n\t\t<\/section>\n\t\t\t\t<section class=\"elementor-section elementor-top-section elementor-element elementor-element-283e74c1 elementor-section-boxed elementor-section-height-default elementor-section-height-default\" data-id=\"283e74c1\" data-element_type=\"section\">\n\t\t\t\t\t\t<div class=\"elementor-container elementor-column-gap-default\">\n\t\t\t\t\t<div class=\"elementor-column elementor-col-100 elementor-top-column elementor-element elementor-element-4a414722\" data-id=\"4a414722\" data-element_type=\"column\">\n\t\t\t<div class=\"elementor-widget-wrap elementor-element-populated\">\n\t\t\t\t\t\t\t\t<div class=\"elementor-element elementor-element-7dfcd976 elementor-widget elementor-widget-shortcode\" data-id=\"7dfcd976\" data-element_type=\"widget\" data-widget_type=\"shortcode.default\">\n\t\t\t\t<div class=\"elementor-widget-container\">\n\t\t\t\t\t<div class=\"elementor-shortcode\"><div class=\"facetwp-template\" data-name=\"meditation\"><div class=\"fwpl-layout el-v3fp2\"><div class=\"fwpl-result r1\"><div class=\"fwpl-row el-r084h8\"><div class=\"fwpl-col fwpl-col el-dkl38f\"><div class=\"fwpl-item el-74r1fo item-image\"><a href=\"https:\/\/happyvetproject.org\/de\/vet-yogi\/gefuehrte-meditation-sankalpa-dharma-videocast\/\"><img width=\"392\" height=\"256\" src=\"https:\/\/happyvetproject.org\/wp-content\/uploads\/2022\/02\/happy-vet-yogi-guided-meditation-sankalpa-dharma-videocast.jpg\" class=\"attachment-medium_large size-medium_large wp-post-image\" alt=\"\" decoding=\"async\" loading=\"lazy\" srcset=\"https:\/\/happyvetproject.org\/wp-content\/uploads\/2022\/02\/happy-vet-yogi-guided-meditation-sankalpa-dharma-videocast.jpg 392w, https:\/\/happyvetproject.org\/wp-content\/uploads\/2022\/02\/happy-vet-yogi-guided-meditation-sankalpa-dharma-videocast-300x196.jpg 300w\" sizes=\"(max-width: 392px) 100vw, 392px\" \/><\/a><\/div><div class=\"fwpl-item el-2fhus7 item-duration\">14 Min.<\/div><div class=\"fwpl-item el-gtpn3c item-title title-uppercase\"><a href=\"https:\/\/happyvetproject.org\/de\/vet-yogi\/gefuehrte-meditation-sankalpa-dharma-videocast\/\">GEF\u00dcHRTE MEDITATION: SANKALPA-DHARMA - VIDEOCAST<\/a><\/div><div class=\"fwpl-item el-q0t60g item-degree is-empty\"><\/div><div class=\"fwpl-item el-5d5kt item-excerpt\">Manchmal verstehen Au\u00dfenstehende nicht ganz, warum das tier\u00e4rztliche Personal so gestresst ist, wo es doch einen so edlen, sch\u00f6nen und sinnvollen Beruf aus\u00fcbt. Das Pflegen und Heilen ist eine einzigartige Art, die Au\u00dfenwelt zu interpretieren und mit ihr in Beziehung zu treten, aber es zehrt so sehr an den Kr\u00e4ften des Gesundheitspersonals, dass ein Burnout nicht ausgeschlossen werden kann. Ein ungesunder mentaler Zustand eines Teils des tier\u00e4rztlichen Kollektivs ist, wie wir wissen, ein Problem, das wir nur ungern ansprechen, aber meistens ... fehlt uns die F\u00e4higkeit, es zu erkennen und zu verhindern \u2013 mit den Folgen, die wir alle kennen. Mit dieser einfachen, aber wirkungsvollen Meditation, die wiederholt zur Selbsterkenntnis und Motivation eingesetzt wird, l\u00e4dt Cris Sie ein, Ihre Probleme zu erkennen und sie mit Ihren Werten, Bed\u00fcrfnissen und Talenten in Einklang zu bringen, um eine ausgeglichenere Version von Ihnen zu werden. Verwenden Sie sie, wenn Sie ein neues Projekt beginnen, wenn Sie sich festgefahren und ungl\u00fccklich f\u00fchlen, wenn Sie sich verloren f\u00fchlen oder wenn Sie einfach verschiedene Optionen f\u00fcr die Zukunft in Betracht ziehen.<\/div><\/div><\/div><\/div><div class=\"fwpl-result r2\"><div class=\"fwpl-row el-r084h8\"><div class=\"fwpl-col fwpl-col el-dkl38f\"><div class=\"fwpl-item el-74r1fo item-image\"><a href=\"https:\/\/happyvetproject.org\/de\/vet-yogi\/meditation-und-yoga-ein-einfuehrender-podcast\/\"><img width=\"392\" height=\"256\" src=\"https:\/\/happyvetproject.org\/wp-content\/uploads\/2022\/02\/happy-vet-yogi-meditation-and-yoga-an-introduction-podcast.jpg\" class=\"attachment-medium_large size-medium_large wp-post-image\" alt=\"\" decoding=\"async\" loading=\"lazy\" srcset=\"https:\/\/happyvetproject.org\/wp-content\/uploads\/2022\/02\/happy-vet-yogi-meditation-and-yoga-an-introduction-podcast.jpg 392w, https:\/\/happyvetproject.org\/wp-content\/uploads\/2022\/02\/happy-vet-yogi-meditation-and-yoga-an-introduction-podcast-300x196.jpg 300w\" sizes=\"(max-width: 392px) 100vw, 392px\" \/><\/a><\/div><div class=\"fwpl-item el-2fhus7 item-duration\">11 Min.<\/div><div class=\"fwpl-item el-gtpn3c item-title title-uppercase\"><a href=\"https:\/\/happyvetproject.org\/de\/vet-yogi\/meditation-und-yoga-ein-einfuehrender-podcast\/\">Meditation und Yoga, ein einf\u00fchrender Podcast<\/a><\/div><div class=\"fwpl-item el-q0t60g item-degree is-empty\"><\/div><div class=\"fwpl-item el-5d5kt item-excerpt\">In diesem einf\u00fchrenden Podcast zur Meditation im Zusammenhang mit Yoga erkl\u00e4ren wir die physiologischen Grundlagen dieses Geisteszustandes und die verschiedenen Stufen, die erlernt und ge\u00fcbt werden m\u00fcssen, um es als t\u00e4gliches Instrument zu nutzen. Die gute Nachricht ist, dass Sie, wenn Sie erst einmal verstanden haben, wie Sie Ihren Geist kontrollieren und sich konzentrieren k\u00f6nnen, diese Technik mit der Zeit verbessern und ausbauen k\u00f6nnen, was Ihnen viel Gutes, Ruhe und Wohlbefinden bringt.<\/div><\/div><\/div><\/div><\/div>\n<style>\n.fwpl-layout, .fwpl-row {\n    display: grid;\n}\n.fwpl-layout.el-v3fp2 {\n    grid-template-columns: repeat(3, 1fr);\n    grid-gap: 10px;\n}\n.fwpl-row.el-r084h8 {\n    grid-template-columns: 1fr;\n}\n<\/style>\n<\/div><\/div>\n\t\t\t\t<\/div>\n\t\t\t\t<\/div>\n\t\t\t\t\t<\/div>\n\t\t<\/div>\n\t\t\t\t\t\t\t<\/div>\n\t\t<\/section>\n\t\t\t\t\t\t\t<\/div>\n\t\t","protected":false},"excerpt":{"rendered":"<p>14 Min.GEF\u00dcHRTE MEDITATION: SANKALPA-DHARMA &#8211; VIDEOCASTManchmal verstehen Au\u00dfenstehende nicht ganz, warum das tier\u00e4rztliche Personal so gestresst ist, wo es doch einen so edlen, sch\u00f6nen und sinnvollen Beruf aus\u00fcbt. Das Pflegen und Heilen ist eine einzigartige Art, die Au\u00dfenwelt zu interpretieren und mit ihr in Beziehung zu treten, aber es zehrt so sehr an den Kr\u00e4ften&hellip;<\/p>\n","protected":false},"author":6,"featured_media":0,"parent":56616,"menu_order":0,"comment_status":"closed","ping_status":"closed","template":"","meta":{"inline_featured_image":false},"acf":[],"yoast_head":"<!-- This site is optimized with the Yoast SEO plugin v20.11 - https:\/\/yoast.com\/wordpress\/plugins\/seo\/ -->\n<title>Meditation - HappyVetProject<\/title>\n<meta name=\"robots\" content=\"index, follow, max-snippet:-1, max-image-preview:large, max-video-preview:-1\" \/>\n<link rel=\"canonical\" href=\"https:\/\/happyvetproject.org\/de\/body-vet\/vet-yogi\/meditation\/\" \/>\n<meta property=\"og:locale\" content=\"de_DE\" \/>\n<meta property=\"og:type\" content=\"article\" \/>\n<meta property=\"og:title\" content=\"Meditation - HappyVetProject\" \/>\n<meta property=\"og:url\" content=\"https:\/\/happyvetproject.org\/de\/body-vet\/vet-yogi\/meditation\/\" \/>\n<meta property=\"og:site_name\" content=\"HappyVetProject\" \/>\n<meta property=\"article:modified_time\" content=\"2023-02-22T10:53:47+00:00\" \/>\n<meta property=\"og:image\" content=\"https:\/\/happyvetproject.org\/wp-content\/uploads\/2022\/04\/happy-vet-project-vet-yogi.png\" \/>\n<meta name=\"twitter:card\" content=\"summary_large_image\" \/>\n<meta name=\"twitter:label1\" content=\"Gesch\u00e4tzte Lesezeit\" \/>\n\t<meta name=\"twitter:data1\" content=\"1 Minute\" \/>\n<script type=\"application\/ld+json\" class=\"yoast-schema-graph\">{\"@context\":\"https:\/\/schema.org\",\"@graph\":[{\"@type\":\"WebPage\",\"@id\":\"https:\/\/happyvetproject.org\/de\/body-vet\/vet-yogi\/meditation\/\",\"url\":\"https:\/\/happyvetproject.org\/de\/body-vet\/vet-yogi\/meditation\/\",\"name\":\"Meditation - HappyVetProject\",\"isPartOf\":{\"@id\":\"https:\/\/happyvetproject.org\/de\/#website\"},\"datePublished\":\"2022-02-08T09:42:08+00:00\",\"dateModified\":\"2023-02-22T10:53:47+00:00\",\"breadcrumb\":{\"@id\":\"https:\/\/happyvetproject.org\/de\/body-vet\/vet-yogi\/meditation\/#breadcrumb\"},\"inLanguage\":\"de-DE\",\"potentialAction\":[{\"@type\":\"ReadAction\",\"target\":[\"https:\/\/happyvetproject.org\/de\/body-vet\/vet-yogi\/meditation\/\"]}]},{\"@type\":\"BreadcrumbList\",\"@id\":\"https:\/\/happyvetproject.org\/de\/body-vet\/vet-yogi\/meditation\/#breadcrumb\",\"itemListElement\":[{\"@type\":\"ListItem\",\"position\":1,\"name\":\"Home\",\"item\":\"https:\/\/happyvetproject.org\/de\/\"},{\"@type\":\"ListItem\",\"position\":2,\"name\":\"BODY VET\",\"item\":\"https:\/\/happyvetproject.org\/de\/body-vet\/\"},{\"@type\":\"ListItem\",\"position\":3,\"name\":\"VET-YOGI\",\"item\":\"https:\/\/happyvetproject.org\/de\/body-vet\/vet-yogi\/\"},{\"@type\":\"ListItem\",\"position\":4,\"name\":\"Meditation\"}]},{\"@type\":\"WebSite\",\"@id\":\"https:\/\/happyvetproject.org\/de\/#website\",\"url\":\"https:\/\/happyvetproject.org\/de\/\",\"name\":\"HappyVetProject\",\"description\":\"Burnout antidotes for vets\",\"publisher\":{\"@id\":\"https:\/\/happyvetproject.org\/de\/#organization\"},\"potentialAction\":[{\"@type\":\"SearchAction\",\"target\":{\"@type\":\"EntryPoint\",\"urlTemplate\":\"https:\/\/happyvetproject.org\/de\/?s={search_term_string}\"},\"query-input\":\"required name=search_term_string\"}],\"inLanguage\":\"de-DE\"},{\"@type\":\"Organization\",\"@id\":\"https:\/\/happyvetproject.org\/de\/#organization\",\"name\":\"HappyVetProject\",\"url\":\"https:\/\/happyvetproject.org\/de\/\",\"logo\":{\"@type\":\"ImageObject\",\"inLanguage\":\"de-DE\",\"@id\":\"https:\/\/happyvetproject.org\/de\/#\/schema\/logo\/image\/\",\"url\":\"https:\/\/happyvetproject.org\/wp-content\/uploads\/2021\/11\/happyvet-logo.png\",\"contentUrl\":\"https:\/\/happyvetproject.org\/wp-content\/uploads\/2021\/11\/happyvet-logo.png\",\"width\":123,\"height\":150,\"caption\":\"HappyVetProject\"},\"image\":{\"@id\":\"https:\/\/happyvetproject.org\/de\/#\/schema\/logo\/image\/\"}}]}<\/script>\n<!-- \/ Yoast SEO plugin. -->","yoast_head_json":{"title":"Meditation - HappyVetProject","robots":{"index":"index","follow":"follow","max-snippet":"max-snippet:-1","max-image-preview":"max-image-preview:large","max-video-preview":"max-video-preview:-1"},"canonical":"https:\/\/happyvetproject.org\/de\/body-vet\/vet-yogi\/meditation\/","og_locale":"de_DE","og_type":"article","og_title":"Meditation - HappyVetProject","og_url":"https:\/\/happyvetproject.org\/de\/body-vet\/vet-yogi\/meditation\/","og_site_name":"HappyVetProject","article_modified_time":"2023-02-22T10:53:47+00:00","og_image":[{"url":"https:\/\/happyvetproject.org\/wp-content\/uploads\/2022\/04\/happy-vet-project-vet-yogi.png"}],"twitter_card":"summary_large_image","twitter_misc":{"Gesch\u00e4tzte Lesezeit":"1 Minute"},"schema":{"@context":"https:\/\/schema.org","@graph":[{"@type":"WebPage","@id":"https:\/\/happyvetproject.org\/de\/body-vet\/vet-yogi\/meditation\/","url":"https:\/\/happyvetproject.org\/de\/body-vet\/vet-yogi\/meditation\/","name":"Meditation - HappyVetProject","isPartOf":{"@id":"https:\/\/happyvetproject.org\/de\/#website"},"datePublished":"2022-02-08T09:42:08+00:00","dateModified":"2023-02-22T10:53:47+00:00","breadcrumb":{"@id":"https:\/\/happyvetproject.org\/de\/body-vet\/vet-yogi\/meditation\/#breadcrumb"},"inLanguage":"de-DE","potentialAction":[{"@type":"ReadAction","target":["https:\/\/happyvetproject.org\/de\/body-vet\/vet-yogi\/meditation\/"]}]},{"@type":"BreadcrumbList","@id":"https:\/\/happyvetproject.org\/de\/body-vet\/vet-yogi\/meditation\/#breadcrumb","itemListElement":[{"@type":"ListItem","position":1,"name":"Home","item":"https:\/\/happyvetproject.org\/de\/"},{"@type":"ListItem","position":2,"name":"BODY VET","item":"https:\/\/happyvetproject.org\/de\/body-vet\/"},{"@type":"ListItem","position":3,"name":"VET-YOGI","item":"https:\/\/happyvetproject.org\/de\/body-vet\/vet-yogi\/"},{"@type":"ListItem","position":4,"name":"Meditation"}]},{"@type":"WebSite","@id":"https:\/\/happyvetproject.org\/de\/#website","url":"https:\/\/happyvetproject.org\/de\/","name":"HappyVetProject","description":"Burnout antidotes for vets","publisher":{"@id":"https:\/\/happyvetproject.org\/de\/#organization"},"potentialAction":[{"@type":"SearchAction","target":{"@type":"EntryPoint","urlTemplate":"https:\/\/happyvetproject.org\/de\/?s={search_term_string}"},"query-input":"required name=search_term_string"}],"inLanguage":"de-DE"},{"@type":"Organization","@id":"https:\/\/happyvetproject.org\/de\/#organization","name":"HappyVetProject","url":"https:\/\/happyvetproject.org\/de\/","logo":{"@type":"ImageObject","inLanguage":"de-DE","@id":"https:\/\/happyvetproject.org\/de\/#\/schema\/logo\/image\/","url":"https:\/\/happyvetproject.org\/wp-content\/uploads\/2021\/11\/happyvet-logo.png","contentUrl":"https:\/\/happyvetproject.org\/wp-content\/uploads\/2021\/11\/happyvet-logo.png","width":123,"height":150,"caption":"HappyVetProject"},"image":{"@id":"https:\/\/happyvetproject.org\/de\/#\/schema\/logo\/image\/"}}]}},"_links":{"self":[{"href":"https:\/\/happyvetproject.org\/de\/wp-json\/wp\/v2\/pages\/56642"}],"collection":[{"href":"https:\/\/happyvetproject.org\/de\/wp-json\/wp\/v2\/pages"}],"about":[{"href":"https:\/\/happyvetproject.org\/de\/wp-json\/wp\/v2\/types\/page"}],"author":[{"embeddable":true,"href":"https:\/\/happyvetproject.org\/de\/wp-json\/wp\/v2\/users\/6"}],"replies":[{"embeddable":true,"href":"https:\/\/happyvetproject.org\/de\/wp-json\/wp\/v2\/comments?post=56642"}],"version-history":[{"count":0,"href":"https:\/\/happyvetproject.org\/de\/wp-json\/wp\/v2\/pages\/56642\/revisions"}],"up":[{"embeddable":true,"href":"https:\/\/happyvetproject.org\/de\/wp-json\/wp\/v2\/pages\/56616"}],"wp:attachment":[{"href":"https:\/\/happyvetproject.org\/de\/wp-json\/wp\/v2\/media?parent=56642"}],"curies":[{"name":"wp","href":"https:\/\/api.w.org\/{rel}","templated":true}]}}