{"id":62180,"date":"2024-06-21T09:18:49","date_gmt":"2024-06-21T08:18:49","guid":{"rendered":"https:\/\/happyvetproject.org\/?page_id=62180"},"modified":"2024-06-21T09:20:36","modified_gmt":"2024-06-21T08:20:36","slug":"impressum","status":"publish","type":"page","link":"https:\/\/happyvetproject.org\/de\/impressum\/","title":{"rendered":"Impressum"},"content":{"rendered":"\t\t<div data-elementor-type=\"wp-page\" data-elementor-id=\"62180\" class=\"elementor elementor-62180\">\n\t\t\t\t\t\t\t\t\t<section class=\"elementor-section elementor-top-section elementor-element elementor-element-31e7431 elementor-section-boxed elementor-section-height-default elementor-section-height-default\" data-id=\"31e7431\" data-element_type=\"section\">\n\t\t\t\t\t\t<div class=\"elementor-container elementor-column-gap-default\">\n\t\t\t\t\t<div class=\"elementor-column elementor-col-100 elementor-top-column elementor-element elementor-element-42fd922\" data-id=\"42fd922\" data-element_type=\"column\">\n\t\t\t<div class=\"elementor-widget-wrap elementor-element-populated\">\n\t\t\t\t\t\t\t\t<div class=\"elementor-element elementor-element-9615d7c elementor-widget elementor-widget-text-editor\" data-id=\"9615d7c\" data-element_type=\"widget\" data-widget_type=\"text-editor.default\">\n\t\t\t\t<div class=\"elementor-widget-container\">\n\t\t\t<style>\/*! elementor - v3.13.3 - 28-05-2023 *\/\n.elementor-widget-text-editor.elementor-drop-cap-view-stacked .elementor-drop-cap{background-color:#69727d;color:#fff}.elementor-widget-text-editor.elementor-drop-cap-view-framed .elementor-drop-cap{color:#69727d;border:3px solid;background-color:transparent}.elementor-widget-text-editor:not(.elementor-drop-cap-view-default) .elementor-drop-cap{margin-top:8px}.elementor-widget-text-editor:not(.elementor-drop-cap-view-default) .elementor-drop-cap-letter{width:1em;height:1em}.elementor-widget-text-editor .elementor-drop-cap{float:left;text-align:center;line-height:1;font-size:50px}.elementor-widget-text-editor .elementor-drop-cap-letter{display:inline-block}<\/style>\t\t\t\t<h2 class=\"wp-block-heading\">Impressum<\/h2><p class=\"first-title\">aniMedica GmbH<br \/>a LIVISTO company<br \/>Im S\u00fcdfeld 9<br \/>48308 Senden-B\u00f6sensell<br \/>Telefon: 02536 3302-0<br \/>Fax: 02536 3302-110<br \/><a href=\"mailto:info.germany@livisto.com\">info.germany(at)livisto.com<\/a><br \/>www.livisto.de<\/p><p><strong>Eingetragen beim Amtsgericht Coesfeld mit der HR B Nummer: 7210<\/strong><\/p><p>\u00a0<\/p><p><strong>Vertretungsberechtigte Gesch\u00e4ftsf\u00fchrer:<\/strong><\/p><p>Dr. Enno Gottschalk<\/p><p>\u00a0<\/p><p><strong>Verantwortlich f\u00fcr den Inhalt gem\u00e4\u00df \u00a7 55 Abs. 2 des Rundfunkstaatsvertrags (RStV):<\/strong><\/p><p>Dr. Enno Gottschalk (Gesch\u00e4ftsf\u00fchrer)<\/p><p>\u00a0<\/p><p><strong>Umsatzsteuer-Identifikationsnummer gem\u00e4\u00df \u00a7 27 a Umsatzsteuergesetz:<\/strong><\/p><p>DE 126117707<\/p><p>Das Informationsangebot der aniMedica GmbH wird sorgf\u00e4ltig gepr\u00fcft und nach bestem Wissen und Gewissen zusammengestellt. Wir bem\u00fchen uns, dieses Informationsangebot stetig zu erweitern und zu aktualisieren. Dessen ungeachtet k\u00f6nnen wir f\u00fcr die Vollst\u00e4ndigkeit, Richtigkeit und letzte Aktualit\u00e4t der Inhalte des Onlineangebotes keine Gew\u00e4hr \u00fcbernehmen.<\/p><p>N\u00e4here Informationen zu den Nutzungsbedigungen finden Sie\u00a0<a href=\"https:\/\/happyvetproject.org\/de\/nutzungsbedingungen\/\" target=\"_blank\" rel=\"noopener noreferrer\">hier<\/a>.<\/p>\t\t\t\t\t\t<\/div>\n\t\t\t\t<\/div>\n\t\t\t\t\t<\/div>\n\t\t<\/div>\n\t\t\t\t\t\t\t<\/div>\n\t\t<\/section>\n\t\t\t\t\t\t\t<\/div>\n\t\t","protected":false},"excerpt":{"rendered":"<p>Impressum aniMedica GmbHa LIVISTO companyIm S\u00fcdfeld 948308 Senden-B\u00f6sensellTelefon: 02536 3302-0Fax: 02536 3302-110info.germany(at)livisto.comwww.livisto.de Eingetragen beim Amtsgericht Coesfeld mit der HR B Nummer: 7210 \u00a0 Vertretungsberechtigte Gesch\u00e4ftsf\u00fchrer: Dr. Enno Gottschalk \u00a0 Verantwortlich f\u00fcr den Inhalt gem\u00e4\u00df \u00a7 55 Abs. 2 des Rundfunkstaatsvertrags (RStV): Dr. Enno Gottschalk (Gesch\u00e4ftsf\u00fchrer) \u00a0 Umsatzsteuer-Identifikationsnummer gem\u00e4\u00df \u00a7 27 a Umsatzsteuergesetz: DE 126117707 Das&hellip;<\/p>\n","protected":false},"author":4,"featured_media":0,"parent":0,"menu_order":80,"comment_status":"closed","ping_status":"closed","template":"","meta":{"inline_featured_image":false},"acf":[],"yoast_head":"<!-- This site is optimized with the Yoast SEO plugin v20.11 - https:\/\/yoast.com\/wordpress\/plugins\/seo\/ -->\n<title>Impressum - HappyVetProject<\/title>\n<meta name=\"robots\" content=\"index, follow, max-snippet:-1, max-image-preview:large, max-video-preview:-1\" \/>\n<link rel=\"canonical\" href=\"https:\/\/happyvetproject.org\/de\/impressum\/\" \/>\n<meta property=\"og:locale\" content=\"de_DE\" \/>\n<meta property=\"og:type\" content=\"article\" \/>\n<meta property=\"og:title\" content=\"Impressum - HappyVetProject\" \/>\n<meta property=\"og:description\" content=\"Impressum aniMedica GmbHa LIVISTO companyIm S\u00fcdfeld 948308 Senden-B\u00f6sensellTelefon: 02536 3302-0Fax: 02536 3302-110info.germany(at)livisto.comwww.livisto.de Eingetragen beim Amtsgericht Coesfeld mit der HR B Nummer: 7210 \u00a0 Vertretungsberechtigte Gesch\u00e4ftsf\u00fchrer: Dr. Enno Gottschalk \u00a0 Verantwortlich f\u00fcr den Inhalt gem\u00e4\u00df \u00a7 55 Abs. 2 des Rundfunkstaatsvertrags (RStV): Dr. Enno Gottschalk (Gesch\u00e4ftsf\u00fchrer) \u00a0 Umsatzsteuer-Identifikationsnummer gem\u00e4\u00df \u00a7 27 a Umsatzsteuergesetz: DE 126117707 Das&hellip;\" \/>\n<meta property=\"og:url\" content=\"https:\/\/happyvetproject.org\/de\/impressum\/\" \/>\n<meta property=\"og:site_name\" content=\"HappyVetProject\" \/>\n<meta property=\"article:modified_time\" content=\"2024-06-21T08:20:36+00:00\" \/>\n<meta name=\"twitter:card\" content=\"summary_large_image\" \/>\n<meta name=\"twitter:label1\" content=\"Gesch\u00e4tzte Lesezeit\" \/>\n\t<meta name=\"twitter:data1\" content=\"1 Minute\" \/>\n<script type=\"application\/ld+json\" class=\"yoast-schema-graph\">{\"@context\":\"https:\/\/schema.org\",\"@graph\":[{\"@type\":\"WebPage\",\"@id\":\"https:\/\/happyvetproject.org\/de\/impressum\/\",\"url\":\"https:\/\/happyvetproject.org\/de\/impressum\/\",\"name\":\"Impressum - HappyVetProject\",\"isPartOf\":{\"@id\":\"https:\/\/happyvetproject.org\/de\/#website\"},\"datePublished\":\"2024-06-21T08:18:49+00:00\",\"dateModified\":\"2024-06-21T08:20:36+00:00\",\"breadcrumb\":{\"@id\":\"https:\/\/happyvetproject.org\/de\/impressum\/#breadcrumb\"},\"inLanguage\":\"de-DE\",\"potentialAction\":[{\"@type\":\"ReadAction\",\"target\":[\"https:\/\/happyvetproject.org\/de\/impressum\/\"]}]},{\"@type\":\"BreadcrumbList\",\"@id\":\"https:\/\/happyvetproject.org\/de\/impressum\/#breadcrumb\",\"itemListElement\":[{\"@type\":\"ListItem\",\"position\":1,\"name\":\"Home\",\"item\":\"https:\/\/happyvetproject.org\/de\/\"},{\"@type\":\"ListItem\",\"position\":2,\"name\":\"Impressum\"}]},{\"@type\":\"WebSite\",\"@id\":\"https:\/\/happyvetproject.org\/de\/#website\",\"url\":\"https:\/\/happyvetproject.org\/de\/\",\"name\":\"HappyVetProject\",\"description\":\"Burnout antidotes for vets\",\"publisher\":{\"@id\":\"https:\/\/happyvetproject.org\/de\/#organization\"},\"potentialAction\":[{\"@type\":\"SearchAction\",\"target\":{\"@type\":\"EntryPoint\",\"urlTemplate\":\"https:\/\/happyvetproject.org\/de\/?s={search_term_string}\"},\"query-input\":\"required name=search_term_string\"}],\"inLanguage\":\"de-DE\"},{\"@type\":\"Organization\",\"@id\":\"https:\/\/happyvetproject.org\/de\/#organization\",\"name\":\"HappyVetProject\",\"url\":\"https:\/\/happyvetproject.org\/de\/\",\"logo\":{\"@type\":\"ImageObject\",\"inLanguage\":\"de-DE\",\"@id\":\"https:\/\/happyvetproject.org\/de\/#\/schema\/logo\/image\/\",\"url\":\"https:\/\/happyvetproject.org\/wp-content\/uploads\/2021\/11\/happyvet-logo.png\",\"contentUrl\":\"https:\/\/happyvetproject.org\/wp-content\/uploads\/2021\/11\/happyvet-logo.png\",\"width\":123,\"height\":150,\"caption\":\"HappyVetProject\"},\"image\":{\"@id\":\"https:\/\/happyvetproject.org\/de\/#\/schema\/logo\/image\/\"}}]}<\/script>\n<!-- \/ Yoast SEO plugin. -->","yoast_head_json":{"title":"Impressum - HappyVetProject","robots":{"index":"index","follow":"follow","max-snippet":"max-snippet:-1","max-image-preview":"max-image-preview:large","max-video-preview":"max-video-preview:-1"},"canonical":"https:\/\/happyvetproject.org\/de\/impressum\/","og_locale":"de_DE","og_type":"article","og_title":"Impressum - HappyVetProject","og_description":"Impressum aniMedica GmbHa LIVISTO companyIm S\u00fcdfeld 948308 Senden-B\u00f6sensellTelefon: 02536 3302-0Fax: 02536 3302-110info.germany(at)livisto.comwww.livisto.de Eingetragen beim Amtsgericht Coesfeld mit der HR B Nummer: 7210 \u00a0 Vertretungsberechtigte Gesch\u00e4ftsf\u00fchrer: Dr. Enno Gottschalk \u00a0 Verantwortlich f\u00fcr den Inhalt gem\u00e4\u00df \u00a7 55 Abs. 2 des Rundfunkstaatsvertrags (RStV): Dr. Enno Gottschalk (Gesch\u00e4ftsf\u00fchrer) \u00a0 Umsatzsteuer-Identifikationsnummer gem\u00e4\u00df \u00a7 27 a Umsatzsteuergesetz: DE 126117707 Das&hellip;","og_url":"https:\/\/happyvetproject.org\/de\/impressum\/","og_site_name":"HappyVetProject","article_modified_time":"2024-06-21T08:20:36+00:00","twitter_card":"summary_large_image","twitter_misc":{"Gesch\u00e4tzte Lesezeit":"1 Minute"},"schema":{"@context":"https:\/\/schema.org","@graph":[{"@type":"WebPage","@id":"https:\/\/happyvetproject.org\/de\/impressum\/","url":"https:\/\/happyvetproject.org\/de\/impressum\/","name":"Impressum - HappyVetProject","isPartOf":{"@id":"https:\/\/happyvetproject.org\/de\/#website"},"datePublished":"2024-06-21T08:18:49+00:00","dateModified":"2024-06-21T08:20:36+00:00","breadcrumb":{"@id":"https:\/\/happyvetproject.org\/de\/impressum\/#breadcrumb"},"inLanguage":"de-DE","potentialAction":[{"@type":"ReadAction","target":["https:\/\/happyvetproject.org\/de\/impressum\/"]}]},{"@type":"BreadcrumbList","@id":"https:\/\/happyvetproject.org\/de\/impressum\/#breadcrumb","itemListElement":[{"@type":"ListItem","position":1,"name":"Home","item":"https:\/\/happyvetproject.org\/de\/"},{"@type":"ListItem","position":2,"name":"Impressum"}]},{"@type":"WebSite","@id":"https:\/\/happyvetproject.org\/de\/#website","url":"https:\/\/happyvetproject.org\/de\/","name":"HappyVetProject","description":"Burnout antidotes for vets","publisher":{"@id":"https:\/\/happyvetproject.org\/de\/#organization"},"potentialAction":[{"@type":"SearchAction","target":{"@type":"EntryPoint","urlTemplate":"https:\/\/happyvetproject.org\/de\/?s={search_term_string}"},"query-input":"required name=search_term_string"}],"inLanguage":"de-DE"},{"@type":"Organization","@id":"https:\/\/happyvetproject.org\/de\/#organization","name":"HappyVetProject","url":"https:\/\/happyvetproject.org\/de\/","logo":{"@type":"ImageObject","inLanguage":"de-DE","@id":"https:\/\/happyvetproject.org\/de\/#\/schema\/logo\/image\/","url":"https:\/\/happyvetproject.org\/wp-content\/uploads\/2021\/11\/happyvet-logo.png","contentUrl":"https:\/\/happyvetproject.org\/wp-content\/uploads\/2021\/11\/happyvet-logo.png","width":123,"height":150,"caption":"HappyVetProject"},"image":{"@id":"https:\/\/happyvetproject.org\/de\/#\/schema\/logo\/image\/"}}]}},"_links":{"self":[{"href":"https:\/\/happyvetproject.org\/de\/wp-json\/wp\/v2\/pages\/62180"}],"collection":[{"href":"https:\/\/happyvetproject.org\/de\/wp-json\/wp\/v2\/pages"}],"about":[{"href":"https:\/\/happyvetproject.org\/de\/wp-json\/wp\/v2\/types\/page"}],"author":[{"embeddable":true,"href":"https:\/\/happyvetproject.org\/de\/wp-json\/wp\/v2\/users\/4"}],"replies":[{"embeddable":true,"href":"https:\/\/happyvetproject.org\/de\/wp-json\/wp\/v2\/comments?post=62180"}],"version-history":[{"count":4,"href":"https:\/\/happyvetproject.org\/de\/wp-json\/wp\/v2\/pages\/62180\/revisions"}],"predecessor-version":[{"id":62184,"href":"https:\/\/happyvetproject.org\/de\/wp-json\/wp\/v2\/pages\/62180\/revisions\/62184"}],"wp:attachment":[{"href":"https:\/\/happyvetproject.org\/de\/wp-json\/wp\/v2\/media?parent=62180"}],"curies":[{"name":"wp","href":"https:\/\/api.w.org\/{rel}","templated":true}]}}