{"id":62601,"date":"2025-03-03T11:32:16","date_gmt":"2025-03-03T10:32:16","guid":{"rendered":"https:\/\/happyvetproject.org\/?page_id=62601"},"modified":"2025-03-03T11:45:06","modified_gmt":"2025-03-03T10:45:06","slug":"sosforvets","status":"publish","type":"page","link":"https:\/\/happyvetproject.org\/de\/sosforvets\/","title":{"rendered":"SOS for Vets"},"content":{"rendered":"\t\t<div data-elementor-type=\"wp-page\" data-elementor-id=\"62601\" class=\"elementor elementor-62601\">\n\t\t\t\t\t\t\t\t\t<section class=\"elementor-section elementor-top-section elementor-element elementor-element-6ad653c category-picto-box elementor-section-boxed elementor-section-height-default elementor-section-height-default\" data-id=\"6ad653c\" data-element_type=\"section\">\n\t\t\t\t\t\t<div class=\"elementor-container elementor-column-gap-default\">\n\t\t\t\t\t<div class=\"elementor-column elementor-col-100 elementor-top-column elementor-element elementor-element-8e91b49\" data-id=\"8e91b49\" data-element_type=\"column\">\n\t\t\t<div class=\"elementor-widget-wrap elementor-element-populated\">\n\t\t\t\t\t\t\t\t<div class=\"elementor-element elementor-element-1c6bdff header-test elementor-widget elementor-widget-text-editor\" data-id=\"1c6bdff\" data-element_type=\"widget\" data-widget_type=\"text-editor.default\">\n\t\t\t\t<div class=\"elementor-widget-container\">\n\t\t\t<style>\/*! elementor - v3.13.3 - 28-05-2023 *\/\n.elementor-widget-text-editor.elementor-drop-cap-view-stacked .elementor-drop-cap{background-color:#69727d;color:#fff}.elementor-widget-text-editor.elementor-drop-cap-view-framed .elementor-drop-cap{color:#69727d;border:3px solid;background-color:transparent}.elementor-widget-text-editor:not(.elementor-drop-cap-view-default) .elementor-drop-cap{margin-top:8px}.elementor-widget-text-editor:not(.elementor-drop-cap-view-default) .elementor-drop-cap-letter{width:1em;height:1em}.elementor-widget-text-editor .elementor-drop-cap{float:left;text-align:center;line-height:1;font-size:50px}.elementor-widget-text-editor .elementor-drop-cap-letter{display:inline-block}<\/style>\t\t\t\t<h2 style=\"text-align: center;\">Ruf hier an und hol dir die Hilfe, die du brauchst<\/h2>\n<div class=\"home-phone\" style=\"text-align: center;\"><a href=\"tel:0800073535\"><img decoding=\"async\" loading=\"lazy\" src=\"\/wp-content\/uploads\/2025\/03\/hvpgraeub-phone-icon.png\" alt=\"Phone\" width=\"62\" height=\"62\" \/>0800 073 535<\/a><\/div>\t\t\t\t\t\t<\/div>\n\t\t\t\t<\/div>\n\t\t\t\t\t<\/div>\n\t\t<\/div>\n\t\t\t\t\t\t\t<\/div>\n\t\t<\/section>\n\t\t\t\t<section class=\"elementor-section elementor-top-section elementor-element elementor-element-0245762 elementor-section-boxed elementor-section-height-default elementor-section-height-default\" data-id=\"0245762\" data-element_type=\"section\">\n\t\t\t\t\t\t<div class=\"elementor-container elementor-column-gap-default\">\n\t\t\t\t\t<div class=\"elementor-column elementor-col-16 elementor-top-column elementor-element elementor-element-d05655b\" data-id=\"d05655b\" data-element_type=\"column\">\n\t\t\t<div class=\"elementor-widget-wrap\">\n\t\t\t\t\t\t\t\t\t<\/div>\n\t\t<\/div>\n\t\t\t\t<div class=\"elementor-column elementor-col-66 elementor-top-column elementor-element elementor-element-c941ec3\" data-id=\"c941ec3\" data-element_type=\"column\">\n\t\t\t<div class=\"elementor-widget-wrap elementor-element-populated\">\n\t\t\t\t\t\t\t\t<div class=\"elementor-element elementor-element-a8a12b6 elementor-widget elementor-widget-text-editor\" data-id=\"a8a12b6\" data-element_type=\"widget\" data-widget_type=\"text-editor.default\">\n\t\t\t\t<div class=\"elementor-widget-container\">\n\t\t\t\t\t\t\t<p><strong><span lang=\"DE-CH\">Das Notfalltelefon der GST unterst\u00fctzt Tier\u00e4rztinnen und Tier\u00e4rzte, TPA, aber auch Studierende der Veterin\u00e4rmedizin in schwierigen Lebenssituationen. Die Hotline steht f\u00fcr Betroffene und Angeh\u00f6rige rund um die Uhr kostenlos zur Verf\u00fcgung.<\/span><\/strong><\/p>\t\t\t\t\t\t<\/div>\n\t\t\t\t<\/div>\n\t\t\t\t<div class=\"elementor-element elementor-element-85b389c elementor-widget elementor-widget-text-editor\" data-id=\"85b389c\" data-element_type=\"widget\" data-widget_type=\"text-editor.default\">\n\t\t\t\t<div class=\"elementor-widget-container\">\n\t\t\t\t\t\t\t<p style=\"font-weight: 400;\">In K\u00fcrze:<\/p><ul><li style=\"font-weight: 400;\">Kostenlose 24-Stunden-Hotline, 365 Tage<\/li><li style=\"font-weight: 400;\">Sofortige Hilfe in Notsituationen<\/li><li style=\"font-weight: 400;\">F\u00fcr Tier\u00e4rztinnen und Tier\u00e4rzte, Tiermedizinische Praxisassistentinnen und -assistenten, Studentinnen und Studenten der Veterin\u00e4rmedizin sowie Drittpersonen aus dem Umfeld<\/li><li style=\"font-weight: 400;\">Jegliche Angaben werden vertraulich behandelt<\/li><li style=\"font-weight: 400;\">Sprache Deutsch und Franz\u00f6sisch<\/li><\/ul><p>\u00a0<\/p><p style=\"font-weight: 400;\">F\u00fcr die Interessierten:<\/p><p style=\"font-weight: 400;\">Der Umgang mit dem Tierleid, Konflikte mit Kundinnen und Kunden, lange Arbeitstage: Tier\u00e4rztinnen und Tier\u00e4rzte, Tiermedizinische Praxisassistentinnen und \u2013assistenten (TPA) sowie Studentinnen und Studenten der Veterin\u00e4rmedizin sind im Beruf und in der Ausbildung stark gefordert. Dazu k\u00f6nnen Schwierigkeiten im privaten Umfeld oder andere Konflikte kommen. Dies alles kann dazu f\u00fchren, dass die psychische Gesundheit stark unter Druck ger\u00e4t und die eigene Lebenssituation pl\u00f6tzlich ausweglos erscheint.<\/p><p style=\"font-weight: 400;\">F\u00fcr solche Notsituationen besteht mit der GST-Hotline SOSforVets neu eine Anlaufstelle, die spezifisch f\u00fcr Personen im veterin\u00e4rmedizinischen Beruf und deren Umfeld geschaffen wurde. Betroffene Personen erhalten rund um die Uhr Unterst\u00fctzung in schwierigen Situationen. Bei jeder Kontaktaufnahme meldet sich eine \u00e4rztliche Fachperson auf Deutsch oder Franz\u00f6sisch, nach M\u00f6glichkeit auch auf Italienisch und Englisch. Sie macht eine erste Beurteilung der Situation und nimmt eine Triage vor. Wenn es sich um eine akute Notfallsituation handelt, findet eine \u00dcberweisung an geschulte \u00c4rzte und Psychiaterinnen statt, die die unmittelbar notwendigen Massnahmen einleiten.<\/p><p style=\"font-weight: 400;\">Wenn es sich nicht um eine akute Notfallsituation handelt, so sch\u00e4tzt die Fachperson ein, ob eine Betreuung auf der mentalen oder der rechtlichen, fachlichen Ebene oder beiden Ebenen angezeigt ist. Diese Personen werden unter Umst\u00e4nden an die zust\u00e4ndigen Personen auf der GST-Gesch\u00e4ftsstelle weitergeleitet, welche in Zusammenarbeit mit Fachpersonen individuelle L\u00f6sungen f\u00fcr die Betroffenen suchen. Alle Angaben und Anliegen werden vertraulich behandelt.<\/p><p style=\"font-weight: 400;\">Die GST bietet die Hotline SOSforVets in Zusammenarbeit mit dem Unterst\u00fctzungsnetzwerk f\u00fcr \u00c4rztinnen und \u00c4rzte der FMH, ReMed, sowie der Medphone AG an. Durch den finanziellen Beitrag der GST ist die Hotline f\u00fcr die Anruferinnen und Anrufer kostenlos. Die Hotline SOSforVets steht auch Nicht-Mitgliedern der GST zur Verf\u00fcgung. Auch Drittpersonen d\u00fcrfen die Telefonnummer w\u00e4hlen, denn manchmal ist Personen aus dem Umfeld eine solche Situation fr\u00fcher bewusst als den Betroffenen selbst.<\/p>\t\t\t\t\t\t<\/div>\n\t\t\t\t<\/div>\n\t\t\t\t\t<\/div>\n\t\t<\/div>\n\t\t\t\t<div class=\"elementor-column elementor-col-16 elementor-top-column elementor-element elementor-element-c33c25d\" data-id=\"c33c25d\" data-element_type=\"column\">\n\t\t\t<div class=\"elementor-widget-wrap\">\n\t\t\t\t\t\t\t\t\t<\/div>\n\t\t<\/div>\n\t\t\t\t\t\t\t<\/div>\n\t\t<\/section>\n\t\t\t\t\t\t\t<\/div>\n\t\t","protected":false},"excerpt":{"rendered":"<p>Ruf hier an und hol dir die Hilfe, die du brauchst 0800 073 535 Das Notfalltelefon der GST unterst\u00fctzt Tier\u00e4rztinnen und Tier\u00e4rzte, TPA, aber auch Studierende der Veterin\u00e4rmedizin in schwierigen Lebenssituationen. Die Hotline steht f\u00fcr Betroffene und Angeh\u00f6rige rund um die Uhr kostenlos zur Verf\u00fcgung. In K\u00fcrze: Kostenlose 24-Stunden-Hotline, 365 Tage Sofortige Hilfe in Notsituationen&hellip;<\/p>\n","protected":false},"author":4,"featured_media":0,"parent":0,"menu_order":0,"comment_status":"closed","ping_status":"closed","template":"","meta":{"inline_featured_image":false},"acf":[],"yoast_head":"<!-- This site is optimized with the Yoast SEO plugin v20.11 - https:\/\/yoast.com\/wordpress\/plugins\/seo\/ -->\n<title>SOS for Vets - HappyVetProject<\/title>\n<meta name=\"robots\" content=\"index, follow, max-snippet:-1, max-image-preview:large, max-video-preview:-1\" \/>\n<link rel=\"canonical\" href=\"https:\/\/happyvetproject.org\/de\/sosforvets\/\" \/>\n<meta property=\"og:locale\" content=\"de_DE\" \/>\n<meta property=\"og:type\" content=\"article\" \/>\n<meta property=\"og:title\" content=\"SOS for Vets - HappyVetProject\" \/>\n<meta property=\"og:description\" content=\"Ruf hier an und hol dir die Hilfe, die du brauchst 0800 073 535 Das Notfalltelefon der GST unterst\u00fctzt Tier\u00e4rztinnen und Tier\u00e4rzte, TPA, aber auch Studierende der Veterin\u00e4rmedizin in schwierigen Lebenssituationen. Die Hotline steht f\u00fcr Betroffene und Angeh\u00f6rige rund um die Uhr kostenlos zur Verf\u00fcgung. In K\u00fcrze: Kostenlose 24-Stunden-Hotline, 365 Tage Sofortige Hilfe in Notsituationen&hellip;\" \/>\n<meta property=\"og:url\" content=\"https:\/\/happyvetproject.org\/de\/sosforvets\/\" \/>\n<meta property=\"og:site_name\" content=\"HappyVetProject\" \/>\n<meta property=\"article:modified_time\" content=\"2025-03-03T10:45:06+00:00\" \/>\n<meta name=\"twitter:card\" content=\"summary_large_image\" \/>\n<meta name=\"twitter:label1\" content=\"Gesch\u00e4tzte Lesezeit\" \/>\n\t<meta name=\"twitter:data1\" content=\"2 Minuten\" \/>\n<script type=\"application\/ld+json\" class=\"yoast-schema-graph\">{\"@context\":\"https:\/\/schema.org\",\"@graph\":[{\"@type\":\"WebPage\",\"@id\":\"https:\/\/happyvetproject.org\/de\/sosforvets\/\",\"url\":\"https:\/\/happyvetproject.org\/de\/sosforvets\/\",\"name\":\"SOS for Vets - HappyVetProject\",\"isPartOf\":{\"@id\":\"https:\/\/happyvetproject.org\/de\/#website\"},\"datePublished\":\"2025-03-03T10:32:16+00:00\",\"dateModified\":\"2025-03-03T10:45:06+00:00\",\"breadcrumb\":{\"@id\":\"https:\/\/happyvetproject.org\/de\/sosforvets\/#breadcrumb\"},\"inLanguage\":\"de-DE\",\"potentialAction\":[{\"@type\":\"ReadAction\",\"target\":[\"https:\/\/happyvetproject.org\/de\/sosforvets\/\"]}]},{\"@type\":\"BreadcrumbList\",\"@id\":\"https:\/\/happyvetproject.org\/de\/sosforvets\/#breadcrumb\",\"itemListElement\":[{\"@type\":\"ListItem\",\"position\":1,\"name\":\"Home\",\"item\":\"https:\/\/happyvetproject.org\/de\/\"},{\"@type\":\"ListItem\",\"position\":2,\"name\":\"SOS for Vets\"}]},{\"@type\":\"WebSite\",\"@id\":\"https:\/\/happyvetproject.org\/de\/#website\",\"url\":\"https:\/\/happyvetproject.org\/de\/\",\"name\":\"HappyVetProject\",\"description\":\"Burnout antidotes for vets\",\"publisher\":{\"@id\":\"https:\/\/happyvetproject.org\/de\/#organization\"},\"potentialAction\":[{\"@type\":\"SearchAction\",\"target\":{\"@type\":\"EntryPoint\",\"urlTemplate\":\"https:\/\/happyvetproject.org\/de\/?s={search_term_string}\"},\"query-input\":\"required name=search_term_string\"}],\"inLanguage\":\"de-DE\"},{\"@type\":\"Organization\",\"@id\":\"https:\/\/happyvetproject.org\/de\/#organization\",\"name\":\"HappyVetProject\",\"url\":\"https:\/\/happyvetproject.org\/de\/\",\"logo\":{\"@type\":\"ImageObject\",\"inLanguage\":\"de-DE\",\"@id\":\"https:\/\/happyvetproject.org\/de\/#\/schema\/logo\/image\/\",\"url\":\"https:\/\/happyvetproject.org\/wp-content\/uploads\/2021\/11\/happyvet-logo.png\",\"contentUrl\":\"https:\/\/happyvetproject.org\/wp-content\/uploads\/2021\/11\/happyvet-logo.png\",\"width\":123,\"height\":150,\"caption\":\"HappyVetProject\"},\"image\":{\"@id\":\"https:\/\/happyvetproject.org\/de\/#\/schema\/logo\/image\/\"}}]}<\/script>\n<!-- \/ Yoast SEO plugin. -->","yoast_head_json":{"title":"SOS for Vets - HappyVetProject","robots":{"index":"index","follow":"follow","max-snippet":"max-snippet:-1","max-image-preview":"max-image-preview:large","max-video-preview":"max-video-preview:-1"},"canonical":"https:\/\/happyvetproject.org\/de\/sosforvets\/","og_locale":"de_DE","og_type":"article","og_title":"SOS for Vets - HappyVetProject","og_description":"Ruf hier an und hol dir die Hilfe, die du brauchst 0800 073 535 Das Notfalltelefon der GST unterst\u00fctzt Tier\u00e4rztinnen und Tier\u00e4rzte, TPA, aber auch Studierende der Veterin\u00e4rmedizin in schwierigen Lebenssituationen. Die Hotline steht f\u00fcr Betroffene und Angeh\u00f6rige rund um die Uhr kostenlos zur Verf\u00fcgung. In K\u00fcrze: Kostenlose 24-Stunden-Hotline, 365 Tage Sofortige Hilfe in Notsituationen&hellip;","og_url":"https:\/\/happyvetproject.org\/de\/sosforvets\/","og_site_name":"HappyVetProject","article_modified_time":"2025-03-03T10:45:06+00:00","twitter_card":"summary_large_image","twitter_misc":{"Gesch\u00e4tzte Lesezeit":"2 Minuten"},"schema":{"@context":"https:\/\/schema.org","@graph":[{"@type":"WebPage","@id":"https:\/\/happyvetproject.org\/de\/sosforvets\/","url":"https:\/\/happyvetproject.org\/de\/sosforvets\/","name":"SOS for Vets - HappyVetProject","isPartOf":{"@id":"https:\/\/happyvetproject.org\/de\/#website"},"datePublished":"2025-03-03T10:32:16+00:00","dateModified":"2025-03-03T10:45:06+00:00","breadcrumb":{"@id":"https:\/\/happyvetproject.org\/de\/sosforvets\/#breadcrumb"},"inLanguage":"de-DE","potentialAction":[{"@type":"ReadAction","target":["https:\/\/happyvetproject.org\/de\/sosforvets\/"]}]},{"@type":"BreadcrumbList","@id":"https:\/\/happyvetproject.org\/de\/sosforvets\/#breadcrumb","itemListElement":[{"@type":"ListItem","position":1,"name":"Home","item":"https:\/\/happyvetproject.org\/de\/"},{"@type":"ListItem","position":2,"name":"SOS for Vets"}]},{"@type":"WebSite","@id":"https:\/\/happyvetproject.org\/de\/#website","url":"https:\/\/happyvetproject.org\/de\/","name":"HappyVetProject","description":"Burnout antidotes for vets","publisher":{"@id":"https:\/\/happyvetproject.org\/de\/#organization"},"potentialAction":[{"@type":"SearchAction","target":{"@type":"EntryPoint","urlTemplate":"https:\/\/happyvetproject.org\/de\/?s={search_term_string}"},"query-input":"required name=search_term_string"}],"inLanguage":"de-DE"},{"@type":"Organization","@id":"https:\/\/happyvetproject.org\/de\/#organization","name":"HappyVetProject","url":"https:\/\/happyvetproject.org\/de\/","logo":{"@type":"ImageObject","inLanguage":"de-DE","@id":"https:\/\/happyvetproject.org\/de\/#\/schema\/logo\/image\/","url":"https:\/\/happyvetproject.org\/wp-content\/uploads\/2021\/11\/happyvet-logo.png","contentUrl":"https:\/\/happyvetproject.org\/wp-content\/uploads\/2021\/11\/happyvet-logo.png","width":123,"height":150,"caption":"HappyVetProject"},"image":{"@id":"https:\/\/happyvetproject.org\/de\/#\/schema\/logo\/image\/"}}]}},"_links":{"self":[{"href":"https:\/\/happyvetproject.org\/de\/wp-json\/wp\/v2\/pages\/62601"}],"collection":[{"href":"https:\/\/happyvetproject.org\/de\/wp-json\/wp\/v2\/pages"}],"about":[{"href":"https:\/\/happyvetproject.org\/de\/wp-json\/wp\/v2\/types\/page"}],"author":[{"embeddable":true,"href":"https:\/\/happyvetproject.org\/de\/wp-json\/wp\/v2\/users\/4"}],"replies":[{"embeddable":true,"href":"https:\/\/happyvetproject.org\/de\/wp-json\/wp\/v2\/comments?post=62601"}],"version-history":[{"count":5,"href":"https:\/\/happyvetproject.org\/de\/wp-json\/wp\/v2\/pages\/62601\/revisions"}],"predecessor-version":[{"id":62606,"href":"https:\/\/happyvetproject.org\/de\/wp-json\/wp\/v2\/pages\/62601\/revisions\/62606"}],"wp:attachment":[{"href":"https:\/\/happyvetproject.org\/de\/wp-json\/wp\/v2\/media?parent=62601"}],"curies":[{"name":"wp","href":"https:\/\/api.w.org\/{rel}","templated":true}]}}