{"id":57575,"date":"2021-12-01T10:31:33","date_gmt":"2021-12-01T09:31:33","guid":{"rendered":"https:\/\/happyvetproject.org\/politica-de-cookies\/"},"modified":"2023-03-09T13:50:32","modified_gmt":"2023-03-09T12:50:32","slug":"politica-de-cookies","status":"publish","type":"page","link":"https:\/\/happyvetproject.org\/es\/politica-de-cookies\/","title":{"rendered":"Pol\u00edtica de cookies"},"content":{"rendered":"\t\t<div data-elementor-type=\"wp-page\" data-elementor-id=\"57575\" class=\"elementor elementor-57575 elementor-51554\">\n\t\t\t\t\t\t\t\t\t<section class=\"elementor-section elementor-top-section elementor-element elementor-element-6ba8732e elementor-section-boxed elementor-section-height-default elementor-section-height-default\" data-id=\"6ba8732e\" data-element_type=\"section\">\n\t\t\t\t\t\t<div class=\"elementor-container elementor-column-gap-default\">\n\t\t\t\t\t<div class=\"elementor-column elementor-col-100 elementor-top-column elementor-element elementor-element-21d9c07\" data-id=\"21d9c07\" data-element_type=\"column\">\n\t\t\t<div class=\"elementor-widget-wrap elementor-element-populated\">\n\t\t\t\t\t\t\t\t<div class=\"elementor-element elementor-element-17255c4 elementor-widget elementor-widget-text-editor\" data-id=\"17255c4\" data-element_type=\"widget\" data-widget_type=\"text-editor.default\">\n\t\t\t\t<div class=\"elementor-widget-container\">\n\t\t\t<style>\/*! elementor - v3.13.3 - 28-05-2023 *\/\n.elementor-widget-text-editor.elementor-drop-cap-view-stacked .elementor-drop-cap{background-color:#69727d;color:#fff}.elementor-widget-text-editor.elementor-drop-cap-view-framed .elementor-drop-cap{color:#69727d;border:3px solid;background-color:transparent}.elementor-widget-text-editor:not(.elementor-drop-cap-view-default) .elementor-drop-cap{margin-top:8px}.elementor-widget-text-editor:not(.elementor-drop-cap-view-default) .elementor-drop-cap-letter{width:1em;height:1em}.elementor-widget-text-editor .elementor-drop-cap{float:left;text-align:center;line-height:1;font-size:50px}.elementor-widget-text-editor .elementor-drop-cap-letter{display:inline-block}<\/style>\t\t\t\t<h3><strong>\u00bfQu\u00e9 son las cookies?<\/strong><\/h3>\n<p>Las cookies son peque\u00f1os archivos de datos que se descargan y se instalan en un dispositivo cuando se navega por un sitio web. En las visitas posteriores a dicho sitio web, las cookies se devuelven al sitio web original o a los sitios web que las reconozcan. Su objetivo es permitir el almacenamiento y la recuperaci\u00f3n de informaci\u00f3n sobre el n\u00famero de visitantes, los h\u00e1bitos de navegaci\u00f3n de los usuarios y los dispositivos y, en funci\u00f3n de la informaci\u00f3n que contengan y de la forma de utilizar el dispositivo que tengan los usuarios, tambi\u00e9n pueden ayudar a reconocer a estos \u00faltimos. En <a href=\"http:\/\/www.allaboutcookies.org\" target=\"_blank\" rel=\"noopener\">www.allaboutcookies.org<\/a> encontrar\u00e1 m\u00e1s informaci\u00f3n acerca de las cookies.<\/p>\n<p>&nbsp;<\/p>\n<h3>\u00bfQu\u00e9 cookies utilizamos en este sitio web?<\/h3>\n<p>Este sitio web https:\/\/www.happyvetproject.org (denominado en adelante el \u00abSitio web\u00bb) utiliza los siguientes tipos de cookies:<\/p>\n<ul>\n<li>Seg\u00fan su duraci\u00f3n\n<ul>\n<li>Cookies de sesi\u00f3n: solo existen durante el tiempo que dure la visita del usuario al sitio web y desaparecen cuando este cierra el navegador o apaga el dispositivo. Si el usuario decide identificarse a trav\u00e9s de alguno de los mecanismos habilitados para ello, utilizaremos cookies de sesi\u00f3n que contienen informaci\u00f3n cifrada para diferenciarlos de otros usuarios.<\/li>\n<li>Cookies persistentes: permanecen almacenadas en el equipo del usuario incluso despu\u00e9s de que este cierre el navegador o apague el dispositivo y se activan cada vez que el usuario visita el sitio web que ha creado dicha cookie. Al visitar nuestro Sitio web se asigna un identificador \u00fanico a cada usuario, el cual est\u00e1 asociado a una cookie persistente que se descargar\u00e1 en su navegador.<\/li>\n<\/ul>\n<\/li>\n<li>Seg\u00fan la entidad de la que proceden las cookies\n<ul>\n<li>Cookies propias: almacenan informaci\u00f3n que ser\u00e1 gestionada por LIVISTO para ofrecer el servicio solicitado por el usuario.<\/li>\n<li>Cookies de terceros: almacenan informaci\u00f3n que ser\u00e1 gestionada por Google, Inc.<\/li>\n<\/ul>\n<\/li>\n<li>Seg\u00fan su cometido\n<ul>\n<li>Cookies t\u00e9cnicas: permiten que el usuario explore y utilice los servicios y opciones disponibles en el Sitio web. Se encargan, entre otras cosas, del control del tr\u00e1fico y la comunicaci\u00f3n de datos, la identificaci\u00f3n de sesiones, las solicitudes de informaci\u00f3n, la reproducci\u00f3n de v\u00eddeos, el uso de elementos de seguridad durante la navegaci\u00f3n o el almacenamiento, la publicaci\u00f3n y el intercambio de contenidos.<\/li>\n<li>Cookies anal\u00edticas: permiten registrar el n\u00famero de visitantes, realizar mediciones y llevar a cabo an\u00e1lisis estad\u00edsticos del uso y la actividad de los usuarios, as\u00ed como crear perfiles de navegaci\u00f3n a fin de implementar mejoras en el Sitio web.<\/li>\n<\/ul>\n<\/li>\n<\/ul>\n<p>A continuaci\u00f3n ofrecemos una breve descripci\u00f3n de las cookies utilizadas en el Sitio web y su cometido:<\/p>\n<table>\n<tbody>\n<tr>\n<td><strong>ENTIDAD LEGAL<\/strong><\/td>\n<td><strong>NOMBRE<\/strong><\/td>\n<td><strong>TIPO<\/strong><\/td>\n<td><strong>COMETIDO<\/strong><\/td>\n<td><strong>DURACI\u00d3N<\/strong><\/td>\n<\/tr>\n<tr>\n<td>Google, Inc.<\/td>\n<td>_ga<\/td>\n<td>Cookie anal\u00edtica<\/td>\n<td>Se usa para diferenciar a los usuarios del Sitio web<\/td>\n<td>2 a\u00f1os<\/td>\n<\/tr>\n<tr>\n<td>Google, Inc.<\/td>\n<td>_gat<\/td>\n<td>Cookie anal\u00edtica<\/td>\n<td>Se usa para limitar la tasa de solicitudes<\/td>\n<td>10 minutos<\/td>\n<\/tr>\n<tr>\n<td>LIVISTO Group GmbH<\/td>\n<td>PHPSESSID<\/td>\n<td>Cookie t\u00e9cnica<\/td>\n<td>Se usa para identificar a los usuarios del Sitio web<\/td>\n<td>Sesi\u00f3n<\/td>\n<\/tr>\n<tr>\n<td>LIVISTO Group GmbH<\/td>\n<td>cookie_message_viewed<\/td>\n<td>Cookie t\u00e9cnica<\/td>\n<td>Se usa para detectar la aceptaci\u00f3n de las cookies<\/td>\n<td>90 d\u00edas<\/td>\n<\/tr>\n<\/tbody>\n<\/table>\n<p>&nbsp;<\/p>\n<p>Tal y como se comunica en el encabezado de la p\u00e1gina de inicio, asumimos que los usuarios que contin\u00faen navegando por el Sitio web aceptan la instalaci\u00f3n y el uso de las cookies mencionadas en esta secci\u00f3n. Si los usuarios rechazan estas cookies o no tienen configurada la aceptaci\u00f3n de cookies estar\u00e1n aceptando la posible limitaci\u00f3n de la navegaci\u00f3n por las distintas secciones del Sitio web. Sin perjuicio de lo anterior, en ning\u00fan caso la falta de instalaci\u00f3n de cualquier tipo de cookie eximir\u00e1 del ejercicio de cualquier derecho legalmente reconocido ante la Fundaci\u00f3n.<\/p>\n<p>&nbsp;<\/p>\n<h3 class=\"generic-text-black-medium\">C\u00f3mo deshabilitar o eliminar las cookies<\/h3>\n<p>Los usuarios pueden aceptar, desactivar, bloquear y eliminar las cookies en cualquier momento a trav\u00e9s de los ajustes de su navegador:<\/p>\n<ul>\n<li>Configuraci\u00f3n de las cookies en Internet Explorer: http:\/\/windows.microsoft.com\/en-us\/windows7\/block-enable-or-allow-cookies<\/li>\n<li>Configuraci\u00f3n de las cookies en Firefox \u2013 https:\/\/support.mozilla.org\/en-US\/kb\/enable-and-disable-cookies-website-preferences<\/li>\n<li>Configuraci\u00f3n de las cookies en Google Chrome \u2013https:\/\/support.google.com\/chrome\/answer\/95647?hl=en<\/li>\n<li>Configuraci\u00f3n de las cookies en Safari \u2013https:\/\/support.apple.com\/en-gb\/HT201265<\/li>\n<li>Configuraci\u00f3n de las cookies en Windows Phone -http:\/\/www.windowsphone.com\/en-us\/how-to\/wp7\/web\/changing-privacy-and-other-browser-settings<\/li>\n<\/ul>\n<p>&nbsp;<\/p>\n<h3>Actualizaciones de la Pol\u00edtica de cookies<\/h3>\n<p>LIVISTO se reserva el derecho de modificar la presente Pol\u00edtica de cookies a fin de cumplir con las obligaciones legislativas correspondientes o de adaptarla al tipo de cookies empleadas en el Sitio web previa solicitud del consentimiento informado de los usuarios siempre que la ley lo requiera.<\/p>\n<p>&nbsp;<\/p>\n<h3>Google Analytics<\/h3>\n<p>Este sitio web usa Google Analytics, un servicio de an\u00e1lisis web ofrecido por Google, Inc. (\u00abGoogle\u00bb). Google Analytics emplea cookies, que son archivos de texto que se instalan en el ordenador para permitir que un sitio web analice la forma en la que los usuarios lo utilizan. La informaci\u00f3n generada por una cookie acerca del uso del sitio web (incluida la direcci\u00f3n IP del usuario) se comunicar\u00e1 a Google, que la almacenar\u00e1 en servidores ubicados en Estados Unidos. En caso de que se habilite la funci\u00f3n de anonimizaci\u00f3n de IP, Google cortar\u00e1 o anonimizar\u00e1 los \u00faltimos ocho caracteres de la direcci\u00f3n IP en el caso de los Estados miembros de la Uni\u00f3n Europea, as\u00ed como para otras partes en virtud del Acuerdo sobre el Espacio Econ\u00f3mico Europeo. Solo en casos excepcionales se env\u00eda la direcci\u00f3n IP completa a los servidores de Google en Estados Unidos para que sea all\u00ed donde la acorten. Google emplear\u00e1 esta informaci\u00f3n en nombre del proveedor del sitio web para evaluar el uso que los usuarios hacen de este, generar informes sobre la actividad del sitio web para los operadores y ofrecer otros servicios relacionados con la actividad del sitio web y el uso de Internet al proveedor del sitio web. Google no asociar\u00e1 su direcci\u00f3n IP a ning\u00fan otro dato almacenado por la compa\u00f1\u00eda. Puede rechazar el uso de cookies a trav\u00e9s de la configuraci\u00f3n correspondiente en su navegador. No obstante, debe tener en cuenta que hacerlo conlleva el riesgo de no poder utilizar todas las funcionalidades del Sitio web. Tambi\u00e9n puede rechazar la recopilaci\u00f3n y el uso de datos (cookies y direcci\u00f3n IP) por parte de Google mediante la descarga y la instalaci\u00f3n del plugin disponible en <a href=\"https:\/\/tools.google.com\/dlpage\/gaoptout?hl=en-GB\" target=\"_blank\" rel=\"noopener\">https:\/\/tools.google.com\/dlpage\/gaoptout?hl=en-GB<\/a> .<\/p>\n<p>Puede rechazar el uso de Google Analytics haciendo clic en el siguiente enlace. Al hacerlo, se instalar\u00e1 una cookie de rechazo en el ordenador para evitar la recopilaci\u00f3n de sus datos cuando visite este sitio web en el futuro. Deshabilitar Google Analytics<\/p>\n<p>Visite <a href=\"http:\/\/www.google.com\/analytics\/terms\/gb.html\" target=\"_blank\" rel=\"noopener\">http:\/\/www.google.com\/analytics\/terms\/gb.html<\/a> o <a href=\"https:\/\/www.google.de\/intl\/en_uk\/policies\/\" target=\"_blank\" rel=\"noopener\">https:\/\/www.google.de\/intl\/en_uk\/policies\/<\/a> para obtener m\u00e1s informaci\u00f3n sobre los t\u00e9rminos y condiciones de uso y la privacidad de los datos. Tenga en cuenta que en este sitio web se incluye la funci\u00f3n \u00abanonymizeIp\u00bb en el c\u00f3digo de Google Analytics para garantizar la anonimizaci\u00f3n durante la recolecci\u00f3n de direcciones IP (tambi\u00e9n denominado \u00abEnmascaramiento de IP\u00bb).<\/p>\t\t\t\t\t\t<\/div>\n\t\t\t\t<\/div>\n\t\t\t\t\t<\/div>\n\t\t<\/div>\n\t\t\t\t\t\t\t<\/div>\n\t\t<\/section>\n\t\t\t\t\t\t\t<\/div>\n\t\t","protected":false},"excerpt":{"rendered":"<p>\u00bfQu\u00e9 son las cookies? Las cookies son peque\u00f1os archivos de datos que se descargan y se instalan en un dispositivo cuando se navega por un sitio web. En las visitas posteriores a dicho sitio web, las cookies se devuelven al sitio web original o a los sitios web que las reconozcan. Su objetivo es permitir&hellip;<\/p>\n","protected":false},"author":6,"featured_media":0,"parent":0,"menu_order":80,"comment_status":"closed","ping_status":"closed","template":"","meta":{"inline_featured_image":false},"acf":[],"yoast_head":"<!-- This site is optimized with the Yoast SEO plugin v20.11 - https:\/\/yoast.com\/wordpress\/plugins\/seo\/ -->\n<title>Pol\u00edtica de cookies - HappyVetProject<\/title>\n<meta name=\"robots\" content=\"index, follow, max-snippet:-1, max-image-preview:large, max-video-preview:-1\" \/>\n<link rel=\"canonical\" href=\"https:\/\/happyvetproject.org\/es\/politica-de-cookies\/\" \/>\n<meta property=\"og:locale\" content=\"es_ES\" \/>\n<meta property=\"og:type\" content=\"article\" \/>\n<meta property=\"og:title\" content=\"Pol\u00edtica de cookies - HappyVetProject\" \/>\n<meta property=\"og:description\" content=\"\u00bfQu\u00e9 son las cookies? Las cookies son peque\u00f1os archivos de datos que se descargan y se instalan en un dispositivo cuando se navega por un sitio web. En las visitas posteriores a dicho sitio web, las cookies se devuelven al sitio web original o a los sitios web que las reconozcan. Su objetivo es permitir&hellip;\" \/>\n<meta property=\"og:url\" content=\"https:\/\/happyvetproject.org\/es\/politica-de-cookies\/\" \/>\n<meta property=\"og:site_name\" content=\"HappyVetProject\" \/>\n<meta property=\"article:modified_time\" content=\"2023-03-09T12:50:32+00:00\" \/>\n<meta name=\"twitter:card\" content=\"summary_large_image\" \/>\n<meta name=\"twitter:label1\" content=\"Tiempo de lectura\" \/>\n\t<meta name=\"twitter:data1\" content=\"5 minutos\" \/>\n<script type=\"application\/ld+json\" class=\"yoast-schema-graph\">{\"@context\":\"https:\/\/schema.org\",\"@graph\":[{\"@type\":\"WebPage\",\"@id\":\"https:\/\/happyvetproject.org\/es\/politica-de-cookies\/\",\"url\":\"https:\/\/happyvetproject.org\/es\/politica-de-cookies\/\",\"name\":\"Pol\u00edtica de cookies - HappyVetProject\",\"isPartOf\":{\"@id\":\"https:\/\/happyvetproject.org\/es\/#website\"},\"datePublished\":\"2021-12-01T09:31:33+00:00\",\"dateModified\":\"2023-03-09T12:50:32+00:00\",\"breadcrumb\":{\"@id\":\"https:\/\/happyvetproject.org\/es\/politica-de-cookies\/#breadcrumb\"},\"inLanguage\":\"es\",\"potentialAction\":[{\"@type\":\"ReadAction\",\"target\":[\"https:\/\/happyvetproject.org\/es\/politica-de-cookies\/\"]}]},{\"@type\":\"BreadcrumbList\",\"@id\":\"https:\/\/happyvetproject.org\/es\/politica-de-cookies\/#breadcrumb\",\"itemListElement\":[{\"@type\":\"ListItem\",\"position\":1,\"name\":\"Home\",\"item\":\"https:\/\/happyvetproject.org\/es\/\"},{\"@type\":\"ListItem\",\"position\":2,\"name\":\"Pol\u00edtica de cookies\"}]},{\"@type\":\"WebSite\",\"@id\":\"https:\/\/happyvetproject.org\/es\/#website\",\"url\":\"https:\/\/happyvetproject.org\/es\/\",\"name\":\"HappyVetProject\",\"description\":\"Burnout antidotes for vets\",\"publisher\":{\"@id\":\"https:\/\/happyvetproject.org\/es\/#organization\"},\"potentialAction\":[{\"@type\":\"SearchAction\",\"target\":{\"@type\":\"EntryPoint\",\"urlTemplate\":\"https:\/\/happyvetproject.org\/es\/?s={search_term_string}\"},\"query-input\":\"required name=search_term_string\"}],\"inLanguage\":\"es\"},{\"@type\":\"Organization\",\"@id\":\"https:\/\/happyvetproject.org\/es\/#organization\",\"name\":\"HappyVetProject\",\"url\":\"https:\/\/happyvetproject.org\/es\/\",\"logo\":{\"@type\":\"ImageObject\",\"inLanguage\":\"es\",\"@id\":\"https:\/\/happyvetproject.org\/es\/#\/schema\/logo\/image\/\",\"url\":\"https:\/\/happyvetproject.org\/wp-content\/uploads\/2021\/11\/happyvet-logo.png\",\"contentUrl\":\"https:\/\/happyvetproject.org\/wp-content\/uploads\/2021\/11\/happyvet-logo.png\",\"width\":123,\"height\":150,\"caption\":\"HappyVetProject\"},\"image\":{\"@id\":\"https:\/\/happyvetproject.org\/es\/#\/schema\/logo\/image\/\"}}]}<\/script>\n<!-- \/ Yoast SEO plugin. -->","yoast_head_json":{"title":"Pol\u00edtica de cookies - HappyVetProject","robots":{"index":"index","follow":"follow","max-snippet":"max-snippet:-1","max-image-preview":"max-image-preview:large","max-video-preview":"max-video-preview:-1"},"canonical":"https:\/\/happyvetproject.org\/es\/politica-de-cookies\/","og_locale":"es_ES","og_type":"article","og_title":"Pol\u00edtica de cookies - HappyVetProject","og_description":"\u00bfQu\u00e9 son las cookies? Las cookies son peque\u00f1os archivos de datos que se descargan y se instalan en un dispositivo cuando se navega por un sitio web. En las visitas posteriores a dicho sitio web, las cookies se devuelven al sitio web original o a los sitios web que las reconozcan. Su objetivo es permitir&hellip;","og_url":"https:\/\/happyvetproject.org\/es\/politica-de-cookies\/","og_site_name":"HappyVetProject","article_modified_time":"2023-03-09T12:50:32+00:00","twitter_card":"summary_large_image","twitter_misc":{"Tiempo de lectura":"5 minutos"},"schema":{"@context":"https:\/\/schema.org","@graph":[{"@type":"WebPage","@id":"https:\/\/happyvetproject.org\/es\/politica-de-cookies\/","url":"https:\/\/happyvetproject.org\/es\/politica-de-cookies\/","name":"Pol\u00edtica de cookies - HappyVetProject","isPartOf":{"@id":"https:\/\/happyvetproject.org\/es\/#website"},"datePublished":"2021-12-01T09:31:33+00:00","dateModified":"2023-03-09T12:50:32+00:00","breadcrumb":{"@id":"https:\/\/happyvetproject.org\/es\/politica-de-cookies\/#breadcrumb"},"inLanguage":"es","potentialAction":[{"@type":"ReadAction","target":["https:\/\/happyvetproject.org\/es\/politica-de-cookies\/"]}]},{"@type":"BreadcrumbList","@id":"https:\/\/happyvetproject.org\/es\/politica-de-cookies\/#breadcrumb","itemListElement":[{"@type":"ListItem","position":1,"name":"Home","item":"https:\/\/happyvetproject.org\/es\/"},{"@type":"ListItem","position":2,"name":"Pol\u00edtica de cookies"}]},{"@type":"WebSite","@id":"https:\/\/happyvetproject.org\/es\/#website","url":"https:\/\/happyvetproject.org\/es\/","name":"HappyVetProject","description":"Burnout antidotes for vets","publisher":{"@id":"https:\/\/happyvetproject.org\/es\/#organization"},"potentialAction":[{"@type":"SearchAction","target":{"@type":"EntryPoint","urlTemplate":"https:\/\/happyvetproject.org\/es\/?s={search_term_string}"},"query-input":"required name=search_term_string"}],"inLanguage":"es"},{"@type":"Organization","@id":"https:\/\/happyvetproject.org\/es\/#organization","name":"HappyVetProject","url":"https:\/\/happyvetproject.org\/es\/","logo":{"@type":"ImageObject","inLanguage":"es","@id":"https:\/\/happyvetproject.org\/es\/#\/schema\/logo\/image\/","url":"https:\/\/happyvetproject.org\/wp-content\/uploads\/2021\/11\/happyvet-logo.png","contentUrl":"https:\/\/happyvetproject.org\/wp-content\/uploads\/2021\/11\/happyvet-logo.png","width":123,"height":150,"caption":"HappyVetProject"},"image":{"@id":"https:\/\/happyvetproject.org\/es\/#\/schema\/logo\/image\/"}}]}},"_links":{"self":[{"href":"https:\/\/happyvetproject.org\/es\/wp-json\/wp\/v2\/pages\/57575"}],"collection":[{"href":"https:\/\/happyvetproject.org\/es\/wp-json\/wp\/v2\/pages"}],"about":[{"href":"https:\/\/happyvetproject.org\/es\/wp-json\/wp\/v2\/types\/page"}],"author":[{"embeddable":true,"href":"https:\/\/happyvetproject.org\/es\/wp-json\/wp\/v2\/users\/6"}],"replies":[{"embeddable":true,"href":"https:\/\/happyvetproject.org\/es\/wp-json\/wp\/v2\/comments?post=57575"}],"version-history":[{"count":0,"href":"https:\/\/happyvetproject.org\/es\/wp-json\/wp\/v2\/pages\/57575\/revisions"}],"wp:attachment":[{"href":"https:\/\/happyvetproject.org\/es\/wp-json\/wp\/v2\/media?parent=57575"}],"curies":[{"name":"wp","href":"https:\/\/api.w.org\/{rel}","templated":true}]}}