{"id":57596,"date":"2022-01-05T10:18:57","date_gmt":"2022-01-05T09:18:57","guid":{"rendered":"https:\/\/happyvetproject.org\/condiciones-de-uso\/"},"modified":"2023-02-22T12:03:22","modified_gmt":"2023-02-22T11:03:22","slug":"condiciones-de-uso","status":"publish","type":"page","link":"https:\/\/happyvetproject.org\/es\/condiciones-de-uso\/","title":{"rendered":"Condiciones de uso"},"content":{"rendered":"\t\t<div data-elementor-type=\"wp-page\" data-elementor-id=\"57596\" class=\"elementor elementor-57596 elementor-51671\">\n\t\t\t\t\t\t\t\t\t<section class=\"elementor-section elementor-top-section elementor-element elementor-element-72353091 elementor-section-boxed elementor-section-height-default elementor-section-height-default\" data-id=\"72353091\" data-element_type=\"section\">\n\t\t\t\t\t\t<div class=\"elementor-container elementor-column-gap-default\">\n\t\t\t\t\t<div class=\"elementor-column elementor-col-100 elementor-top-column elementor-element elementor-element-53165c2e\" data-id=\"53165c2e\" data-element_type=\"column\">\n\t\t\t<div class=\"elementor-widget-wrap elementor-element-populated\">\n\t\t\t\t\t\t\t\t<div class=\"elementor-element elementor-element-291f882a elementor-widget elementor-widget-text-editor\" data-id=\"291f882a\" data-element_type=\"widget\" data-widget_type=\"text-editor.default\">\n\t\t\t\t<div class=\"elementor-widget-container\">\n\t\t\t<style>\/*! elementor - v3.13.3 - 28-05-2023 *\/\n.elementor-widget-text-editor.elementor-drop-cap-view-stacked .elementor-drop-cap{background-color:#69727d;color:#fff}.elementor-widget-text-editor.elementor-drop-cap-view-framed .elementor-drop-cap{color:#69727d;border:3px solid;background-color:transparent}.elementor-widget-text-editor:not(.elementor-drop-cap-view-default) .elementor-drop-cap{margin-top:8px}.elementor-widget-text-editor:not(.elementor-drop-cap-view-default) .elementor-drop-cap-letter{width:1em;height:1em}.elementor-widget-text-editor .elementor-drop-cap{float:left;text-align:center;line-height:1;font-size:50px}.elementor-widget-text-editor .elementor-drop-cap-letter{display:inline-block}<\/style>\t\t\t\t<h2><span style=\"color: var(--the7-h2-color); letter-spacing: 0.1em; text-transform: var(--the7-h2-text-transform); word-spacing: var(--the7-h2-word-spacing);\">CONDICIONES DE USO<\/span><\/h2>\n<p><\/p>\n<p>Todos nuestros contenidos se presentan a nuestro leal saber y entender, se revisan de forma minuciosa y son objeto de un continuo esfuerzo de ampliaci\u00f3n y actualizaci\u00f3n por nuestra parte. A pesar de ello, no podemos garantizar que toda la informaci\u00f3n expuesta sea completa, precisa y actualizada. LIVISTO Group GmbH no se responsabiliza de p\u00e9rdida o da\u00f1o alguno asociado al uso del contenido de nuestras p\u00e1ginas web. LIVISTO Group GmbH no se responsabiliza de los posibles da\u00f1os indirectos, materiales o inmateriales, sufridos como consecuencia de los defectos o las p\u00e9rdidas de beneficios ocasionados por el uso, o la falta de este, de la informaci\u00f3n o el software incluidos en dichas p\u00e1ginas. Ninguna de nuestras ofertas es vinculante y todas ellas est\u00e1n sujetas a cambios. LIVISTO Group GmbH se reserva expresamente el derecho de modificar, completar o eliminar una parte o la totalidad del contenido de las p\u00e1ginas, as\u00ed como de cesar la publicaci\u00f3n de forma temporal o definitiva sin enviar ninguna notificaci\u00f3n independiente al respecto. <\/p>\n<p><\/p>\n<h3 class=\"generic-text-black-medium\">Derechos de autor<\/h3>\n<p><\/p>\n<p>El contenido del sitio web de LIVISTO Group GmbH est\u00e1 protegido por derechos de autor. Todos los derechos reservados. Los derechos de autor de cualquier objeto publicado que haya sido creado por LIVISTO Group GmbH pertenecen exclusivamente a LIVISTO Group GmbH. Quedan totalmente prohibidos el uso y la reproducci\u00f3n de estos gr\u00e1ficos, documentos de audio, secuencias de v\u00eddeo y textos en cualquier otra publicaci\u00f3n electr\u00f3nica o impresa sin el consentimiento expreso de LIVISTO Group GmbH.<\/p>\n<p>LIVISTO Group GmbH se esfuerza por cumplir los derechos de autor de los gr\u00e1ficos, documentos de audio, secuencias de v\u00eddeo y textos empleados en todas sus publicaciones, as\u00ed como por emplear gr\u00e1ficos, documentos de audio, secuencias de v\u00eddeo y textos propios o que no est\u00e9n sujetos a derechos de autor. Tanto las marcas y marcas comerciales como los nombres comerciales y gen\u00e9ricos mencionados en nuestra oferta de contenidos en Internet y protegidos por terceros, cuando proceda, cumplen totalmente con las estipulaciones de la legislaci\u00f3n aplicable sobre marcas registradas y respetan plenamente los derechos de propiedad de sus respectivos propietarios. El mero hecho de que se mencione una marca comercial no deber\u00eda dar lugar a pensar que no est\u00e1 protegida por derechos de terceros.<\/p>\n<p><\/p>\n<h3 class=\"generic-text-black-medium\">Privacidad y protecci\u00f3n de los datos personales<\/h3>\n<p><\/p>\n<p>La satisfacci\u00f3n de los usuarios y clientes representa una prioridad para LIVISTO Group GmbH. Tanto es as\u00ed, que nos esforzamos continuamente por garantizar la constante protecci\u00f3n de los datos personales recopilados. Utilizaremos la informaci\u00f3n recogida sobre usted con fines \u00fanicamente operativos, principalmente dirigidos a posibilitar un uso m\u00e1s c\u00f3modo y personalizado de nuestros servicios. LIVISTO Group GmbH no ceder\u00e1 sus datos personales a empresas de terceros ajenas a la compa\u00f1\u00eda. Para nosotros es esencial garantizar en todo momento la confidencialidad de sus datos.<\/p>\n<p><\/p>\n<h3 class=\"generic-text-black-medium\">Validez del descargo de responsabilidad<\/h3>\n<p><\/p>\n<p>Este descargo de responsabilidad forma parte integrante de los contenidos y servicios a los que se refiere. El hecho de que alguna parte o alg\u00fan enunciado del presente texto no cumpla, haya dejado de cumplir o cumpla solo de forma parcial la legislaci\u00f3n vigente aplicable no afectar\u00e1 a la validez y el contenido del resto de partes y enunciados incluidos en \u00e9l.<\/p>\t\t\t\t\t\t<\/div>\n\t\t\t\t<\/div>\n\t\t\t\t\t<\/div>\n\t\t<\/div>\n\t\t\t\t\t\t\t<\/div>\n\t\t<\/section>\n\t\t\t\t\t\t\t<\/div>\n\t\t","protected":false},"excerpt":{"rendered":"<p>CONDICIONES DE USO Todos nuestros contenidos se presentan a nuestro leal saber y entender, se revisan de forma minuciosa y son objeto de un continuo esfuerzo de ampliaci\u00f3n y actualizaci\u00f3n por nuestra parte. A pesar de ello, no podemos garantizar que toda la informaci\u00f3n expuesta sea completa, precisa y actualizada. LIVISTO Group GmbH no se&hellip;<\/p>\n","protected":false},"author":6,"featured_media":0,"parent":0,"menu_order":80,"comment_status":"closed","ping_status":"closed","template":"","meta":{"inline_featured_image":false},"acf":[],"yoast_head":"<!-- This site is optimized with the Yoast SEO plugin v20.11 - https:\/\/yoast.com\/wordpress\/plugins\/seo\/ -->\n<title>Condiciones de uso - HappyVetProject<\/title>\n<meta name=\"robots\" content=\"index, follow, max-snippet:-1, max-image-preview:large, max-video-preview:-1\" \/>\n<link rel=\"canonical\" href=\"https:\/\/happyvetproject.org\/es\/condiciones-de-uso\/\" \/>\n<meta property=\"og:locale\" content=\"es_ES\" \/>\n<meta property=\"og:type\" content=\"article\" \/>\n<meta property=\"og:title\" content=\"Condiciones de uso - HappyVetProject\" \/>\n<meta property=\"og:description\" content=\"CONDICIONES DE USO Todos nuestros contenidos se presentan a nuestro leal saber y entender, se revisan de forma minuciosa y son objeto de un continuo esfuerzo de ampliaci\u00f3n y actualizaci\u00f3n por nuestra parte. A pesar de ello, no podemos garantizar que toda la informaci\u00f3n expuesta sea completa, precisa y actualizada. LIVISTO Group GmbH no se&hellip;\" \/>\n<meta property=\"og:url\" content=\"https:\/\/happyvetproject.org\/es\/condiciones-de-uso\/\" \/>\n<meta property=\"og:site_name\" content=\"HappyVetProject\" \/>\n<meta property=\"article:modified_time\" content=\"2023-02-22T11:03:22+00:00\" \/>\n<meta name=\"twitter:card\" content=\"summary_large_image\" \/>\n<meta name=\"twitter:label1\" content=\"Tiempo de lectura\" \/>\n\t<meta name=\"twitter:data1\" content=\"3 minutos\" \/>\n<script type=\"application\/ld+json\" class=\"yoast-schema-graph\">{\"@context\":\"https:\/\/schema.org\",\"@graph\":[{\"@type\":\"WebPage\",\"@id\":\"https:\/\/happyvetproject.org\/es\/condiciones-de-uso\/\",\"url\":\"https:\/\/happyvetproject.org\/es\/condiciones-de-uso\/\",\"name\":\"Condiciones de uso - HappyVetProject\",\"isPartOf\":{\"@id\":\"https:\/\/happyvetproject.org\/es\/#website\"},\"datePublished\":\"2022-01-05T09:18:57+00:00\",\"dateModified\":\"2023-02-22T11:03:22+00:00\",\"breadcrumb\":{\"@id\":\"https:\/\/happyvetproject.org\/es\/condiciones-de-uso\/#breadcrumb\"},\"inLanguage\":\"es\",\"potentialAction\":[{\"@type\":\"ReadAction\",\"target\":[\"https:\/\/happyvetproject.org\/es\/condiciones-de-uso\/\"]}]},{\"@type\":\"BreadcrumbList\",\"@id\":\"https:\/\/happyvetproject.org\/es\/condiciones-de-uso\/#breadcrumb\",\"itemListElement\":[{\"@type\":\"ListItem\",\"position\":1,\"name\":\"Home\",\"item\":\"https:\/\/happyvetproject.org\/es\/\"},{\"@type\":\"ListItem\",\"position\":2,\"name\":\"Condiciones de uso\"}]},{\"@type\":\"WebSite\",\"@id\":\"https:\/\/happyvetproject.org\/es\/#website\",\"url\":\"https:\/\/happyvetproject.org\/es\/\",\"name\":\"HappyVetProject\",\"description\":\"Burnout antidotes for vets\",\"publisher\":{\"@id\":\"https:\/\/happyvetproject.org\/es\/#organization\"},\"potentialAction\":[{\"@type\":\"SearchAction\",\"target\":{\"@type\":\"EntryPoint\",\"urlTemplate\":\"https:\/\/happyvetproject.org\/es\/?s={search_term_string}\"},\"query-input\":\"required name=search_term_string\"}],\"inLanguage\":\"es\"},{\"@type\":\"Organization\",\"@id\":\"https:\/\/happyvetproject.org\/es\/#organization\",\"name\":\"HappyVetProject\",\"url\":\"https:\/\/happyvetproject.org\/es\/\",\"logo\":{\"@type\":\"ImageObject\",\"inLanguage\":\"es\",\"@id\":\"https:\/\/happyvetproject.org\/es\/#\/schema\/logo\/image\/\",\"url\":\"https:\/\/happyvetproject.org\/wp-content\/uploads\/2021\/11\/happyvet-logo.png\",\"contentUrl\":\"https:\/\/happyvetproject.org\/wp-content\/uploads\/2021\/11\/happyvet-logo.png\",\"width\":123,\"height\":150,\"caption\":\"HappyVetProject\"},\"image\":{\"@id\":\"https:\/\/happyvetproject.org\/es\/#\/schema\/logo\/image\/\"}}]}<\/script>\n<!-- \/ Yoast SEO plugin. -->","yoast_head_json":{"title":"Condiciones de uso - HappyVetProject","robots":{"index":"index","follow":"follow","max-snippet":"max-snippet:-1","max-image-preview":"max-image-preview:large","max-video-preview":"max-video-preview:-1"},"canonical":"https:\/\/happyvetproject.org\/es\/condiciones-de-uso\/","og_locale":"es_ES","og_type":"article","og_title":"Condiciones de uso - HappyVetProject","og_description":"CONDICIONES DE USO Todos nuestros contenidos se presentan a nuestro leal saber y entender, se revisan de forma minuciosa y son objeto de un continuo esfuerzo de ampliaci\u00f3n y actualizaci\u00f3n por nuestra parte. A pesar de ello, no podemos garantizar que toda la informaci\u00f3n expuesta sea completa, precisa y actualizada. LIVISTO Group GmbH no se&hellip;","og_url":"https:\/\/happyvetproject.org\/es\/condiciones-de-uso\/","og_site_name":"HappyVetProject","article_modified_time":"2023-02-22T11:03:22+00:00","twitter_card":"summary_large_image","twitter_misc":{"Tiempo de lectura":"3 minutos"},"schema":{"@context":"https:\/\/schema.org","@graph":[{"@type":"WebPage","@id":"https:\/\/happyvetproject.org\/es\/condiciones-de-uso\/","url":"https:\/\/happyvetproject.org\/es\/condiciones-de-uso\/","name":"Condiciones de uso - HappyVetProject","isPartOf":{"@id":"https:\/\/happyvetproject.org\/es\/#website"},"datePublished":"2022-01-05T09:18:57+00:00","dateModified":"2023-02-22T11:03:22+00:00","breadcrumb":{"@id":"https:\/\/happyvetproject.org\/es\/condiciones-de-uso\/#breadcrumb"},"inLanguage":"es","potentialAction":[{"@type":"ReadAction","target":["https:\/\/happyvetproject.org\/es\/condiciones-de-uso\/"]}]},{"@type":"BreadcrumbList","@id":"https:\/\/happyvetproject.org\/es\/condiciones-de-uso\/#breadcrumb","itemListElement":[{"@type":"ListItem","position":1,"name":"Home","item":"https:\/\/happyvetproject.org\/es\/"},{"@type":"ListItem","position":2,"name":"Condiciones de uso"}]},{"@type":"WebSite","@id":"https:\/\/happyvetproject.org\/es\/#website","url":"https:\/\/happyvetproject.org\/es\/","name":"HappyVetProject","description":"Burnout antidotes for vets","publisher":{"@id":"https:\/\/happyvetproject.org\/es\/#organization"},"potentialAction":[{"@type":"SearchAction","target":{"@type":"EntryPoint","urlTemplate":"https:\/\/happyvetproject.org\/es\/?s={search_term_string}"},"query-input":"required name=search_term_string"}],"inLanguage":"es"},{"@type":"Organization","@id":"https:\/\/happyvetproject.org\/es\/#organization","name":"HappyVetProject","url":"https:\/\/happyvetproject.org\/es\/","logo":{"@type":"ImageObject","inLanguage":"es","@id":"https:\/\/happyvetproject.org\/es\/#\/schema\/logo\/image\/","url":"https:\/\/happyvetproject.org\/wp-content\/uploads\/2021\/11\/happyvet-logo.png","contentUrl":"https:\/\/happyvetproject.org\/wp-content\/uploads\/2021\/11\/happyvet-logo.png","width":123,"height":150,"caption":"HappyVetProject"},"image":{"@id":"https:\/\/happyvetproject.org\/es\/#\/schema\/logo\/image\/"}}]}},"_links":{"self":[{"href":"https:\/\/happyvetproject.org\/es\/wp-json\/wp\/v2\/pages\/57596"}],"collection":[{"href":"https:\/\/happyvetproject.org\/es\/wp-json\/wp\/v2\/pages"}],"about":[{"href":"https:\/\/happyvetproject.org\/es\/wp-json\/wp\/v2\/types\/page"}],"author":[{"embeddable":true,"href":"https:\/\/happyvetproject.org\/es\/wp-json\/wp\/v2\/users\/6"}],"replies":[{"embeddable":true,"href":"https:\/\/happyvetproject.org\/es\/wp-json\/wp\/v2\/comments?post=57596"}],"version-history":[{"count":0,"href":"https:\/\/happyvetproject.org\/es\/wp-json\/wp\/v2\/pages\/57596\/revisions"}],"wp:attachment":[{"href":"https:\/\/happyvetproject.org\/es\/wp-json\/wp\/v2\/media?parent=57596"}],"curies":[{"name":"wp","href":"https:\/\/api.w.org\/{rel}","templated":true}]}}