{"id":57606,"date":"2022-02-08T10:40:57","date_gmt":"2022-02-08T09:40:57","guid":{"rendered":"https:\/\/happyvetproject.org\/vet-yogi\/yoga-en-la-clinica\/"},"modified":"2023-02-22T11:52:14","modified_gmt":"2023-02-22T10:52:14","slug":"yoga-en-la-clinica","status":"publish","type":"page","link":"https:\/\/happyvetproject.org\/es\/body-vet\/vet-yogi\/yoga-en-la-clinica\/","title":{"rendered":"Yoga en la cl\u00ednica"},"content":{"rendered":"\t\t<div data-elementor-type=\"wp-page\" data-elementor-id=\"57606\" class=\"elementor elementor-57606 elementor-51833\">\n\t\t\t\t\t\t\t\t\t<section class=\"elementor-section elementor-top-section elementor-element elementor-element-1d78df91 category-picto-box elementor-section-boxed elementor-section-height-default elementor-section-height-default\" data-id=\"1d78df91\" data-element_type=\"section\">\n\t\t\t\t\t\t<div class=\"elementor-container elementor-column-gap-default\">\n\t\t\t\t\t<div class=\"elementor-column elementor-col-100 elementor-top-column elementor-element elementor-element-4715ed8a\" data-id=\"4715ed8a\" data-element_type=\"column\">\n\t\t\t<div class=\"elementor-widget-wrap elementor-element-populated\">\n\t\t\t\t\t\t\t\t<div class=\"elementor-element elementor-element-5a053bf8 category-picto elementor-widget elementor-widget-image\" data-id=\"5a053bf8\" data-element_type=\"widget\" data-widget_type=\"image.default\">\n\t\t\t\t<div class=\"elementor-widget-container\">\n\t\t\t<style>\/*! elementor - v3.13.3 - 28-05-2023 *\/\n.elementor-widget-image{text-align:center}.elementor-widget-image a{display:inline-block}.elementor-widget-image a img{width:48px}.elementor-widget-image img{vertical-align:middle;display:inline-block}<\/style>\t\t\t\t\t\t\t\t\t\t\t\t\t<a href=\"https:\/\/happyvetproject.org\/body-vet\/vet-yogi\/\">\n\t\t\t\t\t\t\t<img decoding=\"async\" width=\"92\" height=\"92\" src=\"https:\/\/happyvetproject.org\/wp-content\/uploads\/2022\/04\/happy-vet-project-vet-yogi.png\" class=\"attachment-full size-full wp-image-52388\" alt=\"happy vet project vet yogi\" loading=\"lazy\" \/>\t\t\t\t\t\t\t\t<\/a>\n\t\t\t\t\t\t\t\t\t\t\t\t\t\t\t<\/div>\n\t\t\t\t<\/div>\n\t\t\t\t<div class=\"elementor-element elementor-element-3892bd29 category-picto elementor-widget elementor-widget-image\" data-id=\"3892bd29\" data-element_type=\"widget\" data-widget_type=\"image.default\">\n\t\t\t\t<div class=\"elementor-widget-container\">\n\t\t\t\t\t\t\t\t\t\t\t\t\t\t\t<img decoding=\"async\" src=\"https:\/\/happyvetproject.org\/wp-content\/uploads\/elementor\/thumbs\/icon01-1-q3hpvo06szdg8mpyprapoqffc1goj25g9s89smsryw.png\" title=\"icon01\" alt=\"icon01\" loading=\"lazy\" \/>\t\t\t\t\t\t\t\t\t\t\t\t\t\t\t<\/div>\n\t\t\t\t<\/div>\n\t\t\t\t\t<\/div>\n\t\t<\/div>\n\t\t\t\t\t\t\t<\/div>\n\t\t<\/section>\n\t\t\t\t<section class=\"elementor-section elementor-top-section elementor-element elementor-element-6e77ff0c elementor-section-boxed elementor-section-height-default elementor-section-height-default\" data-id=\"6e77ff0c\" data-element_type=\"section\">\n\t\t\t\t\t\t<div class=\"elementor-container elementor-column-gap-default\">\n\t\t\t\t\t<div class=\"elementor-column elementor-col-100 elementor-top-column elementor-element elementor-element-74b7588\" data-id=\"74b7588\" data-element_type=\"column\">\n\t\t\t<div class=\"elementor-widget-wrap elementor-element-populated\">\n\t\t\t\t\t\t\t\t<div class=\"elementor-element elementor-element-27b1142d elementor-widget elementor-widget-shortcode\" data-id=\"27b1142d\" data-element_type=\"widget\" data-widget_type=\"shortcode.default\">\n\t\t\t\t<div class=\"elementor-widget-container\">\n\t\t\t\t\t<div class=\"elementor-shortcode\"><div class=\"facetwp-template\" data-name=\"clinics_yoga\"><div class=\"fwpl-layout el-2dtxsr\"><div class=\"fwpl-result r1\"><div class=\"fwpl-row el-fh2opx\"><div class=\"fwpl-col fwpl-col el-z6z46o\"><div class=\"fwpl-item el-vzu7su item-image\"><a href=\"https:\/\/happyvetproject.org\/es\/yoga-para-vetes\/alivio-de-la-presion\/\"><img width=\"392\" height=\"256\" src=\"https:\/\/happyvetproject.org\/wp-content\/uploads\/2022\/03\/happy-vet-yogi-pression-release-1.jpg\" class=\"attachment-medium_large size-medium_large wp-post-image\" alt=\"\" decoding=\"async\" loading=\"lazy\" srcset=\"https:\/\/happyvetproject.org\/wp-content\/uploads\/2022\/03\/happy-vet-yogi-pression-release-1.jpg 392w, https:\/\/happyvetproject.org\/wp-content\/uploads\/2022\/03\/happy-vet-yogi-pression-release-1-300x196.jpg 300w\" sizes=\"(max-width: 392px) 100vw, 392px\" \/><\/a><\/div><div class=\"fwpl-item el-9tknsu item-duration\">9 min<\/div><div class=\"fwpl-item el-ht8iv item-title title-uppsercase\"><a href=\"https:\/\/happyvetproject.org\/es\/yoga-para-vetes\/alivio-de-la-presion\/\">Alivio de la presi\u00f3n<\/a><\/div><div class=\"fwpl-item el-pfeppr item-degree is-empty\"><\/div><div class=\"fwpl-item el-rd7s6 item-excerpt\">Es posible que en nuestro d\u00eda a d\u00eda como profesionales veterinarios, t\u00e9cnicos, gerentes, etc., debamos enfrentarnos a situaciones de conflicto con propietarios de animales, clientes, compa\u00f1eros, empleados o distribuidores. Por si esto fuera poco, si utilizamos las redes sociales como recurso para nuestra profesi\u00f3n estaremos constantemente en el punto de mira. La sensaci\u00f3n continua de conflicto y tensi\u00f3n en el lugar de trabajo representa un problema muy importante y debemos trabajar de forma activa para tratar de sobrellevar el d\u00eda a d\u00eda de la mejor forma posible. Uno de los recursos que puede ayudarnos a reorientar nuestra atenci\u00f3n hacia nosotros es el yoga.<\/div><\/div><\/div><\/div><div class=\"fwpl-result r2\"><div class=\"fwpl-row el-fh2opx\"><div class=\"fwpl-col fwpl-col el-z6z46o\"><div class=\"fwpl-item el-vzu7su item-image\"><a href=\"https:\/\/happyvetproject.org\/es\/yoga-para-vetes\/perdida-y-duelo\/\"><img width=\"392\" height=\"256\" src=\"https:\/\/happyvetproject.org\/wp-content\/uploads\/2022\/03\/happy-vet-yogi-loss-and-grief.jpg\" class=\"attachment-medium_large size-medium_large wp-post-image\" alt=\"\" decoding=\"async\" loading=\"lazy\" srcset=\"https:\/\/happyvetproject.org\/wp-content\/uploads\/2022\/03\/happy-vet-yogi-loss-and-grief.jpg 392w, https:\/\/happyvetproject.org\/wp-content\/uploads\/2022\/03\/happy-vet-yogi-loss-and-grief-300x196.jpg 300w\" sizes=\"(max-width: 392px) 100vw, 392px\" \/><\/a><\/div><div class=\"fwpl-item el-9tknsu item-duration\">11 min<\/div><div class=\"fwpl-item el-ht8iv item-title title-uppsercase\"><a href=\"https:\/\/happyvetproject.org\/es\/yoga-para-vetes\/perdida-y-duelo\/\">P\u00e9rdida y duelo<\/a><\/div><div class=\"fwpl-item el-pfeppr item-degree is-empty\"><\/div><div class=\"fwpl-item el-rd7s6 item-excerpt\">Es posible que en ocasiones debas permitirte sentir cierta vulnerabilidad, especialmente cuando tienes que atravesar un duelo y otras emociones de gran intensidad asociadas a una p\u00e9rdida. Para ello, es necesario tomar conciencia y tener la capacidad de soltar esa sensaci\u00f3n, reconocerla como algo que ya no te pertenece y que representa solamente una experiencia de la que has formado parte. Antes de empezar, te sugerimos que busques un lugar lo m\u00e1s tranquilo posible que disponga de luz natural c\u00e1lida. Tras la p\u00e9rdida de un paciente es muy recomendable que salgas de la cl\u00ednica unos instantes y respires de forma consciente\u2026<\/div><\/div><\/div><\/div><div class=\"fwpl-result r3\"><div class=\"fwpl-row el-fh2opx\"><div class=\"fwpl-col fwpl-col el-z6z46o\"><div class=\"fwpl-item el-vzu7su item-image\"><a href=\"https:\/\/happyvetproject.org\/es\/yoga-para-vetes\/yoga-en-el-quirofano\/\"><img width=\"392\" height=\"256\" src=\"https:\/\/happyvetproject.org\/wp-content\/uploads\/2022\/02\/happy-vet-yogi-surgery-mode.jpg\" class=\"attachment-medium_large size-medium_large wp-post-image\" alt=\"\" decoding=\"async\" loading=\"lazy\" srcset=\"https:\/\/happyvetproject.org\/wp-content\/uploads\/2022\/02\/happy-vet-yogi-surgery-mode.jpg 392w, https:\/\/happyvetproject.org\/wp-content\/uploads\/2022\/02\/happy-vet-yogi-surgery-mode-300x196.jpg 300w\" sizes=\"(max-width: 392px) 100vw, 392px\" \/><\/a><\/div><div class=\"fwpl-item el-9tknsu item-duration\">10 min<\/div><div class=\"fwpl-item el-ht8iv item-title title-uppsercase\"><a href=\"https:\/\/happyvetproject.org\/es\/yoga-para-vetes\/yoga-en-el-quirofano\/\">Yoga en el quir\u00f3fano<\/a><\/div><div class=\"fwpl-item el-pfeppr item-degree is-empty\"><\/div><div class=\"fwpl-item el-rd7s6 item-excerpt\">Ahora que ya vas a lavarte las manos y a quitarte el gorro, puedes empezar a pensar en otras cosas. Bastante has tenido con preocuparte de la camada que has tra\u00eddo al mundo este mediod\u00eda en una ces\u00e1rea de urgencia y que, c\u00f3mo no, surgi\u00f3 de forma repentina tras una larga cirug\u00eda que te llev\u00f3 toda la ma\u00f1ana. La adopci\u00f3n de malas posturas durante periodos de tiempo prolongados, el hecho de cargar con todo el peso de los pacientes anestesiados, la tensi\u00f3n corporal continua, etc., pueden generar sensaci\u00f3n de rigidez y hormigueo en ciertos m\u00fasculos y, a largo plazo, podr\u00edan desencadenar lesiones m\u00e1s severas. Busca un lugar con luz tenue (como la sala de radiograf\u00edas o de ecograf\u00edas, por ejemplo) y cierra los ojos un momento. Si todav\u00eda te sientes con un elevado nivel de agitaci\u00f3n, prueba a hacer primero los ejercicios de la secci\u00f3n \u00abModo consulta\u00bb para relajarte. Es posible que sientas pesadez en el cuerpo, as\u00ed que busca una silla c\u00f3moda y si\u00e9ntate en ella. Tambi\u00e9n puedes disfrutar de unos minutos de aire libre para sentir el sol en la cara unos instantes. Por \u00faltimo, no te olvides de alimentarte correctamente y beber suficiente agua.<\/div><\/div><\/div><\/div><div class=\"fwpl-result r4\"><div class=\"fwpl-row el-fh2opx\"><div class=\"fwpl-col fwpl-col el-z6z46o\"><div class=\"fwpl-item el-vzu7su item-image\"><a href=\"https:\/\/happyvetproject.org\/es\/yoga-para-vetes\/yoga-en-consultas\/\"><img width=\"768\" height=\"414\" src=\"https:\/\/happyvetproject.org\/wp-content\/uploads\/2022\/01\/consultations-mode-play-768x414.jpg\" class=\"attachment-medium_large size-medium_large wp-post-image\" alt=\"\" decoding=\"async\" loading=\"lazy\" srcset=\"https:\/\/happyvetproject.org\/wp-content\/uploads\/2022\/01\/consultations-mode-play-768x414.jpg 768w, https:\/\/happyvetproject.org\/wp-content\/uploads\/2022\/01\/consultations-mode-play-300x162.jpg 300w, https:\/\/happyvetproject.org\/wp-content\/uploads\/2022\/01\/consultations-mode-play-1024x552.jpg 1024w, https:\/\/happyvetproject.org\/wp-content\/uploads\/2022\/01\/consultations-mode-play.jpg 1200w\" sizes=\"(max-width: 768px) 100vw, 768px\" \/><\/a><\/div><div class=\"fwpl-item el-9tknsu item-duration\">7 min<\/div><div class=\"fwpl-item el-ht8iv item-title title-uppsercase\"><a href=\"https:\/\/happyvetproject.org\/es\/yoga-para-vetes\/yoga-en-consultas\/\">Yoga en consultas<\/a><\/div><div class=\"fwpl-item el-pfeppr item-degree is-empty\"><\/div><div class=\"fwpl-item el-rd7s6 item-excerpt\">En esta serie de 6 minutos te ense\u00f1aremos a calmar tu respiraci\u00f3n y a practicar posturas para descomprimir la espalda. Solo te hace falta una silla y\u2026 \u00a1una correa de perro! Te recomendamos que interiorices toda la serie, aunque seguramente tengas que poner en pr\u00e1ctica los ejercicios por separado durante los breves descansos entre consultas. \u00a1Vamos all\u00e1!<\/div><\/div><\/div><\/div><\/div>\n<style>\n.fwpl-layout, .fwpl-row {\n    display: grid;\n}\n.fwpl-layout.el-2dtxsr {\n    grid-template-columns: repeat(3, 1fr);\n    grid-gap: 10px;\n}\n.fwpl-row.el-fh2opx {\n    grid-template-columns: 1fr;\n}\n<\/style>\n<\/div><\/div>\n\t\t\t\t<\/div>\n\t\t\t\t<\/div>\n\t\t\t\t\t<\/div>\n\t\t<\/div>\n\t\t\t\t\t\t\t<\/div>\n\t\t<\/section>\n\t\t\t\t\t\t\t<\/div>\n\t\t","protected":false},"excerpt":{"rendered":"<p>9 minAlivio de la presi\u00f3nEs posible que en nuestro d\u00eda a d\u00eda como profesionales veterinarios, t\u00e9cnicos, gerentes, etc., debamos enfrentarnos a situaciones de conflicto con propietarios de animales, clientes, compa\u00f1eros, empleados o distribuidores. Por si esto fuera poco, si utilizamos las redes sociales como recurso para nuestra profesi\u00f3n estaremos constantemente en el punto de mira.&hellip;<\/p>\n","protected":false},"author":6,"featured_media":0,"parent":57600,"menu_order":0,"comment_status":"closed","ping_status":"closed","template":"","meta":{"inline_featured_image":false},"acf":[],"yoast_head":"<!-- This site is optimized with the Yoast SEO plugin v20.11 - https:\/\/yoast.com\/wordpress\/plugins\/seo\/ -->\n<title>Yoga en la cl\u00ednica - HappyVetProject<\/title>\n<meta name=\"robots\" content=\"index, follow, max-snippet:-1, max-image-preview:large, max-video-preview:-1\" \/>\n<link rel=\"canonical\" href=\"https:\/\/happyvetproject.org\/es\/body-vet\/vet-yogi\/yoga-en-la-clinica\/\" \/>\n<meta property=\"og:locale\" content=\"es_ES\" \/>\n<meta property=\"og:type\" content=\"article\" \/>\n<meta property=\"og:title\" content=\"Yoga en la cl\u00ednica - HappyVetProject\" \/>\n<meta property=\"og:url\" content=\"https:\/\/happyvetproject.org\/es\/body-vet\/vet-yogi\/yoga-en-la-clinica\/\" \/>\n<meta property=\"og:site_name\" content=\"HappyVetProject\" \/>\n<meta property=\"article:modified_time\" content=\"2023-02-22T10:52:14+00:00\" \/>\n<meta property=\"og:image\" content=\"https:\/\/happyvetproject.org\/wp-content\/uploads\/2022\/04\/happy-vet-project-vet-yogi.png\" \/>\n<meta name=\"twitter:card\" content=\"summary_large_image\" \/>\n<meta name=\"twitter:label1\" content=\"Tiempo de lectura\" \/>\n\t<meta name=\"twitter:data1\" content=\"1 minuto\" \/>\n<script type=\"application\/ld+json\" class=\"yoast-schema-graph\">{\"@context\":\"https:\/\/schema.org\",\"@graph\":[{\"@type\":\"WebPage\",\"@id\":\"https:\/\/happyvetproject.org\/es\/body-vet\/vet-yogi\/yoga-en-la-clinica\/\",\"url\":\"https:\/\/happyvetproject.org\/es\/body-vet\/vet-yogi\/yoga-en-la-clinica\/\",\"name\":\"Yoga en la cl\u00ednica - HappyVetProject\",\"isPartOf\":{\"@id\":\"https:\/\/happyvetproject.org\/es\/#website\"},\"datePublished\":\"2022-02-08T09:40:57+00:00\",\"dateModified\":\"2023-02-22T10:52:14+00:00\",\"breadcrumb\":{\"@id\":\"https:\/\/happyvetproject.org\/es\/body-vet\/vet-yogi\/yoga-en-la-clinica\/#breadcrumb\"},\"inLanguage\":\"es\",\"potentialAction\":[{\"@type\":\"ReadAction\",\"target\":[\"https:\/\/happyvetproject.org\/es\/body-vet\/vet-yogi\/yoga-en-la-clinica\/\"]}]},{\"@type\":\"BreadcrumbList\",\"@id\":\"https:\/\/happyvetproject.org\/es\/body-vet\/vet-yogi\/yoga-en-la-clinica\/#breadcrumb\",\"itemListElement\":[{\"@type\":\"ListItem\",\"position\":1,\"name\":\"Home\",\"item\":\"https:\/\/happyvetproject.org\/es\/\"},{\"@type\":\"ListItem\",\"position\":2,\"name\":\"BODY VET\",\"item\":\"https:\/\/happyvetproject.org\/es\/body-vet\/\"},{\"@type\":\"ListItem\",\"position\":3,\"name\":\"VET YOGI\",\"item\":\"https:\/\/happyvetproject.org\/es\/body-vet\/vet-yogi\/\"},{\"@type\":\"ListItem\",\"position\":4,\"name\":\"Yoga en la cl\u00ednica\"}]},{\"@type\":\"WebSite\",\"@id\":\"https:\/\/happyvetproject.org\/es\/#website\",\"url\":\"https:\/\/happyvetproject.org\/es\/\",\"name\":\"HappyVetProject\",\"description\":\"Burnout antidotes for vets\",\"publisher\":{\"@id\":\"https:\/\/happyvetproject.org\/es\/#organization\"},\"potentialAction\":[{\"@type\":\"SearchAction\",\"target\":{\"@type\":\"EntryPoint\",\"urlTemplate\":\"https:\/\/happyvetproject.org\/es\/?s={search_term_string}\"},\"query-input\":\"required name=search_term_string\"}],\"inLanguage\":\"es\"},{\"@type\":\"Organization\",\"@id\":\"https:\/\/happyvetproject.org\/es\/#organization\",\"name\":\"HappyVetProject\",\"url\":\"https:\/\/happyvetproject.org\/es\/\",\"logo\":{\"@type\":\"ImageObject\",\"inLanguage\":\"es\",\"@id\":\"https:\/\/happyvetproject.org\/es\/#\/schema\/logo\/image\/\",\"url\":\"https:\/\/happyvetproject.org\/wp-content\/uploads\/2021\/11\/happyvet-logo.png\",\"contentUrl\":\"https:\/\/happyvetproject.org\/wp-content\/uploads\/2021\/11\/happyvet-logo.png\",\"width\":123,\"height\":150,\"caption\":\"HappyVetProject\"},\"image\":{\"@id\":\"https:\/\/happyvetproject.org\/es\/#\/schema\/logo\/image\/\"}}]}<\/script>\n<!-- \/ Yoast SEO plugin. -->","yoast_head_json":{"title":"Yoga en la cl\u00ednica - HappyVetProject","robots":{"index":"index","follow":"follow","max-snippet":"max-snippet:-1","max-image-preview":"max-image-preview:large","max-video-preview":"max-video-preview:-1"},"canonical":"https:\/\/happyvetproject.org\/es\/body-vet\/vet-yogi\/yoga-en-la-clinica\/","og_locale":"es_ES","og_type":"article","og_title":"Yoga en la cl\u00ednica - HappyVetProject","og_url":"https:\/\/happyvetproject.org\/es\/body-vet\/vet-yogi\/yoga-en-la-clinica\/","og_site_name":"HappyVetProject","article_modified_time":"2023-02-22T10:52:14+00:00","og_image":[{"url":"https:\/\/happyvetproject.org\/wp-content\/uploads\/2022\/04\/happy-vet-project-vet-yogi.png"}],"twitter_card":"summary_large_image","twitter_misc":{"Tiempo de lectura":"1 minuto"},"schema":{"@context":"https:\/\/schema.org","@graph":[{"@type":"WebPage","@id":"https:\/\/happyvetproject.org\/es\/body-vet\/vet-yogi\/yoga-en-la-clinica\/","url":"https:\/\/happyvetproject.org\/es\/body-vet\/vet-yogi\/yoga-en-la-clinica\/","name":"Yoga en la cl\u00ednica - HappyVetProject","isPartOf":{"@id":"https:\/\/happyvetproject.org\/es\/#website"},"datePublished":"2022-02-08T09:40:57+00:00","dateModified":"2023-02-22T10:52:14+00:00","breadcrumb":{"@id":"https:\/\/happyvetproject.org\/es\/body-vet\/vet-yogi\/yoga-en-la-clinica\/#breadcrumb"},"inLanguage":"es","potentialAction":[{"@type":"ReadAction","target":["https:\/\/happyvetproject.org\/es\/body-vet\/vet-yogi\/yoga-en-la-clinica\/"]}]},{"@type":"BreadcrumbList","@id":"https:\/\/happyvetproject.org\/es\/body-vet\/vet-yogi\/yoga-en-la-clinica\/#breadcrumb","itemListElement":[{"@type":"ListItem","position":1,"name":"Home","item":"https:\/\/happyvetproject.org\/es\/"},{"@type":"ListItem","position":2,"name":"BODY VET","item":"https:\/\/happyvetproject.org\/es\/body-vet\/"},{"@type":"ListItem","position":3,"name":"VET YOGI","item":"https:\/\/happyvetproject.org\/es\/body-vet\/vet-yogi\/"},{"@type":"ListItem","position":4,"name":"Yoga en la cl\u00ednica"}]},{"@type":"WebSite","@id":"https:\/\/happyvetproject.org\/es\/#website","url":"https:\/\/happyvetproject.org\/es\/","name":"HappyVetProject","description":"Burnout antidotes for vets","publisher":{"@id":"https:\/\/happyvetproject.org\/es\/#organization"},"potentialAction":[{"@type":"SearchAction","target":{"@type":"EntryPoint","urlTemplate":"https:\/\/happyvetproject.org\/es\/?s={search_term_string}"},"query-input":"required name=search_term_string"}],"inLanguage":"es"},{"@type":"Organization","@id":"https:\/\/happyvetproject.org\/es\/#organization","name":"HappyVetProject","url":"https:\/\/happyvetproject.org\/es\/","logo":{"@type":"ImageObject","inLanguage":"es","@id":"https:\/\/happyvetproject.org\/es\/#\/schema\/logo\/image\/","url":"https:\/\/happyvetproject.org\/wp-content\/uploads\/2021\/11\/happyvet-logo.png","contentUrl":"https:\/\/happyvetproject.org\/wp-content\/uploads\/2021\/11\/happyvet-logo.png","width":123,"height":150,"caption":"HappyVetProject"},"image":{"@id":"https:\/\/happyvetproject.org\/es\/#\/schema\/logo\/image\/"}}]}},"_links":{"self":[{"href":"https:\/\/happyvetproject.org\/es\/wp-json\/wp\/v2\/pages\/57606"}],"collection":[{"href":"https:\/\/happyvetproject.org\/es\/wp-json\/wp\/v2\/pages"}],"about":[{"href":"https:\/\/happyvetproject.org\/es\/wp-json\/wp\/v2\/types\/page"}],"author":[{"embeddable":true,"href":"https:\/\/happyvetproject.org\/es\/wp-json\/wp\/v2\/users\/6"}],"replies":[{"embeddable":true,"href":"https:\/\/happyvetproject.org\/es\/wp-json\/wp\/v2\/comments?post=57606"}],"version-history":[{"count":0,"href":"https:\/\/happyvetproject.org\/es\/wp-json\/wp\/v2\/pages\/57606\/revisions"}],"up":[{"embeddable":true,"href":"https:\/\/happyvetproject.org\/es\/wp-json\/wp\/v2\/pages\/57600"}],"wp:attachment":[{"href":"https:\/\/happyvetproject.org\/es\/wp-json\/wp\/v2\/media?parent=57606"}],"curies":[{"name":"wp","href":"https:\/\/api.w.org\/{rel}","templated":true}]}}