{"id":57625,"date":"2022-02-08T10:41:21","date_gmt":"2022-02-08T09:41:21","guid":{"rendered":"https:\/\/happyvetproject.org\/vet-yogi\/cuida-tus-hombros\/"},"modified":"2023-02-22T11:51:55","modified_gmt":"2023-02-22T10:51:55","slug":"cuida-tus-hombros","status":"publish","type":"page","link":"https:\/\/happyvetproject.org\/es\/body-vet\/vet-yogi\/cuida-tus-hombros\/","title":{"rendered":"Cuida tus hombros"},"content":{"rendered":"\t\t<div data-elementor-type=\"wp-page\" data-elementor-id=\"57625\" class=\"elementor elementor-57625 elementor-51889\">\n\t\t\t\t\t\t\t\t\t<section class=\"elementor-section elementor-top-section elementor-element elementor-element-2e4f7101 category-picto-box elementor-section-boxed elementor-section-height-default elementor-section-height-default\" data-id=\"2e4f7101\" data-element_type=\"section\">\n\t\t\t\t\t\t<div class=\"elementor-container elementor-column-gap-default\">\n\t\t\t\t\t<div class=\"elementor-column elementor-col-100 elementor-top-column elementor-element elementor-element-4e920595\" data-id=\"4e920595\" data-element_type=\"column\">\n\t\t\t<div class=\"elementor-widget-wrap elementor-element-populated\">\n\t\t\t\t\t\t\t\t<div class=\"elementor-element elementor-element-b15ba3 category-picto elementor-widget elementor-widget-image\" data-id=\"b15ba3\" data-element_type=\"widget\" data-widget_type=\"image.default\">\n\t\t\t\t<div class=\"elementor-widget-container\">\n\t\t\t<style>\/*! elementor - v3.13.3 - 28-05-2023 *\/\n.elementor-widget-image{text-align:center}.elementor-widget-image a{display:inline-block}.elementor-widget-image a img{width:48px}.elementor-widget-image img{vertical-align:middle;display:inline-block}<\/style>\t\t\t\t\t\t\t\t\t\t\t\t\t<a href=\"https:\/\/happyvetproject.org\/body-vet\/vet-yogi\/\">\n\t\t\t\t\t\t\t<img decoding=\"async\" width=\"92\" height=\"92\" src=\"https:\/\/happyvetproject.org\/wp-content\/uploads\/2022\/04\/happy-vet-project-vet-yogi.png\" class=\"attachment-full size-full wp-image-52388\" alt=\"happy vet project vet yogi\" loading=\"lazy\" \/>\t\t\t\t\t\t\t\t<\/a>\n\t\t\t\t\t\t\t\t\t\t\t\t\t\t\t<\/div>\n\t\t\t\t<\/div>\n\t\t\t\t<div class=\"elementor-element elementor-element-3a056898 category-picto elementor-widget elementor-widget-image\" data-id=\"3a056898\" data-element_type=\"widget\" data-widget_type=\"image.default\">\n\t\t\t\t<div class=\"elementor-widget-container\">\n\t\t\t\t\t\t\t\t\t\t\t\t\t\t\t<img decoding=\"async\" src=\"https:\/\/happyvetproject.org\/wp-content\/uploads\/elementor\/thumbs\/happy-vet-project-shoulder-focus-q3hpvoy0zteqk8olk9pc986vxfc1qr96lwvr9wrdso.png\" title=\"happy-vet-project-shoulder-focus\" alt=\"happy-vet-project-shoulder-focus\" loading=\"lazy\" \/>\t\t\t\t\t\t\t\t\t\t\t\t\t\t\t<\/div>\n\t\t\t\t<\/div>\n\t\t\t\t\t<\/div>\n\t\t<\/div>\n\t\t\t\t\t\t\t<\/div>\n\t\t<\/section>\n\t\t\t\t<section class=\"elementor-section elementor-top-section elementor-element elementor-element-323dffc6 elementor-section-boxed elementor-section-height-default elementor-section-height-default\" data-id=\"323dffc6\" data-element_type=\"section\">\n\t\t\t\t\t\t<div class=\"elementor-container elementor-column-gap-default\">\n\t\t\t\t\t<div class=\"elementor-column elementor-col-100 elementor-top-column elementor-element elementor-element-525371df\" data-id=\"525371df\" data-element_type=\"column\">\n\t\t\t<div class=\"elementor-widget-wrap elementor-element-populated\">\n\t\t\t\t\t\t\t\t<div class=\"elementor-element elementor-element-7198a266 elementor-widget elementor-widget-shortcode\" data-id=\"7198a266\" data-element_type=\"widget\" data-widget_type=\"shortcode.default\">\n\t\t\t\t<div class=\"elementor-widget-container\">\n\t\t\t\t\t<div class=\"elementor-shortcode\"><div class=\"facetwp-template\" data-name=\"shoulder_focus\"><div class=\"fwpl-layout el-r4ys0m\"><div class=\"fwpl-result r1\"><div class=\"fwpl-row el-w6djm\"><div class=\"fwpl-col fwpl-col el-6qb3vs\"><div class=\"fwpl-item el-6dsj4e item-image\"><a href=\"https:\/\/happyvetproject.org\/es\/yoga-para-vetes\/cuida-tus-hombros-handstands-progresivos-5-de-6\/\"><img width=\"392\" height=\"256\" src=\"https:\/\/happyvetproject.org\/wp-content\/uploads\/2022\/07\/happy-vet-yogi-shoulder-focus-chair_and_wall_poses_4-6.jpg\" class=\"attachment-medium_large size-medium_large wp-post-image\" alt=\"\" decoding=\"async\" loading=\"lazy\" srcset=\"https:\/\/happyvetproject.org\/wp-content\/uploads\/2022\/07\/happy-vet-yogi-shoulder-focus-chair_and_wall_poses_4-6.jpg 392w, https:\/\/happyvetproject.org\/wp-content\/uploads\/2022\/07\/happy-vet-yogi-shoulder-focus-chair_and_wall_poses_4-6-300x196.jpg 300w\" sizes=\"(max-width: 392px) 100vw, 392px\" \/><\/a><\/div><div class=\"fwpl-item el-bznl8 item-duration\">5 min<\/div><div class=\"fwpl-item el-b0a3u item-title title-uppercase\"><a href=\"https:\/\/happyvetproject.org\/es\/yoga-para-vetes\/cuida-tus-hombros-handstands-progresivos-5-de-6\/\">Cuida tus hombros: Handstands progresivos (5 de 6)<\/a><\/div><div class=\"fwpl-item el-lmgqtv item-degree is-empty\"><\/div><div class=\"fwpl-item el-u6j4g item-excerpt\">Los hombros influyen sobre la cabeza, el cuello, la parte inferior de la espalda y la pelvis, la apertura tor\u00e1cica, la posici\u00f3n de los brazos, la capacidad para doblar y arquear la columna, la presi\u00f3n y el peso soportados por las rodillas y los tobillos e incluso sobre la parte del pie con la que tendemos a pisar primero. Por tanto, podemos afirmar que afectan de forma muy significativa tanto a nuestro equilibrio como a nuestra postura corporal. Este es el primer v\u00eddeo de una serie de seis.<\/div><\/div><\/div><\/div><div class=\"fwpl-result r2\"><div class=\"fwpl-row el-w6djm\"><div class=\"fwpl-col fwpl-col el-6qb3vs\"><div class=\"fwpl-item el-6dsj4e item-image\"><a href=\"https:\/\/happyvetproject.org\/es\/yoga-para-vetes\/cuida-tus-hombros-posturas-en-silla-y-pared-4-de-6\/\"><img width=\"392\" height=\"256\" src=\"https:\/\/happyvetproject.org\/wp-content\/uploads\/2022\/07\/happy-vet-yogi-shoulder-focus-chair_and_wall_poses_4-6.jpg\" class=\"attachment-medium_large size-medium_large wp-post-image\" alt=\"\" decoding=\"async\" loading=\"lazy\" srcset=\"https:\/\/happyvetproject.org\/wp-content\/uploads\/2022\/07\/happy-vet-yogi-shoulder-focus-chair_and_wall_poses_4-6.jpg 392w, https:\/\/happyvetproject.org\/wp-content\/uploads\/2022\/07\/happy-vet-yogi-shoulder-focus-chair_and_wall_poses_4-6-300x196.jpg 300w\" sizes=\"(max-width: 392px) 100vw, 392px\" \/><\/a><\/div><div class=\"fwpl-item el-bznl8 item-duration\">5 min<\/div><div class=\"fwpl-item el-b0a3u item-title title-uppercase\"><a href=\"https:\/\/happyvetproject.org\/es\/yoga-para-vetes\/cuida-tus-hombros-posturas-en-silla-y-pared-4-de-6\/\">Cuida tus hombros: Posturas en silla y pared (4 de 6)<\/a><\/div><div class=\"fwpl-item el-lmgqtv item-degree is-empty\"><\/div><div class=\"fwpl-item el-u6j4g item-excerpt\">Los hombros influyen sobre la cabeza, el cuello, la parte inferior de la espalda y la pelvis, la apertura tor\u00e1cica, la posici\u00f3n de los brazos, la capacidad para doblar y arquear la columna, la presi\u00f3n y el peso soportados por las rodillas y los tobillos e incluso sobre la parte del pie con la que tendemos a pisar primero. Por tanto, podemos afirmar que afectan de forma muy significativa tanto a nuestro equilibrio como a nuestra postura corporal. Este es el primer v\u00eddeo de una serie de seis.<\/div><\/div><\/div><\/div><div class=\"fwpl-result r3\"><div class=\"fwpl-row el-w6djm\"><div class=\"fwpl-col fwpl-col el-6qb3vs\"><div class=\"fwpl-item el-6dsj4e item-image\"><a href=\"https:\/\/happyvetproject.org\/es\/yoga-para-vetes\/cuida-tus-hombros-posturas-con-cuerdas-y-bloques-3-de-6\/\"><img width=\"392\" height=\"256\" src=\"https:\/\/happyvetproject.org\/wp-content\/uploads\/2022\/05\/happy-vet-yogi-vet-yogi-shoulder-focus-3-of-6-rope-and-block-poses.jpg\" class=\"attachment-medium_large size-medium_large wp-post-image\" alt=\"\" decoding=\"async\" loading=\"lazy\" srcset=\"https:\/\/happyvetproject.org\/wp-content\/uploads\/2022\/05\/happy-vet-yogi-vet-yogi-shoulder-focus-3-of-6-rope-and-block-poses.jpg 392w, https:\/\/happyvetproject.org\/wp-content\/uploads\/2022\/05\/happy-vet-yogi-vet-yogi-shoulder-focus-3-of-6-rope-and-block-poses-300x196.jpg 300w\" sizes=\"(max-width: 392px) 100vw, 392px\" \/><\/a><\/div><div class=\"fwpl-item el-bznl8 item-duration\">6 min<\/div><div class=\"fwpl-item el-b0a3u item-title title-uppercase\"><a href=\"https:\/\/happyvetproject.org\/es\/yoga-para-vetes\/cuida-tus-hombros-posturas-con-cuerdas-y-bloques-3-de-6\/\">Cuida tus hombros: Posturas con cuerdas y bloques (3 de 6)<\/a><\/div><div class=\"fwpl-item el-lmgqtv item-degree is-empty\"><\/div><div class=\"fwpl-item el-u6j4g item-excerpt\">Los hombros influyen sobre la cabeza, el cuello, la parte inferior de la espalda y la pelvis, la apertura tor\u00e1cica, la posici\u00f3n de los brazos, la capacidad para doblar y arquear la columna, la presi\u00f3n y el peso soportados por las rodillas y los tobillos e incluso sobre la parte del pie con la que tendemos a pisar primero. Por tanto, podemos afirmar que afectan de forma muy significativa tanto a nuestro equilibrio como a nuestra postura corporal. Este es el primer v\u00eddeo de una serie de seis.<\/div><\/div><\/div><\/div><div class=\"fwpl-result r4\"><div class=\"fwpl-row el-w6djm\"><div class=\"fwpl-col fwpl-col el-6qb3vs\"><div class=\"fwpl-item el-6dsj4e item-image\"><a href=\"https:\/\/happyvetproject.org\/es\/yoga-para-vetes\/cuida-tus-hombros-posturas-iniciales-2-de-6\/\"><img width=\"392\" height=\"256\" src=\"https:\/\/happyvetproject.org\/wp-content\/uploads\/2022\/02\/happy-vet-yogi-shoulder-focus-initial-poses-2-of-6.jpg\" class=\"attachment-medium_large size-medium_large wp-post-image\" alt=\"\" decoding=\"async\" loading=\"lazy\" srcset=\"https:\/\/happyvetproject.org\/wp-content\/uploads\/2022\/02\/happy-vet-yogi-shoulder-focus-initial-poses-2-of-6.jpg 392w, https:\/\/happyvetproject.org\/wp-content\/uploads\/2022\/02\/happy-vet-yogi-shoulder-focus-initial-poses-2-of-6-300x196.jpg 300w\" sizes=\"(max-width: 392px) 100vw, 392px\" \/><\/a><\/div><div class=\"fwpl-item el-bznl8 item-duration\">8 min<\/div><div class=\"fwpl-item el-b0a3u item-title title-uppercase\"><a href=\"https:\/\/happyvetproject.org\/es\/yoga-para-vetes\/cuida-tus-hombros-posturas-iniciales-2-de-6\/\">Cuida tus hombros: posturas iniciales (2 de 6)<\/a><\/div><div class=\"fwpl-item el-lmgqtv item-degree is-empty\"><\/div><div class=\"fwpl-item el-u6j4g item-excerpt\">Los hombros influyen sobre la cabeza, el cuello, la parte inferior de la espalda y la pelvis, la apertura tor\u00e1cica, la posici\u00f3n de los brazos, la capacidad para doblar y arquear la columna, la presi\u00f3n y el peso soportados por las rodillas y los tobillos e incluso sobre la parte del pie con la que tendemos a pisar primero. Por tanto, podemos afirmar que afectan de forma muy significativa tanto a nuestro equilibrio como a nuestra postura corporal.  Este es el segundo v\u00eddeo de una serie de seis.<\/div><\/div><\/div><\/div><div class=\"fwpl-result r5\"><div class=\"fwpl-row el-w6djm\"><div class=\"fwpl-col fwpl-col el-6qb3vs\"><div class=\"fwpl-item el-6dsj4e item-image\"><a href=\"https:\/\/happyvetproject.org\/es\/yoga-para-vetes\/cuida-tus-hombros-calentamiento-y-colocacion-de-los-hombros-1-de-6\/\"><img width=\"392\" height=\"256\" src=\"https:\/\/happyvetproject.org\/wp-content\/uploads\/2022\/02\/happy-vet-yogi-shoulder-focus-warm-up-and-shoulder-placement-1-of-6.jpg\" class=\"attachment-medium_large size-medium_large wp-post-image\" alt=\"\" decoding=\"async\" loading=\"lazy\" srcset=\"https:\/\/happyvetproject.org\/wp-content\/uploads\/2022\/02\/happy-vet-yogi-shoulder-focus-warm-up-and-shoulder-placement-1-of-6.jpg 392w, https:\/\/happyvetproject.org\/wp-content\/uploads\/2022\/02\/happy-vet-yogi-shoulder-focus-warm-up-and-shoulder-placement-1-of-6-300x196.jpg 300w\" sizes=\"(max-width: 392px) 100vw, 392px\" \/><\/a><\/div><div class=\"fwpl-item el-bznl8 item-duration\">4 min<\/div><div class=\"fwpl-item el-b0a3u item-title title-uppercase\"><a href=\"https:\/\/happyvetproject.org\/es\/yoga-para-vetes\/cuida-tus-hombros-calentamiento-y-colocacion-de-los-hombros-1-de-6\/\">Cuida tus hombros: calentamiento y colocaci\u00f3n de los hombros (1 de 6)<\/a><\/div><div class=\"fwpl-item el-lmgqtv item-degree is-empty\"><\/div><div class=\"fwpl-item el-u6j4g item-excerpt\">Los hombros influyen sobre la cabeza, el cuello, la parte inferior de la espalda y la pelvis, la apertura tor\u00e1cica, la posici\u00f3n de los brazos, la capacidad para doblar y arquear la columna, la presi\u00f3n y el peso soportados por las rodillas y los tobillos e incluso sobre la parte del pie con la que tendemos a pisar primero. Por tanto, podemos afirmar que afectan de forma muy significativa tanto a nuestro equilibrio como a nuestra postura corporal. Este es el primer v\u00eddeo de una serie de seis.<\/div><\/div><\/div><\/div><\/div>\n<style>\n.fwpl-layout, .fwpl-row {\n    display: grid;\n}\n.fwpl-layout.el-r4ys0m {\n    grid-template-columns: repeat(3, 1fr);\n    grid-gap: 10px;\n}\n.fwpl-row.el-w6djm {\n    grid-template-columns: 1fr;\n}\n<\/style>\n<\/div><\/div>\n\t\t\t\t<\/div>\n\t\t\t\t<\/div>\n\t\t\t\t\t<\/div>\n\t\t<\/div>\n\t\t\t\t\t\t\t<\/div>\n\t\t<\/section>\n\t\t\t\t\t\t\t<\/div>\n\t\t","protected":false},"excerpt":{"rendered":"<p>5 minCuida tus hombros: Handstands progresivos (5 de 6)Los hombros influyen sobre la cabeza, el cuello, la parte inferior de la espalda y la pelvis, la apertura tor\u00e1cica, la posici\u00f3n de los brazos, la capacidad para doblar y arquear la columna, la presi\u00f3n y el peso soportados por las rodillas y los tobillos e incluso&hellip;<\/p>\n","protected":false},"author":6,"featured_media":0,"parent":57600,"menu_order":0,"comment_status":"closed","ping_status":"closed","template":"","meta":{"inline_featured_image":false},"acf":[],"yoast_head":"<!-- This site is optimized with the Yoast SEO plugin v20.11 - https:\/\/yoast.com\/wordpress\/plugins\/seo\/ -->\n<title>Cuida tus hombros - HappyVetProject<\/title>\n<meta name=\"robots\" content=\"index, follow, max-snippet:-1, max-image-preview:large, max-video-preview:-1\" \/>\n<link rel=\"canonical\" href=\"https:\/\/happyvetproject.org\/es\/body-vet\/vet-yogi\/cuida-tus-hombros\/\" \/>\n<meta property=\"og:locale\" content=\"es_ES\" \/>\n<meta property=\"og:type\" content=\"article\" \/>\n<meta property=\"og:title\" content=\"Cuida tus hombros - HappyVetProject\" \/>\n<meta property=\"og:url\" content=\"https:\/\/happyvetproject.org\/es\/body-vet\/vet-yogi\/cuida-tus-hombros\/\" \/>\n<meta property=\"og:site_name\" content=\"HappyVetProject\" \/>\n<meta property=\"article:modified_time\" content=\"2023-02-22T10:51:55+00:00\" \/>\n<meta property=\"og:image\" content=\"https:\/\/happyvetproject.org\/wp-content\/uploads\/2022\/04\/happy-vet-project-vet-yogi.png\" \/>\n<meta name=\"twitter:card\" content=\"summary_large_image\" \/>\n<meta name=\"twitter:label1\" content=\"Tiempo de lectura\" \/>\n\t<meta name=\"twitter:data1\" content=\"1 minuto\" \/>\n<script type=\"application\/ld+json\" class=\"yoast-schema-graph\">{\"@context\":\"https:\/\/schema.org\",\"@graph\":[{\"@type\":\"WebPage\",\"@id\":\"https:\/\/happyvetproject.org\/es\/body-vet\/vet-yogi\/cuida-tus-hombros\/\",\"url\":\"https:\/\/happyvetproject.org\/es\/body-vet\/vet-yogi\/cuida-tus-hombros\/\",\"name\":\"Cuida tus hombros - HappyVetProject\",\"isPartOf\":{\"@id\":\"https:\/\/happyvetproject.org\/es\/#website\"},\"datePublished\":\"2022-02-08T09:41:21+00:00\",\"dateModified\":\"2023-02-22T10:51:55+00:00\",\"breadcrumb\":{\"@id\":\"https:\/\/happyvetproject.org\/es\/body-vet\/vet-yogi\/cuida-tus-hombros\/#breadcrumb\"},\"inLanguage\":\"es\",\"potentialAction\":[{\"@type\":\"ReadAction\",\"target\":[\"https:\/\/happyvetproject.org\/es\/body-vet\/vet-yogi\/cuida-tus-hombros\/\"]}]},{\"@type\":\"BreadcrumbList\",\"@id\":\"https:\/\/happyvetproject.org\/es\/body-vet\/vet-yogi\/cuida-tus-hombros\/#breadcrumb\",\"itemListElement\":[{\"@type\":\"ListItem\",\"position\":1,\"name\":\"Home\",\"item\":\"https:\/\/happyvetproject.org\/es\/\"},{\"@type\":\"ListItem\",\"position\":2,\"name\":\"BODY VET\",\"item\":\"https:\/\/happyvetproject.org\/es\/body-vet\/\"},{\"@type\":\"ListItem\",\"position\":3,\"name\":\"VET YOGI\",\"item\":\"https:\/\/happyvetproject.org\/es\/body-vet\/vet-yogi\/\"},{\"@type\":\"ListItem\",\"position\":4,\"name\":\"Cuida tus hombros\"}]},{\"@type\":\"WebSite\",\"@id\":\"https:\/\/happyvetproject.org\/es\/#website\",\"url\":\"https:\/\/happyvetproject.org\/es\/\",\"name\":\"HappyVetProject\",\"description\":\"Burnout antidotes for vets\",\"publisher\":{\"@id\":\"https:\/\/happyvetproject.org\/es\/#organization\"},\"potentialAction\":[{\"@type\":\"SearchAction\",\"target\":{\"@type\":\"EntryPoint\",\"urlTemplate\":\"https:\/\/happyvetproject.org\/es\/?s={search_term_string}\"},\"query-input\":\"required name=search_term_string\"}],\"inLanguage\":\"es\"},{\"@type\":\"Organization\",\"@id\":\"https:\/\/happyvetproject.org\/es\/#organization\",\"name\":\"HappyVetProject\",\"url\":\"https:\/\/happyvetproject.org\/es\/\",\"logo\":{\"@type\":\"ImageObject\",\"inLanguage\":\"es\",\"@id\":\"https:\/\/happyvetproject.org\/es\/#\/schema\/logo\/image\/\",\"url\":\"https:\/\/happyvetproject.org\/wp-content\/uploads\/2021\/11\/happyvet-logo.png\",\"contentUrl\":\"https:\/\/happyvetproject.org\/wp-content\/uploads\/2021\/11\/happyvet-logo.png\",\"width\":123,\"height\":150,\"caption\":\"HappyVetProject\"},\"image\":{\"@id\":\"https:\/\/happyvetproject.org\/es\/#\/schema\/logo\/image\/\"}}]}<\/script>\n<!-- \/ Yoast SEO plugin. -->","yoast_head_json":{"title":"Cuida tus hombros - HappyVetProject","robots":{"index":"index","follow":"follow","max-snippet":"max-snippet:-1","max-image-preview":"max-image-preview:large","max-video-preview":"max-video-preview:-1"},"canonical":"https:\/\/happyvetproject.org\/es\/body-vet\/vet-yogi\/cuida-tus-hombros\/","og_locale":"es_ES","og_type":"article","og_title":"Cuida tus hombros - HappyVetProject","og_url":"https:\/\/happyvetproject.org\/es\/body-vet\/vet-yogi\/cuida-tus-hombros\/","og_site_name":"HappyVetProject","article_modified_time":"2023-02-22T10:51:55+00:00","og_image":[{"url":"https:\/\/happyvetproject.org\/wp-content\/uploads\/2022\/04\/happy-vet-project-vet-yogi.png"}],"twitter_card":"summary_large_image","twitter_misc":{"Tiempo de lectura":"1 minuto"},"schema":{"@context":"https:\/\/schema.org","@graph":[{"@type":"WebPage","@id":"https:\/\/happyvetproject.org\/es\/body-vet\/vet-yogi\/cuida-tus-hombros\/","url":"https:\/\/happyvetproject.org\/es\/body-vet\/vet-yogi\/cuida-tus-hombros\/","name":"Cuida tus hombros - HappyVetProject","isPartOf":{"@id":"https:\/\/happyvetproject.org\/es\/#website"},"datePublished":"2022-02-08T09:41:21+00:00","dateModified":"2023-02-22T10:51:55+00:00","breadcrumb":{"@id":"https:\/\/happyvetproject.org\/es\/body-vet\/vet-yogi\/cuida-tus-hombros\/#breadcrumb"},"inLanguage":"es","potentialAction":[{"@type":"ReadAction","target":["https:\/\/happyvetproject.org\/es\/body-vet\/vet-yogi\/cuida-tus-hombros\/"]}]},{"@type":"BreadcrumbList","@id":"https:\/\/happyvetproject.org\/es\/body-vet\/vet-yogi\/cuida-tus-hombros\/#breadcrumb","itemListElement":[{"@type":"ListItem","position":1,"name":"Home","item":"https:\/\/happyvetproject.org\/es\/"},{"@type":"ListItem","position":2,"name":"BODY VET","item":"https:\/\/happyvetproject.org\/es\/body-vet\/"},{"@type":"ListItem","position":3,"name":"VET YOGI","item":"https:\/\/happyvetproject.org\/es\/body-vet\/vet-yogi\/"},{"@type":"ListItem","position":4,"name":"Cuida tus hombros"}]},{"@type":"WebSite","@id":"https:\/\/happyvetproject.org\/es\/#website","url":"https:\/\/happyvetproject.org\/es\/","name":"HappyVetProject","description":"Burnout antidotes for vets","publisher":{"@id":"https:\/\/happyvetproject.org\/es\/#organization"},"potentialAction":[{"@type":"SearchAction","target":{"@type":"EntryPoint","urlTemplate":"https:\/\/happyvetproject.org\/es\/?s={search_term_string}"},"query-input":"required name=search_term_string"}],"inLanguage":"es"},{"@type":"Organization","@id":"https:\/\/happyvetproject.org\/es\/#organization","name":"HappyVetProject","url":"https:\/\/happyvetproject.org\/es\/","logo":{"@type":"ImageObject","inLanguage":"es","@id":"https:\/\/happyvetproject.org\/es\/#\/schema\/logo\/image\/","url":"https:\/\/happyvetproject.org\/wp-content\/uploads\/2021\/11\/happyvet-logo.png","contentUrl":"https:\/\/happyvetproject.org\/wp-content\/uploads\/2021\/11\/happyvet-logo.png","width":123,"height":150,"caption":"HappyVetProject"},"image":{"@id":"https:\/\/happyvetproject.org\/es\/#\/schema\/logo\/image\/"}}]}},"_links":{"self":[{"href":"https:\/\/happyvetproject.org\/es\/wp-json\/wp\/v2\/pages\/57625"}],"collection":[{"href":"https:\/\/happyvetproject.org\/es\/wp-json\/wp\/v2\/pages"}],"about":[{"href":"https:\/\/happyvetproject.org\/es\/wp-json\/wp\/v2\/types\/page"}],"author":[{"embeddable":true,"href":"https:\/\/happyvetproject.org\/es\/wp-json\/wp\/v2\/users\/6"}],"replies":[{"embeddable":true,"href":"https:\/\/happyvetproject.org\/es\/wp-json\/wp\/v2\/comments?post=57625"}],"version-history":[{"count":0,"href":"https:\/\/happyvetproject.org\/es\/wp-json\/wp\/v2\/pages\/57625\/revisions"}],"up":[{"embeddable":true,"href":"https:\/\/happyvetproject.org\/es\/wp-json\/wp\/v2\/pages\/57600"}],"wp:attachment":[{"href":"https:\/\/happyvetproject.org\/es\/wp-json\/wp\/v2\/media?parent=57625"}],"curies":[{"name":"wp","href":"https:\/\/api.w.org\/{rel}","templated":true}]}}