{"id":56840,"date":"2021-12-01T10:31:33","date_gmt":"2021-12-01T09:31:33","guid":{"rendered":"https:\/\/happyvetproject.org\/politique-en-matiere-de-cookies\/"},"modified":"2023-02-22T12:04:27","modified_gmt":"2023-02-22T11:04:27","slug":"politique-en-matiere-de-cookies","status":"publish","type":"page","link":"https:\/\/happyvetproject.org\/fr\/politique-en-matiere-de-cookies\/","title":{"rendered":"Politique en mati\u00e8re de cookies"},"content":{"rendered":"<h3><strong>Les cookies, c&rsquo;est quoi ?<\/strong><\/h3>\n<p>Les cookies sont de petits fichiers comprenant une quantit\u00e9 de donn\u00e9es qui sont t\u00e9l\u00e9charg\u00e9s et install\u00e9s sur un appareil lors de la navigation sur un site Web. Lors des consultations ult\u00e9rieures du site Web, les cookies sont renvoy\u00e9s au site Web d&rsquo;origine, ou \u00e0 d&rsquo;autres sites Web qui reconnaissent lesdits cookies. Les cookies sont utiles car ils permettent de stocker et de r\u00e9cup\u00e9rer des informations sur le nombre de visiteurs, les habitudes de navigation des utilisateurs et des appareils et, selon les informations qu&rsquo;ils contiennent et la fa\u00e7on dont les utilisateurs utilisent l&rsquo;appareil, ils peuvent \u00e9galement \u00eatre utiles pour reconna\u00eetre les utilisateurs. Retrouvez plus d\u2019informations concernant les cookies sur <a href=\"http:\/\/www.allaboutcookies.org\" target=\"_blank\" rel=\"noopener\">www.allaboutcookies.org<\/a>.<\/p>\n<p>&nbsp;<\/p>\n<h3>Quel type de cookies est utilis\u00e9 sur ce site Web ?<\/h3>\n<p>Le site Web http:\/\/www.livisto.com (le \u00ab&nbsp;site Web&nbsp;\u00bb) utilise le type de cookies suivant :<\/p>\n<ul>\n<li>Selon la dur\u00e9e de la visite\n<ul>\n<li>Cookies de session : ces cookies n&rsquo;existent que pendant la session des utilisateurs qui visitent le site Web. Ils disparaissent de l&rsquo;appareil lorsque les utilisateurs ferment le navigateur ou \u00e9teignent l&rsquo;appareil. Si les utilisateurs ont choisi de s&rsquo;identifier par le biais de n\u2019importe quel m\u00e9canisme activ\u00e9, nous utiliserons des cookies de session contenant des informations crypt\u00e9es pour les diff\u00e9rencier des autres utilisateurs.<\/li>\n<li>Cookies persistants : ces cookies restent stock\u00e9s dans l&rsquo;appareil des utilisateurs apr\u00e8s la fermeture du navigateur ou l\u2019arr\u00eat de l&rsquo;appareil. Ils sont activ\u00e9s chaque fois qu&rsquo;un utilisateur visite le site Web qui a cr\u00e9\u00e9 le cookie en particulier. En visitant le site Web, un identifiant unique est attribu\u00e9 \u00e0 l&rsquo;utilisateur, qui est associ\u00e9 \u00e0 un cookie persistant qui sera t\u00e9l\u00e9charg\u00e9 sur le navigateur de l&rsquo;utilisateur.<\/li>\n<\/ul>\n<\/li>\n<li>En fonction de l&rsquo;entit\u00e9 qui installe les cookies\n<ul>\n<li>Cookies propres : les informations recueillies par ces cookies sont g\u00e9r\u00e9es par LIVISTO afin de fournir le service demand\u00e9 par l&rsquo;utilisateur.<\/li>\n<li>Cookies de tiers : les informations obtenues par le biais de ces cookies sont g\u00e9r\u00e9es par Google, Inc.<\/li>\n<\/ul>\n<\/li>\n<li>En fonction de l&rsquo;objectif de l&rsquo;installation de ces cookies\n<ul>\n<li>Les cookies techniques : ils permettent \u00e0 l&rsquo;utilisateur de naviguer et d&rsquo;utiliser les diff\u00e9rentes options et services offerts sur le site Web, tels que le contr\u00f4le du trafic et la communication des donn\u00e9es, l&rsquo;identification de la session, les demandes d&rsquo;informations, l&rsquo;affichage de vid\u00e9os, l&rsquo;utilisation d&rsquo;\u00e9l\u00e9ments de s\u00e9curit\u00e9 pendant la navigation ou le stockage, la divulgation ou le partage de contenus.<\/li>\n<li>Les cookies analytiques : ils permettent d&rsquo;enregistrer le nombre de visiteurs et de mesurer et faire une analyse statistique de l&rsquo;utilisation et de l&rsquo;activit\u00e9 des utilisateurs, ainsi que de cr\u00e9er des profils de navigation pour introduire des am\u00e9liorations sur le site Web.<\/li>\n<\/ul>\n<\/li>\n<\/ul>\n<p>Vous trouverez ci-apr\u00e8s une br\u00e8ve description des cookies utilis\u00e9s sur le site Web et de leurs objectifs :<\/p>\n<table>\n<tbody>\n<tr>\n<td><strong>ENTIT\u00c9 L\u00c9GALE<\/strong><\/td>\n<td><strong>NOM<\/strong><\/td>\n<td><strong>TYPE<\/strong><\/td>\n<td><strong>OBJECTIF<\/strong><\/td>\n<td><strong>DUR\u00c9E<\/strong><\/td>\n<\/tr>\n<tr>\n<td>Google, Inc.<\/td>\n<td>_Ga<\/td>\n<td>Cookie analytique<\/td>\n<td>Il est utilis\u00e9 pour distinguer les utilisateurs du site Web<\/td>\n<td>2 ans<\/td>\n<\/tr>\n<tr>\n<td>Google, Inc.<\/td>\n<td>_gat<\/td>\n<td>Cookie analytique<\/td>\n<td>Il est utilis\u00e9 pour limiter le taux de demande<\/td>\n<td>10 minutes<\/td>\n<\/tr>\n<tr>\n<td>LIVISTO Group GmbH<\/td>\n<td>PHPSESSID<\/td>\n<td>Cookie technique<\/td>\n<td>Il est utilis\u00e9 pour identifier les utilisateurs du site Web<\/td>\n<td>Session<\/td>\n<\/tr>\n<tr>\n<td>LIVISTO Group GmbH<\/td>\n<td>cookie_message_viewed<\/td>\n<td>Cookie technique<\/td>\n<td>Il est utilis\u00e9 pour identifier l&rsquo;acceptation des cookies<\/td>\n<td>90 jours<\/td>\n<\/tr>\n<\/tbody>\n<\/table>\n<p>&nbsp;<\/p>\n<p>Comme indiqu\u00e9 dans l&rsquo;en-t\u00eate de la page d&rsquo;accueil, nous supposons que les utilisateurs acceptent l&rsquo;installation et l&rsquo;utilisation des cookies mentionn\u00e9s dans cette section s&rsquo;ils continuent \u00e0 naviguer sur le site Web. Si l&rsquo;utilisateur refuse l&rsquo;installation de ces cookies ou si les param\u00e8tres d&rsquo;acceptation des cookies sont d\u00e9sactiv\u00e9s, il accepte que la navigation dans les diff\u00e9rentes sections du site Web soit limit\u00e9e. Nonobstant ce qui pr\u00e9c\u00e8de, en aucun cas le d\u00e9faut d&rsquo;installation d&rsquo;un cookie n&#8217;emp\u00eachera d&rsquo;exercer devant la Fondation les droits l\u00e9galement reconnus.<\/p>\n<p>&nbsp;<\/p>\n<h3 class=\"generic-text-black-medium\">Comment d\u00e9sactiver ou \u00e9liminer les cookies ?<\/h3>\n<p>L&rsquo;utilisateur peut accepter l&rsquo;installation desdits cookies, ainsi que d\u00e9sactiver, bloquer ou supprimer ces cookies \u00e0 tout moment, en utilisant les param\u00e8tres de son navigateur :<\/p>\n<ul>\n<li>Param\u00e8tres des cookies dans Internet Explorer \u2013 http:\/\/windows.microsoft.com\/en-us\/windows7\/block-enable-or-allow-cookies<\/li>\n<li>Param\u00e8tres des cookies dans Firefox \u2013 https:\/\/support.mozilla.org\/en-US\/kb\/enable-and-disable-cookies-website-preferences<\/li>\n<li>Param\u00e8tres des cookies dans Google Chrome \u2013https:\/\/support.google.com\/chrome\/answer\/95647?hl=en<\/li>\n<li>Param\u00e8tres des cookies dans Safari \u2013https:\/\/support.apple.com\/en-gb\/HT201265<\/li>\n<li>Param\u00e8tres des cookies dans Windows Phone -http:\/\/www.windowsphone.com\/en-us\/how-to\/wp7\/web\/changing-privacy-and-other-browser-settings<\/li>\n<\/ul>\n<p>&nbsp;<\/p>\n<h3>Mise \u00e0 jour de la politique de cookies<\/h3>\n<p>LIVISTO se r\u00e9serve le droit de modifier la pr\u00e9sente politique de cookies afin de satisfaire aux exigences l\u00e9gislatives ou afin de l&rsquo;adapter au type de cookies utilis\u00e9s sur ce site Web, en demandant le consentement \u00e9clair\u00e9 des utilisateurs lorsque cela est l\u00e9galement requis.<\/p>\n<p>&nbsp;<\/p>\n<h3>Google Analytics<\/h3>\n<p>Ce site Web utilise Google Analytics, un service d&rsquo;analyse du site fourni par Google Inc. (\u00ab&nbsp;Google&nbsp;\u00bb). Google Analytics utilise des \u00ab&nbsp;cookies&nbsp;\u00bb, qui sont des fichiers texte plac\u00e9s dans votre ordinateur, pour aider le site Web \u00e0 analyser l&rsquo;utilisation du site par ses utilisateurs. Les informations g\u00e9n\u00e9r\u00e9es par les cookies concernant votre utilisation du site (y compris votre adresse IP) seront transmises et stock\u00e9es par Google sur des serveurs situ\u00e9s aux \u00c9tats-Unis. En cas d&rsquo;activation de l&rsquo;anonymisation IP, Google tronquera\/anonymisera le dernier octet de l&rsquo;adresse IP pour les \u00c9tats membres de l&rsquo;Union europ\u00e9enne ainsi que pour les autres parties \u00e0 l&rsquo;accord sur l&rsquo;Espace \u00e9conomique europ\u00e9en. Ce n&rsquo;est que dans des cas exceptionnels que l&rsquo;adresse IP compl\u00e8te est envoy\u00e9e et raccourcie par les serveurs de Google aux \u00c9tats-Unis. Au nom du fournisseur du site Web, Google utilisera ces informations dans le but d&rsquo;\u00e9valuer votre utilisation du site Web, de compiler des rapports sur l&rsquo;activit\u00e9 du site Web pour les op\u00e9rateurs du site Web et de fournir d&rsquo;autres services li\u00e9s \u00e0 l&rsquo;activit\u00e9 du site Web et \u00e0 l&rsquo;utilisation d&rsquo;Internet au fournisseur du site Web. Google n\u2019associera pas votre adresse IP avec toute autre donn\u00e9e d\u00e9tenue par Google. Vous pouvez refuser l&rsquo;utilisation de cookies en s\u00e9lectionnant les param\u00e8tres appropri\u00e9s de votre navigateur. Toutefois, veuillez noter que si vous le faites, vous risquez de ne pas pouvoir utiliser toutes les fonctionnalit\u00e9s de ce site Web. Vous pouvez aussi emp\u00eacher la collecte et l&rsquo;utilisation de donn\u00e9es par Google (cookies et adresse IP) en t\u00e9l\u00e9chargeant et en installant le plug-in de navigateur disponible sous <a href=\"https:\/\/tools.google.com\/dlpage\/gaoptout?hl=en-GB\" target=\"_blank\" rel=\"noopener\">https:\/\/tools.google.com\/dlpage\/gaoptout?hl=en-GB<\/a>.<\/p>\n<p>Vous pouvez refuser l&rsquo;utilisation de Google Analytics en cliquant sur le lien suivant. Un cookie de d\u00e9sactivation sera install\u00e9 sur l&rsquo;ordinateur, ce qui emp\u00eachera la collecte future de vos donn\u00e9es lors de la visite de ce site Web : D\u00e9sactiver Google Analytics<\/p>\n<p>De plus amples informations concernant les conditions d&rsquo;utilisation et la confidentialit\u00e9 des donn\u00e9es sont disponibles \u00e0 l&rsquo;adresse suivante <a href=\"http:\/\/www.google.com\/analytics\/terms\/gb.html\" target=\"_blank\" rel=\"noopener\">http:\/\/www.google.com\/analytics\/terms\/gb.html<\/a> ou sur <a href=\"https:\/\/www.google.de\/intl\/en_uk\/policies\/\" target=\"_blank\" rel=\"noopener\">https:\/\/www.google.de\/intl\/en_uk\/policies\/<\/a>. Veuillez noter que sur ce site, le code de Google Analytics est compl\u00e9t\u00e9 par \u00ab&nbsp;anonymizeIp&nbsp;\u00bb afin de garantir une collecte anonyme des adresses IP (ce que l&rsquo;on appelle le masquage IP).<\/p>\n","protected":false},"excerpt":{"rendered":"<p>Les cookies, c&rsquo;est quoi ? Les cookies sont de petits fichiers comprenant une quantit\u00e9 de donn\u00e9es qui sont t\u00e9l\u00e9charg\u00e9s et install\u00e9s sur un appareil lors de la navigation sur un site Web. Lors des consultations ult\u00e9rieures du site Web, les cookies sont renvoy\u00e9s au site Web d&rsquo;origine, ou \u00e0 d&rsquo;autres sites Web qui reconnaissent lesdits&hellip;<\/p>\n","protected":false},"author":6,"featured_media":0,"parent":0,"menu_order":80,"comment_status":"closed","ping_status":"closed","template":"","meta":{"inline_featured_image":false},"acf":[],"yoast_head":"<!-- This site is optimized with the Yoast SEO plugin v20.11 - https:\/\/yoast.com\/wordpress\/plugins\/seo\/ -->\n<title>Politique en mati\u00e8re de cookies - HappyVetProject<\/title>\n<meta name=\"robots\" content=\"index, follow, max-snippet:-1, max-image-preview:large, max-video-preview:-1\" \/>\n<link rel=\"canonical\" href=\"https:\/\/happyvetproject.org\/fr\/politique-en-matiere-de-cookies\/\" \/>\n<meta property=\"og:locale\" content=\"fr_FR\" \/>\n<meta property=\"og:type\" content=\"article\" \/>\n<meta property=\"og:title\" content=\"Politique en mati\u00e8re de cookies - HappyVetProject\" \/>\n<meta property=\"og:description\" content=\"Les cookies, c&rsquo;est quoi ? Les cookies sont de petits fichiers comprenant une quantit\u00e9 de donn\u00e9es qui sont t\u00e9l\u00e9charg\u00e9s et install\u00e9s sur un appareil lors de la navigation sur un site Web. Lors des consultations ult\u00e9rieures du site Web, les cookies sont renvoy\u00e9s au site Web d&rsquo;origine, ou \u00e0 d&rsquo;autres sites Web qui reconnaissent lesdits&hellip;\" \/>\n<meta property=\"og:url\" content=\"https:\/\/happyvetproject.org\/fr\/politique-en-matiere-de-cookies\/\" \/>\n<meta property=\"og:site_name\" content=\"HappyVetProject\" \/>\n<meta property=\"article:modified_time\" content=\"2023-02-22T11:04:27+00:00\" \/>\n<meta name=\"twitter:card\" content=\"summary_large_image\" \/>\n<meta name=\"twitter:label1\" content=\"Dur\u00e9e de lecture estim\u00e9e\" \/>\n\t<meta name=\"twitter:data1\" content=\"5 minutes\" \/>\n<script type=\"application\/ld+json\" class=\"yoast-schema-graph\">{\"@context\":\"https:\/\/schema.org\",\"@graph\":[{\"@type\":\"WebPage\",\"@id\":\"https:\/\/happyvetproject.org\/fr\/politique-en-matiere-de-cookies\/\",\"url\":\"https:\/\/happyvetproject.org\/fr\/politique-en-matiere-de-cookies\/\",\"name\":\"Politique en mati\u00e8re de cookies - HappyVetProject\",\"isPartOf\":{\"@id\":\"https:\/\/happyvetproject.org\/fr\/#website\"},\"datePublished\":\"2021-12-01T09:31:33+00:00\",\"dateModified\":\"2023-02-22T11:04:27+00:00\",\"breadcrumb\":{\"@id\":\"https:\/\/happyvetproject.org\/fr\/politique-en-matiere-de-cookies\/#breadcrumb\"},\"inLanguage\":\"fr-FR\",\"potentialAction\":[{\"@type\":\"ReadAction\",\"target\":[\"https:\/\/happyvetproject.org\/fr\/politique-en-matiere-de-cookies\/\"]}]},{\"@type\":\"BreadcrumbList\",\"@id\":\"https:\/\/happyvetproject.org\/fr\/politique-en-matiere-de-cookies\/#breadcrumb\",\"itemListElement\":[{\"@type\":\"ListItem\",\"position\":1,\"name\":\"Home\",\"item\":\"https:\/\/happyvetproject.org\/fr\/\"},{\"@type\":\"ListItem\",\"position\":2,\"name\":\"Politique en mati\u00e8re de cookies\"}]},{\"@type\":\"WebSite\",\"@id\":\"https:\/\/happyvetproject.org\/fr\/#website\",\"url\":\"https:\/\/happyvetproject.org\/fr\/\",\"name\":\"HappyVetProject\",\"description\":\"Burnout antidotes for vets\",\"publisher\":{\"@id\":\"https:\/\/happyvetproject.org\/fr\/#organization\"},\"potentialAction\":[{\"@type\":\"SearchAction\",\"target\":{\"@type\":\"EntryPoint\",\"urlTemplate\":\"https:\/\/happyvetproject.org\/fr\/?s={search_term_string}\"},\"query-input\":\"required name=search_term_string\"}],\"inLanguage\":\"fr-FR\"},{\"@type\":\"Organization\",\"@id\":\"https:\/\/happyvetproject.org\/fr\/#organization\",\"name\":\"HappyVetProject\",\"url\":\"https:\/\/happyvetproject.org\/fr\/\",\"logo\":{\"@type\":\"ImageObject\",\"inLanguage\":\"fr-FR\",\"@id\":\"https:\/\/happyvetproject.org\/fr\/#\/schema\/logo\/image\/\",\"url\":\"https:\/\/happyvetproject.org\/wp-content\/uploads\/2021\/11\/happyvet-logo.png\",\"contentUrl\":\"https:\/\/happyvetproject.org\/wp-content\/uploads\/2021\/11\/happyvet-logo.png\",\"width\":123,\"height\":150,\"caption\":\"HappyVetProject\"},\"image\":{\"@id\":\"https:\/\/happyvetproject.org\/fr\/#\/schema\/logo\/image\/\"}}]}<\/script>\n<!-- \/ Yoast SEO plugin. -->","yoast_head_json":{"title":"Politique en mati\u00e8re de cookies - HappyVetProject","robots":{"index":"index","follow":"follow","max-snippet":"max-snippet:-1","max-image-preview":"max-image-preview:large","max-video-preview":"max-video-preview:-1"},"canonical":"https:\/\/happyvetproject.org\/fr\/politique-en-matiere-de-cookies\/","og_locale":"fr_FR","og_type":"article","og_title":"Politique en mati\u00e8re de cookies - HappyVetProject","og_description":"Les cookies, c&rsquo;est quoi ? Les cookies sont de petits fichiers comprenant une quantit\u00e9 de donn\u00e9es qui sont t\u00e9l\u00e9charg\u00e9s et install\u00e9s sur un appareil lors de la navigation sur un site Web. Lors des consultations ult\u00e9rieures du site Web, les cookies sont renvoy\u00e9s au site Web d&rsquo;origine, ou \u00e0 d&rsquo;autres sites Web qui reconnaissent lesdits&hellip;","og_url":"https:\/\/happyvetproject.org\/fr\/politique-en-matiere-de-cookies\/","og_site_name":"HappyVetProject","article_modified_time":"2023-02-22T11:04:27+00:00","twitter_card":"summary_large_image","twitter_misc":{"Dur\u00e9e de lecture estim\u00e9e":"5 minutes"},"schema":{"@context":"https:\/\/schema.org","@graph":[{"@type":"WebPage","@id":"https:\/\/happyvetproject.org\/fr\/politique-en-matiere-de-cookies\/","url":"https:\/\/happyvetproject.org\/fr\/politique-en-matiere-de-cookies\/","name":"Politique en mati\u00e8re de cookies - HappyVetProject","isPartOf":{"@id":"https:\/\/happyvetproject.org\/fr\/#website"},"datePublished":"2021-12-01T09:31:33+00:00","dateModified":"2023-02-22T11:04:27+00:00","breadcrumb":{"@id":"https:\/\/happyvetproject.org\/fr\/politique-en-matiere-de-cookies\/#breadcrumb"},"inLanguage":"fr-FR","potentialAction":[{"@type":"ReadAction","target":["https:\/\/happyvetproject.org\/fr\/politique-en-matiere-de-cookies\/"]}]},{"@type":"BreadcrumbList","@id":"https:\/\/happyvetproject.org\/fr\/politique-en-matiere-de-cookies\/#breadcrumb","itemListElement":[{"@type":"ListItem","position":1,"name":"Home","item":"https:\/\/happyvetproject.org\/fr\/"},{"@type":"ListItem","position":2,"name":"Politique en mati\u00e8re de cookies"}]},{"@type":"WebSite","@id":"https:\/\/happyvetproject.org\/fr\/#website","url":"https:\/\/happyvetproject.org\/fr\/","name":"HappyVetProject","description":"Burnout antidotes for vets","publisher":{"@id":"https:\/\/happyvetproject.org\/fr\/#organization"},"potentialAction":[{"@type":"SearchAction","target":{"@type":"EntryPoint","urlTemplate":"https:\/\/happyvetproject.org\/fr\/?s={search_term_string}"},"query-input":"required name=search_term_string"}],"inLanguage":"fr-FR"},{"@type":"Organization","@id":"https:\/\/happyvetproject.org\/fr\/#organization","name":"HappyVetProject","url":"https:\/\/happyvetproject.org\/fr\/","logo":{"@type":"ImageObject","inLanguage":"fr-FR","@id":"https:\/\/happyvetproject.org\/fr\/#\/schema\/logo\/image\/","url":"https:\/\/happyvetproject.org\/wp-content\/uploads\/2021\/11\/happyvet-logo.png","contentUrl":"https:\/\/happyvetproject.org\/wp-content\/uploads\/2021\/11\/happyvet-logo.png","width":123,"height":150,"caption":"HappyVetProject"},"image":{"@id":"https:\/\/happyvetproject.org\/fr\/#\/schema\/logo\/image\/"}}]}},"_links":{"self":[{"href":"https:\/\/happyvetproject.org\/fr\/wp-json\/wp\/v2\/pages\/56840"}],"collection":[{"href":"https:\/\/happyvetproject.org\/fr\/wp-json\/wp\/v2\/pages"}],"about":[{"href":"https:\/\/happyvetproject.org\/fr\/wp-json\/wp\/v2\/types\/page"}],"author":[{"embeddable":true,"href":"https:\/\/happyvetproject.org\/fr\/wp-json\/wp\/v2\/users\/6"}],"replies":[{"embeddable":true,"href":"https:\/\/happyvetproject.org\/fr\/wp-json\/wp\/v2\/comments?post=56840"}],"version-history":[{"count":0,"href":"https:\/\/happyvetproject.org\/fr\/wp-json\/wp\/v2\/pages\/56840\/revisions"}],"wp:attachment":[{"href":"https:\/\/happyvetproject.org\/fr\/wp-json\/wp\/v2\/media?parent=56840"}],"curies":[{"name":"wp","href":"https:\/\/api.w.org\/{rel}","templated":true}]}}