{"id":56894,"date":"2022-01-05T10:18:57","date_gmt":"2022-01-05T09:18:57","guid":{"rendered":"https:\/\/happyvetproject.org\/conditions-dutilisation\/"},"modified":"2023-02-22T12:04:16","modified_gmt":"2023-02-22T11:04:16","slug":"conditions-dutilisation","status":"publish","type":"page","link":"https:\/\/happyvetproject.org\/fr\/conditions-dutilisation\/","title":{"rendered":"Conditions d&rsquo;utilisation"},"content":{"rendered":"\t\t<div data-elementor-type=\"wp-page\" data-elementor-id=\"56894\" class=\"elementor elementor-56894 elementor-51671\">\n\t\t\t\t\t\t\t\t\t<section class=\"elementor-section elementor-top-section elementor-element elementor-element-72353091 elementor-section-boxed elementor-section-height-default elementor-section-height-default\" data-id=\"72353091\" data-element_type=\"section\">\n\t\t\t\t\t\t<div class=\"elementor-container elementor-column-gap-default\">\n\t\t\t\t\t<div class=\"elementor-column elementor-col-100 elementor-top-column elementor-element elementor-element-53165c2e\" data-id=\"53165c2e\" data-element_type=\"column\">\n\t\t\t<div class=\"elementor-widget-wrap elementor-element-populated\">\n\t\t\t\t\t\t\t\t<div class=\"elementor-element elementor-element-291f882a elementor-widget elementor-widget-text-editor\" data-id=\"291f882a\" data-element_type=\"widget\" data-widget_type=\"text-editor.default\">\n\t\t\t\t<div class=\"elementor-widget-container\">\n\t\t\t<style>\/*! elementor - v3.13.3 - 28-05-2023 *\/\n.elementor-widget-text-editor.elementor-drop-cap-view-stacked .elementor-drop-cap{background-color:#69727d;color:#fff}.elementor-widget-text-editor.elementor-drop-cap-view-framed .elementor-drop-cap{color:#69727d;border:3px solid;background-color:transparent}.elementor-widget-text-editor:not(.elementor-drop-cap-view-default) .elementor-drop-cap{margin-top:8px}.elementor-widget-text-editor:not(.elementor-drop-cap-view-default) .elementor-drop-cap-letter{width:1em;height:1em}.elementor-widget-text-editor .elementor-drop-cap{float:left;text-align:center;line-height:1;font-size:50px}.elementor-widget-text-editor .elementor-drop-cap-letter{display:inline-block}<\/style>\t\t\t\t<h2><span style=\"color: var(--the7-h2-color); letter-spacing: 0.1em; text-transform: var(--the7-h2-text-transform); word-spacing: var(--the7-h2-word-spacing);\">CONDITIONS D\u2019UTILISATION<\/span><\/h2>\n<p><\/p>\n<p>Tout le contenu est soigneusement v\u00e9rifi\u00e9 et compil\u00e9 au mieux de nos connaissances et de nos convictions. Nous nous effor\u00e7ons d&rsquo;\u00e9tendre et d&rsquo;actualiser constamment cette offre d&rsquo;informations. Nous ne pouvons toutefois pas garantir qu&rsquo;elle soit compl\u00e8te, exacte et \u00e0 jour. La soci\u00e9t\u00e9 LIVISTO Group GmbH ne peut \u00eatre tenue responsable des pertes ou des dommages li\u00e9s \u00e0 l&rsquo;utilisation du contenu de nos pages Web. LIVISTO Group GmbH d\u00e9cline toute responsabilit\u00e9 pour les dommages indirects, mat\u00e9riels ou immat\u00e9riels, les dommages cons\u00e9cutifs \u00e0 des d\u00e9fauts ou le manque \u00e0 gagner, caus\u00e9s par l&rsquo;utilisation ou la non-utilisation des informations pr\u00e9sent\u00e9es ou des logiciels qu&rsquo;elles contiennent. Toutes les offres sont sans engagement et non contractuelles. LIVISTO Group GmbH se r\u00e9serve express\u00e9ment le droit de modifier, de compl\u00e9ter ou de supprimer des parties de pages ou l&rsquo;ensemble de l&rsquo;offre, ou encore de cesser temporairement ou d\u00e9finitivement la publication, sans notification s\u00e9par\u00e9e.<\/p>\n<p><\/p>\n<h3 class=\"generic-text-black-medium\">Copyright<\/h3>\n<p><\/p>\n<p>Le contenu du site Web de LIVISTO Group GmbH est prot\u00e9g\u00e9 par le droit d&rsquo;auteur. Tous droits r\u00e9serv\u00e9s. Le droit d&rsquo;auteur pour les objets publi\u00e9s, cr\u00e9\u00e9s par LIVISTO Group GmbH elle-m\u00eame, reste exclusivement la propri\u00e9t\u00e9 de LIVISTO Group GmbH. Toute reproduction ou utilisation de tels graphiques, documents sonores, s\u00e9quences vid\u00e9o et textes dans d&rsquo;autres publications \u00e9lectroniques ou imprim\u00e9es est interdite sans l&rsquo;accord expr\u00e8s de LIVISTO Group GmbH.<\/p>\n<p>Dans toutes les publications, LIVISTO Group GmbH s&rsquo;efforce de respecter les droits d&rsquo;auteur des graphiques, documents audio, s\u00e9quences vid\u00e9o et textes utilis\u00e9s, d&rsquo;utiliser ses propres graphiques, documents audio, s\u00e9quences vid\u00e9o et textes ou d&#8217;employer des graphiques, documents audio, s\u00e9quences vid\u00e9o et textes libres de droits. Toutes les marques de fabrique et marques d\u00e9pos\u00e9es, tous les noms commerciaux et noms g\u00e9n\u00e9riques mentionn\u00e9s dans notre offre Internet et, le cas \u00e9ch\u00e9ant, prot\u00e9g\u00e9s par des tiers, sont enti\u00e8rement soumis aux dispositions du droit des marques et des signes connexes en vigueur et aux droits de propri\u00e9t\u00e9 des propri\u00e9taires enregistr\u00e9s. Le fait que les marques soient simplement mentionn\u00e9es ne doit pas permettre de conclure qu&rsquo;elles ne sont pas prot\u00e9g\u00e9es par des droits de tiers !<\/p>\n<p><\/p>\n<h3 class=\"generic-text-black-medium\">Votre vie priv\u00e9e et la protection de vos donn\u00e9es personnelles<\/h3>\n<p><\/p>\n<p>Votre satisfaction est la priorit\u00e9 de LIVISTO Group GmbH. \u00c0 cet \u00e9gard, nous consid\u00e9rons \u00e9galement qu&rsquo;il est de notre devoir de prot\u00e9ger vos donn\u00e9es personnelles que nous collectons. Nous utilisons les informations que nous recueillons \u00e0 votre sujet uniquement \u00e0 des fins op\u00e9rationnelles, c&rsquo;est-\u00e0-dire principalement pour vous permettre d&rsquo;utiliser nos offres de mani\u00e8re plus pratique et cibl\u00e9e. LIVISTO Group GmbH ne met pas vos donn\u00e9es personnelles \u00e0 la disposition de tiers ext\u00e9rieurs \u00e0 l&rsquo;entreprise pour qu&rsquo;ils les utilisent. Le strict respect de la confidentialit\u00e9 de vos donn\u00e9es est pour nous une \u00e9vidence.<\/p>\n<p><\/p>\n<h3 class=\"generic-text-black-medium\">Validit\u00e9 de cette clause de non-responsabilit\u00e9<\/h3>\n<p><\/p>\n<p>La pr\u00e9sente clause de non-responsabilit\u00e9 doit \u00eatre consid\u00e9r\u00e9e comme faisant partie de l&rsquo;offre Internet \u00e0 partir de laquelle vous avez \u00e9t\u00e9 renvoy\u00e9 \u00e0 cette page. Si des parties de ce texte ou des formulations individuelles de celui-ci ne sont pas, ne sont plus ou ne sont pas enti\u00e8rement conformes \u00e0 la situation juridique applicable, cela n&rsquo;affecte pas le contenu et la validit\u00e9 des autres parties du document.<\/p>\t\t\t\t\t\t<\/div>\n\t\t\t\t<\/div>\n\t\t\t\t\t<\/div>\n\t\t<\/div>\n\t\t\t\t\t\t\t<\/div>\n\t\t<\/section>\n\t\t\t\t\t\t\t<\/div>\n\t\t","protected":false},"excerpt":{"rendered":"<p>CONDITIONS D\u2019UTILISATION Tout le contenu est soigneusement v\u00e9rifi\u00e9 et compil\u00e9 au mieux de nos connaissances et de nos convictions. Nous nous effor\u00e7ons d&rsquo;\u00e9tendre et d&rsquo;actualiser constamment cette offre d&rsquo;informations. Nous ne pouvons toutefois pas garantir qu&rsquo;elle soit compl\u00e8te, exacte et \u00e0 jour. La soci\u00e9t\u00e9 LIVISTO Group GmbH ne peut \u00eatre tenue responsable des pertes ou&hellip;<\/p>\n","protected":false},"author":6,"featured_media":0,"parent":0,"menu_order":80,"comment_status":"closed","ping_status":"closed","template":"","meta":{"inline_featured_image":false},"acf":[],"yoast_head":"<!-- This site is optimized with the Yoast SEO plugin v20.11 - https:\/\/yoast.com\/wordpress\/plugins\/seo\/ -->\n<title>Conditions d&#039;utilisation - HappyVetProject<\/title>\n<meta name=\"robots\" content=\"index, follow, max-snippet:-1, max-image-preview:large, max-video-preview:-1\" \/>\n<link rel=\"canonical\" href=\"https:\/\/happyvetproject.org\/fr\/conditions-dutilisation\/\" \/>\n<meta property=\"og:locale\" content=\"fr_FR\" \/>\n<meta property=\"og:type\" content=\"article\" \/>\n<meta property=\"og:title\" content=\"Conditions d&#039;utilisation - HappyVetProject\" \/>\n<meta property=\"og:description\" content=\"CONDITIONS D\u2019UTILISATION Tout le contenu est soigneusement v\u00e9rifi\u00e9 et compil\u00e9 au mieux de nos connaissances et de nos convictions. Nous nous effor\u00e7ons d&rsquo;\u00e9tendre et d&rsquo;actualiser constamment cette offre d&rsquo;informations. Nous ne pouvons toutefois pas garantir qu&rsquo;elle soit compl\u00e8te, exacte et \u00e0 jour. La soci\u00e9t\u00e9 LIVISTO Group GmbH ne peut \u00eatre tenue responsable des pertes ou&hellip;\" \/>\n<meta property=\"og:url\" content=\"https:\/\/happyvetproject.org\/fr\/conditions-dutilisation\/\" \/>\n<meta property=\"og:site_name\" content=\"HappyVetProject\" \/>\n<meta property=\"article:modified_time\" content=\"2023-02-22T11:04:16+00:00\" \/>\n<meta name=\"twitter:card\" content=\"summary_large_image\" \/>\n<meta name=\"twitter:label1\" content=\"Dur\u00e9e de lecture estim\u00e9e\" \/>\n\t<meta name=\"twitter:data1\" content=\"3 minutes\" \/>\n<script type=\"application\/ld+json\" class=\"yoast-schema-graph\">{\"@context\":\"https:\/\/schema.org\",\"@graph\":[{\"@type\":\"WebPage\",\"@id\":\"https:\/\/happyvetproject.org\/fr\/conditions-dutilisation\/\",\"url\":\"https:\/\/happyvetproject.org\/fr\/conditions-dutilisation\/\",\"name\":\"Conditions d'utilisation - HappyVetProject\",\"isPartOf\":{\"@id\":\"https:\/\/happyvetproject.org\/fr\/#website\"},\"datePublished\":\"2022-01-05T09:18:57+00:00\",\"dateModified\":\"2023-02-22T11:04:16+00:00\",\"breadcrumb\":{\"@id\":\"https:\/\/happyvetproject.org\/fr\/conditions-dutilisation\/#breadcrumb\"},\"inLanguage\":\"fr-FR\",\"potentialAction\":[{\"@type\":\"ReadAction\",\"target\":[\"https:\/\/happyvetproject.org\/fr\/conditions-dutilisation\/\"]}]},{\"@type\":\"BreadcrumbList\",\"@id\":\"https:\/\/happyvetproject.org\/fr\/conditions-dutilisation\/#breadcrumb\",\"itemListElement\":[{\"@type\":\"ListItem\",\"position\":1,\"name\":\"Home\",\"item\":\"https:\/\/happyvetproject.org\/fr\/\"},{\"@type\":\"ListItem\",\"position\":2,\"name\":\"Conditions d&#8217;utilisation\"}]},{\"@type\":\"WebSite\",\"@id\":\"https:\/\/happyvetproject.org\/fr\/#website\",\"url\":\"https:\/\/happyvetproject.org\/fr\/\",\"name\":\"HappyVetProject\",\"description\":\"Burnout antidotes for vets\",\"publisher\":{\"@id\":\"https:\/\/happyvetproject.org\/fr\/#organization\"},\"potentialAction\":[{\"@type\":\"SearchAction\",\"target\":{\"@type\":\"EntryPoint\",\"urlTemplate\":\"https:\/\/happyvetproject.org\/fr\/?s={search_term_string}\"},\"query-input\":\"required name=search_term_string\"}],\"inLanguage\":\"fr-FR\"},{\"@type\":\"Organization\",\"@id\":\"https:\/\/happyvetproject.org\/fr\/#organization\",\"name\":\"HappyVetProject\",\"url\":\"https:\/\/happyvetproject.org\/fr\/\",\"logo\":{\"@type\":\"ImageObject\",\"inLanguage\":\"fr-FR\",\"@id\":\"https:\/\/happyvetproject.org\/fr\/#\/schema\/logo\/image\/\",\"url\":\"https:\/\/happyvetproject.org\/wp-content\/uploads\/2021\/11\/happyvet-logo.png\",\"contentUrl\":\"https:\/\/happyvetproject.org\/wp-content\/uploads\/2021\/11\/happyvet-logo.png\",\"width\":123,\"height\":150,\"caption\":\"HappyVetProject\"},\"image\":{\"@id\":\"https:\/\/happyvetproject.org\/fr\/#\/schema\/logo\/image\/\"}}]}<\/script>\n<!-- \/ Yoast SEO plugin. -->","yoast_head_json":{"title":"Conditions d'utilisation - HappyVetProject","robots":{"index":"index","follow":"follow","max-snippet":"max-snippet:-1","max-image-preview":"max-image-preview:large","max-video-preview":"max-video-preview:-1"},"canonical":"https:\/\/happyvetproject.org\/fr\/conditions-dutilisation\/","og_locale":"fr_FR","og_type":"article","og_title":"Conditions d'utilisation - HappyVetProject","og_description":"CONDITIONS D\u2019UTILISATION Tout le contenu est soigneusement v\u00e9rifi\u00e9 et compil\u00e9 au mieux de nos connaissances et de nos convictions. Nous nous effor\u00e7ons d&rsquo;\u00e9tendre et d&rsquo;actualiser constamment cette offre d&rsquo;informations. Nous ne pouvons toutefois pas garantir qu&rsquo;elle soit compl\u00e8te, exacte et \u00e0 jour. La soci\u00e9t\u00e9 LIVISTO Group GmbH ne peut \u00eatre tenue responsable des pertes ou&hellip;","og_url":"https:\/\/happyvetproject.org\/fr\/conditions-dutilisation\/","og_site_name":"HappyVetProject","article_modified_time":"2023-02-22T11:04:16+00:00","twitter_card":"summary_large_image","twitter_misc":{"Dur\u00e9e de lecture estim\u00e9e":"3 minutes"},"schema":{"@context":"https:\/\/schema.org","@graph":[{"@type":"WebPage","@id":"https:\/\/happyvetproject.org\/fr\/conditions-dutilisation\/","url":"https:\/\/happyvetproject.org\/fr\/conditions-dutilisation\/","name":"Conditions d'utilisation - HappyVetProject","isPartOf":{"@id":"https:\/\/happyvetproject.org\/fr\/#website"},"datePublished":"2022-01-05T09:18:57+00:00","dateModified":"2023-02-22T11:04:16+00:00","breadcrumb":{"@id":"https:\/\/happyvetproject.org\/fr\/conditions-dutilisation\/#breadcrumb"},"inLanguage":"fr-FR","potentialAction":[{"@type":"ReadAction","target":["https:\/\/happyvetproject.org\/fr\/conditions-dutilisation\/"]}]},{"@type":"BreadcrumbList","@id":"https:\/\/happyvetproject.org\/fr\/conditions-dutilisation\/#breadcrumb","itemListElement":[{"@type":"ListItem","position":1,"name":"Home","item":"https:\/\/happyvetproject.org\/fr\/"},{"@type":"ListItem","position":2,"name":"Conditions d&#8217;utilisation"}]},{"@type":"WebSite","@id":"https:\/\/happyvetproject.org\/fr\/#website","url":"https:\/\/happyvetproject.org\/fr\/","name":"HappyVetProject","description":"Burnout antidotes for vets","publisher":{"@id":"https:\/\/happyvetproject.org\/fr\/#organization"},"potentialAction":[{"@type":"SearchAction","target":{"@type":"EntryPoint","urlTemplate":"https:\/\/happyvetproject.org\/fr\/?s={search_term_string}"},"query-input":"required name=search_term_string"}],"inLanguage":"fr-FR"},{"@type":"Organization","@id":"https:\/\/happyvetproject.org\/fr\/#organization","name":"HappyVetProject","url":"https:\/\/happyvetproject.org\/fr\/","logo":{"@type":"ImageObject","inLanguage":"fr-FR","@id":"https:\/\/happyvetproject.org\/fr\/#\/schema\/logo\/image\/","url":"https:\/\/happyvetproject.org\/wp-content\/uploads\/2021\/11\/happyvet-logo.png","contentUrl":"https:\/\/happyvetproject.org\/wp-content\/uploads\/2021\/11\/happyvet-logo.png","width":123,"height":150,"caption":"HappyVetProject"},"image":{"@id":"https:\/\/happyvetproject.org\/fr\/#\/schema\/logo\/image\/"}}]}},"_links":{"self":[{"href":"https:\/\/happyvetproject.org\/fr\/wp-json\/wp\/v2\/pages\/56894"}],"collection":[{"href":"https:\/\/happyvetproject.org\/fr\/wp-json\/wp\/v2\/pages"}],"about":[{"href":"https:\/\/happyvetproject.org\/fr\/wp-json\/wp\/v2\/types\/page"}],"author":[{"embeddable":true,"href":"https:\/\/happyvetproject.org\/fr\/wp-json\/wp\/v2\/users\/6"}],"replies":[{"embeddable":true,"href":"https:\/\/happyvetproject.org\/fr\/wp-json\/wp\/v2\/comments?post=56894"}],"version-history":[{"count":0,"href":"https:\/\/happyvetproject.org\/fr\/wp-json\/wp\/v2\/pages\/56894\/revisions"}],"wp:attachment":[{"href":"https:\/\/happyvetproject.org\/fr\/wp-json\/wp\/v2\/media?parent=56894"}],"curies":[{"name":"wp","href":"https:\/\/api.w.org\/{rel}","templated":true}]}}