{"id":56904,"date":"2022-02-08T10:40:57","date_gmt":"2022-02-08T09:40:57","guid":{"rendered":"https:\/\/happyvetproject.org\/vet-yogi\/cliniques-yoga\/"},"modified":"2023-02-22T11:53:11","modified_gmt":"2023-02-22T10:53:11","slug":"cliniques-yoga","status":"publish","type":"page","link":"https:\/\/happyvetproject.org\/fr\/body-vet\/vet-yogi\/cliniques-yoga\/","title":{"rendered":"Cliniques Yoga"},"content":{"rendered":"\t\t<div data-elementor-type=\"wp-page\" data-elementor-id=\"56904\" class=\"elementor elementor-56904 elementor-51833\">\n\t\t\t\t\t\t\t\t\t<section class=\"elementor-section elementor-top-section elementor-element elementor-element-1d78df91 category-picto-box elementor-section-boxed elementor-section-height-default elementor-section-height-default\" data-id=\"1d78df91\" data-element_type=\"section\">\n\t\t\t\t\t\t<div class=\"elementor-container elementor-column-gap-default\">\n\t\t\t\t\t<div class=\"elementor-column elementor-col-100 elementor-top-column elementor-element elementor-element-4715ed8a\" data-id=\"4715ed8a\" data-element_type=\"column\">\n\t\t\t<div class=\"elementor-widget-wrap elementor-element-populated\">\n\t\t\t\t\t\t\t\t<div class=\"elementor-element elementor-element-5a053bf8 category-picto elementor-widget elementor-widget-image\" data-id=\"5a053bf8\" data-element_type=\"widget\" data-widget_type=\"image.default\">\n\t\t\t\t<div class=\"elementor-widget-container\">\n\t\t\t<style>\/*! elementor - v3.13.3 - 28-05-2023 *\/\n.elementor-widget-image{text-align:center}.elementor-widget-image a{display:inline-block}.elementor-widget-image a img{width:48px}.elementor-widget-image img{vertical-align:middle;display:inline-block}<\/style>\t\t\t\t\t\t\t\t\t\t\t\t\t<a href=\"https:\/\/happyvetproject.org\/body-vet\/vet-yogi\/\">\n\t\t\t\t\t\t\t<img decoding=\"async\" width=\"92\" height=\"92\" src=\"https:\/\/happyvetproject.org\/wp-content\/uploads\/2022\/04\/happy-vet-project-vet-yogi.png\" class=\"attachment-full size-full wp-image-52388\" alt=\"happy vet project vet yogi\" loading=\"lazy\" \/>\t\t\t\t\t\t\t\t<\/a>\n\t\t\t\t\t\t\t\t\t\t\t\t\t\t\t<\/div>\n\t\t\t\t<\/div>\n\t\t\t\t<div class=\"elementor-element elementor-element-3892bd29 category-picto elementor-widget elementor-widget-image\" data-id=\"3892bd29\" data-element_type=\"widget\" data-widget_type=\"image.default\">\n\t\t\t\t<div class=\"elementor-widget-container\">\n\t\t\t\t\t\t\t\t\t\t\t\t\t\t\t<img decoding=\"async\" src=\"https:\/\/happyvetproject.org\/wp-content\/uploads\/elementor\/thumbs\/icon01-1-q3hpvo06szdg8mpyprapoqffc1goj25g9s89smsryw.png\" title=\"icon01\" alt=\"icon01\" loading=\"lazy\" \/>\t\t\t\t\t\t\t\t\t\t\t\t\t\t\t<\/div>\n\t\t\t\t<\/div>\n\t\t\t\t\t<\/div>\n\t\t<\/div>\n\t\t\t\t\t\t\t<\/div>\n\t\t<\/section>\n\t\t\t\t<section class=\"elementor-section elementor-top-section elementor-element elementor-element-6e77ff0c elementor-section-boxed elementor-section-height-default elementor-section-height-default\" data-id=\"6e77ff0c\" data-element_type=\"section\">\n\t\t\t\t\t\t<div class=\"elementor-container elementor-column-gap-default\">\n\t\t\t\t\t<div class=\"elementor-column elementor-col-100 elementor-top-column elementor-element elementor-element-74b7588\" data-id=\"74b7588\" data-element_type=\"column\">\n\t\t\t<div class=\"elementor-widget-wrap elementor-element-populated\">\n\t\t\t\t\t\t\t\t<div class=\"elementor-element elementor-element-27b1142d elementor-widget elementor-widget-shortcode\" data-id=\"27b1142d\" data-element_type=\"widget\" data-widget_type=\"shortcode.default\">\n\t\t\t\t<div class=\"elementor-widget-container\">\n\t\t\t\t\t<div class=\"elementor-shortcode\"><div class=\"facetwp-template\" data-name=\"clinics_yoga\"><div class=\"fwpl-layout el-2dtxsr\"><div class=\"fwpl-result r1\"><div class=\"fwpl-row el-fh2opx\"><div class=\"fwpl-col fwpl-col el-z6z46o\"><div class=\"fwpl-item el-vzu7su item-image\"><a href=\"https:\/\/happyvetproject.org\/fr\/vet-yogi\/relacher-la-pression\/\"><img width=\"392\" height=\"256\" src=\"https:\/\/happyvetproject.org\/wp-content\/uploads\/2022\/03\/happy-vet-yogi-pression-release-1.jpg\" class=\"attachment-medium_large size-medium_large wp-post-image\" alt=\"\" decoding=\"async\" loading=\"lazy\" srcset=\"https:\/\/happyvetproject.org\/wp-content\/uploads\/2022\/03\/happy-vet-yogi-pression-release-1.jpg 392w, https:\/\/happyvetproject.org\/wp-content\/uploads\/2022\/03\/happy-vet-yogi-pression-release-1-300x196.jpg 300w\" sizes=\"(max-width: 392px) 100vw, 392px\" \/><\/a><\/div><div class=\"fwpl-item el-9tknsu item-duration\">9 min.<\/div><div class=\"fwpl-item el-ht8iv item-title title-uppsercase\"><a href=\"https:\/\/happyvetproject.org\/fr\/vet-yogi\/relacher-la-pression\/\">Rel\u00e2cher la pression<\/a><\/div><div class=\"fwpl-item el-pfeppr item-degree is-empty\"><\/div><div class=\"fwpl-item el-rd7s6 item-excerpt\">Dans notre travail quotidien en tant que v\u00e9t\u00e9rinaires, technicien(ne)s v\u00e9t\u00e9rinaires, responsables administratifs... les situations conflictuelles peuvent arriver de diff\u00e9rentes sources : propri\u00e9taires d'animaux, clients, coll\u00e8gues, employ\u00e9s, revendeurs, et en plus... en tant que professionnels, nous sommes aussi pr\u00e9sents sur les r\u00e9seaux sociaux toujours sous le regard constant du public. Se sentir en conflit et en tension constante au travail est une question tout \u00e0 fait importante et vous devriez y travailler activement. En attendant, le yoga peut vous aider \u00e0 vous recentrer.<\/div><\/div><\/div><\/div><div class=\"fwpl-result r2\"><div class=\"fwpl-row el-fh2opx\"><div class=\"fwpl-col fwpl-col el-z6z46o\"><div class=\"fwpl-item el-vzu7su item-image\"><a href=\"https:\/\/happyvetproject.org\/fr\/vet-yogi\/perte-et-chagrin\/\"><img width=\"392\" height=\"256\" src=\"https:\/\/happyvetproject.org\/wp-content\/uploads\/2022\/03\/happy-vet-yogi-loss-and-grief.jpg\" class=\"attachment-medium_large size-medium_large wp-post-image\" alt=\"\" decoding=\"async\" loading=\"lazy\" srcset=\"https:\/\/happyvetproject.org\/wp-content\/uploads\/2022\/03\/happy-vet-yogi-loss-and-grief.jpg 392w, https:\/\/happyvetproject.org\/wp-content\/uploads\/2022\/03\/happy-vet-yogi-loss-and-grief-300x196.jpg 300w\" sizes=\"(max-width: 392px) 100vw, 392px\" \/><\/a><\/div><div class=\"fwpl-item el-9tknsu item-duration\">11 min.<\/div><div class=\"fwpl-item el-ht8iv item-title title-uppsercase\"><a href=\"https:\/\/happyvetproject.org\/fr\/vet-yogi\/perte-et-chagrin\/\">Perte et chagrin<\/a><\/div><div class=\"fwpl-item el-pfeppr item-degree is-empty\"><\/div><div class=\"fwpl-item el-rd7s6 item-excerpt\">Pour faire face \u00e0 une perte et \u00e0 toutes les \u00e9motions qui y sont li\u00e9es, autorisez-vous \u00e0 vous sentir parfois vuln\u00e9rable, en reconnaissant l'\u00e9v\u00e9nement dans son int\u00e9gralit\u00e9, mais en le laissant partir comme quelque chose qui ne vous appartient plus et qui s'est produit en dehors de votre volont\u00e9, comme une exp\u00e9rience \u00e0 laquelle vous avez particip\u00e9. Avant de commencer, nous vous sugg\u00e9rons de choisir un endroit avec une lumi\u00e8re naturelle chaude et aussi calme que possible. Apr\u00e8s chaque exp\u00e9rience de mort d'un patient, essayez de sortir de la clinique pendant quelques instants, en respirant consciemment...<\/div><\/div><\/div><\/div><div class=\"fwpl-result r3\"><div class=\"fwpl-row el-fh2opx\"><div class=\"fwpl-col fwpl-col el-z6z46o\"><div class=\"fwpl-item el-vzu7su item-image\"><a href=\"https:\/\/happyvetproject.org\/fr\/vet-yogi\/mode-chirurgie\/\"><img width=\"392\" height=\"256\" src=\"https:\/\/happyvetproject.org\/wp-content\/uploads\/2022\/02\/happy-vet-yogi-surgery-mode.jpg\" class=\"attachment-medium_large size-medium_large wp-post-image\" alt=\"\" decoding=\"async\" loading=\"lazy\" srcset=\"https:\/\/happyvetproject.org\/wp-content\/uploads\/2022\/02\/happy-vet-yogi-surgery-mode.jpg 392w, https:\/\/happyvetproject.org\/wp-content\/uploads\/2022\/02\/happy-vet-yogi-surgery-mode-300x196.jpg 300w\" sizes=\"(max-width: 392px) 100vw, 392px\" \/><\/a><\/div><div class=\"fwpl-item el-9tknsu item-duration\">10 min.<\/div><div class=\"fwpl-item el-ht8iv item-title title-uppsercase\"><a href=\"https:\/\/happyvetproject.org\/fr\/vet-yogi\/mode-chirurgie\/\">Mode chirurgie<\/a><\/div><div class=\"fwpl-item el-pfeppr item-degree is-empty\"><\/div><div class=\"fwpl-item el-rd7s6 item-excerpt\">Maintenant que vous vous lavez le visage et que vous enlevez votre casquette, vous pouvez enfin vous pr\u00e9occuper d'autre chose. Jusqu'\u00e0 pr\u00e9sent, vous ne pensiez qu'\u00e0 l'op\u00e9ration de la c\u00e9sarienne d'urgence \u00e0 l'heure du d\u00e9jeuner, pr\u00e9c\u00e9d\u00e9e de toute une matin\u00e9e de chirurgie, alors profitez de ce moment pour penser \u00e0 vous. Le fait de rester longtemps dans des positions incorrectes, de porter le poids des patients anesth\u00e9si\u00e9s, de maintenir une tension corporelle soutenue... peut provoquer un engourdissement et une crispation de certains muscles sp\u00e9cifiques et, \u00e0 long terme, entra\u00eener des blessures plus graves. Cherchez une pi\u00e8ce \u00e0 la lumi\u00e8re tamis\u00e9e (une salle de radiographie ou d'\u00e9chographie peut convenir !) et fermez les yeux un moment. Si vous vous sentez toujours press\u00e9, commencez par faire les exercices en \u00ab mode consultation \u00bb pour ralentir votre rythme. Votre corps peut se sentir lourd ; cherchez une chaise confortable pour vous asseoir. Il est \u00e9galement agr\u00e9able de sortir une minute pour prendre l'air, de sentir la lumi\u00e8re du soleil sur votre visage pendant quelques instants, et n'oubliez pas de vous hydrater et de manger correctement.<\/div><\/div><\/div><\/div><div class=\"fwpl-result r4\"><div class=\"fwpl-row el-fh2opx\"><div class=\"fwpl-col fwpl-col el-z6z46o\"><div class=\"fwpl-item el-vzu7su item-image\"><a href=\"https:\/\/happyvetproject.org\/fr\/vet-yogi\/mode-consultation\/\"><img width=\"768\" height=\"414\" src=\"https:\/\/happyvetproject.org\/wp-content\/uploads\/2022\/01\/consultations-mode-play-768x414.jpg\" class=\"attachment-medium_large size-medium_large wp-post-image\" alt=\"\" decoding=\"async\" loading=\"lazy\" srcset=\"https:\/\/happyvetproject.org\/wp-content\/uploads\/2022\/01\/consultations-mode-play-768x414.jpg 768w, https:\/\/happyvetproject.org\/wp-content\/uploads\/2022\/01\/consultations-mode-play-300x162.jpg 300w, https:\/\/happyvetproject.org\/wp-content\/uploads\/2022\/01\/consultations-mode-play-1024x552.jpg 1024w, https:\/\/happyvetproject.org\/wp-content\/uploads\/2022\/01\/consultations-mode-play.jpg 1200w\" sizes=\"(max-width: 768px) 100vw, 768px\" \/><\/a><\/div><div class=\"fwpl-item el-9tknsu item-duration\">7 min.<\/div><div class=\"fwpl-item el-ht8iv item-title title-uppsercase\"><a href=\"https:\/\/happyvetproject.org\/fr\/vet-yogi\/mode-consultation\/\">Mode consultation<\/a><\/div><div class=\"fwpl-item el-pfeppr item-degree is-empty\"><\/div><div class=\"fwpl-item el-rd7s6 item-excerpt\">Il s'agit d'une s\u00e9rie de 6 minutes qui se concentre sur le ralentissement de votre respiration et sur des postures de d\u00e9compression. Vous avez seulement besoin d'une chaise et devinez quoi ? ... Une laisse de chien ! Nous vous recommandons d'apprendre la s\u00e9rie compl\u00e8te, mais vous devrez tr\u00e8s probablement effectuer chaque exercice s\u00e9par\u00e9ment pendant une pause d'une \u00e0 deux minutes entre vos patients. Allez-y !<\/div><\/div><\/div><\/div><\/div>\n<style>\n.fwpl-layout, .fwpl-row {\n    display: grid;\n}\n.fwpl-layout.el-2dtxsr {\n    grid-template-columns: repeat(3, 1fr);\n    grid-gap: 10px;\n}\n.fwpl-row.el-fh2opx {\n    grid-template-columns: 1fr;\n}\n<\/style>\n<\/div><\/div>\n\t\t\t\t<\/div>\n\t\t\t\t<\/div>\n\t\t\t\t\t<\/div>\n\t\t<\/div>\n\t\t\t\t\t\t\t<\/div>\n\t\t<\/section>\n\t\t\t\t\t\t\t<\/div>\n\t\t","protected":false},"excerpt":{"rendered":"<p>9 min.Rel\u00e2cher la pressionDans notre travail quotidien en tant que v\u00e9t\u00e9rinaires, technicien(ne)s v\u00e9t\u00e9rinaires, responsables administratifs&#8230; les situations conflictuelles peuvent arriver de diff\u00e9rentes sources : propri\u00e9taires d&rsquo;animaux, clients, coll\u00e8gues, employ\u00e9s, revendeurs, et en plus&#8230; en tant que professionnels, nous sommes aussi pr\u00e9sents sur les r\u00e9seaux sociaux toujours sous le regard constant du public. Se sentir en&hellip;<\/p>\n","protected":false},"author":6,"featured_media":0,"parent":56898,"menu_order":0,"comment_status":"closed","ping_status":"closed","template":"","meta":{"inline_featured_image":false},"acf":[],"yoast_head":"<!-- This site is optimized with the Yoast SEO plugin v20.11 - https:\/\/yoast.com\/wordpress\/plugins\/seo\/ -->\n<title>Cliniques Yoga - HappyVetProject<\/title>\n<meta name=\"robots\" content=\"index, follow, max-snippet:-1, max-image-preview:large, max-video-preview:-1\" \/>\n<link rel=\"canonical\" href=\"https:\/\/happyvetproject.org\/fr\/body-vet\/vet-yogi\/cliniques-yoga\/\" \/>\n<meta property=\"og:locale\" content=\"fr_FR\" \/>\n<meta property=\"og:type\" content=\"article\" \/>\n<meta property=\"og:title\" content=\"Cliniques Yoga - HappyVetProject\" \/>\n<meta property=\"og:url\" content=\"https:\/\/happyvetproject.org\/fr\/body-vet\/vet-yogi\/cliniques-yoga\/\" \/>\n<meta property=\"og:site_name\" content=\"HappyVetProject\" \/>\n<meta property=\"article:modified_time\" content=\"2023-02-22T10:53:11+00:00\" \/>\n<meta property=\"og:image\" content=\"https:\/\/happyvetproject.org\/wp-content\/uploads\/2022\/04\/happy-vet-project-vet-yogi.png\" \/>\n<meta name=\"twitter:card\" content=\"summary_large_image\" \/>\n<meta name=\"twitter:label1\" content=\"Dur\u00e9e de lecture estim\u00e9e\" \/>\n\t<meta name=\"twitter:data1\" content=\"1 minute\" \/>\n<script type=\"application\/ld+json\" class=\"yoast-schema-graph\">{\"@context\":\"https:\/\/schema.org\",\"@graph\":[{\"@type\":\"WebPage\",\"@id\":\"https:\/\/happyvetproject.org\/fr\/body-vet\/vet-yogi\/cliniques-yoga\/\",\"url\":\"https:\/\/happyvetproject.org\/fr\/body-vet\/vet-yogi\/cliniques-yoga\/\",\"name\":\"Cliniques Yoga - HappyVetProject\",\"isPartOf\":{\"@id\":\"https:\/\/happyvetproject.org\/fr\/#website\"},\"datePublished\":\"2022-02-08T09:40:57+00:00\",\"dateModified\":\"2023-02-22T10:53:11+00:00\",\"breadcrumb\":{\"@id\":\"https:\/\/happyvetproject.org\/fr\/body-vet\/vet-yogi\/cliniques-yoga\/#breadcrumb\"},\"inLanguage\":\"fr-FR\",\"potentialAction\":[{\"@type\":\"ReadAction\",\"target\":[\"https:\/\/happyvetproject.org\/fr\/body-vet\/vet-yogi\/cliniques-yoga\/\"]}]},{\"@type\":\"BreadcrumbList\",\"@id\":\"https:\/\/happyvetproject.org\/fr\/body-vet\/vet-yogi\/cliniques-yoga\/#breadcrumb\",\"itemListElement\":[{\"@type\":\"ListItem\",\"position\":1,\"name\":\"Home\",\"item\":\"https:\/\/happyvetproject.org\/fr\/\"},{\"@type\":\"ListItem\",\"position\":2,\"name\":\"BODY VET\",\"item\":\"https:\/\/happyvetproject.org\/fr\/body-vet\/\"},{\"@type\":\"ListItem\",\"position\":3,\"name\":\"VET YOGI\",\"item\":\"https:\/\/happyvetproject.org\/fr\/body-vet\/vet-yogi\/\"},{\"@type\":\"ListItem\",\"position\":4,\"name\":\"Cliniques Yoga\"}]},{\"@type\":\"WebSite\",\"@id\":\"https:\/\/happyvetproject.org\/fr\/#website\",\"url\":\"https:\/\/happyvetproject.org\/fr\/\",\"name\":\"HappyVetProject\",\"description\":\"Burnout antidotes for vets\",\"publisher\":{\"@id\":\"https:\/\/happyvetproject.org\/fr\/#organization\"},\"potentialAction\":[{\"@type\":\"SearchAction\",\"target\":{\"@type\":\"EntryPoint\",\"urlTemplate\":\"https:\/\/happyvetproject.org\/fr\/?s={search_term_string}\"},\"query-input\":\"required name=search_term_string\"}],\"inLanguage\":\"fr-FR\"},{\"@type\":\"Organization\",\"@id\":\"https:\/\/happyvetproject.org\/fr\/#organization\",\"name\":\"HappyVetProject\",\"url\":\"https:\/\/happyvetproject.org\/fr\/\",\"logo\":{\"@type\":\"ImageObject\",\"inLanguage\":\"fr-FR\",\"@id\":\"https:\/\/happyvetproject.org\/fr\/#\/schema\/logo\/image\/\",\"url\":\"https:\/\/happyvetproject.org\/wp-content\/uploads\/2021\/11\/happyvet-logo.png\",\"contentUrl\":\"https:\/\/happyvetproject.org\/wp-content\/uploads\/2021\/11\/happyvet-logo.png\",\"width\":123,\"height\":150,\"caption\":\"HappyVetProject\"},\"image\":{\"@id\":\"https:\/\/happyvetproject.org\/fr\/#\/schema\/logo\/image\/\"}}]}<\/script>\n<!-- \/ Yoast SEO plugin. -->","yoast_head_json":{"title":"Cliniques Yoga - HappyVetProject","robots":{"index":"index","follow":"follow","max-snippet":"max-snippet:-1","max-image-preview":"max-image-preview:large","max-video-preview":"max-video-preview:-1"},"canonical":"https:\/\/happyvetproject.org\/fr\/body-vet\/vet-yogi\/cliniques-yoga\/","og_locale":"fr_FR","og_type":"article","og_title":"Cliniques Yoga - HappyVetProject","og_url":"https:\/\/happyvetproject.org\/fr\/body-vet\/vet-yogi\/cliniques-yoga\/","og_site_name":"HappyVetProject","article_modified_time":"2023-02-22T10:53:11+00:00","og_image":[{"url":"https:\/\/happyvetproject.org\/wp-content\/uploads\/2022\/04\/happy-vet-project-vet-yogi.png"}],"twitter_card":"summary_large_image","twitter_misc":{"Dur\u00e9e de lecture estim\u00e9e":"1 minute"},"schema":{"@context":"https:\/\/schema.org","@graph":[{"@type":"WebPage","@id":"https:\/\/happyvetproject.org\/fr\/body-vet\/vet-yogi\/cliniques-yoga\/","url":"https:\/\/happyvetproject.org\/fr\/body-vet\/vet-yogi\/cliniques-yoga\/","name":"Cliniques Yoga - HappyVetProject","isPartOf":{"@id":"https:\/\/happyvetproject.org\/fr\/#website"},"datePublished":"2022-02-08T09:40:57+00:00","dateModified":"2023-02-22T10:53:11+00:00","breadcrumb":{"@id":"https:\/\/happyvetproject.org\/fr\/body-vet\/vet-yogi\/cliniques-yoga\/#breadcrumb"},"inLanguage":"fr-FR","potentialAction":[{"@type":"ReadAction","target":["https:\/\/happyvetproject.org\/fr\/body-vet\/vet-yogi\/cliniques-yoga\/"]}]},{"@type":"BreadcrumbList","@id":"https:\/\/happyvetproject.org\/fr\/body-vet\/vet-yogi\/cliniques-yoga\/#breadcrumb","itemListElement":[{"@type":"ListItem","position":1,"name":"Home","item":"https:\/\/happyvetproject.org\/fr\/"},{"@type":"ListItem","position":2,"name":"BODY VET","item":"https:\/\/happyvetproject.org\/fr\/body-vet\/"},{"@type":"ListItem","position":3,"name":"VET YOGI","item":"https:\/\/happyvetproject.org\/fr\/body-vet\/vet-yogi\/"},{"@type":"ListItem","position":4,"name":"Cliniques Yoga"}]},{"@type":"WebSite","@id":"https:\/\/happyvetproject.org\/fr\/#website","url":"https:\/\/happyvetproject.org\/fr\/","name":"HappyVetProject","description":"Burnout antidotes for vets","publisher":{"@id":"https:\/\/happyvetproject.org\/fr\/#organization"},"potentialAction":[{"@type":"SearchAction","target":{"@type":"EntryPoint","urlTemplate":"https:\/\/happyvetproject.org\/fr\/?s={search_term_string}"},"query-input":"required name=search_term_string"}],"inLanguage":"fr-FR"},{"@type":"Organization","@id":"https:\/\/happyvetproject.org\/fr\/#organization","name":"HappyVetProject","url":"https:\/\/happyvetproject.org\/fr\/","logo":{"@type":"ImageObject","inLanguage":"fr-FR","@id":"https:\/\/happyvetproject.org\/fr\/#\/schema\/logo\/image\/","url":"https:\/\/happyvetproject.org\/wp-content\/uploads\/2021\/11\/happyvet-logo.png","contentUrl":"https:\/\/happyvetproject.org\/wp-content\/uploads\/2021\/11\/happyvet-logo.png","width":123,"height":150,"caption":"HappyVetProject"},"image":{"@id":"https:\/\/happyvetproject.org\/fr\/#\/schema\/logo\/image\/"}}]}},"_links":{"self":[{"href":"https:\/\/happyvetproject.org\/fr\/wp-json\/wp\/v2\/pages\/56904"}],"collection":[{"href":"https:\/\/happyvetproject.org\/fr\/wp-json\/wp\/v2\/pages"}],"about":[{"href":"https:\/\/happyvetproject.org\/fr\/wp-json\/wp\/v2\/types\/page"}],"author":[{"embeddable":true,"href":"https:\/\/happyvetproject.org\/fr\/wp-json\/wp\/v2\/users\/6"}],"replies":[{"embeddable":true,"href":"https:\/\/happyvetproject.org\/fr\/wp-json\/wp\/v2\/comments?post=56904"}],"version-history":[{"count":0,"href":"https:\/\/happyvetproject.org\/fr\/wp-json\/wp\/v2\/pages\/56904\/revisions"}],"up":[{"embeddable":true,"href":"https:\/\/happyvetproject.org\/fr\/wp-json\/wp\/v2\/pages\/56898"}],"wp:attachment":[{"href":"https:\/\/happyvetproject.org\/fr\/wp-json\/wp\/v2\/media?parent=56904"}],"curies":[{"name":"wp","href":"https:\/\/api.w.org\/{rel}","templated":true}]}}