{"id":56973,"date":"2022-04-08T07:56:42","date_gmt":"2022-04-08T06:56:42","guid":{"rendered":"https:\/\/happyvetproject.org\/body-vet\/vet-hobbies\/"},"modified":"2025-02-13T13:06:36","modified_gmt":"2025-02-13T12:06:36","slug":"vet-hobbies","status":"publish","type":"page","link":"https:\/\/happyvetproject.org\/fr\/body-vet\/vet-hobbies\/","title":{"rendered":"VET HOBBIES"},"content":{"rendered":"\t\t<div data-elementor-type=\"wp-page\" data-elementor-id=\"56973\" class=\"elementor elementor-56973 elementor-52256\">\n\t\t\t\t\t\t\t\t\t<section class=\"elementor-section elementor-top-section elementor-element elementor-element-12e7f24f elementor-section-full_width category-bg elementor-section-stretched elementor-section-height-default elementor-section-height-default\" data-id=\"12e7f24f\" data-element_type=\"section\" data-settings=\"{&quot;stretch_section&quot;:&quot;section-stretched&quot;}\">\n\t\t\t\t\t\t<div class=\"elementor-container elementor-column-gap-extended\">\n\t\t\t\t\t<div class=\"elementor-column elementor-col-50 elementor-top-column elementor-element elementor-element-7264fb9\" data-id=\"7264fb9\" data-element_type=\"column\">\n\t\t\t<div class=\"elementor-widget-wrap elementor-element-populated\">\n\t\t\t\t\t\t\t\t<div class=\"elementor-element elementor-element-56e39401 category-bg-left elementor-widget elementor-widget-html\" data-id=\"56e39401\" data-element_type=\"widget\" data-widget_type=\"html.default\">\n\t\t\t\t<div class=\"elementor-widget-container\">\n\t\t\t<svg version=\"1.1\" xmlns=\"http:\/\/www.w3.org\/2000\/svg\" xmlns:xlink=\"http:\/\/www.w3.org\/1999\/xlink\" x=\"0px\" y=\"0px\" width=\"186px\" height=\"461.6px\" viewBox=\"0 0 186 461.6\" enable-background=\"new 0 0 186 461.6\" xml:space=\"preserve\">\n<g>\n\t<g>\n\t\t<path d=\"M0.7,460.3l-0.5-0.9c113.8-58.9,184.5-175,184.5-303c0-54.9-12.6-107.2-37.5-155.7l0.9-0.5c25,48.6,37.7,101.1,37.7,156.2 c0,63.9-17.7,126.2-51.3,180.2C101.8,389.1,55.5,431.9,0.7,460.3z\"\/>\n\t<\/g>\n<\/g>\n<\/svg>\t\t<\/div>\n\t\t\t\t<\/div>\n\t\t\t\t\t<\/div>\n\t\t<\/div>\n\t\t\t\t<div class=\"elementor-column elementor-col-50 elementor-top-column elementor-element elementor-element-1edfaca5\" data-id=\"1edfaca5\" data-element_type=\"column\">\n\t\t\t<div class=\"elementor-widget-wrap elementor-element-populated\">\n\t\t\t\t\t\t\t\t<div class=\"elementor-element elementor-element-469e2a91 category-bg-right elementor-widget elementor-widget-html\" data-id=\"469e2a91\" data-element_type=\"widget\" data-widget_type=\"html.default\">\n\t\t\t\t<div class=\"elementor-widget-container\">\n\t\t\t<svg version=\"1.1\" xmlns=\"http:\/\/www.w3.org\/2000\/svg\" xmlns:xlink=\"http:\/\/www.w3.org\/1999\/xlink\" x=\"0px\" y=\"0px\" width=\"138.1px\" height=\"323.3px\" viewBox=\"0 0 138.1 323.3\" enable-background=\"new 0 0 138.1 323.3\" xml:space=\"preserve\">\n<g>\n\t<g>\n\t\t<path d=\"M137,322.9c-41.4-32-75.7-73.5-99.1-120c-24.5-48.7-37-101.2-37-156.1c0-15.4,1-30.9,3-46L5,1C3,16.1,2,31.5,2,46.8 c0,108.2,49.4,208.6,135.6,275.2L137,322.9z\"\/>\n\t<\/g>\n<\/g>\n<\/svg>\t\t<\/div>\n\t\t\t\t<\/div>\n\t\t\t\t\t<\/div>\n\t\t<\/div>\n\t\t\t\t\t\t\t<\/div>\n\t\t<\/section>\n\t\t\t\t<section class=\"elementor-section elementor-top-section elementor-element elementor-element-230a334 category-picto-box  elementor-section-boxed elementor-section-height-default elementor-section-height-default\" data-id=\"230a334\" data-element_type=\"section\">\n\t\t\t\t\t\t<div class=\"elementor-container elementor-column-gap-default\">\n\t\t\t\t\t<div class=\"elementor-column elementor-col-100 elementor-top-column elementor-element elementor-element-dadaf29\" data-id=\"dadaf29\" data-element_type=\"column\">\n\t\t\t<div class=\"elementor-widget-wrap elementor-element-populated\">\n\t\t\t\t\t\t\t\t<div class=\"elementor-element elementor-element-4f7e9a9 category-picto elementor-widget elementor-widget-image\" data-id=\"4f7e9a9\" data-element_type=\"widget\" data-widget_type=\"image.default\">\n\t\t\t\t<div class=\"elementor-widget-container\">\n\t\t\t<style>\/*! elementor - v3.13.3 - 28-05-2023 *\/\n.elementor-widget-image{text-align:center}.elementor-widget-image a{display:inline-block}.elementor-widget-image a img{width:48px}.elementor-widget-image img{vertical-align:middle;display:inline-block}<\/style>\t\t\t\t\t\t\t\t\t\t\t\t<img decoding=\"async\" width=\"92\" height=\"92\" src=\"https:\/\/happyvetproject.org\/wp-content\/uploads\/2022\/04\/happy-vet-project-vet-hobbies.png\" class=\"attachment-full size-full wp-image-55928\" alt=\"\" loading=\"lazy\" \/>\t\t\t\t\t\t\t\t\t\t\t\t\t\t\t<\/div>\n\t\t\t\t<\/div>\n\t\t\t\t<div class=\"elementor-element elementor-element-41b69315 header-test elementor-widget elementor-widget-html\" data-id=\"41b69315\" data-element_type=\"widget\" data-widget_type=\"html.default\">\n\t\t\t\t<div class=\"elementor-widget-container\">\n\t\t\t<h2>D\u00e9couvrez quel type de VET vous \u00eates<\/h2>\n<a id=\"burnout_cta_vet_hobbies_fr\" href=\"https:\/\/uo8gdbakxsm.typeform.com\/to\/zNxTVC8b\" class=\"btn btn-header bg-hobbies 3b312091-7f12-45a5-a54a-ced79716df7a\" target=\"_blank\">Aller au test<\/a>\t\t<\/div>\n\t\t\t\t<\/div>\n\t\t\t\t\t<\/div>\n\t\t<\/div>\n\t\t\t\t\t\t\t<\/div>\n\t\t<\/section>\n\t\t\t\t<section class=\"elementor-section elementor-top-section elementor-element elementor-element-5245f381 elementor-section-boxed elementor-section-height-default elementor-section-height-default\" data-id=\"5245f381\" data-element_type=\"section\">\n\t\t\t\t\t\t<div class=\"elementor-container elementor-column-gap-default\">\n\t\t\t\t\t<div class=\"elementor-column elementor-col-16 elementor-top-column elementor-element elementor-element-27978057\" data-id=\"27978057\" data-element_type=\"column\">\n\t\t\t<div class=\"elementor-widget-wrap\">\n\t\t\t\t\t\t\t\t\t<\/div>\n\t\t<\/div>\n\t\t\t\t<div class=\"elementor-column elementor-col-66 elementor-top-column elementor-element elementor-element-4d342d20\" data-id=\"4d342d20\" data-element_type=\"column\">\n\t\t\t<div class=\"elementor-widget-wrap elementor-element-populated\">\n\t\t\t\t\t\t\t\t<div class=\"elementor-element elementor-element-78cea705 elementor-widget elementor-widget-text-editor\" data-id=\"78cea705\" data-element_type=\"widget\" data-widget_type=\"text-editor.default\">\n\t\t\t\t<div class=\"elementor-widget-container\">\n\t\t\t<style>\/*! elementor - v3.13.3 - 28-05-2023 *\/\n.elementor-widget-text-editor.elementor-drop-cap-view-stacked .elementor-drop-cap{background-color:#69727d;color:#fff}.elementor-widget-text-editor.elementor-drop-cap-view-framed .elementor-drop-cap{color:#69727d;border:3px solid;background-color:transparent}.elementor-widget-text-editor:not(.elementor-drop-cap-view-default) .elementor-drop-cap{margin-top:8px}.elementor-widget-text-editor:not(.elementor-drop-cap-view-default) .elementor-drop-cap-letter{width:1em;height:1em}.elementor-widget-text-editor .elementor-drop-cap{float:left;text-align:center;line-height:1;font-size:50px}.elementor-widget-text-editor .elementor-drop-cap-letter{display:inline-block}<\/style>\t\t\t\t<p>Nous ne cessons de bouger dans la clinique ou de jongler avec des milliers de t\u00e2ches manuelles et mentales en m\u00eame temps. La seule chose que nous voulons en sortant du travail est de nous effondrer sur le premier canap\u00e9 que nous pouvons trouver. Vous connaissez \u00e7a ? Mais d&rsquo;abord, nous devons d\u00e9connecter et nous d\u00e9tacher de la responsabilit\u00e9 d&rsquo;un grand nombre de d\u00e9cisions, nous d\u00e9barrasser de notre charge \u00e9motionnelle quotidienne et faire bouger notre corps de mani\u00e8re saine et active pour lib\u00e9rer des endorphines et, en m\u00eame temps, combattre les mauvaises postures. Vous trouverez ici toutes sortes d&rsquo;id\u00e9es pour \u00e9quilibrer l&rsquo;humeur et des activit\u00e9s amusantes compatibles avec notre profession !<\/p>\n\t\t\t\t\t\t<\/div>\n\t\t\t\t<\/div>\n\t\t\t\t\t<\/div>\n\t\t<\/div>\n\t\t\t\t<div class=\"elementor-column elementor-col-16 elementor-top-column elementor-element elementor-element-505f5482\" data-id=\"505f5482\" data-element_type=\"column\">\n\t\t\t<div class=\"elementor-widget-wrap\">\n\t\t\t\t\t\t\t\t\t<\/div>\n\t\t<\/div>\n\t\t\t\t\t\t\t<\/div>\n\t\t<\/section>\n\t\t\t\t<section class=\"elementor-section elementor-top-section elementor-element elementor-element-bd6e6cd elementor-section-boxed elementor-section-height-default elementor-section-height-default\" data-id=\"bd6e6cd\" data-element_type=\"section\">\n\t\t\t\t\t\t<div class=\"elementor-container elementor-column-gap-default\">\n\t\t\t\t\t<div class=\"elementor-column elementor-col-100 elementor-top-column elementor-element elementor-element-4c10f5ba\" data-id=\"4c10f5ba\" data-element_type=\"column\">\n\t\t\t<div class=\"elementor-widget-wrap elementor-element-populated\">\n\t\t\t\t\t\t\t\t<div class=\"elementor-element elementor-element-5476e943 elementor-widget elementor-widget-heading\" data-id=\"5476e943\" data-element_type=\"widget\" data-widget_type=\"heading.default\">\n\t\t\t\t<div class=\"elementor-widget-container\">\n\t\t\t<style>\/*! elementor - v3.13.3 - 28-05-2023 *\/\n.elementor-heading-title{padding:0;margin:0;line-height:1}.elementor-widget-heading .elementor-heading-title[class*=elementor-size-]>a{color:inherit;font-size:inherit;line-height:inherit}.elementor-widget-heading .elementor-heading-title.elementor-size-small{font-size:15px}.elementor-widget-heading .elementor-heading-title.elementor-size-medium{font-size:19px}.elementor-widget-heading .elementor-heading-title.elementor-size-large{font-size:29px}.elementor-widget-heading .elementor-heading-title.elementor-size-xl{font-size:39px}.elementor-widget-heading .elementor-heading-title.elementor-size-xxl{font-size:59px}<\/style><h2 class=\"elementor-heading-title elementor-size-default\">CONTENU<\/h2>\t\t<\/div>\n\t\t\t\t<\/div>\n\t\t\t\t<div class=\"elementor-element elementor-element-55174031 elementor-widget elementor-widget-shortcode\" data-id=\"55174031\" data-element_type=\"widget\" data-widget_type=\"shortcode.default\">\n\t\t\t\t<div class=\"elementor-widget-container\">\n\t\t\t\t\t<div class=\"elementor-shortcode\"><div class=\"facetwp-template\" data-name=\"vet_hobbies\"><div class=\"fwpl-layout el-deur1v\"><div class=\"fwpl-result r1\"><div class=\"fwpl-row el-vnsgbk\"><div class=\"fwpl-col fwpl-col el-itirgo\"><div class=\"fwpl-item el-fo4kqn item-image\"><a href=\"https:\/\/happyvetproject.org\/fr\/les-passe-temps-des-veterinaires\/trouvez-vous-un-passe-temps-sans-lien-avec-la-medecine-veterinaire-et-soulagez-votre-stress\/\"><img width=\"768\" height=\"512\" src=\"https:\/\/happyvetproject.org\/wp-content\/uploads\/2022\/07\/pexels-shameel-mukkath-5112529-768x512.jpg\" class=\"attachment-medium_large size-medium_large wp-post-image\" alt=\"\" decoding=\"async\" loading=\"lazy\" srcset=\"https:\/\/happyvetproject.org\/wp-content\/uploads\/2022\/07\/pexels-shameel-mukkath-5112529-768x512.jpg 768w, https:\/\/happyvetproject.org\/wp-content\/uploads\/2022\/07\/pexels-shameel-mukkath-5112529-300x200.jpg 300w, https:\/\/happyvetproject.org\/wp-content\/uploads\/2022\/07\/pexels-shameel-mukkath-5112529-1024x683.jpg 1024w, https:\/\/happyvetproject.org\/wp-content\/uploads\/2022\/07\/pexels-shameel-mukkath-5112529-1536x1024.jpg 1536w, https:\/\/happyvetproject.org\/wp-content\/uploads\/2022\/07\/pexels-shameel-mukkath-5112529-2048x1365.jpg 2048w\" sizes=\"(max-width: 768px) 100vw, 768px\" \/><\/a><\/div><div class=\"fwpl-item el-ztwgx\"><span class=\"fwpl-term fwpl-term-les-passe-temps-des-veterinaires fwpl-tax-category\">Les passe-temps des v\u00e9t\u00e9rinaires<\/span><\/div><div class=\"fwpl-item el-70m8op item-duration\">1 min<\/div><div class=\"fwpl-item el-j85147 item-title\"><a href=\"https:\/\/happyvetproject.org\/fr\/les-passe-temps-des-veterinaires\/trouvez-vous-un-passe-temps-sans-lien-avec-la-medecine-veterinaire-et-soulagez-votre-stress\/\">Trouvez-vous un passe-temps sans lien avec la m\u00e9decine v\u00e9t\u00e9rinaire et soulagez votre stress<\/a><\/div><div class=\"fwpl-item el-q3slq5 item-degree is-empty\"><\/div><\/div><\/div><\/div><div class=\"fwpl-result r2\"><div class=\"fwpl-row el-vnsgbk\"><div class=\"fwpl-col fwpl-col el-itirgo\"><div class=\"fwpl-item el-fo4kqn item-image\"><a href=\"https:\/\/happyvetproject.org\/fr\/les-passe-temps-des-veterinaires\/vous-passez-tant-de-temps-a-la-clinique-que-vous-en-oubliez-votre-propre-chien-essayez-le-canicross-ou-la-marche-nordique-avec-chien\/\"><img width=\"768\" height=\"348\" src=\"https:\/\/happyvetproject.org\/wp-content\/uploads\/2022\/07\/gos-apaisat-768x348.jpg\" class=\"attachment-medium_large size-medium_large wp-post-image\" alt=\"\" decoding=\"async\" loading=\"lazy\" srcset=\"https:\/\/happyvetproject.org\/wp-content\/uploads\/2022\/07\/gos-apaisat-768x348.jpg 768w, https:\/\/happyvetproject.org\/wp-content\/uploads\/2022\/07\/gos-apaisat-300x136.jpg 300w, https:\/\/happyvetproject.org\/wp-content\/uploads\/2022\/07\/gos-apaisat-1024x464.jpg 1024w, https:\/\/happyvetproject.org\/wp-content\/uploads\/2022\/07\/gos-apaisat-1536x695.jpg 1536w, https:\/\/happyvetproject.org\/wp-content\/uploads\/2022\/07\/gos-apaisat-2048x927.jpg 2048w\" sizes=\"(max-width: 768px) 100vw, 768px\" \/><\/a><\/div><div class=\"fwpl-item el-ztwgx\"><span class=\"fwpl-term fwpl-term-les-passe-temps-des-veterinaires fwpl-tax-category\">Les passe-temps des v\u00e9t\u00e9rinaires<\/span><\/div><div class=\"fwpl-item el-70m8op item-duration\">1 min<\/div><div class=\"fwpl-item el-j85147 item-title\"><a href=\"https:\/\/happyvetproject.org\/fr\/les-passe-temps-des-veterinaires\/vous-passez-tant-de-temps-a-la-clinique-que-vous-en-oubliez-votre-propre-chien-essayez-le-canicross-ou-la-marche-nordique-avec-chien\/\">Vous passez tant de temps \u00e0 la clinique que vous en oubliez votre propre chien ? Essayez le canicross ou la marche nordique avec chien<\/a><\/div><div class=\"fwpl-item el-q3slq5 item-degree is-empty\"><\/div><\/div><\/div><\/div><div class=\"fwpl-result r3\"><div class=\"fwpl-row el-vnsgbk\"><div class=\"fwpl-col fwpl-col el-itirgo\"><div class=\"fwpl-item el-fo4kqn item-image\"><a href=\"https:\/\/happyvetproject.org\/fr\/les-passe-temps-des-veterinaires\/vous-voulez-reduire-le-stress-faire-de-lexercice-et-manger-sainement-faire-pousser-ses-propres-legumes\/\"><img width=\"768\" height=\"368\" src=\"https:\/\/happyvetproject.org\/wp-content\/uploads\/2022\/05\/copia-recortada-768x368.jpg\" class=\"attachment-medium_large size-medium_large wp-post-image\" alt=\"\" decoding=\"async\" loading=\"lazy\" srcset=\"https:\/\/happyvetproject.org\/wp-content\/uploads\/2022\/05\/copia-recortada-768x368.jpg 768w, https:\/\/happyvetproject.org\/wp-content\/uploads\/2022\/05\/copia-recortada-300x144.jpg 300w, https:\/\/happyvetproject.org\/wp-content\/uploads\/2022\/05\/copia-recortada-1024x491.jpg 1024w, https:\/\/happyvetproject.org\/wp-content\/uploads\/2022\/05\/copia-recortada-1536x737.jpg 1536w, https:\/\/happyvetproject.org\/wp-content\/uploads\/2022\/05\/copia-recortada-2048x982.jpg 2048w\" sizes=\"(max-width: 768px) 100vw, 768px\" \/><\/a><\/div><div class=\"fwpl-item el-ztwgx\"><span class=\"fwpl-term fwpl-term-les-passe-temps-des-veterinaires fwpl-tax-category\">Les passe-temps des v\u00e9t\u00e9rinaires<\/span><\/div><div class=\"fwpl-item el-70m8op item-duration\">1 min.<\/div><div class=\"fwpl-item el-j85147 item-title\"><a href=\"https:\/\/happyvetproject.org\/fr\/les-passe-temps-des-veterinaires\/vous-voulez-reduire-le-stress-faire-de-lexercice-et-manger-sainement-faire-pousser-ses-propres-legumes\/\">Vous voulez r\u00e9duire le stress, faire de l'exercice et manger sainement ? Faire pousser ses propres l\u00e9gumes ?<\/a><\/div><div class=\"fwpl-item el-q3slq5 item-degree is-empty\"><\/div><\/div><\/div><\/div><div class=\"fwpl-result r4\"><div class=\"fwpl-row el-vnsgbk\"><div class=\"fwpl-col fwpl-col el-itirgo\"><div class=\"fwpl-item el-fo4kqn item-image\"><a href=\"https:\/\/happyvetproject.org\/fr\/les-passe-temps-des-veterinaires\/ecoutez-la-musique-que-vous-aimez-vraiment-votre-cerveau-votre-corps-et-votre-esprit-vous-en-remercieront\/\"><img width=\"768\" height=\"1024\" src=\"https:\/\/happyvetproject.org\/wp-content\/uploads\/2022\/02\/pexels-saliha-7651067-768x1024.jpg\" class=\"attachment-medium_large size-medium_large wp-post-image\" alt=\"\" decoding=\"async\" loading=\"lazy\" srcset=\"https:\/\/happyvetproject.org\/wp-content\/uploads\/2022\/02\/pexels-saliha-7651067-768x1024.jpg 768w, https:\/\/happyvetproject.org\/wp-content\/uploads\/2022\/02\/pexels-saliha-7651067-225x300.jpg 225w, https:\/\/happyvetproject.org\/wp-content\/uploads\/2022\/02\/pexels-saliha-7651067.jpg 1000w\" sizes=\"(max-width: 768px) 100vw, 768px\" \/><\/a><\/div><div class=\"fwpl-item el-ztwgx\"><span class=\"fwpl-term fwpl-term-les-passe-temps-des-veterinaires fwpl-tax-category\">Les passe-temps des v\u00e9t\u00e9rinaires<\/span><\/div><div class=\"fwpl-item el-70m8op item-duration\">15 min.<\/div><div class=\"fwpl-item el-j85147 item-title\"><a href=\"https:\/\/happyvetproject.org\/fr\/les-passe-temps-des-veterinaires\/ecoutez-la-musique-que-vous-aimez-vraiment-votre-cerveau-votre-corps-et-votre-esprit-vous-en-remercieront\/\">\u00c9coutez la musique que vous aimez vraiment.  Votre cerveau, votre corps et votre esprit vous en remercieront !<\/a><\/div><div class=\"fwpl-item el-q3slq5 item-degree is-empty\"><\/div><\/div><\/div><\/div><\/div>\n<style>\n.fwpl-layout, .fwpl-row {\n    display: grid;\n}\n.fwpl-layout.el-deur1v {\n    grid-template-columns: repeat(4, 1fr);\n    grid-gap: 10px;\n}\n.fwpl-row.el-vnsgbk {\n    grid-template-columns: 1fr;\n}\n<\/style>\n<\/div><\/div>\n\t\t\t\t<\/div>\n\t\t\t\t<\/div>\n\t\t\t\t\t<\/div>\n\t\t<\/div>\n\t\t\t\t\t\t\t<\/div>\n\t\t<\/section>\n\t\t\t\t\t\t\t<\/div>\n\t\t","protected":false},"excerpt":{"rendered":"<p>D\u00e9couvrez quel type de VET vous \u00eates Aller au test Nous ne cessons de bouger dans la clinique ou de jongler avec des milliers de t\u00e2ches manuelles et mentales en m\u00eame temps. La seule chose que nous voulons en sortant du travail est de nous effondrer sur le premier canap\u00e9 que nous pouvons trouver. Vous&hellip;<\/p>\n","protected":false},"author":4,"featured_media":0,"parent":56968,"menu_order":20,"comment_status":"closed","ping_status":"closed","template":"","meta":{"inline_featured_image":false},"acf":[],"yoast_head":"<!-- This site is optimized with the Yoast SEO plugin v20.11 - https:\/\/yoast.com\/wordpress\/plugins\/seo\/ -->\n<title>VET HOBBIES - HappyVetProject<\/title>\n<meta name=\"robots\" content=\"index, follow, max-snippet:-1, max-image-preview:large, max-video-preview:-1\" \/>\n<link rel=\"canonical\" href=\"https:\/\/happyvetproject.org\/fr\/body-vet\/vet-hobbies\/\" \/>\n<meta property=\"og:locale\" content=\"fr_FR\" \/>\n<meta property=\"og:type\" content=\"article\" \/>\n<meta property=\"og:title\" content=\"VET HOBBIES - HappyVetProject\" \/>\n<meta property=\"og:description\" content=\"D\u00e9couvrez quel type de VET vous \u00eates Aller au test Nous ne cessons de bouger dans la clinique ou de jongler avec des milliers de t\u00e2ches manuelles et mentales en m\u00eame temps. La seule chose que nous voulons en sortant du travail est de nous effondrer sur le premier canap\u00e9 que nous pouvons trouver. Vous&hellip;\" \/>\n<meta property=\"og:url\" content=\"https:\/\/happyvetproject.org\/fr\/body-vet\/vet-hobbies\/\" \/>\n<meta property=\"og:site_name\" content=\"HappyVetProject\" \/>\n<meta property=\"article:modified_time\" content=\"2025-02-13T12:06:36+00:00\" \/>\n<meta property=\"og:image\" content=\"https:\/\/happyvetproject.org\/wp-content\/uploads\/2022\/04\/happy-vet-project-vet-hobbies.png\" \/>\n<meta name=\"twitter:card\" content=\"summary_large_image\" \/>\n<meta name=\"twitter:label1\" content=\"Dur\u00e9e de lecture estim\u00e9e\" \/>\n\t<meta name=\"twitter:data1\" content=\"3 minutes\" \/>\n<script type=\"application\/ld+json\" class=\"yoast-schema-graph\">{\"@context\":\"https:\/\/schema.org\",\"@graph\":[{\"@type\":\"WebPage\",\"@id\":\"https:\/\/happyvetproject.org\/fr\/body-vet\/vet-hobbies\/\",\"url\":\"https:\/\/happyvetproject.org\/fr\/body-vet\/vet-hobbies\/\",\"name\":\"VET HOBBIES - HappyVetProject\",\"isPartOf\":{\"@id\":\"https:\/\/happyvetproject.org\/fr\/#website\"},\"datePublished\":\"2022-04-08T06:56:42+00:00\",\"dateModified\":\"2025-02-13T12:06:36+00:00\",\"breadcrumb\":{\"@id\":\"https:\/\/happyvetproject.org\/fr\/body-vet\/vet-hobbies\/#breadcrumb\"},\"inLanguage\":\"fr-FR\",\"potentialAction\":[{\"@type\":\"ReadAction\",\"target\":[\"https:\/\/happyvetproject.org\/fr\/body-vet\/vet-hobbies\/\"]}]},{\"@type\":\"BreadcrumbList\",\"@id\":\"https:\/\/happyvetproject.org\/fr\/body-vet\/vet-hobbies\/#breadcrumb\",\"itemListElement\":[{\"@type\":\"ListItem\",\"position\":1,\"name\":\"Home\",\"item\":\"https:\/\/happyvetproject.org\/fr\/\"},{\"@type\":\"ListItem\",\"position\":2,\"name\":\"BODY VET\",\"item\":\"https:\/\/happyvetproject.org\/fr\/body-vet\/\"},{\"@type\":\"ListItem\",\"position\":3,\"name\":\"VET HOBBIES\"}]},{\"@type\":\"WebSite\",\"@id\":\"https:\/\/happyvetproject.org\/fr\/#website\",\"url\":\"https:\/\/happyvetproject.org\/fr\/\",\"name\":\"HappyVetProject\",\"description\":\"Burnout antidotes for vets\",\"publisher\":{\"@id\":\"https:\/\/happyvetproject.org\/fr\/#organization\"},\"potentialAction\":[{\"@type\":\"SearchAction\",\"target\":{\"@type\":\"EntryPoint\",\"urlTemplate\":\"https:\/\/happyvetproject.org\/fr\/?s={search_term_string}\"},\"query-input\":\"required name=search_term_string\"}],\"inLanguage\":\"fr-FR\"},{\"@type\":\"Organization\",\"@id\":\"https:\/\/happyvetproject.org\/fr\/#organization\",\"name\":\"HappyVetProject\",\"url\":\"https:\/\/happyvetproject.org\/fr\/\",\"logo\":{\"@type\":\"ImageObject\",\"inLanguage\":\"fr-FR\",\"@id\":\"https:\/\/happyvetproject.org\/fr\/#\/schema\/logo\/image\/\",\"url\":\"https:\/\/happyvetproject.org\/wp-content\/uploads\/2021\/11\/happyvet-logo.png\",\"contentUrl\":\"https:\/\/happyvetproject.org\/wp-content\/uploads\/2021\/11\/happyvet-logo.png\",\"width\":123,\"height\":150,\"caption\":\"HappyVetProject\"},\"image\":{\"@id\":\"https:\/\/happyvetproject.org\/fr\/#\/schema\/logo\/image\/\"}}]}<\/script>\n<!-- \/ Yoast SEO plugin. -->","yoast_head_json":{"title":"VET HOBBIES - HappyVetProject","robots":{"index":"index","follow":"follow","max-snippet":"max-snippet:-1","max-image-preview":"max-image-preview:large","max-video-preview":"max-video-preview:-1"},"canonical":"https:\/\/happyvetproject.org\/fr\/body-vet\/vet-hobbies\/","og_locale":"fr_FR","og_type":"article","og_title":"VET HOBBIES - HappyVetProject","og_description":"D\u00e9couvrez quel type de VET vous \u00eates Aller au test Nous ne cessons de bouger dans la clinique ou de jongler avec des milliers de t\u00e2ches manuelles et mentales en m\u00eame temps. La seule chose que nous voulons en sortant du travail est de nous effondrer sur le premier canap\u00e9 que nous pouvons trouver. Vous&hellip;","og_url":"https:\/\/happyvetproject.org\/fr\/body-vet\/vet-hobbies\/","og_site_name":"HappyVetProject","article_modified_time":"2025-02-13T12:06:36+00:00","og_image":[{"url":"https:\/\/happyvetproject.org\/wp-content\/uploads\/2022\/04\/happy-vet-project-vet-hobbies.png"}],"twitter_card":"summary_large_image","twitter_misc":{"Dur\u00e9e de lecture estim\u00e9e":"3 minutes"},"schema":{"@context":"https:\/\/schema.org","@graph":[{"@type":"WebPage","@id":"https:\/\/happyvetproject.org\/fr\/body-vet\/vet-hobbies\/","url":"https:\/\/happyvetproject.org\/fr\/body-vet\/vet-hobbies\/","name":"VET HOBBIES - HappyVetProject","isPartOf":{"@id":"https:\/\/happyvetproject.org\/fr\/#website"},"datePublished":"2022-04-08T06:56:42+00:00","dateModified":"2025-02-13T12:06:36+00:00","breadcrumb":{"@id":"https:\/\/happyvetproject.org\/fr\/body-vet\/vet-hobbies\/#breadcrumb"},"inLanguage":"fr-FR","potentialAction":[{"@type":"ReadAction","target":["https:\/\/happyvetproject.org\/fr\/body-vet\/vet-hobbies\/"]}]},{"@type":"BreadcrumbList","@id":"https:\/\/happyvetproject.org\/fr\/body-vet\/vet-hobbies\/#breadcrumb","itemListElement":[{"@type":"ListItem","position":1,"name":"Home","item":"https:\/\/happyvetproject.org\/fr\/"},{"@type":"ListItem","position":2,"name":"BODY VET","item":"https:\/\/happyvetproject.org\/fr\/body-vet\/"},{"@type":"ListItem","position":3,"name":"VET HOBBIES"}]},{"@type":"WebSite","@id":"https:\/\/happyvetproject.org\/fr\/#website","url":"https:\/\/happyvetproject.org\/fr\/","name":"HappyVetProject","description":"Burnout antidotes for vets","publisher":{"@id":"https:\/\/happyvetproject.org\/fr\/#organization"},"potentialAction":[{"@type":"SearchAction","target":{"@type":"EntryPoint","urlTemplate":"https:\/\/happyvetproject.org\/fr\/?s={search_term_string}"},"query-input":"required name=search_term_string"}],"inLanguage":"fr-FR"},{"@type":"Organization","@id":"https:\/\/happyvetproject.org\/fr\/#organization","name":"HappyVetProject","url":"https:\/\/happyvetproject.org\/fr\/","logo":{"@type":"ImageObject","inLanguage":"fr-FR","@id":"https:\/\/happyvetproject.org\/fr\/#\/schema\/logo\/image\/","url":"https:\/\/happyvetproject.org\/wp-content\/uploads\/2021\/11\/happyvet-logo.png","contentUrl":"https:\/\/happyvetproject.org\/wp-content\/uploads\/2021\/11\/happyvet-logo.png","width":123,"height":150,"caption":"HappyVetProject"},"image":{"@id":"https:\/\/happyvetproject.org\/fr\/#\/schema\/logo\/image\/"}}]}},"_links":{"self":[{"href":"https:\/\/happyvetproject.org\/fr\/wp-json\/wp\/v2\/pages\/56973"}],"collection":[{"href":"https:\/\/happyvetproject.org\/fr\/wp-json\/wp\/v2\/pages"}],"about":[{"href":"https:\/\/happyvetproject.org\/fr\/wp-json\/wp\/v2\/types\/page"}],"author":[{"embeddable":true,"href":"https:\/\/happyvetproject.org\/fr\/wp-json\/wp\/v2\/users\/4"}],"replies":[{"embeddable":true,"href":"https:\/\/happyvetproject.org\/fr\/wp-json\/wp\/v2\/comments?post=56973"}],"version-history":[{"count":6,"href":"https:\/\/happyvetproject.org\/fr\/wp-json\/wp\/v2\/pages\/56973\/revisions"}],"predecessor-version":[{"id":62529,"href":"https:\/\/happyvetproject.org\/fr\/wp-json\/wp\/v2\/pages\/56973\/revisions\/62529"}],"up":[{"embeddable":true,"href":"https:\/\/happyvetproject.org\/fr\/wp-json\/wp\/v2\/pages\/56968"}],"wp:attachment":[{"href":"https:\/\/happyvetproject.org\/fr\/wp-json\/wp\/v2\/media?parent=56973"}],"curies":[{"name":"wp","href":"https:\/\/api.w.org\/{rel}","templated":true}]}}