{"id":62607,"date":"2025-03-03T11:32:16","date_gmt":"2025-03-03T10:32:16","guid":{"rendered":"https:\/\/happyvetproject.org\/sosforvets\/"},"modified":"2025-03-03T11:46:57","modified_gmt":"2025-03-03T10:46:57","slug":"sosforvets","status":"publish","type":"page","link":"https:\/\/happyvetproject.org\/fr\/sosforvets\/","title":{"rendered":"SOS for Vets"},"content":{"rendered":"\t\t<div data-elementor-type=\"wp-page\" data-elementor-id=\"62607\" class=\"elementor elementor-62607 elementor-62601\">\n\t\t\t\t\t\t\t\t\t<section class=\"elementor-section elementor-top-section elementor-element elementor-element-6ad653c category-picto-box elementor-section-boxed elementor-section-height-default elementor-section-height-default\" data-id=\"6ad653c\" data-element_type=\"section\">\n\t\t\t\t\t\t<div class=\"elementor-container elementor-column-gap-default\">\n\t\t\t\t\t<div class=\"elementor-column elementor-col-100 elementor-top-column elementor-element elementor-element-8e91b49\" data-id=\"8e91b49\" data-element_type=\"column\">\n\t\t\t<div class=\"elementor-widget-wrap elementor-element-populated\">\n\t\t\t\t\t\t\t\t<div class=\"elementor-element elementor-element-1c6bdff header-test elementor-widget elementor-widget-text-editor\" data-id=\"1c6bdff\" data-element_type=\"widget\" data-widget_type=\"text-editor.default\">\n\t\t\t\t<div class=\"elementor-widget-container\">\n\t\t\t<style>\/*! elementor - v3.13.3 - 28-05-2023 *\/\n.elementor-widget-text-editor.elementor-drop-cap-view-stacked .elementor-drop-cap{background-color:#69727d;color:#fff}.elementor-widget-text-editor.elementor-drop-cap-view-framed .elementor-drop-cap{color:#69727d;border:3px solid;background-color:transparent}.elementor-widget-text-editor:not(.elementor-drop-cap-view-default) .elementor-drop-cap{margin-top:8px}.elementor-widget-text-editor:not(.elementor-drop-cap-view-default) .elementor-drop-cap-letter{width:1em;height:1em}.elementor-widget-text-editor .elementor-drop-cap{float:left;text-align:center;line-height:1;font-size:50px}.elementor-widget-text-editor .elementor-drop-cap-letter{display:inline-block}<\/style>\t\t\t\t<h2 style=\"text-align: center;\">Appele ce num\u00e9ro et re\u00e7ois l\u2019aide dont tu as besoin\n<\/h2>\n<div class=\"home-phone\" style=\"text-align: center;\"><a href=\"tel:0800073535\"><img decoding=\"async\" loading=\"lazy\" src=\"\/wp-content\/uploads\/2025\/03\/hvpgraeub-phone-icon.png\" alt=\"Phone\" width=\"62\" height=\"62\" \/>0800 073 535<\/a><\/div>\t\t\t\t\t\t<\/div>\n\t\t\t\t<\/div>\n\t\t\t\t\t<\/div>\n\t\t<\/div>\n\t\t\t\t\t\t\t<\/div>\n\t\t<\/section>\n\t\t\t\t<section class=\"elementor-section elementor-top-section elementor-element elementor-element-0245762 elementor-section-boxed elementor-section-height-default elementor-section-height-default\" data-id=\"0245762\" data-element_type=\"section\">\n\t\t\t\t\t\t<div class=\"elementor-container elementor-column-gap-default\">\n\t\t\t\t\t<div class=\"elementor-column elementor-col-16 elementor-top-column elementor-element elementor-element-d05655b\" data-id=\"d05655b\" data-element_type=\"column\">\n\t\t\t<div class=\"elementor-widget-wrap\">\n\t\t\t\t\t\t\t\t\t<\/div>\n\t\t<\/div>\n\t\t\t\t<div class=\"elementor-column elementor-col-66 elementor-top-column elementor-element elementor-element-c941ec3\" data-id=\"c941ec3\" data-element_type=\"column\">\n\t\t\t<div class=\"elementor-widget-wrap elementor-element-populated\">\n\t\t\t\t\t\t\t\t<div class=\"elementor-element elementor-element-a8a12b6 elementor-widget elementor-widget-text-editor\" data-id=\"a8a12b6\" data-element_type=\"widget\" data-widget_type=\"text-editor.default\">\n\t\t\t\t<div class=\"elementor-widget-container\">\n\t\t\t\t\t\t\t<strong><span>La ligne t\u00e9l\u00e9phonique d\u2019urgence de la SVS soutient les v\u00e9t\u00e9rinaires, les assistant(e) v\u00e9t\u00e9rinaires, mais aussi les \u00e9tudiant(e)s en m\u00e9decine v\u00e9t\u00e9rinaire dans les situations de vie difficiles. La ligne d\u2019assistance est disponible gratuitement 24 heures sur 24 pour les personnes concern\u00e9es et pour leurs proches.<\/span><\/strong>\t\t\t\t\t\t<\/div>\n\t\t\t\t<\/div>\n\t\t\t\t<div class=\"elementor-element elementor-element-85b389c elementor-widget elementor-widget-text-editor\" data-id=\"85b389c\" data-element_type=\"widget\" data-widget_type=\"text-editor.default\">\n\t\t\t\t<div class=\"elementor-widget-container\">\n\t\t\t\t\t\t\t<p>En bref :<\/p><ul><li>Ligne d\u2019assistance gratuite 24 heures sur 24, 365 jours par an<\/li><li>Aide imm\u00e9diate dans les situations d\u2019urgence<\/li><li>Pour les v\u00e9t\u00e9rinaires, les assistant(e) v\u00e9t\u00e9rinaires, les \u00e9tudiant(e)s en m\u00e9decine v\u00e9t\u00e9rinaire et les tierces personnes de leur entourage<\/li><li>Toutes les informations sont trait\u00e9es de mani\u00e8re confidentielle<\/li><li>Langue allemand et fran\u00e7ais<\/li><\/ul><p>Pour les personnes int\u00e9ress\u00e9es:<\/p><p>La gestion de la souffrance animale, les conflits avec les clients, les longues journ\u00e9es de travail : Les v\u00e9t\u00e9rinaires, assistant(e)s v\u00e9t\u00e9rinaires et \u00e9tudiant(e)s en m\u00e9decine v\u00e9t\u00e9rinaire sont tr\u00e8s sollicit\u00e9s dans le cadre de leur profession et de leur formation. \u00c0 cela peuvent s\u2019ajouter des difficult\u00e9s dans la sph\u00e8re priv\u00e9e ou d\u2019autres conflits. Tout cela peut conduire \u00e0 une forte pression sur la sant\u00e9 mentale et \u00e0 une situation qui semble soudain sans issue.<\/p><p>Pour de telles situations d\u2019urgence, il existe d\u00e9sormais, avec la ligne t\u00e9l\u00e9phonique d\u2019urgence SOSforVets de la SVS, un service d\u2019assistance cr\u00e9\u00e9 sp\u00e9cifiquement pour les personnes exer\u00e7ant la profession de v\u00e9t\u00e9rinaire et leur entourage. Les personnes concern\u00e9es re\u00e7oivent un soutien 24 heures sur 24 dans les situations difficiles. Lors de chaque prise de contact, un(e) professionnel(le) de la sant\u00e9 r\u00e9pond en fran\u00e7ais ou en allemand, voire, dans la mesure du possible, en italien et en anglais. Ce ou cette professionnel(le) fait une premi\u00e8re \u00e9valuation de la situation et proc\u00e8de \u00e0 un premier filtrage. S\u2019il s\u2019agit d\u2019une situation d\u2019urgence aigu\u00eb, le ou la patient(e) est orient\u00e9(e) vers des m\u00e9decins et des psychiatres form\u00e9s, qui prennent les mesures imm\u00e9diatement n\u00e9cessaires.<\/p><p>S\u2019il ne s\u2019agit pas d\u2019une situation d\u2019urgence aigu\u00eb, le ou la professionnel(le) d\u00e9termine si une prise en charge est indiqu\u00e9e au niveau mental, au niveau juridique et professionnel ou bien dans les deux domaines. Ces personnes pourront \u00eatre orient\u00e9es vers les personnes comp\u00e9tentes au secr\u00e9tariat de la SVS, qui chercheront des solutions individualis\u00e9es pour les personnes concern\u00e9es en collaboration avec des sp\u00e9cialistes. Toutes les informations et demandes sont trait\u00e9es de mani\u00e8re confidentielle.<\/p><p>La SVS propose la ligne d\u2019assistance SOSforVets en collaboration avec le r\u00e9seau de soutien pour les m\u00e9decins de la FMH, ReMed, ainsi que Medphone AG. Gr\u00e2ce \u00e0 la contribution financi\u00e8re de la SVS, cette ligne est gratuite pour les personnes qui appellent. La ligne d\u2019assistance SOSforVets est \u00e9galement \u00e0 la disposition des personnes qui ne sont pas membres de la SVT. Des tiers peuvent \u00e9galement composer ce num\u00e9ro de t\u00e9l\u00e9phone, car il arrive que des personnes de l\u2019entourage soient conscientes d\u2019une telle situation avant les personnes concern\u00e9es elles-m\u00eames.<\/p>\t\t\t\t\t\t<\/div>\n\t\t\t\t<\/div>\n\t\t\t\t\t<\/div>\n\t\t<\/div>\n\t\t\t\t<div class=\"elementor-column elementor-col-16 elementor-top-column elementor-element elementor-element-c33c25d\" data-id=\"c33c25d\" data-element_type=\"column\">\n\t\t\t<div class=\"elementor-widget-wrap\">\n\t\t\t\t\t\t\t\t\t<\/div>\n\t\t<\/div>\n\t\t\t\t\t\t\t<\/div>\n\t\t<\/section>\n\t\t\t\t\t\t\t<\/div>\n\t\t","protected":false},"excerpt":{"rendered":"<p>Appele ce num\u00e9ro et re\u00e7ois l\u2019aide dont tu as besoin 0800 073 535La ligne t\u00e9l\u00e9phonique d\u2019urgence de la SVS soutient les v\u00e9t\u00e9rinaires, les assistant(e) v\u00e9t\u00e9rinaires, mais aussi les \u00e9tudiant(e)s en m\u00e9decine v\u00e9t\u00e9rinaire dans les situations de vie difficiles. La ligne d\u2019assistance est disponible gratuitement 24 heures sur 24 pour les personnes concern\u00e9es et pour leurs&hellip;<\/p>\n","protected":false},"author":4,"featured_media":0,"parent":0,"menu_order":0,"comment_status":"closed","ping_status":"closed","template":"","meta":{"inline_featured_image":false},"acf":[],"yoast_head":"<!-- This site is optimized with the Yoast SEO plugin v20.11 - https:\/\/yoast.com\/wordpress\/plugins\/seo\/ -->\n<title>SOS for Vets - HappyVetProject<\/title>\n<meta name=\"robots\" content=\"index, follow, max-snippet:-1, max-image-preview:large, max-video-preview:-1\" \/>\n<link rel=\"canonical\" href=\"https:\/\/happyvetproject.org\/fr\/sosforvets\/\" \/>\n<meta property=\"og:locale\" content=\"fr_FR\" \/>\n<meta property=\"og:type\" content=\"article\" \/>\n<meta property=\"og:title\" content=\"SOS for Vets - HappyVetProject\" \/>\n<meta property=\"og:description\" content=\"Appele ce num\u00e9ro et re\u00e7ois l\u2019aide dont tu as besoin 0800 073 535La ligne t\u00e9l\u00e9phonique d\u2019urgence de la SVS soutient les v\u00e9t\u00e9rinaires, les assistant(e) v\u00e9t\u00e9rinaires, mais aussi les \u00e9tudiant(e)s en m\u00e9decine v\u00e9t\u00e9rinaire dans les situations de vie difficiles. La ligne d\u2019assistance est disponible gratuitement 24 heures sur 24 pour les personnes concern\u00e9es et pour leurs&hellip;\" \/>\n<meta property=\"og:url\" content=\"https:\/\/happyvetproject.org\/fr\/sosforvets\/\" \/>\n<meta property=\"og:site_name\" content=\"HappyVetProject\" \/>\n<meta property=\"article:modified_time\" content=\"2025-03-03T10:46:57+00:00\" \/>\n<meta name=\"twitter:card\" content=\"summary_large_image\" \/>\n<meta name=\"twitter:label1\" content=\"Dur\u00e9e de lecture estim\u00e9e\" \/>\n\t<meta name=\"twitter:data1\" content=\"3 minutes\" \/>\n<script type=\"application\/ld+json\" class=\"yoast-schema-graph\">{\"@context\":\"https:\/\/schema.org\",\"@graph\":[{\"@type\":\"WebPage\",\"@id\":\"https:\/\/happyvetproject.org\/fr\/sosforvets\/\",\"url\":\"https:\/\/happyvetproject.org\/fr\/sosforvets\/\",\"name\":\"SOS for Vets - HappyVetProject\",\"isPartOf\":{\"@id\":\"https:\/\/happyvetproject.org\/fr\/#website\"},\"datePublished\":\"2025-03-03T10:32:16+00:00\",\"dateModified\":\"2025-03-03T10:46:57+00:00\",\"breadcrumb\":{\"@id\":\"https:\/\/happyvetproject.org\/fr\/sosforvets\/#breadcrumb\"},\"inLanguage\":\"fr-FR\",\"potentialAction\":[{\"@type\":\"ReadAction\",\"target\":[\"https:\/\/happyvetproject.org\/fr\/sosforvets\/\"]}]},{\"@type\":\"BreadcrumbList\",\"@id\":\"https:\/\/happyvetproject.org\/fr\/sosforvets\/#breadcrumb\",\"itemListElement\":[{\"@type\":\"ListItem\",\"position\":1,\"name\":\"Home\",\"item\":\"https:\/\/happyvetproject.org\/fr\/\"},{\"@type\":\"ListItem\",\"position\":2,\"name\":\"SOS for Vets\"}]},{\"@type\":\"WebSite\",\"@id\":\"https:\/\/happyvetproject.org\/fr\/#website\",\"url\":\"https:\/\/happyvetproject.org\/fr\/\",\"name\":\"HappyVetProject\",\"description\":\"Burnout antidotes for vets\",\"publisher\":{\"@id\":\"https:\/\/happyvetproject.org\/fr\/#organization\"},\"potentialAction\":[{\"@type\":\"SearchAction\",\"target\":{\"@type\":\"EntryPoint\",\"urlTemplate\":\"https:\/\/happyvetproject.org\/fr\/?s={search_term_string}\"},\"query-input\":\"required name=search_term_string\"}],\"inLanguage\":\"fr-FR\"},{\"@type\":\"Organization\",\"@id\":\"https:\/\/happyvetproject.org\/fr\/#organization\",\"name\":\"HappyVetProject\",\"url\":\"https:\/\/happyvetproject.org\/fr\/\",\"logo\":{\"@type\":\"ImageObject\",\"inLanguage\":\"fr-FR\",\"@id\":\"https:\/\/happyvetproject.org\/fr\/#\/schema\/logo\/image\/\",\"url\":\"https:\/\/happyvetproject.org\/wp-content\/uploads\/2021\/11\/happyvet-logo.png\",\"contentUrl\":\"https:\/\/happyvetproject.org\/wp-content\/uploads\/2021\/11\/happyvet-logo.png\",\"width\":123,\"height\":150,\"caption\":\"HappyVetProject\"},\"image\":{\"@id\":\"https:\/\/happyvetproject.org\/fr\/#\/schema\/logo\/image\/\"}}]}<\/script>\n<!-- \/ Yoast SEO plugin. -->","yoast_head_json":{"title":"SOS for Vets - HappyVetProject","robots":{"index":"index","follow":"follow","max-snippet":"max-snippet:-1","max-image-preview":"max-image-preview:large","max-video-preview":"max-video-preview:-1"},"canonical":"https:\/\/happyvetproject.org\/fr\/sosforvets\/","og_locale":"fr_FR","og_type":"article","og_title":"SOS for Vets - HappyVetProject","og_description":"Appele ce num\u00e9ro et re\u00e7ois l\u2019aide dont tu as besoin 0800 073 535La ligne t\u00e9l\u00e9phonique d\u2019urgence de la SVS soutient les v\u00e9t\u00e9rinaires, les assistant(e) v\u00e9t\u00e9rinaires, mais aussi les \u00e9tudiant(e)s en m\u00e9decine v\u00e9t\u00e9rinaire dans les situations de vie difficiles. La ligne d\u2019assistance est disponible gratuitement 24 heures sur 24 pour les personnes concern\u00e9es et pour leurs&hellip;","og_url":"https:\/\/happyvetproject.org\/fr\/sosforvets\/","og_site_name":"HappyVetProject","article_modified_time":"2025-03-03T10:46:57+00:00","twitter_card":"summary_large_image","twitter_misc":{"Dur\u00e9e de lecture estim\u00e9e":"3 minutes"},"schema":{"@context":"https:\/\/schema.org","@graph":[{"@type":"WebPage","@id":"https:\/\/happyvetproject.org\/fr\/sosforvets\/","url":"https:\/\/happyvetproject.org\/fr\/sosforvets\/","name":"SOS for Vets - HappyVetProject","isPartOf":{"@id":"https:\/\/happyvetproject.org\/fr\/#website"},"datePublished":"2025-03-03T10:32:16+00:00","dateModified":"2025-03-03T10:46:57+00:00","breadcrumb":{"@id":"https:\/\/happyvetproject.org\/fr\/sosforvets\/#breadcrumb"},"inLanguage":"fr-FR","potentialAction":[{"@type":"ReadAction","target":["https:\/\/happyvetproject.org\/fr\/sosforvets\/"]}]},{"@type":"BreadcrumbList","@id":"https:\/\/happyvetproject.org\/fr\/sosforvets\/#breadcrumb","itemListElement":[{"@type":"ListItem","position":1,"name":"Home","item":"https:\/\/happyvetproject.org\/fr\/"},{"@type":"ListItem","position":2,"name":"SOS for Vets"}]},{"@type":"WebSite","@id":"https:\/\/happyvetproject.org\/fr\/#website","url":"https:\/\/happyvetproject.org\/fr\/","name":"HappyVetProject","description":"Burnout antidotes for vets","publisher":{"@id":"https:\/\/happyvetproject.org\/fr\/#organization"},"potentialAction":[{"@type":"SearchAction","target":{"@type":"EntryPoint","urlTemplate":"https:\/\/happyvetproject.org\/fr\/?s={search_term_string}"},"query-input":"required name=search_term_string"}],"inLanguage":"fr-FR"},{"@type":"Organization","@id":"https:\/\/happyvetproject.org\/fr\/#organization","name":"HappyVetProject","url":"https:\/\/happyvetproject.org\/fr\/","logo":{"@type":"ImageObject","inLanguage":"fr-FR","@id":"https:\/\/happyvetproject.org\/fr\/#\/schema\/logo\/image\/","url":"https:\/\/happyvetproject.org\/wp-content\/uploads\/2021\/11\/happyvet-logo.png","contentUrl":"https:\/\/happyvetproject.org\/wp-content\/uploads\/2021\/11\/happyvet-logo.png","width":123,"height":150,"caption":"HappyVetProject"},"image":{"@id":"https:\/\/happyvetproject.org\/fr\/#\/schema\/logo\/image\/"}}]}},"_links":{"self":[{"href":"https:\/\/happyvetproject.org\/fr\/wp-json\/wp\/v2\/pages\/62607"}],"collection":[{"href":"https:\/\/happyvetproject.org\/fr\/wp-json\/wp\/v2\/pages"}],"about":[{"href":"https:\/\/happyvetproject.org\/fr\/wp-json\/wp\/v2\/types\/page"}],"author":[{"embeddable":true,"href":"https:\/\/happyvetproject.org\/fr\/wp-json\/wp\/v2\/users\/4"}],"replies":[{"embeddable":true,"href":"https:\/\/happyvetproject.org\/fr\/wp-json\/wp\/v2\/comments?post=62607"}],"version-history":[{"count":3,"href":"https:\/\/happyvetproject.org\/fr\/wp-json\/wp\/v2\/pages\/62607\/revisions"}],"predecessor-version":[{"id":62610,"href":"https:\/\/happyvetproject.org\/fr\/wp-json\/wp\/v2\/pages\/62607\/revisions\/62610"}],"wp:attachment":[{"href":"https:\/\/happyvetproject.org\/fr\/wp-json\/wp\/v2\/media?parent=62607"}],"curies":[{"name":"wp","href":"https:\/\/api.w.org\/{rel}","templated":true}]}}