{"id":59046,"date":"2022-01-05T10:18:57","date_gmt":"2022-01-05T09:18:57","guid":{"rendered":"https:\/\/happyvetproject.org\/termini-di-utilizzo\/"},"modified":"2023-04-24T07:42:02","modified_gmt":"2023-04-24T06:42:02","slug":"termini-di-utilizzo","status":"publish","type":"page","link":"https:\/\/happyvetproject.org\/it\/termini-di-utilizzo\/","title":{"rendered":"Termini di utilizzo"},"content":{"rendered":"\t\t<div data-elementor-type=\"wp-page\" data-elementor-id=\"59046\" class=\"elementor elementor-59046 elementor-51671\">\n\t\t\t\t\t\t\t\t\t<section class=\"elementor-section elementor-top-section elementor-element elementor-element-72353091 elementor-section-boxed elementor-section-height-default elementor-section-height-default\" data-id=\"72353091\" data-element_type=\"section\">\n\t\t\t\t\t\t<div class=\"elementor-container elementor-column-gap-default\">\n\t\t\t\t\t<div class=\"elementor-column elementor-col-100 elementor-top-column elementor-element elementor-element-53165c2e\" data-id=\"53165c2e\" data-element_type=\"column\">\n\t\t\t<div class=\"elementor-widget-wrap elementor-element-populated\">\n\t\t\t\t\t\t\t\t<div class=\"elementor-element elementor-element-291f882a elementor-widget elementor-widget-text-editor\" data-id=\"291f882a\" data-element_type=\"widget\" data-widget_type=\"text-editor.default\">\n\t\t\t\t<div class=\"elementor-widget-container\">\n\t\t\t<style>\/*! elementor - v3.13.3 - 28-05-2023 *\/\n.elementor-widget-text-editor.elementor-drop-cap-view-stacked .elementor-drop-cap{background-color:#69727d;color:#fff}.elementor-widget-text-editor.elementor-drop-cap-view-framed .elementor-drop-cap{color:#69727d;border:3px solid;background-color:transparent}.elementor-widget-text-editor:not(.elementor-drop-cap-view-default) .elementor-drop-cap{margin-top:8px}.elementor-widget-text-editor:not(.elementor-drop-cap-view-default) .elementor-drop-cap-letter{width:1em;height:1em}.elementor-widget-text-editor .elementor-drop-cap{float:left;text-align:center;line-height:1;font-size:50px}.elementor-widget-text-editor .elementor-drop-cap-letter{display:inline-block}<\/style>\t\t\t\t<h2><span style=\"color: var(--the7-h2-color); letter-spacing: 0.1em; text-transform: var(--the7-h2-text-transform); word-spacing: var(--the7-h2-word-spacing);\">TERMINI DI UTILIZZO<\/span><\/h2>\n<p><\/p>\n<p>L&#8217;intero contenuto \u00e8 attentamente vagliato e redatto al meglio delle nostre conoscenze e convinzioni. Ci sforziamo di estendere e aggiornare costantemente questa offerta di informazioni. Tuttavia non possiamo garantirne la completezza, accuratezza e aggiornamento. LIVISTO Group GmbH non pu\u00f2 essere ritenuta responsabile di eventuali perdite o danni subiti in relazione con l&#8217;utilizzo del contenuto delle nostre pagine web. LIVISTO Group GmbH non si assume alcuna responsabilit\u00e0 per danni indiretti, materiali o immateriali, per danni conseguenti derivanti da difetti, o per il mancato profitto, causati dall&#8217;uso o dal mancato uso delle informazioni presentate o del software ivi contenuto. Tutte le offerte sono soggette a modifiche e non sono vincolanti. LIVISTO Group GmbH si riserva espressamente il diritto di modificare, integrare o cancellare parti delle pagine o l&#8217;intera offerta, o di sospendere temporaneamente o definitivamente la pubblicazione senza rilasciare separatamente una notifica.<\/p>\n<p><\/p>\n<h3 class=\"generic-text-black-medium\">Copyright<\/h3>\n<p><\/p>\n<p>Il contenuto del sito web di LIVISTO Group GmbH \u00e8 protetto da copyright. Tutti i diritti riservati. Il copyright degli oggetti pubblicati realizzati dalla stessa LIVISTO Group GmbH appartiene esclusivamente a LIVISTO Group GmbH. Qualsiasi riproduzione o utilizzo di tali grafiche, documenti audio, sequenze video e testi, in altre pubblicazioni elettroniche o stampate, sono proibiti senza il consenso esplicito di LIVISTO Group GmbH.<\/p>\n<p>In tutte le pubblicazioni, LIVISTO Group GmbH si impegna a rispettare i diritti d&#8217;autore della grafica, dei documenti audio, delle sequenze video e dei testi utilizzati, a utilizzare le proprie grafiche, i propri documenti audio, le proprie sequenze video e i propri testi, o a utilizzare grafiche, documenti audio, sequenze video e testi esenti da royalty. Ogni singolo marchio commerciale, brand, nome commerciale e nome generico menzionato nell&#8217;ambito della nostra offerta Internet e, ove applicabile, protetto da terzi, \u00e8 soggetto in toto alle disposizioni di legge in materia di marchi commerciali e segni affini, nonch\u00e9 di diritti di propriet\u00e0 dei titolari registrati in ciascun caso. Il fatto che i marchi commerciali siano semplicemente menzionati non deve portare alla conclusione che essi non siano protetti da diritti di terze parti!<\/p>\n<p><\/p>\n<h3 class=\"generic-text-black-medium\">Privacy e protezione dei dati personali dell&#8217;utente<\/h3>\n<p><\/p>\n<p>La soddisfazione dell&#8217;utente \u00e8 una priorit\u00e0 per LIVISTO Group GmbH. A questo proposito, consideriamo altres\u00ec nostro dovere proteggere i dati personali dell&#8217;utente da noi raccolti. Utilizziamo le informazioni raccolte esclusivamente per finalit\u00e0 operative, ovvero, principalmente, per consentire all&#8217;utente di utilizzare le nostre offerte in modo pi\u00f9 conveniente e mirato. LIVISTO Group GmbH non mette i dati personali dell&#8217;utente a disposizione di terzi affinch\u00e9 li utilizzino al di fuori della societ\u00e0. La stringente tutela della riservatezza dei dati dell&#8217;utente \u00e8 per noi una prassi consolidata.<\/p>\n<p><\/p>\n<h3 class=\"generic-text-black-medium\">Validit\u00e0 del presente disclaimer<\/h3>\n<p><\/p>\n<p>La presente clausola di esclusione di responsabilit\u00e0 deve essere considerata parte integrante dell&#8217;offerta Internet dalla quale l&#8217;utente \u00e8 stato indirizzato a questa pagina. Qualora alcune parti di questo testo o singole formule non dovessero essere conformi, non lo fossero pi\u00f9 o non lo fossero pienamente rispetto alla situazione giuridica applicabile, ci\u00f2 non influisce sul contenuto e sulla validit\u00e0 delle altre parti del documento.<\/p>\t\t\t\t\t\t<\/div>\n\t\t\t\t<\/div>\n\t\t\t\t\t<\/div>\n\t\t<\/div>\n\t\t\t\t\t\t\t<\/div>\n\t\t<\/section>\n\t\t\t\t\t\t\t<\/div>\n\t\t","protected":false},"excerpt":{"rendered":"<p>TERMINI DI UTILIZZO L&#8217;intero contenuto \u00e8 attentamente vagliato e redatto al meglio delle nostre conoscenze e convinzioni. Ci sforziamo di estendere e aggiornare costantemente questa offerta di informazioni. Tuttavia non possiamo garantirne la completezza, accuratezza e aggiornamento. LIVISTO Group GmbH non pu\u00f2 essere ritenuta responsabile di eventuali perdite o danni subiti in relazione con l&#8217;utilizzo&hellip;<\/p>\n","protected":false},"author":6,"featured_media":0,"parent":0,"menu_order":80,"comment_status":"closed","ping_status":"closed","template":"","meta":{"inline_featured_image":false},"acf":[],"yoast_head":"<!-- This site is optimized with the Yoast SEO plugin v20.11 - https:\/\/yoast.com\/wordpress\/plugins\/seo\/ -->\n<title>Termini di utilizzo - HappyVetProject<\/title>\n<meta name=\"robots\" content=\"index, follow, max-snippet:-1, max-image-preview:large, max-video-preview:-1\" \/>\n<link rel=\"canonical\" href=\"https:\/\/happyvetproject.org\/it\/termini-di-utilizzo\/\" \/>\n<meta property=\"og:locale\" content=\"it_IT\" \/>\n<meta property=\"og:type\" content=\"article\" \/>\n<meta property=\"og:title\" content=\"Termini di utilizzo - HappyVetProject\" \/>\n<meta property=\"og:description\" content=\"TERMINI DI UTILIZZO L&#8217;intero contenuto \u00e8 attentamente vagliato e redatto al meglio delle nostre conoscenze e convinzioni. Ci sforziamo di estendere e aggiornare costantemente questa offerta di informazioni. Tuttavia non possiamo garantirne la completezza, accuratezza e aggiornamento. LIVISTO Group GmbH non pu\u00f2 essere ritenuta responsabile di eventuali perdite o danni subiti in relazione con l&#8217;utilizzo&hellip;\" \/>\n<meta property=\"og:url\" content=\"https:\/\/happyvetproject.org\/it\/termini-di-utilizzo\/\" \/>\n<meta property=\"og:site_name\" content=\"HappyVetProject\" \/>\n<meta property=\"article:modified_time\" content=\"2023-04-24T06:42:02+00:00\" \/>\n<meta name=\"twitter:card\" content=\"summary_large_image\" \/>\n<meta name=\"twitter:label1\" content=\"Tempo di lettura stimato\" \/>\n\t<meta name=\"twitter:data1\" content=\"3 minuti\" \/>\n<script type=\"application\/ld+json\" class=\"yoast-schema-graph\">{\"@context\":\"https:\/\/schema.org\",\"@graph\":[{\"@type\":\"WebPage\",\"@id\":\"https:\/\/happyvetproject.org\/it\/termini-di-utilizzo\/\",\"url\":\"https:\/\/happyvetproject.org\/it\/termini-di-utilizzo\/\",\"name\":\"Termini di utilizzo - HappyVetProject\",\"isPartOf\":{\"@id\":\"https:\/\/happyvetproject.org\/it\/#website\"},\"datePublished\":\"2022-01-05T09:18:57+00:00\",\"dateModified\":\"2023-04-24T06:42:02+00:00\",\"breadcrumb\":{\"@id\":\"https:\/\/happyvetproject.org\/it\/termini-di-utilizzo\/#breadcrumb\"},\"inLanguage\":\"it-IT\",\"potentialAction\":[{\"@type\":\"ReadAction\",\"target\":[\"https:\/\/happyvetproject.org\/it\/termini-di-utilizzo\/\"]}]},{\"@type\":\"BreadcrumbList\",\"@id\":\"https:\/\/happyvetproject.org\/it\/termini-di-utilizzo\/#breadcrumb\",\"itemListElement\":[{\"@type\":\"ListItem\",\"position\":1,\"name\":\"Home\",\"item\":\"https:\/\/happyvetproject.org\/it\/\"},{\"@type\":\"ListItem\",\"position\":2,\"name\":\"Termini di utilizzo\"}]},{\"@type\":\"WebSite\",\"@id\":\"https:\/\/happyvetproject.org\/it\/#website\",\"url\":\"https:\/\/happyvetproject.org\/it\/\",\"name\":\"HappyVetProject\",\"description\":\"Burnout antidotes for vets\",\"publisher\":{\"@id\":\"https:\/\/happyvetproject.org\/it\/#organization\"},\"potentialAction\":[{\"@type\":\"SearchAction\",\"target\":{\"@type\":\"EntryPoint\",\"urlTemplate\":\"https:\/\/happyvetproject.org\/it\/?s={search_term_string}\"},\"query-input\":\"required name=search_term_string\"}],\"inLanguage\":\"it-IT\"},{\"@type\":\"Organization\",\"@id\":\"https:\/\/happyvetproject.org\/it\/#organization\",\"name\":\"HappyVetProject\",\"url\":\"https:\/\/happyvetproject.org\/it\/\",\"logo\":{\"@type\":\"ImageObject\",\"inLanguage\":\"it-IT\",\"@id\":\"https:\/\/happyvetproject.org\/it\/#\/schema\/logo\/image\/\",\"url\":\"https:\/\/happyvetproject.org\/wp-content\/uploads\/2021\/11\/happyvet-logo.png\",\"contentUrl\":\"https:\/\/happyvetproject.org\/wp-content\/uploads\/2021\/11\/happyvet-logo.png\",\"width\":123,\"height\":150,\"caption\":\"HappyVetProject\"},\"image\":{\"@id\":\"https:\/\/happyvetproject.org\/it\/#\/schema\/logo\/image\/\"}}]}<\/script>\n<!-- \/ Yoast SEO plugin. -->","yoast_head_json":{"title":"Termini di utilizzo - HappyVetProject","robots":{"index":"index","follow":"follow","max-snippet":"max-snippet:-1","max-image-preview":"max-image-preview:large","max-video-preview":"max-video-preview:-1"},"canonical":"https:\/\/happyvetproject.org\/it\/termini-di-utilizzo\/","og_locale":"it_IT","og_type":"article","og_title":"Termini di utilizzo - HappyVetProject","og_description":"TERMINI DI UTILIZZO L&#8217;intero contenuto \u00e8 attentamente vagliato e redatto al meglio delle nostre conoscenze e convinzioni. Ci sforziamo di estendere e aggiornare costantemente questa offerta di informazioni. Tuttavia non possiamo garantirne la completezza, accuratezza e aggiornamento. LIVISTO Group GmbH non pu\u00f2 essere ritenuta responsabile di eventuali perdite o danni subiti in relazione con l&#8217;utilizzo&hellip;","og_url":"https:\/\/happyvetproject.org\/it\/termini-di-utilizzo\/","og_site_name":"HappyVetProject","article_modified_time":"2023-04-24T06:42:02+00:00","twitter_card":"summary_large_image","twitter_misc":{"Tempo di lettura stimato":"3 minuti"},"schema":{"@context":"https:\/\/schema.org","@graph":[{"@type":"WebPage","@id":"https:\/\/happyvetproject.org\/it\/termini-di-utilizzo\/","url":"https:\/\/happyvetproject.org\/it\/termini-di-utilizzo\/","name":"Termini di utilizzo - HappyVetProject","isPartOf":{"@id":"https:\/\/happyvetproject.org\/it\/#website"},"datePublished":"2022-01-05T09:18:57+00:00","dateModified":"2023-04-24T06:42:02+00:00","breadcrumb":{"@id":"https:\/\/happyvetproject.org\/it\/termini-di-utilizzo\/#breadcrumb"},"inLanguage":"it-IT","potentialAction":[{"@type":"ReadAction","target":["https:\/\/happyvetproject.org\/it\/termini-di-utilizzo\/"]}]},{"@type":"BreadcrumbList","@id":"https:\/\/happyvetproject.org\/it\/termini-di-utilizzo\/#breadcrumb","itemListElement":[{"@type":"ListItem","position":1,"name":"Home","item":"https:\/\/happyvetproject.org\/it\/"},{"@type":"ListItem","position":2,"name":"Termini di utilizzo"}]},{"@type":"WebSite","@id":"https:\/\/happyvetproject.org\/it\/#website","url":"https:\/\/happyvetproject.org\/it\/","name":"HappyVetProject","description":"Burnout antidotes for vets","publisher":{"@id":"https:\/\/happyvetproject.org\/it\/#organization"},"potentialAction":[{"@type":"SearchAction","target":{"@type":"EntryPoint","urlTemplate":"https:\/\/happyvetproject.org\/it\/?s={search_term_string}"},"query-input":"required name=search_term_string"}],"inLanguage":"it-IT"},{"@type":"Organization","@id":"https:\/\/happyvetproject.org\/it\/#organization","name":"HappyVetProject","url":"https:\/\/happyvetproject.org\/it\/","logo":{"@type":"ImageObject","inLanguage":"it-IT","@id":"https:\/\/happyvetproject.org\/it\/#\/schema\/logo\/image\/","url":"https:\/\/happyvetproject.org\/wp-content\/uploads\/2021\/11\/happyvet-logo.png","contentUrl":"https:\/\/happyvetproject.org\/wp-content\/uploads\/2021\/11\/happyvet-logo.png","width":123,"height":150,"caption":"HappyVetProject"},"image":{"@id":"https:\/\/happyvetproject.org\/it\/#\/schema\/logo\/image\/"}}]}},"_links":{"self":[{"href":"https:\/\/happyvetproject.org\/it\/wp-json\/wp\/v2\/pages\/59046"}],"collection":[{"href":"https:\/\/happyvetproject.org\/it\/wp-json\/wp\/v2\/pages"}],"about":[{"href":"https:\/\/happyvetproject.org\/it\/wp-json\/wp\/v2\/types\/page"}],"author":[{"embeddable":true,"href":"https:\/\/happyvetproject.org\/it\/wp-json\/wp\/v2\/users\/6"}],"replies":[{"embeddable":true,"href":"https:\/\/happyvetproject.org\/it\/wp-json\/wp\/v2\/comments?post=59046"}],"version-history":[{"count":2,"href":"https:\/\/happyvetproject.org\/it\/wp-json\/wp\/v2\/pages\/59046\/revisions"}],"predecessor-version":[{"id":59293,"href":"https:\/\/happyvetproject.org\/it\/wp-json\/wp\/v2\/pages\/59046\/revisions\/59293"}],"wp:attachment":[{"href":"https:\/\/happyvetproject.org\/it\/wp-json\/wp\/v2\/media?parent=59046"}],"curies":[{"name":"wp","href":"https:\/\/api.w.org\/{rel}","templated":true}]}}