{"id":59056,"date":"2022-02-08T10:40:57","date_gmt":"2022-02-08T09:40:57","guid":{"rendered":"https:\/\/happyvetproject.org\/vet-yogi\/yoga-in-clinica\/"},"modified":"2023-04-24T07:40:22","modified_gmt":"2023-04-24T06:40:22","slug":"yoga-in-clinica","status":"publish","type":"page","link":"https:\/\/happyvetproject.org\/it\/body-vet\/vet-yogi\/yoga-in-clinica\/","title":{"rendered":"Yoga in clinica"},"content":{"rendered":"\t\t<div data-elementor-type=\"wp-page\" data-elementor-id=\"59056\" class=\"elementor elementor-59056 elementor-51833\">\n\t\t\t\t\t\t\t\t\t<section class=\"elementor-section elementor-top-section elementor-element elementor-element-1d78df91 category-picto-box elementor-section-boxed elementor-section-height-default elementor-section-height-default\" data-id=\"1d78df91\" data-element_type=\"section\">\n\t\t\t\t\t\t<div class=\"elementor-container elementor-column-gap-default\">\n\t\t\t\t\t<div class=\"elementor-column elementor-col-100 elementor-top-column elementor-element elementor-element-4715ed8a\" data-id=\"4715ed8a\" data-element_type=\"column\">\n\t\t\t<div class=\"elementor-widget-wrap elementor-element-populated\">\n\t\t\t\t\t\t\t\t<div class=\"elementor-element elementor-element-5a053bf8 category-picto elementor-widget elementor-widget-image\" data-id=\"5a053bf8\" data-element_type=\"widget\" data-widget_type=\"image.default\">\n\t\t\t\t<div class=\"elementor-widget-container\">\n\t\t\t<style>\/*! elementor - v3.13.3 - 28-05-2023 *\/\n.elementor-widget-image{text-align:center}.elementor-widget-image a{display:inline-block}.elementor-widget-image a img{width:48px}.elementor-widget-image img{vertical-align:middle;display:inline-block}<\/style>\t\t\t\t\t\t\t\t\t\t\t\t\t<a href=\"https:\/\/happyvetproject.org\/it\/vet-yogi\/\">\n\t\t\t\t\t\t\t<img decoding=\"async\" width=\"92\" height=\"92\" src=\"https:\/\/happyvetproject.org\/wp-content\/uploads\/2022\/04\/happy-vet-project-vet-yogi.png\" class=\"attachment-full size-full wp-image-55670\" alt=\"\" loading=\"lazy\" \/>\t\t\t\t\t\t\t\t<\/a>\n\t\t\t\t\t\t\t\t\t\t\t\t\t\t\t<\/div>\n\t\t\t\t<\/div>\n\t\t\t\t<div class=\"elementor-element elementor-element-3892bd29 category-picto elementor-widget elementor-widget-image\" data-id=\"3892bd29\" data-element_type=\"widget\" data-widget_type=\"image.default\">\n\t\t\t\t<div class=\"elementor-widget-container\">\n\t\t\t\t\t\t\t\t\t\t\t\t\t\t\t<img decoding=\"async\" src=\"https:\/\/happyvetproject.org\/wp-content\/uploads\/elementor\/thumbs\/icon01-1-q3hpvo06szdg8mpyprapoqffc1goj25g9s89smsryw.png\" title=\"icon01\" alt=\"icon01\" loading=\"lazy\" \/>\t\t\t\t\t\t\t\t\t\t\t\t\t\t\t<\/div>\n\t\t\t\t<\/div>\n\t\t\t\t\t<\/div>\n\t\t<\/div>\n\t\t\t\t\t\t\t<\/div>\n\t\t<\/section>\n\t\t\t\t<section class=\"elementor-section elementor-top-section elementor-element elementor-element-6e77ff0c elementor-section-boxed elementor-section-height-default elementor-section-height-default\" data-id=\"6e77ff0c\" data-element_type=\"section\">\n\t\t\t\t\t\t<div class=\"elementor-container elementor-column-gap-default\">\n\t\t\t\t\t<div class=\"elementor-column elementor-col-100 elementor-top-column elementor-element elementor-element-74b7588\" data-id=\"74b7588\" data-element_type=\"column\">\n\t\t\t<div class=\"elementor-widget-wrap elementor-element-populated\">\n\t\t\t\t\t\t\t\t<div class=\"elementor-element elementor-element-27b1142d elementor-widget elementor-widget-shortcode\" data-id=\"27b1142d\" data-element_type=\"widget\" data-widget_type=\"shortcode.default\">\n\t\t\t\t<div class=\"elementor-widget-container\">\n\t\t\t\t\t<div class=\"elementor-shortcode\"><div class=\"facetwp-template\" data-name=\"clinics_yoga\"><div class=\"fwpl-layout el-2dtxsr\"><div class=\"fwpl-result r1\"><div class=\"fwpl-row el-fh2opx\"><div class=\"fwpl-col fwpl-col el-z6z46o\"><div class=\"fwpl-item el-vzu7su item-image\"><a href=\"https:\/\/happyvetproject.org\/it\/vet-yogi\/allentamento-della-pressione\/\"><img width=\"392\" height=\"256\" src=\"https:\/\/happyvetproject.org\/wp-content\/uploads\/2022\/03\/happy-vet-yogi-pression-release-1.jpg\" class=\"attachment-medium_large size-medium_large wp-post-image\" alt=\"\" decoding=\"async\" loading=\"lazy\" srcset=\"https:\/\/happyvetproject.org\/wp-content\/uploads\/2022\/03\/happy-vet-yogi-pression-release-1.jpg 392w, https:\/\/happyvetproject.org\/wp-content\/uploads\/2022\/03\/happy-vet-yogi-pression-release-1-300x196.jpg 300w\" sizes=\"(max-width: 392px) 100vw, 392px\" \/><\/a><\/div><div class=\"fwpl-item el-9tknsu item-duration\">9 min.<\/div><div class=\"fwpl-item el-ht8iv item-title title-uppsercase\"><a href=\"https:\/\/happyvetproject.org\/it\/vet-yogi\/allentamento-della-pressione\/\">Allentamento della pressione<\/a><\/div><div class=\"fwpl-item el-pfeppr item-degree is-empty\"><\/div><div class=\"fwpl-item el-rd7s6 item-excerpt\">Nel nostro lavoro quotidiano di veterinari, tecnici, direttori sanitari e cos\u00ec via, le situazioni di conflitto possono avere origine da varie cause: proprietari degli animali, clienti, colleghi, dipendenti, fornitori e se oltre a ci\u00f2, in quanto professionisti, siamo anche presenti sui social media, saremo sempre sotto attenta osservazione da parte del pubblico. Sentirsi in conflitto e in costante tensione al lavoro \u00e8 una questione di primaria importanza e devi lavorare attivamente su di essa. Nel frattempo, lo yoga pu\u00f2 aiutare a ritrovare il focus.<\/div><\/div><\/div><\/div><div class=\"fwpl-result r2\"><div class=\"fwpl-row el-fh2opx\"><div class=\"fwpl-col fwpl-col el-z6z46o\"><div class=\"fwpl-item el-vzu7su item-image\"><a href=\"https:\/\/happyvetproject.org\/it\/vet-yogi\/perdita-e-lutto\/\"><img width=\"392\" height=\"256\" src=\"https:\/\/happyvetproject.org\/wp-content\/uploads\/2022\/03\/happy-vet-yogi-loss-and-grief.jpg\" class=\"attachment-medium_large size-medium_large wp-post-image\" alt=\"\" decoding=\"async\" loading=\"lazy\" srcset=\"https:\/\/happyvetproject.org\/wp-content\/uploads\/2022\/03\/happy-vet-yogi-loss-and-grief.jpg 392w, https:\/\/happyvetproject.org\/wp-content\/uploads\/2022\/03\/happy-vet-yogi-loss-and-grief-300x196.jpg 300w\" sizes=\"(max-width: 392px) 100vw, 392px\" \/><\/a><\/div><div class=\"fwpl-item el-9tknsu item-duration\">11 min.<\/div><div class=\"fwpl-item el-ht8iv item-title title-uppsercase\"><a href=\"https:\/\/happyvetproject.org\/it\/vet-yogi\/perdita-e-lutto\/\">Perdita e lutto<\/a><\/div><div class=\"fwpl-item el-pfeppr item-degree is-empty\"><\/div><div class=\"fwpl-item el-rd7s6 item-excerpt\">Per affrontare una perdita e le forti emozioni ad essa correlate, forse dovresti concederti di sentirti vulnerabile, riconoscendo appieno l\u2019evento ma lasciandolo andare come un qualcosa che non \u00e8 pi\u00f9 sotto il tuo controllo e che \u00e8 successo al di fuori di te, semplicemente come un'esperienza in cui sei stato coinvolto. Prima di iniziare, ti suggeriamo di scegliere un posto con luce tenue naturale e il pi\u00f9 tranquillo possibile. Dopo la perdita di un paziente devi assolutamente cercare di uscire dalla clinica per alcuni istanti a respirare consapevolmente...<\/div><\/div><\/div><\/div><div class=\"fwpl-result r3\"><div class=\"fwpl-row el-fh2opx\"><div class=\"fwpl-col fwpl-col el-z6z46o\"><div class=\"fwpl-item el-vzu7su item-image\"><a href=\"https:\/\/happyvetproject.org\/it\/vet-yogi\/yoga-post-chirurgia\/\"><img width=\"392\" height=\"256\" src=\"https:\/\/happyvetproject.org\/wp-content\/uploads\/2022\/02\/happy-vet-yogi-surgery-mode.jpg\" class=\"attachment-medium_large size-medium_large wp-post-image\" alt=\"\" decoding=\"async\" loading=\"lazy\" srcset=\"https:\/\/happyvetproject.org\/wp-content\/uploads\/2022\/02\/happy-vet-yogi-surgery-mode.jpg 392w, https:\/\/happyvetproject.org\/wp-content\/uploads\/2022\/02\/happy-vet-yogi-surgery-mode-300x196.jpg 300w\" sizes=\"(max-width: 392px) 100vw, 392px\" \/><\/a><\/div><div class=\"fwpl-item el-9tknsu item-duration\">10 min.<\/div><div class=\"fwpl-item el-ht8iv item-title title-uppsercase\"><a href=\"https:\/\/happyvetproject.org\/it\/vet-yogi\/yoga-post-chirurgia\/\">Yoga post-chirurgia<\/a><\/div><div class=\"fwpl-item el-pfeppr item-degree is-empty\"><\/div><div class=\"fwpl-item el-rd7s6 item-excerpt\">Adesso, mentre ti lavi il viso e togli la cuffia, puoi finalmente pensare a qualcos'altro. Finora, ogni secondo \u00e8 stato assorbito dalla cucciolata che hai appena fatto nascere con un cesareo d'urgenza giusto all'ora di pranzo, preceduta da un'intera mattinata in sala operatoria, quindi goditi questo momento e dedicalo a te. Stare in piedi in posizioni scorrette per lungo tempo, caricare di peso i pazienti anestetizzati, sostenere la tensione corporea\u2026 tutto ci\u00f2 pu\u00f2 causare intorpidimento e tensione in alcuni muscoli specifici e, sul lungo periodo, pu\u00f2 portare a lesioni pi\u00f9 serie. Vai in una stanza con luce soffusa (la sala per le radiografie o per le ecografie pu\u00f2 andar bene!) e chiudi gli occhi per un po'. Se ti senti ancora in agitazione, inizia a fare gli esercizi di \"Yoga tra le visite\" per ritrovare la calma. Magari senti il corpo pesante; mettiti su una sedia comoda. \u00c8 utile anche uscire fuori per un minuto, prendere una boccata d'aria fresca, sentire il sole sul viso per alcuni istanti, e non dimenticare di idratarti e mangiare correttamente.<\/div><\/div><\/div><\/div><div class=\"fwpl-result r4\"><div class=\"fwpl-row el-fh2opx\"><div class=\"fwpl-col fwpl-col el-z6z46o\"><div class=\"fwpl-item el-vzu7su item-image\"><a href=\"https:\/\/happyvetproject.org\/it\/vet-yogi\/yoga-tra-le-visite\/\"><img width=\"768\" height=\"414\" src=\"https:\/\/happyvetproject.org\/wp-content\/uploads\/2022\/01\/consultations-mode-play-768x414.jpg\" class=\"attachment-medium_large size-medium_large wp-post-image\" alt=\"\" decoding=\"async\" loading=\"lazy\" srcset=\"https:\/\/happyvetproject.org\/wp-content\/uploads\/2022\/01\/consultations-mode-play-768x414.jpg 768w, https:\/\/happyvetproject.org\/wp-content\/uploads\/2022\/01\/consultations-mode-play-300x162.jpg 300w, https:\/\/happyvetproject.org\/wp-content\/uploads\/2022\/01\/consultations-mode-play-1024x552.jpg 1024w, https:\/\/happyvetproject.org\/wp-content\/uploads\/2022\/01\/consultations-mode-play.jpg 1200w\" sizes=\"(max-width: 768px) 100vw, 768px\" \/><\/a><\/div><div class=\"fwpl-item el-9tknsu item-duration\">7 min.<\/div><div class=\"fwpl-item el-ht8iv item-title title-uppsercase\"><a href=\"https:\/\/happyvetproject.org\/it\/vet-yogi\/yoga-tra-le-visite\/\">Yoga tra le visite<\/a><\/div><div class=\"fwpl-item el-pfeppr item-degree is-empty\"><\/div><div class=\"fwpl-item el-rd7s6 item-excerpt\">Si tratta di una serie da 6 minuti che si incentra sul rallentare la respirazione e decomprimere le posture. Ti serve solo una sedia e, indovina! \u2026 un guinzaglio! Il nostro consiglio \u00e8 di imparare l\u2019intera serie, ma probabilmente dovrai eseguire i vari esercizi separatamente durante le pause di uno o due minuti tra un paziente e l\u2019altro. Partiamo!<\/div><\/div><\/div><\/div><\/div>\n<style>\n.fwpl-layout, .fwpl-row {\n    display: grid;\n}\n.fwpl-layout.el-2dtxsr {\n    grid-template-columns: repeat(3, 1fr);\n    grid-gap: 10px;\n}\n.fwpl-row.el-fh2opx {\n    grid-template-columns: 1fr;\n}\n<\/style>\n<\/div><\/div>\n\t\t\t\t<\/div>\n\t\t\t\t<\/div>\n\t\t\t\t\t<\/div>\n\t\t<\/div>\n\t\t\t\t\t\t\t<\/div>\n\t\t<\/section>\n\t\t\t\t\t\t\t<\/div>\n\t\t","protected":false},"excerpt":{"rendered":"<p>9 min.Allentamento della pressioneNel nostro lavoro quotidiano di veterinari, tecnici, direttori sanitari e cos\u00ec via, le situazioni di conflitto possono avere origine da varie cause: proprietari degli animali, clienti, colleghi, dipendenti, fornitori e se oltre a ci\u00f2, in quanto professionisti, siamo anche presenti sui social media, saremo sempre sotto attenta osservazione da parte del pubblico.&hellip;<\/p>\n","protected":false},"author":6,"featured_media":0,"parent":59050,"menu_order":0,"comment_status":"closed","ping_status":"closed","template":"","meta":{"inline_featured_image":false},"acf":[],"yoast_head":"<!-- This site is optimized with the Yoast SEO plugin v20.11 - https:\/\/yoast.com\/wordpress\/plugins\/seo\/ -->\n<title>Yoga in clinica - HappyVetProject<\/title>\n<meta name=\"robots\" content=\"index, follow, max-snippet:-1, max-image-preview:large, max-video-preview:-1\" \/>\n<link rel=\"canonical\" href=\"https:\/\/happyvetproject.org\/it\/body-vet\/vet-yogi\/yoga-in-clinica\/\" \/>\n<meta property=\"og:locale\" content=\"it_IT\" \/>\n<meta property=\"og:type\" content=\"article\" \/>\n<meta property=\"og:title\" content=\"Yoga in clinica - HappyVetProject\" \/>\n<meta property=\"og:url\" content=\"https:\/\/happyvetproject.org\/it\/body-vet\/vet-yogi\/yoga-in-clinica\/\" \/>\n<meta property=\"og:site_name\" content=\"HappyVetProject\" \/>\n<meta property=\"article:modified_time\" content=\"2023-04-24T06:40:22+00:00\" \/>\n<meta property=\"og:image\" content=\"https:\/\/happyvetproject.org\/wp-content\/uploads\/2022\/04\/happy-vet-project-vet-yogi.png\" \/>\n<meta name=\"twitter:card\" content=\"summary_large_image\" \/>\n<meta name=\"twitter:label1\" content=\"Tempo di lettura stimato\" \/>\n\t<meta name=\"twitter:data1\" content=\"1 minuto\" \/>\n<script type=\"application\/ld+json\" class=\"yoast-schema-graph\">{\"@context\":\"https:\/\/schema.org\",\"@graph\":[{\"@type\":\"WebPage\",\"@id\":\"https:\/\/happyvetproject.org\/it\/body-vet\/vet-yogi\/yoga-in-clinica\/\",\"url\":\"https:\/\/happyvetproject.org\/it\/body-vet\/vet-yogi\/yoga-in-clinica\/\",\"name\":\"Yoga in clinica - HappyVetProject\",\"isPartOf\":{\"@id\":\"https:\/\/happyvetproject.org\/it\/#website\"},\"datePublished\":\"2022-02-08T09:40:57+00:00\",\"dateModified\":\"2023-04-24T06:40:22+00:00\",\"breadcrumb\":{\"@id\":\"https:\/\/happyvetproject.org\/it\/body-vet\/vet-yogi\/yoga-in-clinica\/#breadcrumb\"},\"inLanguage\":\"it-IT\",\"potentialAction\":[{\"@type\":\"ReadAction\",\"target\":[\"https:\/\/happyvetproject.org\/it\/body-vet\/vet-yogi\/yoga-in-clinica\/\"]}]},{\"@type\":\"BreadcrumbList\",\"@id\":\"https:\/\/happyvetproject.org\/it\/body-vet\/vet-yogi\/yoga-in-clinica\/#breadcrumb\",\"itemListElement\":[{\"@type\":\"ListItem\",\"position\":1,\"name\":\"Home\",\"item\":\"https:\/\/happyvetproject.org\/it\/\"},{\"@type\":\"ListItem\",\"position\":2,\"name\":\"BODY VET\",\"item\":\"https:\/\/happyvetproject.org\/it\/body-vet\/\"},{\"@type\":\"ListItem\",\"position\":3,\"name\":\"VET YOGI\",\"item\":\"https:\/\/happyvetproject.org\/it\/body-vet\/vet-yogi\/\"},{\"@type\":\"ListItem\",\"position\":4,\"name\":\"Yoga in clinica\"}]},{\"@type\":\"WebSite\",\"@id\":\"https:\/\/happyvetproject.org\/it\/#website\",\"url\":\"https:\/\/happyvetproject.org\/it\/\",\"name\":\"HappyVetProject\",\"description\":\"Burnout antidotes for vets\",\"publisher\":{\"@id\":\"https:\/\/happyvetproject.org\/it\/#organization\"},\"potentialAction\":[{\"@type\":\"SearchAction\",\"target\":{\"@type\":\"EntryPoint\",\"urlTemplate\":\"https:\/\/happyvetproject.org\/it\/?s={search_term_string}\"},\"query-input\":\"required name=search_term_string\"}],\"inLanguage\":\"it-IT\"},{\"@type\":\"Organization\",\"@id\":\"https:\/\/happyvetproject.org\/it\/#organization\",\"name\":\"HappyVetProject\",\"url\":\"https:\/\/happyvetproject.org\/it\/\",\"logo\":{\"@type\":\"ImageObject\",\"inLanguage\":\"it-IT\",\"@id\":\"https:\/\/happyvetproject.org\/it\/#\/schema\/logo\/image\/\",\"url\":\"https:\/\/happyvetproject.org\/wp-content\/uploads\/2021\/11\/happyvet-logo.png\",\"contentUrl\":\"https:\/\/happyvetproject.org\/wp-content\/uploads\/2021\/11\/happyvet-logo.png\",\"width\":123,\"height\":150,\"caption\":\"HappyVetProject\"},\"image\":{\"@id\":\"https:\/\/happyvetproject.org\/it\/#\/schema\/logo\/image\/\"}}]}<\/script>\n<!-- \/ Yoast SEO plugin. -->","yoast_head_json":{"title":"Yoga in clinica - HappyVetProject","robots":{"index":"index","follow":"follow","max-snippet":"max-snippet:-1","max-image-preview":"max-image-preview:large","max-video-preview":"max-video-preview:-1"},"canonical":"https:\/\/happyvetproject.org\/it\/body-vet\/vet-yogi\/yoga-in-clinica\/","og_locale":"it_IT","og_type":"article","og_title":"Yoga in clinica - HappyVetProject","og_url":"https:\/\/happyvetproject.org\/it\/body-vet\/vet-yogi\/yoga-in-clinica\/","og_site_name":"HappyVetProject","article_modified_time":"2023-04-24T06:40:22+00:00","og_image":[{"url":"https:\/\/happyvetproject.org\/wp-content\/uploads\/2022\/04\/happy-vet-project-vet-yogi.png"}],"twitter_card":"summary_large_image","twitter_misc":{"Tempo di lettura stimato":"1 minuto"},"schema":{"@context":"https:\/\/schema.org","@graph":[{"@type":"WebPage","@id":"https:\/\/happyvetproject.org\/it\/body-vet\/vet-yogi\/yoga-in-clinica\/","url":"https:\/\/happyvetproject.org\/it\/body-vet\/vet-yogi\/yoga-in-clinica\/","name":"Yoga in clinica - HappyVetProject","isPartOf":{"@id":"https:\/\/happyvetproject.org\/it\/#website"},"datePublished":"2022-02-08T09:40:57+00:00","dateModified":"2023-04-24T06:40:22+00:00","breadcrumb":{"@id":"https:\/\/happyvetproject.org\/it\/body-vet\/vet-yogi\/yoga-in-clinica\/#breadcrumb"},"inLanguage":"it-IT","potentialAction":[{"@type":"ReadAction","target":["https:\/\/happyvetproject.org\/it\/body-vet\/vet-yogi\/yoga-in-clinica\/"]}]},{"@type":"BreadcrumbList","@id":"https:\/\/happyvetproject.org\/it\/body-vet\/vet-yogi\/yoga-in-clinica\/#breadcrumb","itemListElement":[{"@type":"ListItem","position":1,"name":"Home","item":"https:\/\/happyvetproject.org\/it\/"},{"@type":"ListItem","position":2,"name":"BODY VET","item":"https:\/\/happyvetproject.org\/it\/body-vet\/"},{"@type":"ListItem","position":3,"name":"VET YOGI","item":"https:\/\/happyvetproject.org\/it\/body-vet\/vet-yogi\/"},{"@type":"ListItem","position":4,"name":"Yoga in clinica"}]},{"@type":"WebSite","@id":"https:\/\/happyvetproject.org\/it\/#website","url":"https:\/\/happyvetproject.org\/it\/","name":"HappyVetProject","description":"Burnout antidotes for vets","publisher":{"@id":"https:\/\/happyvetproject.org\/it\/#organization"},"potentialAction":[{"@type":"SearchAction","target":{"@type":"EntryPoint","urlTemplate":"https:\/\/happyvetproject.org\/it\/?s={search_term_string}"},"query-input":"required name=search_term_string"}],"inLanguage":"it-IT"},{"@type":"Organization","@id":"https:\/\/happyvetproject.org\/it\/#organization","name":"HappyVetProject","url":"https:\/\/happyvetproject.org\/it\/","logo":{"@type":"ImageObject","inLanguage":"it-IT","@id":"https:\/\/happyvetproject.org\/it\/#\/schema\/logo\/image\/","url":"https:\/\/happyvetproject.org\/wp-content\/uploads\/2021\/11\/happyvet-logo.png","contentUrl":"https:\/\/happyvetproject.org\/wp-content\/uploads\/2021\/11\/happyvet-logo.png","width":123,"height":150,"caption":"HappyVetProject"},"image":{"@id":"https:\/\/happyvetproject.org\/it\/#\/schema\/logo\/image\/"}}]}},"_links":{"self":[{"href":"https:\/\/happyvetproject.org\/it\/wp-json\/wp\/v2\/pages\/59056"}],"collection":[{"href":"https:\/\/happyvetproject.org\/it\/wp-json\/wp\/v2\/pages"}],"about":[{"href":"https:\/\/happyvetproject.org\/it\/wp-json\/wp\/v2\/types\/page"}],"author":[{"embeddable":true,"href":"https:\/\/happyvetproject.org\/it\/wp-json\/wp\/v2\/users\/6"}],"replies":[{"embeddable":true,"href":"https:\/\/happyvetproject.org\/it\/wp-json\/wp\/v2\/comments?post=59056"}],"version-history":[{"count":3,"href":"https:\/\/happyvetproject.org\/it\/wp-json\/wp\/v2\/pages\/59056\/revisions"}],"predecessor-version":[{"id":59283,"href":"https:\/\/happyvetproject.org\/it\/wp-json\/wp\/v2\/pages\/59056\/revisions\/59283"}],"up":[{"embeddable":true,"href":"https:\/\/happyvetproject.org\/it\/wp-json\/wp\/v2\/pages\/59050"}],"wp:attachment":[{"href":"https:\/\/happyvetproject.org\/it\/wp-json\/wp\/v2\/media?parent=59056"}],"curies":[{"name":"wp","href":"https:\/\/api.w.org\/{rel}","templated":true}]}}