{"id":57253,"date":"2021-12-01T10:31:33","date_gmt":"2021-12-01T09:31:33","guid":{"rendered":"https:\/\/happyvetproject.org\/polityka-dotyczaca-plikow-cookie\/"},"modified":"2023-02-22T12:05:16","modified_gmt":"2023-02-22T11:05:16","slug":"polityka-dotyczaca-plikow-cookie","status":"publish","type":"page","link":"https:\/\/happyvetproject.org\/pl\/polityka-dotyczaca-plikow-cookie\/","title":{"rendered":"Polityka dotycz\u0105ca plik\u00f3w cookie"},"content":{"rendered":"<h3><strong>Czym s\u0105 pliki cookie?<\/strong><\/h3>\n<p>Pliki cookie to niewielkie pliki z&nbsp;danymi pobierane i&nbsp;instalowane na urz\u0105dzeniu podczas przegl\u0105dania witryny internetowej. Podczas kolejnych odwiedzin w&nbsp;witrynie pliki cookie s\u0105 widoczne dla pierwotnej witryny b\u0105d\u017a dla innych rozpoznaj\u0105cych je witryn. Pliki cookie s\u0105 u\u017cyteczne, poniewa\u017c umo\u017cliwiaj\u0105 przechowywanie i&nbsp;gromadzenie informacji o&nbsp;liczbie odwiedzaj\u0105cych, schematach przegl\u0105dania sieci przez u\u017cytkownik\u00f3w i&nbsp;urz\u0105dzenia; dodatkowo \u2013 w&nbsp;zale\u017cno\u015bci od zawartych w&nbsp;nich informacji i&nbsp;sposob\u00f3w korzystania z&nbsp;urz\u0105dze\u0144 przez u\u017cytkownik\u00f3w \u2013 mog\u0105 umo\u017cliwia\u0107 rozpoznawanie u\u017cytkownik\u00f3w. Wi\u0119cej informacji na temat plik\u00f3w cookie mo\u017cna znale\u017a\u0107 w&nbsp;witrynie <a href=\"http:\/\/www.allaboutcookies.org\" target=\"_blank\" rel=\"noopener\">www.allaboutcookies.org<\/a>. &nbsp;<\/p>\n<h3>Z&nbsp;jakich rodzaj\u00f3w plik\u00f3w cookie korzysta ta witryna?<\/h3>\n<p>Witryna internetowa http:\/\/www.livisto.com (\u201eWitryna\u201d) korzysta z&nbsp;nast\u0119puj\u0105cych rodzaj\u00f3w plik\u00f3w cookie:<\/p>\n<ul>\n<li>Wed\u0142ug czasu istnienia\n<ul>\n<li>Sesyjne pliki cookie \u2013 te pliki cookie istniej\u0105 tylko w&nbsp;trakcie trwania sesji u\u017cytkownika odwiedzaj\u0105cego Witryn\u0119. Znikaj\u0105 z&nbsp;urz\u0105dzenia po zamkni\u0119ciu przegl\u0105darki przez u\u017cytkownika lub wy\u0142\u0105czeniu urz\u0105dzenia. Je\u017celi u\u017cytkownik chce by\u0107 rozpoznawany przez jakiekolwiek w\u0142\u0105czone mechanizmy, b\u0119dziemy korzysta\u0107 z&nbsp;sesyjnych plik\u00f3w cookie zawieraj\u0105cych zaszyfrowane informacje w&nbsp;celu odr\u00f3\u017cnienia danego u\u017cytkownika od innych.<\/li>\n<li>Trwa\u0142e pliki cookie \u2013 te pliki cookie pozostaj\u0105 zapisane na urz\u0105dzeniu u\u017cytkownika po zamkni\u0119ciu przegl\u0105darki lub wy\u0142\u0105czeniu urz\u0105dzenia. S\u0105 aktywowane za ka\u017cdym razem, gdy u\u017cytkownik odwiedza witryn\u0119, kt\u00f3ra utworzy\u0142a dany plik cookie. W&nbsp;momencie odwiedzania Witryny u\u017cytkownikowi przypisywany jest unikatowy identyfikator powi\u0105zany z&nbsp;trwa\u0142ym plikiem cookie, kt\u00f3ry zostanie pobrany przez przegl\u0105dark\u0119 u\u017cytkownika.<\/li>\n<\/ul>\n<\/li>\n<li>Wed\u0142ug podmiotu instaluj\u0105cego pliki cookie\n<ul>\n<li>W\u0142asne pliki cookie \u2013 informacje gromadzone przez te pliki cookie podlegaj\u0105 kontroli sp\u00f3\u0142ki LIVISTO celem \u015bwiadczenia us\u0142ugi zam\u00f3wionej przez u\u017cytkownika.<\/li>\n<li>Pliki cookie podmiot\u00f3w zewn\u0119trznych \u2013 informacje uzyskane przez te pliki cookie podlegaj\u0105 kontroli sp\u00f3\u0142ki Google, Inc.<\/li>\n<\/ul>\n<\/li>\n<li>Wed\u0142ug celu instalacji plik\u00f3w cookie\n<ul>\n<li>Techniczne pliki cookie \u2013 to pliki, kt\u00f3re umo\u017cliwiaj\u0105 u\u017cytkownikowi przegl\u0105danie Witryny oraz korzystanie z&nbsp;r\u00f3\u017cnych opcji i&nbsp;us\u0142ug w&nbsp;niej oferowanych, np. kontroli ruchu i&nbsp;przesy\u0142ania danych, rozpoznawania sesji, \u017c\u0105dania informacji, wy\u015bwietlania film\u00f3w, korzystania z&nbsp;element\u00f3w bezpiecze\u0144stwa podczas przegl\u0105dania lub przechowywania, ujawniania lub udost\u0119pniania tre\u015bci.<\/li>\n<li>Analityczne pliki cookie \u2013 to pliki umo\u017cliwiaj\u0105ce rejestrowanie liczby odwiedzaj\u0105cych oraz pomiar i&nbsp;analiz\u0119 statystyczn\u0105 u\u017cycia oraz aktywno\u015bci u\u017cytkownika; odpowiadaj\u0105 tak\u017ce za tworzenie profili analitycznych celem wprowadzania udoskonale\u0144 w&nbsp;Witrynie.<\/li>\n<\/ul>\n<\/li>\n<\/ul>\n<p>Poni\u017cej znajduje si\u0119 kr\u00f3tki opis plik\u00f3w cookie wykorzystywanych przez Witryn\u0119 oraz cel\u00f3w ich stosowania:<\/p>\n<table>\n<tbody>\n<tr>\n<td><strong>PODMIOT PRAWNY<\/strong><\/td>\n<td><strong>NAZWA<\/strong><\/td>\n<td><strong>TYPOLOGIA<\/strong><\/td>\n<td><strong>CEL<\/strong><\/td>\n<td><strong>CZAS TRWANIA<\/strong><\/td>\n<\/tr>\n<tr>\n<td>Google, Inc.<\/td>\n<td>_ga<\/td>\n<td>Analityczny plik cookie<\/td>\n<td>S\u0142u\u017cy do rozr\u00f3\u017cniania u\u017cytkownik\u00f3w Witryny<\/td>\n<td>2&nbsp;lata<\/td>\n<\/tr>\n<tr>\n<td>Google, Inc.<\/td>\n<td>_gat<\/td>\n<td>Analityczny plik cookie<\/td>\n<td>S\u0142u\u017cy do obni\u017cania liczby \u017c\u0105da\u0144<\/td>\n<td>10&nbsp;minut<\/td>\n<\/tr>\n<tr>\n<td>LIVISTO Group GmbH<\/td>\n<td>PHPSESSID<\/td>\n<td>Techniczny plik cookie<\/td>\n<td>S\u0142u\u017cy do rozpoznawania u\u017cytkownik\u00f3w Witryny<\/td>\n<td>Sesja<\/td>\n<\/tr>\n<tr>\n<td>LIVISTO Group GmbH<\/td>\n<td>cookie_message_viewed<\/td>\n<td>Techniczny plik cookie<\/td>\n<td>S\u0142u\u017cy do rozpoznawania zgody na u\u017cycie plik\u00f3w cookie<\/td>\n<td>90&nbsp;dni<\/td>\n<\/tr>\n<\/tbody>\n<\/table>\n<p>&nbsp; Zgodnie z&nbsp;informacj\u0105 w&nbsp;nag\u0142\u00f3wku strony g\u0142\u00f3wnej zak\u0142adamy, \u017ce je\u017celi u\u017cytkownicy kontynuuj\u0105 przegl\u0105danie Witryny, to znaczy, \u017ce akceptuj\u0105 zapisanie i&nbsp;wykorzystywanie plik\u00f3w cookie, o&nbsp;kt\u00f3rych mowa w&nbsp;tym rozdziale. Je\u017celi u\u017cytkownicy odm\u00f3wi\u0105 zapisania tych plik\u00f3w cookie, b\u0105d\u017a ich ustawienia akceptowania plik\u00f3w cookie s\u0105 wy\u0142\u0105czone, wyra\u017caj\u0105 oni zgod\u0119 na to, by przegl\u0105danie niekt\u00f3rych cz\u0119\u015bci Witryny by\u0142o ograniczone. Niezale\u017cnie od powy\u017cszego niezapisanie jakiegokolwiek pliku cookie w&nbsp;\u017cadnym wypadku nie uniemo\u017cliwia wykonywania wobec Fundacji jakichkolwiek przys\u0142uguj\u0105cych u\u017cytkownikom praw. &nbsp;<\/p>\n<h3 class=\"generic-text-black-medium\">Jak zablokowa\u0107 albo usun\u0105\u0107 pliki cookie?<\/h3>\n<p>U\u017cytkownicy mog\u0105 zaakceptowa\u0107 zapisanie tych plik\u00f3w cookie, jak r\u00f3wnie\u017c wy\u0142\u0105czy\u0107 je, zablokowa\u0107 lub usun\u0105\u0107 w&nbsp;dowolnym momencie, korzystaj\u0105c z&nbsp;ustawie\u0144 przegl\u0105darki:<\/p>\n<ul>\n<li>Ustawienia plik\u00f3w cookie w&nbsp;przegl\u0105darce Internet Explorer \u2013 http:\/\/windows.microsoft.com\/en-us\/windows7\/block-enable-or-allow-cookies<\/li>\n<li>Ustawienia plik\u00f3w cookie w&nbsp;przegl\u0105darce Firefox \u2013 https:\/\/support.mozilla.org\/en-US\/kb\/enable-and-disable-cookies-website-preferences<\/li>\n<li>Ustawienia plik\u00f3w cookie w&nbsp;przegl\u0105darce Google Chrome \u2013https:\/\/support.google.com\/chrome\/answer\/95647?hl=en<\/li>\n<li>Ustawienia plik\u00f3w cookie w&nbsp;przegl\u0105darce Safari \u2013https:\/\/support.apple.com\/en-gb\/HT201265<\/li>\n<li>Ustawienia plik\u00f3w cookie w&nbsp;Windows Phone -http:\/\/www.windowsphone.com\/en-us\/how-to\/wp7\/web\/changing-privacy-and-other-browser-settings<\/li>\n<\/ul>\n<p>&nbsp;<\/p>\n<h3>Aktualizacja polityki dotycz\u0105cej plik\u00f3w cookie<\/h3>\n<p>Sp\u00f3\u0142ka LIVISTO zastrzega sobie prawo do zmiany tre\u015bci niniejszej Polityki dotycz\u0105cej plik\u00f3w cookie celem spe\u0142nienia wymog\u00f3w prawnych lub w&nbsp;celu jej dostosowania do rodzaju plik\u00f3w cookie wykorzystywanych przez Witryn\u0119 \u2013 za uzyskaniem \u015bwiadomej zgody u\u017cytkownik\u00f3w w&nbsp;przypadkach, gdy wymagaj\u0105 tego przepisy prawa. &nbsp;<\/p>\n<h3>Google Analytics<\/h3>\n<p>Ta witryna internetowa wykorzystuje Google Analytics \u2013 us\u0142ug\u0119 analizy stron internetowych \u015bwiadczon\u0105 przez Google, Inc. (\u201eGoogle\u201d). Google Analytics korzysta z&nbsp;\u201eplik\u00f3w cookie\u201d, kt\u00f3re s\u0105 plikami tekstowymi zapisywanymi na komputerze u\u017cytkownika, aby umo\u017cliwia\u0107 przeprowadzanie analizy sposobu korzystania przez u\u017cytkownik\u00f3w z&nbsp;witryny. Generowane przez pliki cookie dane dotycz\u0105ce sposobu korzystania przez u\u017cytkownik\u00f3w z&nbsp;witryny (w&nbsp;tym adres IP u\u017cytkownika) b\u0119d\u0105 przesy\u0142ane do sp\u00f3\u0142ki Google i&nbsp;przechowywane na jej serwerach w&nbsp;Stanach Zjednoczonych. Je\u017celi w\u0142\u0105czona jest funkcja anonimizacji adresu IP, Google obetnie\/zanonimizuje ostatni oktet adresu IP w&nbsp;przypadku pa\u0144stw cz\u0142onkowskich Unii Europejskiej oraz innych stron Porozumienia o&nbsp;Europejskim Obszarze Gospodarczym. Tylko w&nbsp;wyj\u0105tkowych przypadkach pe\u0142ny adres IP b\u0119dzie przesy\u0142any na serwery sp\u00f3\u0142ki Google w&nbsp;Stanach Zjednoczonych i&nbsp;tam skracany. Sp\u00f3\u0142ka Google, w&nbsp;imieniu dostawcy witryny, b\u0119dzie wykorzystywa\u0107 te informacje do okre\u015blenia, w&nbsp;jaki spos\u00f3b u\u017cytkownik korzysta z&nbsp;witryny internetowej, sporz\u0105dzenia dla operator\u00f3w stron internetowych raport\u00f3w na temat aktywno\u015bci w&nbsp;witrynie oraz do \u015bwiadczenia dostawcy witryny innych us\u0142ug zwi\u0105zanych z&nbsp;aktywno\u015bci\u0105 w&nbsp;witrynie i&nbsp;korzystaniem z&nbsp;internetu. Google nie b\u0119dzie \u0142\u0105czy\u0107 adresu IP u\u017cytkownika z&nbsp;jakimikolwiek innymi danymi gromadzonymi przez Google. U\u017cytkownik mo\u017ce odm\u00f3wi\u0107 zgody na stosowanie plik\u00f3w cookie, wybieraj\u0105c odpowiednie ustawienia przegl\u0105darki. Nale\u017cy jednak pami\u0119ta\u0107, \u017ce mo\u017ce to spowodowa\u0107 brak mo\u017cliwo\u015bci pe\u0142nego korzystania z&nbsp;Witryny. U\u017cytkownik mo\u017ce tak\u017ce uniemo\u017cliwi\u0107 sp\u00f3\u0142ce Google gromadzenie i&nbsp;wykorzystywanie danych (plik\u00f3w cookie i&nbsp;adres\u00f3w IP), pobieraj\u0105c i&nbsp;instaluj\u0105c wtyczk\u0119 przegl\u0105darki dost\u0119pn\u0105 pod adresem <a href=\"https:\/\/tools.google.com\/dlpage\/gaoptout?hl=en-GB\" target=\"_blank\" rel=\"noopener\">https:\/\/tools.google.com\/dlpage\/gaoptout?hl=en-GB<\/a>. Mo\u017cna odm\u00f3wi\u0107 korzystania z&nbsp;us\u0142ugi Google Analytics, klikaj\u0105c poni\u017csze \u0142\u0105cze. Na komputerze zostanie umieszczony plik cookie rezygnacji, kt\u00f3ry b\u0119dzie zapobiega\u0107 gromadzeniu danych u\u017cytkownika podczas odwiedzania tej witryny w&nbsp;przysz\u0142o\u015bci: Wy\u0142\u0105cz us\u0142ug\u0119 Google Analytics Wi\u0119cej informacji na temat warunk\u00f3w korzystania z&nbsp;witryny oraz ochrony prywatno\u015bci mo\u017cna znale\u017a\u0107 pod adresem <a href=\"http:\/\/www.google.com\/analytics\/terms\/gb.html\" target=\"_blank\" rel=\"noopener\">http:\/\/www.google.com\/analytics\/terms\/gb.html<\/a> lub <a href=\"https:\/\/www.google.de\/intl\/en_uk\/policies\/\" target=\"_blank\" rel=\"noopener\">https:\/\/www.google.de\/intl\/en_uk\/policies<\/a>. Nale\u017cy pami\u0119ta\u0107, \u017ce w&nbsp;tej witrynie kod us\u0142ugi Google Analytics zosta\u0142 wzbogacony o&nbsp;funkcj\u0119 \u201eanonymizeIp\u201d celem zapewnienia zanonimizowanego gromadzenia adres\u00f3w IP (tzw. maskowanie adresu IP).<\/p>\n","protected":false},"excerpt":{"rendered":"<p>Czym s\u0105 pliki cookie? Pliki cookie to niewielkie pliki z&nbsp;danymi pobierane i&nbsp;instalowane na urz\u0105dzeniu podczas przegl\u0105dania witryny internetowej. Podczas kolejnych odwiedzin w&nbsp;witrynie pliki cookie s\u0105 widoczne dla pierwotnej witryny b\u0105d\u017a dla innych rozpoznaj\u0105cych je witryn. Pliki cookie s\u0105 u\u017cyteczne, poniewa\u017c umo\u017cliwiaj\u0105 przechowywanie i&nbsp;gromadzenie informacji o&nbsp;liczbie odwiedzaj\u0105cych, schematach przegl\u0105dania sieci przez u\u017cytkownik\u00f3w i&nbsp;urz\u0105dzenia; dodatkowo \u2013 w&nbsp;zale\u017cno\u015bci&hellip;<\/p>\n","protected":false},"author":6,"featured_media":0,"parent":0,"menu_order":80,"comment_status":"closed","ping_status":"closed","template":"","meta":{"inline_featured_image":false},"acf":[],"yoast_head":"<!-- This site is optimized with the Yoast SEO plugin v20.11 - https:\/\/yoast.com\/wordpress\/plugins\/seo\/ -->\n<title>Polityka dotycz\u0105ca plik\u00f3w cookie - HappyVetProject<\/title>\n<meta name=\"robots\" content=\"index, follow, max-snippet:-1, max-image-preview:large, max-video-preview:-1\" \/>\n<link rel=\"canonical\" href=\"https:\/\/happyvetproject.org\/pl\/polityka-dotyczaca-plikow-cookie\/\" \/>\n<meta property=\"og:locale\" content=\"pl_PL\" \/>\n<meta property=\"og:type\" content=\"article\" \/>\n<meta property=\"og:title\" content=\"Polityka dotycz\u0105ca plik\u00f3w cookie - HappyVetProject\" \/>\n<meta property=\"og:description\" content=\"Czym s\u0105 pliki cookie? Pliki cookie to niewielkie pliki z&nbsp;danymi pobierane i&nbsp;instalowane na urz\u0105dzeniu podczas przegl\u0105dania witryny internetowej. Podczas kolejnych odwiedzin w&nbsp;witrynie pliki cookie s\u0105 widoczne dla pierwotnej witryny b\u0105d\u017a dla innych rozpoznaj\u0105cych je witryn. Pliki cookie s\u0105 u\u017cyteczne, poniewa\u017c umo\u017cliwiaj\u0105 przechowywanie i&nbsp;gromadzenie informacji o&nbsp;liczbie odwiedzaj\u0105cych, schematach przegl\u0105dania sieci przez u\u017cytkownik\u00f3w i&nbsp;urz\u0105dzenia; dodatkowo \u2013 w&nbsp;zale\u017cno\u015bci&hellip;\" \/>\n<meta property=\"og:url\" content=\"https:\/\/happyvetproject.org\/pl\/polityka-dotyczaca-plikow-cookie\/\" \/>\n<meta property=\"og:site_name\" content=\"HappyVetProject\" \/>\n<meta property=\"article:modified_time\" content=\"2023-02-22T11:05:16+00:00\" \/>\n<meta name=\"twitter:card\" content=\"summary_large_image\" \/>\n<meta name=\"twitter:label1\" content=\"Szacowany czas czytania\" \/>\n\t<meta name=\"twitter:data1\" content=\"4 minuty\" \/>\n<script type=\"application\/ld+json\" class=\"yoast-schema-graph\">{\"@context\":\"https:\/\/schema.org\",\"@graph\":[{\"@type\":\"WebPage\",\"@id\":\"https:\/\/happyvetproject.org\/pl\/polityka-dotyczaca-plikow-cookie\/\",\"url\":\"https:\/\/happyvetproject.org\/pl\/polityka-dotyczaca-plikow-cookie\/\",\"name\":\"Polityka dotycz\u0105ca plik\u00f3w cookie - HappyVetProject\",\"isPartOf\":{\"@id\":\"https:\/\/happyvetproject.org\/pl\/#website\"},\"datePublished\":\"2021-12-01T09:31:33+00:00\",\"dateModified\":\"2023-02-22T11:05:16+00:00\",\"breadcrumb\":{\"@id\":\"https:\/\/happyvetproject.org\/pl\/polityka-dotyczaca-plikow-cookie\/#breadcrumb\"},\"inLanguage\":\"pl-PL\",\"potentialAction\":[{\"@type\":\"ReadAction\",\"target\":[\"https:\/\/happyvetproject.org\/pl\/polityka-dotyczaca-plikow-cookie\/\"]}]},{\"@type\":\"BreadcrumbList\",\"@id\":\"https:\/\/happyvetproject.org\/pl\/polityka-dotyczaca-plikow-cookie\/#breadcrumb\",\"itemListElement\":[{\"@type\":\"ListItem\",\"position\":1,\"name\":\"Home\",\"item\":\"https:\/\/happyvetproject.org\/pl\/\"},{\"@type\":\"ListItem\",\"position\":2,\"name\":\"Polityka dotycz\u0105ca plik\u00f3w cookie\"}]},{\"@type\":\"WebSite\",\"@id\":\"https:\/\/happyvetproject.org\/pl\/#website\",\"url\":\"https:\/\/happyvetproject.org\/pl\/\",\"name\":\"HappyVetProject\",\"description\":\"Burnout antidotes for vets\",\"publisher\":{\"@id\":\"https:\/\/happyvetproject.org\/pl\/#organization\"},\"potentialAction\":[{\"@type\":\"SearchAction\",\"target\":{\"@type\":\"EntryPoint\",\"urlTemplate\":\"https:\/\/happyvetproject.org\/pl\/?s={search_term_string}\"},\"query-input\":\"required name=search_term_string\"}],\"inLanguage\":\"pl-PL\"},{\"@type\":\"Organization\",\"@id\":\"https:\/\/happyvetproject.org\/pl\/#organization\",\"name\":\"HappyVetProject\",\"url\":\"https:\/\/happyvetproject.org\/pl\/\",\"logo\":{\"@type\":\"ImageObject\",\"inLanguage\":\"pl-PL\",\"@id\":\"https:\/\/happyvetproject.org\/pl\/#\/schema\/logo\/image\/\",\"url\":\"https:\/\/happyvetproject.org\/wp-content\/uploads\/2021\/11\/happyvet-logo.png\",\"contentUrl\":\"https:\/\/happyvetproject.org\/wp-content\/uploads\/2021\/11\/happyvet-logo.png\",\"width\":123,\"height\":150,\"caption\":\"HappyVetProject\"},\"image\":{\"@id\":\"https:\/\/happyvetproject.org\/pl\/#\/schema\/logo\/image\/\"}}]}<\/script>\n<!-- \/ Yoast SEO plugin. -->","yoast_head_json":{"title":"Polityka dotycz\u0105ca plik\u00f3w cookie - HappyVetProject","robots":{"index":"index","follow":"follow","max-snippet":"max-snippet:-1","max-image-preview":"max-image-preview:large","max-video-preview":"max-video-preview:-1"},"canonical":"https:\/\/happyvetproject.org\/pl\/polityka-dotyczaca-plikow-cookie\/","og_locale":"pl_PL","og_type":"article","og_title":"Polityka dotycz\u0105ca plik\u00f3w cookie - HappyVetProject","og_description":"Czym s\u0105 pliki cookie? Pliki cookie to niewielkie pliki z&nbsp;danymi pobierane i&nbsp;instalowane na urz\u0105dzeniu podczas przegl\u0105dania witryny internetowej. Podczas kolejnych odwiedzin w&nbsp;witrynie pliki cookie s\u0105 widoczne dla pierwotnej witryny b\u0105d\u017a dla innych rozpoznaj\u0105cych je witryn. Pliki cookie s\u0105 u\u017cyteczne, poniewa\u017c umo\u017cliwiaj\u0105 przechowywanie i&nbsp;gromadzenie informacji o&nbsp;liczbie odwiedzaj\u0105cych, schematach przegl\u0105dania sieci przez u\u017cytkownik\u00f3w i&nbsp;urz\u0105dzenia; dodatkowo \u2013 w&nbsp;zale\u017cno\u015bci&hellip;","og_url":"https:\/\/happyvetproject.org\/pl\/polityka-dotyczaca-plikow-cookie\/","og_site_name":"HappyVetProject","article_modified_time":"2023-02-22T11:05:16+00:00","twitter_card":"summary_large_image","twitter_misc":{"Szacowany czas czytania":"4 minuty"},"schema":{"@context":"https:\/\/schema.org","@graph":[{"@type":"WebPage","@id":"https:\/\/happyvetproject.org\/pl\/polityka-dotyczaca-plikow-cookie\/","url":"https:\/\/happyvetproject.org\/pl\/polityka-dotyczaca-plikow-cookie\/","name":"Polityka dotycz\u0105ca plik\u00f3w cookie - HappyVetProject","isPartOf":{"@id":"https:\/\/happyvetproject.org\/pl\/#website"},"datePublished":"2021-12-01T09:31:33+00:00","dateModified":"2023-02-22T11:05:16+00:00","breadcrumb":{"@id":"https:\/\/happyvetproject.org\/pl\/polityka-dotyczaca-plikow-cookie\/#breadcrumb"},"inLanguage":"pl-PL","potentialAction":[{"@type":"ReadAction","target":["https:\/\/happyvetproject.org\/pl\/polityka-dotyczaca-plikow-cookie\/"]}]},{"@type":"BreadcrumbList","@id":"https:\/\/happyvetproject.org\/pl\/polityka-dotyczaca-plikow-cookie\/#breadcrumb","itemListElement":[{"@type":"ListItem","position":1,"name":"Home","item":"https:\/\/happyvetproject.org\/pl\/"},{"@type":"ListItem","position":2,"name":"Polityka dotycz\u0105ca plik\u00f3w cookie"}]},{"@type":"WebSite","@id":"https:\/\/happyvetproject.org\/pl\/#website","url":"https:\/\/happyvetproject.org\/pl\/","name":"HappyVetProject","description":"Burnout antidotes for vets","publisher":{"@id":"https:\/\/happyvetproject.org\/pl\/#organization"},"potentialAction":[{"@type":"SearchAction","target":{"@type":"EntryPoint","urlTemplate":"https:\/\/happyvetproject.org\/pl\/?s={search_term_string}"},"query-input":"required name=search_term_string"}],"inLanguage":"pl-PL"},{"@type":"Organization","@id":"https:\/\/happyvetproject.org\/pl\/#organization","name":"HappyVetProject","url":"https:\/\/happyvetproject.org\/pl\/","logo":{"@type":"ImageObject","inLanguage":"pl-PL","@id":"https:\/\/happyvetproject.org\/pl\/#\/schema\/logo\/image\/","url":"https:\/\/happyvetproject.org\/wp-content\/uploads\/2021\/11\/happyvet-logo.png","contentUrl":"https:\/\/happyvetproject.org\/wp-content\/uploads\/2021\/11\/happyvet-logo.png","width":123,"height":150,"caption":"HappyVetProject"},"image":{"@id":"https:\/\/happyvetproject.org\/pl\/#\/schema\/logo\/image\/"}}]}},"_links":{"self":[{"href":"https:\/\/happyvetproject.org\/pl\/wp-json\/wp\/v2\/pages\/57253"}],"collection":[{"href":"https:\/\/happyvetproject.org\/pl\/wp-json\/wp\/v2\/pages"}],"about":[{"href":"https:\/\/happyvetproject.org\/pl\/wp-json\/wp\/v2\/types\/page"}],"author":[{"embeddable":true,"href":"https:\/\/happyvetproject.org\/pl\/wp-json\/wp\/v2\/users\/6"}],"replies":[{"embeddable":true,"href":"https:\/\/happyvetproject.org\/pl\/wp-json\/wp\/v2\/comments?post=57253"}],"version-history":[{"count":0,"href":"https:\/\/happyvetproject.org\/pl\/wp-json\/wp\/v2\/pages\/57253\/revisions"}],"wp:attachment":[{"href":"https:\/\/happyvetproject.org\/pl\/wp-json\/wp\/v2\/media?parent=57253"}],"curies":[{"name":"wp","href":"https:\/\/api.w.org\/{rel}","templated":true}]}}