{"id":57279,"date":"2022-01-05T10:18:57","date_gmt":"2022-01-05T09:18:57","guid":{"rendered":"https:\/\/happyvetproject.org\/regulamin-korzystania\/"},"modified":"2023-02-22T12:05:12","modified_gmt":"2023-02-22T11:05:12","slug":"regulamin-korzystania","status":"publish","type":"page","link":"https:\/\/happyvetproject.org\/pl\/regulamin-korzystania\/","title":{"rendered":"Regulamin korzystania"},"content":{"rendered":"\t\t<div data-elementor-type=\"wp-page\" data-elementor-id=\"57279\" class=\"elementor elementor-57279 elementor-51671\">\n\t\t\t\t\t\t\t\t\t<section class=\"elementor-section elementor-top-section elementor-element elementor-element-72353091 elementor-section-boxed elementor-section-height-default elementor-section-height-default\" data-id=\"72353091\" data-element_type=\"section\">\n\t\t\t\t\t\t<div class=\"elementor-container elementor-column-gap-default\">\n\t\t\t\t\t<div class=\"elementor-column elementor-col-100 elementor-top-column elementor-element elementor-element-53165c2e\" data-id=\"53165c2e\" data-element_type=\"column\">\n\t\t\t<div class=\"elementor-widget-wrap elementor-element-populated\">\n\t\t\t\t\t\t\t\t<div class=\"elementor-element elementor-element-291f882a elementor-widget elementor-widget-text-editor\" data-id=\"291f882a\" data-element_type=\"widget\" data-widget_type=\"text-editor.default\">\n\t\t\t\t<div class=\"elementor-widget-container\">\n\t\t\t<style>\/*! elementor - v3.13.3 - 28-05-2023 *\/\n.elementor-widget-text-editor.elementor-drop-cap-view-stacked .elementor-drop-cap{background-color:#69727d;color:#fff}.elementor-widget-text-editor.elementor-drop-cap-view-framed .elementor-drop-cap{color:#69727d;border:3px solid;background-color:transparent}.elementor-widget-text-editor:not(.elementor-drop-cap-view-default) .elementor-drop-cap{margin-top:8px}.elementor-widget-text-editor:not(.elementor-drop-cap-view-default) .elementor-drop-cap-letter{width:1em;height:1em}.elementor-widget-text-editor .elementor-drop-cap{float:left;text-align:center;line-height:1;font-size:50px}.elementor-widget-text-editor .elementor-drop-cap-letter{display:inline-block}<\/style>\t\t\t\t<h2><span style=\"color: var(--the7-h2-color); letter-spacing: 0.1em; text-transform: var(--the7-h2-text-transform); word-spacing: var(--the7-h2-word-spacing);\">REGULAMIN KORZYSTANIA<\/span><\/h2>\n<p><\/p>\n<p>Wszystkie tre\u015bci zosta\u0142y drobiazgowo sprawdzone i\u00a0zestawione wedle naszej najlepszej wiedzy i\u00a0przekona\u0144. Nieustannie d\u0105\u017cymy do poszerzania i\u00a0aktualizowania naszej oferty informacyjnej. Nie mo\u017cemy jednak zagwarantowa\u0107, \u017ce jest ona kompletna, dok\u0142adna i\u00a0aktualna. Sp\u00f3\u0142ka LIVISTO Group GmbH nie ponosi odpowiedzialno\u015bci za straty ani szkody poniesione w\u00a0zwi\u0105zku z\u00a0wykorzystaniem tre\u015bci naszych stron internetowych. Sp\u00f3\u0142ka LIVISTO Group GmbH nie przyjmuje odpowiedzialno\u015bci za szkody bezpo\u015brednie, zar\u00f3wno materialne, jak i\u00a0niematerialne, szkody nast\u0119pcze wynikaj\u0105ce z\u00a0wad lub utraconego zysku, spowodowane wykorzystaniem albo niewykorzystaniem prezentowanych informacji b\u0105d\u017a zawartego tam oprogramowania. Wszystkie oferty mog\u0105 ulec zmianie i\u00a0nie s\u0105 wi\u0105\u017c\u0105ce. Sp\u00f3\u0142ka LIVISTO Group GmbH wyra\u017anie zastrzega sobie prawo do zmieniania, uzupe\u0142niania i\u00a0usuwania cz\u0119\u015bci stron lub ca\u0142ej oferty oraz do tymczasowego lub trwa\u0142ego zaprzestania publikacji bez wystosowywania odr\u0119bnego powiadomienia.<\/p>\n<p><\/p>\n<h3 class=\"generic-text-black-medium\">Prawa autorskie<\/h3>\n<p><\/p>\n<p>Tre\u015b\u0107 witryny internetowej sp\u00f3\u0142ki LIVISTO Group GmbH jest chroniona prawem autorskim. Wszelkie prawa zastrze\u017cone. Prawa autorskie do publikowanych obiekt\u00f3w utworzonych przez sp\u00f3\u0142k\u0119 LIVISTO Group GmbH pozostaj\u0105 wy\u0142\u0105czn\u0105 w\u0142asno\u015bci\u0105 sp\u00f3\u0142ki LIVISTO Group GmbH. Wszelkie powielanie b\u0105d\u017a wykorzystywanie grafik, dokument\u00f3w d\u017awi\u0119kowych, sekwencji wideo oraz tekstu w\u00a0innych publikacjach elektronicznych lub drukowanych bez wyra\u017anej zgody sp\u00f3\u0142ki LIVISTO Group GmbH jest zabronione.<\/p>\n<p>Sp\u00f3\u0142ka LIVISTO Group GmbH dok\u0142ada wszelkich stara\u0144, aby w\u00a0przypadku wszelkich publikacji przestrzega\u0107 prawa autorskiego dotycz\u0105cego wykorzystywanych grafik, dokument\u00f3w d\u017awi\u0119kowych, sekwencji wideo i\u00a0tekstu, b\u0105d\u017a wykorzystywa\u0107 grafiki, dokumenty d\u017awi\u0119kowe, sekwencje wideo i\u00a0teksty nieobci\u0105\u017cone tantiemami. Wszelkie znaki towarowe, marki, nazwy handlowe i\u00a0nazwy og\u00f3lne wymienione w\u00a0naszej ofercie internetowej i\u00a0w\u00a0stosownych przypadkach chronione przez osoby trzecie podlegaj\u0105 w\u00a0pe\u0142nym zakresie przepisom odno\u015bnego prawa o\u00a0znakach towarowych i\u00a0oznaczeniach powi\u0105zanych oraz w\u00a0ka\u017cdym przypadku podlegaj\u0105 prawu w\u0142asno\u015bci ich zarejestrowanych w\u0142a\u015bcicieli. Fakt, \u017ce znaki towarowe s\u0105 jedynie wymienione, nie powinien prowadzi\u0107 do wniosku, \u017ce nie podlegaj\u0105 one ochronie ze wzgl\u0119du na prawa os\u00f3b trzecich.<\/p>\n<p><\/p>\n<h3 class=\"generic-text-black-medium\">Pa\u0144stwa prywatno\u015b\u0107 i\u00a0ochrona Pa\u0144stwa danych osobowych<\/h3>\n<p><\/p>\n<p>Pa\u0144stwa zadowolenie jest priorytetem sp\u00f3\u0142ki LIVISTO Group GmbH. W\u00a0zwi\u0105zku z\u00a0tym za nasz obowi\u0105zek uznajemy ochron\u0119 gromadzonych przez nas Pa\u0144stwa danych osobowych. Informacje zgromadzone przez nas na Pa\u0144stwa temat wykorzystujemy wy\u0142\u0105cznie do cel\u00f3w zwi\u0105zanych z\u00a0nasz\u0105 dzia\u0142alno\u015bci\u0105, tj. g\u0142\u00f3wnie w\u00a0celu umo\u017cliwienia Pa\u0144stwu korzystania z\u00a0naszych ofert w\u00a0wygodniejszy i\u00a0bardziej ukierunkowany spos\u00f3b. Sp\u00f3\u0142ka LIVISTO Group GmbH nie udost\u0119pnia Pa\u0144stwa danych osobowych do wykorzystania osobom trzecim poza sp\u00f3\u0142k\u0105. \u015acis\u0142e przestrzeganie poufno\u015bci Pa\u0144stwa danych jest dla nas oczywisto\u015bci\u0105.<\/p>\n<p><\/p>\n<h3 class=\"generic-text-black-medium\">Wa\u017cno\u015b\u0107 niniejszego wy\u0142\u0105czenia odpowiedzialno\u015bci<\/h3>\n<p><\/p>\n<p>Niniejsze wy\u0142\u0105czenie odpowiedzialno\u015bci nale\u017cy traktowa\u0107 jako cz\u0119\u015b\u0107 oferty internetowej, z\u00a0kt\u00f3rej nast\u0105pi\u0142o przekierowanie na t\u0119 stron\u0119. Je\u017celi fragmenty niniejszego tekstu lub jego poszczeg\u00f3lne zapisy s\u0105 niezgodne z\u00a0obowi\u0105zuj\u0105cym stanem prawnym, przestaj\u0105 by\u0107 zgodne z\u00a0nim lub s\u0105 nie w\u00a0pe\u0142ni z\u00a0nim zgodne, nie ma to wp\u0142ywu na wa\u017cno\u015b\u0107 pozosta\u0142ych cz\u0119\u015bci tego dokumentu.<\/p>\t\t\t\t\t\t<\/div>\n\t\t\t\t<\/div>\n\t\t\t\t\t<\/div>\n\t\t<\/div>\n\t\t\t\t\t\t\t<\/div>\n\t\t<\/section>\n\t\t\t\t\t\t\t<\/div>\n\t\t","protected":false},"excerpt":{"rendered":"<p>REGULAMIN KORZYSTANIA Wszystkie tre\u015bci zosta\u0142y drobiazgowo sprawdzone i&nbsp;zestawione wedle naszej najlepszej wiedzy i&nbsp;przekona\u0144. Nieustannie d\u0105\u017cymy do poszerzania i&nbsp;aktualizowania naszej oferty informacyjnej. Nie mo\u017cemy jednak zagwarantowa\u0107, \u017ce jest ona kompletna, dok\u0142adna i&nbsp;aktualna. Sp\u00f3\u0142ka LIVISTO Group GmbH nie ponosi odpowiedzialno\u015bci za straty ani szkody poniesione w&nbsp;zwi\u0105zku z&nbsp;wykorzystaniem tre\u015bci naszych stron internetowych. Sp\u00f3\u0142ka LIVISTO Group GmbH nie przyjmuje&hellip;<\/p>\n","protected":false},"author":6,"featured_media":0,"parent":0,"menu_order":80,"comment_status":"closed","ping_status":"closed","template":"","meta":{"inline_featured_image":false},"acf":[],"yoast_head":"<!-- This site is optimized with the Yoast SEO plugin v20.11 - https:\/\/yoast.com\/wordpress\/plugins\/seo\/ -->\n<title>Regulamin korzystania - HappyVetProject<\/title>\n<meta name=\"robots\" content=\"index, follow, max-snippet:-1, max-image-preview:large, max-video-preview:-1\" \/>\n<link rel=\"canonical\" href=\"https:\/\/happyvetproject.org\/pl\/regulamin-korzystania\/\" \/>\n<meta property=\"og:locale\" content=\"pl_PL\" \/>\n<meta property=\"og:type\" content=\"article\" \/>\n<meta property=\"og:title\" content=\"Regulamin korzystania - HappyVetProject\" \/>\n<meta property=\"og:description\" content=\"REGULAMIN KORZYSTANIA Wszystkie tre\u015bci zosta\u0142y drobiazgowo sprawdzone i&nbsp;zestawione wedle naszej najlepszej wiedzy i&nbsp;przekona\u0144. Nieustannie d\u0105\u017cymy do poszerzania i&nbsp;aktualizowania naszej oferty informacyjnej. Nie mo\u017cemy jednak zagwarantowa\u0107, \u017ce jest ona kompletna, dok\u0142adna i&nbsp;aktualna. Sp\u00f3\u0142ka LIVISTO Group GmbH nie ponosi odpowiedzialno\u015bci za straty ani szkody poniesione w&nbsp;zwi\u0105zku z&nbsp;wykorzystaniem tre\u015bci naszych stron internetowych. Sp\u00f3\u0142ka LIVISTO Group GmbH nie przyjmuje&hellip;\" \/>\n<meta property=\"og:url\" content=\"https:\/\/happyvetproject.org\/pl\/regulamin-korzystania\/\" \/>\n<meta property=\"og:site_name\" content=\"HappyVetProject\" \/>\n<meta property=\"article:modified_time\" content=\"2023-02-22T11:05:12+00:00\" \/>\n<meta name=\"twitter:card\" content=\"summary_large_image\" \/>\n<meta name=\"twitter:label1\" content=\"Szacowany czas czytania\" \/>\n\t<meta name=\"twitter:data1\" content=\"2 minuty\" \/>\n<script type=\"application\/ld+json\" class=\"yoast-schema-graph\">{\"@context\":\"https:\/\/schema.org\",\"@graph\":[{\"@type\":\"WebPage\",\"@id\":\"https:\/\/happyvetproject.org\/pl\/regulamin-korzystania\/\",\"url\":\"https:\/\/happyvetproject.org\/pl\/regulamin-korzystania\/\",\"name\":\"Regulamin korzystania - HappyVetProject\",\"isPartOf\":{\"@id\":\"https:\/\/happyvetproject.org\/pl\/#website\"},\"datePublished\":\"2022-01-05T09:18:57+00:00\",\"dateModified\":\"2023-02-22T11:05:12+00:00\",\"breadcrumb\":{\"@id\":\"https:\/\/happyvetproject.org\/pl\/regulamin-korzystania\/#breadcrumb\"},\"inLanguage\":\"pl-PL\",\"potentialAction\":[{\"@type\":\"ReadAction\",\"target\":[\"https:\/\/happyvetproject.org\/pl\/regulamin-korzystania\/\"]}]},{\"@type\":\"BreadcrumbList\",\"@id\":\"https:\/\/happyvetproject.org\/pl\/regulamin-korzystania\/#breadcrumb\",\"itemListElement\":[{\"@type\":\"ListItem\",\"position\":1,\"name\":\"Home\",\"item\":\"https:\/\/happyvetproject.org\/pl\/\"},{\"@type\":\"ListItem\",\"position\":2,\"name\":\"Regulamin korzystania\"}]},{\"@type\":\"WebSite\",\"@id\":\"https:\/\/happyvetproject.org\/pl\/#website\",\"url\":\"https:\/\/happyvetproject.org\/pl\/\",\"name\":\"HappyVetProject\",\"description\":\"Burnout antidotes for vets\",\"publisher\":{\"@id\":\"https:\/\/happyvetproject.org\/pl\/#organization\"},\"potentialAction\":[{\"@type\":\"SearchAction\",\"target\":{\"@type\":\"EntryPoint\",\"urlTemplate\":\"https:\/\/happyvetproject.org\/pl\/?s={search_term_string}\"},\"query-input\":\"required name=search_term_string\"}],\"inLanguage\":\"pl-PL\"},{\"@type\":\"Organization\",\"@id\":\"https:\/\/happyvetproject.org\/pl\/#organization\",\"name\":\"HappyVetProject\",\"url\":\"https:\/\/happyvetproject.org\/pl\/\",\"logo\":{\"@type\":\"ImageObject\",\"inLanguage\":\"pl-PL\",\"@id\":\"https:\/\/happyvetproject.org\/pl\/#\/schema\/logo\/image\/\",\"url\":\"https:\/\/happyvetproject.org\/wp-content\/uploads\/2021\/11\/happyvet-logo.png\",\"contentUrl\":\"https:\/\/happyvetproject.org\/wp-content\/uploads\/2021\/11\/happyvet-logo.png\",\"width\":123,\"height\":150,\"caption\":\"HappyVetProject\"},\"image\":{\"@id\":\"https:\/\/happyvetproject.org\/pl\/#\/schema\/logo\/image\/\"}}]}<\/script>\n<!-- \/ Yoast SEO plugin. -->","yoast_head_json":{"title":"Regulamin korzystania - HappyVetProject","robots":{"index":"index","follow":"follow","max-snippet":"max-snippet:-1","max-image-preview":"max-image-preview:large","max-video-preview":"max-video-preview:-1"},"canonical":"https:\/\/happyvetproject.org\/pl\/regulamin-korzystania\/","og_locale":"pl_PL","og_type":"article","og_title":"Regulamin korzystania - HappyVetProject","og_description":"REGULAMIN KORZYSTANIA Wszystkie tre\u015bci zosta\u0142y drobiazgowo sprawdzone i&nbsp;zestawione wedle naszej najlepszej wiedzy i&nbsp;przekona\u0144. Nieustannie d\u0105\u017cymy do poszerzania i&nbsp;aktualizowania naszej oferty informacyjnej. Nie mo\u017cemy jednak zagwarantowa\u0107, \u017ce jest ona kompletna, dok\u0142adna i&nbsp;aktualna. Sp\u00f3\u0142ka LIVISTO Group GmbH nie ponosi odpowiedzialno\u015bci za straty ani szkody poniesione w&nbsp;zwi\u0105zku z&nbsp;wykorzystaniem tre\u015bci naszych stron internetowych. Sp\u00f3\u0142ka LIVISTO Group GmbH nie przyjmuje&hellip;","og_url":"https:\/\/happyvetproject.org\/pl\/regulamin-korzystania\/","og_site_name":"HappyVetProject","article_modified_time":"2023-02-22T11:05:12+00:00","twitter_card":"summary_large_image","twitter_misc":{"Szacowany czas czytania":"2 minuty"},"schema":{"@context":"https:\/\/schema.org","@graph":[{"@type":"WebPage","@id":"https:\/\/happyvetproject.org\/pl\/regulamin-korzystania\/","url":"https:\/\/happyvetproject.org\/pl\/regulamin-korzystania\/","name":"Regulamin korzystania - HappyVetProject","isPartOf":{"@id":"https:\/\/happyvetproject.org\/pl\/#website"},"datePublished":"2022-01-05T09:18:57+00:00","dateModified":"2023-02-22T11:05:12+00:00","breadcrumb":{"@id":"https:\/\/happyvetproject.org\/pl\/regulamin-korzystania\/#breadcrumb"},"inLanguage":"pl-PL","potentialAction":[{"@type":"ReadAction","target":["https:\/\/happyvetproject.org\/pl\/regulamin-korzystania\/"]}]},{"@type":"BreadcrumbList","@id":"https:\/\/happyvetproject.org\/pl\/regulamin-korzystania\/#breadcrumb","itemListElement":[{"@type":"ListItem","position":1,"name":"Home","item":"https:\/\/happyvetproject.org\/pl\/"},{"@type":"ListItem","position":2,"name":"Regulamin korzystania"}]},{"@type":"WebSite","@id":"https:\/\/happyvetproject.org\/pl\/#website","url":"https:\/\/happyvetproject.org\/pl\/","name":"HappyVetProject","description":"Burnout antidotes for vets","publisher":{"@id":"https:\/\/happyvetproject.org\/pl\/#organization"},"potentialAction":[{"@type":"SearchAction","target":{"@type":"EntryPoint","urlTemplate":"https:\/\/happyvetproject.org\/pl\/?s={search_term_string}"},"query-input":"required name=search_term_string"}],"inLanguage":"pl-PL"},{"@type":"Organization","@id":"https:\/\/happyvetproject.org\/pl\/#organization","name":"HappyVetProject","url":"https:\/\/happyvetproject.org\/pl\/","logo":{"@type":"ImageObject","inLanguage":"pl-PL","@id":"https:\/\/happyvetproject.org\/pl\/#\/schema\/logo\/image\/","url":"https:\/\/happyvetproject.org\/wp-content\/uploads\/2021\/11\/happyvet-logo.png","contentUrl":"https:\/\/happyvetproject.org\/wp-content\/uploads\/2021\/11\/happyvet-logo.png","width":123,"height":150,"caption":"HappyVetProject"},"image":{"@id":"https:\/\/happyvetproject.org\/pl\/#\/schema\/logo\/image\/"}}]}},"_links":{"self":[{"href":"https:\/\/happyvetproject.org\/pl\/wp-json\/wp\/v2\/pages\/57279"}],"collection":[{"href":"https:\/\/happyvetproject.org\/pl\/wp-json\/wp\/v2\/pages"}],"about":[{"href":"https:\/\/happyvetproject.org\/pl\/wp-json\/wp\/v2\/types\/page"}],"author":[{"embeddable":true,"href":"https:\/\/happyvetproject.org\/pl\/wp-json\/wp\/v2\/users\/6"}],"replies":[{"embeddable":true,"href":"https:\/\/happyvetproject.org\/pl\/wp-json\/wp\/v2\/comments?post=57279"}],"version-history":[{"count":0,"href":"https:\/\/happyvetproject.org\/pl\/wp-json\/wp\/v2\/pages\/57279\/revisions"}],"wp:attachment":[{"href":"https:\/\/happyvetproject.org\/pl\/wp-json\/wp\/v2\/media?parent=57279"}],"curies":[{"name":"wp","href":"https:\/\/api.w.org\/{rel}","templated":true}]}}