{"id":57289,"date":"2022-02-08T10:40:57","date_gmt":"2022-02-08T09:40:57","guid":{"rendered":"https:\/\/happyvetproject.org\/vet-yogi\/joga-w-lecznicy\/"},"modified":"2023-02-22T11:54:47","modified_gmt":"2023-02-22T10:54:47","slug":"joga-w-lecznicy","status":"publish","type":"page","link":"https:\/\/happyvetproject.org\/pl\/body-vet\/vet-yogi\/joga-w-lecznicy\/","title":{"rendered":"Joga w\u00a0lecznicy"},"content":{"rendered":"\t\t<div data-elementor-type=\"wp-page\" data-elementor-id=\"57289\" class=\"elementor elementor-57289 elementor-51833\">\n\t\t\t\t\t\t\t\t\t<section class=\"elementor-section elementor-top-section elementor-element elementor-element-1d78df91 category-picto-box elementor-section-boxed elementor-section-height-default elementor-section-height-default\" data-id=\"1d78df91\" data-element_type=\"section\">\n\t\t\t\t\t\t<div class=\"elementor-container elementor-column-gap-default\">\n\t\t\t\t\t<div class=\"elementor-column elementor-col-100 elementor-top-column elementor-element elementor-element-4715ed8a\" data-id=\"4715ed8a\" data-element_type=\"column\">\n\t\t\t<div class=\"elementor-widget-wrap elementor-element-populated\">\n\t\t\t\t\t\t\t\t<div class=\"elementor-element elementor-element-5a053bf8 category-picto elementor-widget elementor-widget-image\" data-id=\"5a053bf8\" data-element_type=\"widget\" data-widget_type=\"image.default\">\n\t\t\t\t<div class=\"elementor-widget-container\">\n\t\t\t<style>\/*! elementor - v3.13.3 - 28-05-2023 *\/\n.elementor-widget-image{text-align:center}.elementor-widget-image a{display:inline-block}.elementor-widget-image a img{width:48px}.elementor-widget-image img{vertical-align:middle;display:inline-block}<\/style>\t\t\t\t\t\t\t\t\t\t\t\t\t<a href=\"https:\/\/happyvetproject.org\/body-vet\/vet-yogi\/\">\n\t\t\t\t\t\t\t<img decoding=\"async\" width=\"92\" height=\"92\" src=\"https:\/\/happyvetproject.org\/wp-content\/uploads\/2022\/04\/happy-vet-project-vet-yogi.png\" class=\"attachment-full size-full wp-image-52388\" alt=\"happy vet project vet yogi\" loading=\"lazy\" \/>\t\t\t\t\t\t\t\t<\/a>\n\t\t\t\t\t\t\t\t\t\t\t\t\t\t\t<\/div>\n\t\t\t\t<\/div>\n\t\t\t\t<div class=\"elementor-element elementor-element-3892bd29 category-picto elementor-widget elementor-widget-image\" data-id=\"3892bd29\" data-element_type=\"widget\" data-widget_type=\"image.default\">\n\t\t\t\t<div class=\"elementor-widget-container\">\n\t\t\t\t\t\t\t\t\t\t\t\t\t\t\t<img decoding=\"async\" src=\"https:\/\/happyvetproject.org\/wp-content\/uploads\/elementor\/thumbs\/icon01-1-q3hpvo06szdg8mpyprapoqffc1goj25g9s89smsryw.png\" title=\"icon01\" alt=\"icon01\" loading=\"lazy\" \/>\t\t\t\t\t\t\t\t\t\t\t\t\t\t\t<\/div>\n\t\t\t\t<\/div>\n\t\t\t\t\t<\/div>\n\t\t<\/div>\n\t\t\t\t\t\t\t<\/div>\n\t\t<\/section>\n\t\t\t\t<section class=\"elementor-section elementor-top-section elementor-element elementor-element-6e77ff0c elementor-section-boxed elementor-section-height-default elementor-section-height-default\" data-id=\"6e77ff0c\" data-element_type=\"section\">\n\t\t\t\t\t\t<div class=\"elementor-container elementor-column-gap-default\">\n\t\t\t\t\t<div class=\"elementor-column elementor-col-100 elementor-top-column elementor-element elementor-element-74b7588\" data-id=\"74b7588\" data-element_type=\"column\">\n\t\t\t<div class=\"elementor-widget-wrap elementor-element-populated\">\n\t\t\t\t\t\t\t\t<div class=\"elementor-element elementor-element-27b1142d elementor-widget elementor-widget-shortcode\" data-id=\"27b1142d\" data-element_type=\"widget\" data-widget_type=\"shortcode.default\">\n\t\t\t\t<div class=\"elementor-widget-container\">\n\t\t\t\t\t<div class=\"elementor-shortcode\"><div class=\"facetwp-template\" data-name=\"clinics_yoga\"><div class=\"fwpl-layout el-2dtxsr\"><div class=\"fwpl-result r1\"><div class=\"fwpl-row el-fh2opx\"><div class=\"fwpl-col fwpl-col el-z6z46o\"><div class=\"fwpl-item el-vzu7su item-image\"><a href=\"https:\/\/happyvetproject.org\/pl\/vet-yogi\/zwolnienie-presji\/\"><img width=\"392\" height=\"256\" src=\"https:\/\/happyvetproject.org\/wp-content\/uploads\/2022\/03\/happy-vet-yogi-pression-release-1.jpg\" class=\"attachment-medium_large size-medium_large wp-post-image\" alt=\"\" decoding=\"async\" loading=\"lazy\" srcset=\"https:\/\/happyvetproject.org\/wp-content\/uploads\/2022\/03\/happy-vet-yogi-pression-release-1.jpg 392w, https:\/\/happyvetproject.org\/wp-content\/uploads\/2022\/03\/happy-vet-yogi-pression-release-1-300x196.jpg 300w\" sizes=\"(max-width: 392px) 100vw, 392px\" \/><\/a><\/div><div class=\"fwpl-item el-9tknsu item-duration\">9 min<\/div><div class=\"fwpl-item el-ht8iv item-title title-uppsercase\"><a href=\"https:\/\/happyvetproject.org\/pl\/vet-yogi\/zwolnienie-presji\/\">Zwolnienie presji<\/a><\/div><div class=\"fwpl-item el-pfeppr item-degree is-empty\"><\/div><div class=\"fwpl-item el-rd7s6 item-excerpt\">W naszej codziennej pracy lekarzy weterynarii, technik\u00f3w czy kierownik\u00f3w lecznic pojawiaj\u0105 si\u0119 sytuacje konfliktowe, kt\u00f3rych \u017ar\u00f3d\u0142em mog\u0105 by\u0107 w\u0142a\u015bciciele zwierz\u0105t, klienci, wsp\u00f3\u0142pracownicy, pracownicy czy przedstawiciele handlowi; ponadto jako profesjonali\u015bci \u2013 o ile pojawiamy si\u0119 w mediach spo\u0142eczno\u015bciowych \u2013 zawsze b\u0119dziemy znajdowa\u0107 si\u0119 pod sta\u0142\u0105 obserwacj\u0105 opinii publicznej. Poczucie obecno\u015bci ci\u0105g\u0142ego konfliktu i napi\u0119cia w pracy to bardzo wa\u017cna kwestia i nale\u017cy w aktywny spos\u00f3b nad ni\u0105 pracowa\u0107. Joga mo\u017ce pom\u00f3c zmieni\u0107 obszary, na kt\u00f3rych si\u0119 skupiasz.<\/div><\/div><\/div><\/div><div class=\"fwpl-result r2\"><div class=\"fwpl-row el-fh2opx\"><div class=\"fwpl-col fwpl-col el-z6z46o\"><div class=\"fwpl-item el-vzu7su item-image\"><a href=\"https:\/\/happyvetproject.org\/pl\/vet-yogi\/strata-i-zaloba\/\"><img width=\"392\" height=\"256\" src=\"https:\/\/happyvetproject.org\/wp-content\/uploads\/2022\/03\/happy-vet-yogi-loss-and-grief.jpg\" class=\"attachment-medium_large size-medium_large wp-post-image\" alt=\"\" decoding=\"async\" loading=\"lazy\" srcset=\"https:\/\/happyvetproject.org\/wp-content\/uploads\/2022\/03\/happy-vet-yogi-loss-and-grief.jpg 392w, https:\/\/happyvetproject.org\/wp-content\/uploads\/2022\/03\/happy-vet-yogi-loss-and-grief-300x196.jpg 300w\" sizes=\"(max-width: 392px) 100vw, 392px\" \/><\/a><\/div><div class=\"fwpl-item el-9tknsu item-duration\">11 min<\/div><div class=\"fwpl-item el-ht8iv item-title title-uppsercase\"><a href=\"https:\/\/happyvetproject.org\/pl\/vet-yogi\/strata-i-zaloba\/\">Strata i \u017ca\u0142oba<\/a><\/div><div class=\"fwpl-item el-pfeppr item-degree is-empty\"><\/div><div class=\"fwpl-item el-rd7s6 item-excerpt\">Aby poradzi\u0107 sobie ze strat\u0105 i ze wszystkimi trudnymi emocjami z ni\u0105 zwi\u0105zanymi, pozw\u00f3l sobie czasami na s\u0142abo\u015b\u0107, zaakceptuj ca\u0142e zdarzenie, ale pozw\u00f3l mu odej\u015b\u0107, jak czemu\u015b, co nie nale\u017cy ju\u017c do Ciebie i co zdarzy\u0142o si\u0119 poza Tob\u0105, co by\u0142o tylko do\u015bwiadczeniem, w kt\u00f3rym uczestniczy\u0142e\u015b\/uczestniczy\u0142a\u015b. Zanim rozpoczniesz, sugerujemy wybra\u0107 jak najcichsze miejsce z ciep\u0142ym naturalnym \u015bwiat\u0142em. Po do\u015bwiadczeniu \u015bmierci pacjenta naprawd\u0119 warto wyj\u015b\u0107 z lecznicy na chwil\u0119, pooddycha\u0107 \u015bwiadomie...<\/div><\/div><\/div><\/div><div class=\"fwpl-result r3\"><div class=\"fwpl-row el-fh2opx\"><div class=\"fwpl-col fwpl-col el-z6z46o\"><div class=\"fwpl-item el-vzu7su item-image\"><a href=\"https:\/\/happyvetproject.org\/pl\/vet-yogi\/tryb-operacji\/\"><img width=\"392\" height=\"256\" src=\"https:\/\/happyvetproject.org\/wp-content\/uploads\/2022\/02\/happy-vet-yogi-surgery-mode.jpg\" class=\"attachment-medium_large size-medium_large wp-post-image\" alt=\"\" decoding=\"async\" loading=\"lazy\" srcset=\"https:\/\/happyvetproject.org\/wp-content\/uploads\/2022\/02\/happy-vet-yogi-surgery-mode.jpg 392w, https:\/\/happyvetproject.org\/wp-content\/uploads\/2022\/02\/happy-vet-yogi-surgery-mode-300x196.jpg 300w\" sizes=\"(max-width: 392px) 100vw, 392px\" \/><\/a><\/div><div class=\"fwpl-item el-9tknsu item-duration\">10 min<\/div><div class=\"fwpl-item el-ht8iv item-title title-uppsercase\"><a href=\"https:\/\/happyvetproject.org\/pl\/vet-yogi\/tryb-operacji\/\">Tryb operacji<\/a><\/div><div class=\"fwpl-item el-pfeppr item-degree is-empty\"><\/div><div class=\"fwpl-item el-rd7s6 item-excerpt\">Teraz, kiedy myjesz twarz i zdejmujesz czepek, mo\u017cesz nareszcie pomy\u015ble\u0107 o czym\u015b innym. Do tej pory chodzi\u0142o wy\u0142\u0105cznie o miot, kt\u00f3ry przyszed\u0142 na \u015bwiat poprzez pilne cesarskie ci\u0119cie wykonane przez Ciebie w porze obiadowej, poprzedzone operacj\u0105 trwaj\u0105c\u0105 ca\u0142e przedpo\u0142udnie \u2013 dlatego doce\u0144 moment, kt\u00f3ry mo\u017cesz po\u015bwi\u0119ci\u0107 na pomy\u015blenie tylko o sobie. Stanie przez d\u0142ugi czas w niepoprawnej pozycji, podtrzymywanie znieczulonych pacjent\u00f3w, nierzadko ci\u0119\u017ckich, nieprzerwane napi\u0119cie cia\u0142a \u2013 mog\u0105 powodowa\u0107 dr\u0119twienie i przykurcze konkretnych mi\u0119\u015bni, co w d\u0142u\u017cszej perspektywie mo\u017ce prowadzi\u0107 do powa\u017cniejszych uraz\u00f3w. Znajd\u017a pok\u00f3j z przyciemnionym o\u015bwietleniem (pracownia RTG albo USG b\u0119d\u0105 w sam raz!) i zamknij na chwil\u0119 oczy. Je\u015bli nadal odczuwasz po\u015bpiech, zacznij wykonywa\u0107 \u0107wiczenia w \u201eTrybie konsultacji\u201d, aby zwolni\u0107. Twoje cia\u0142o mo\u017ce wydawa\u0107 si\u0119 oci\u0119\u017ca\u0142e; poszukaj wygodnego fotela. Wspaniale jest r\u00f3wnie\u017c wyj\u015b\u0107 na zewn\u0105trz na moment, aby z\u0142apa\u0107 odrobin\u0119 \u015bwie\u017cego powietrza, poczu\u0107 s\u0142o\u0144ce na twarzy przez par\u0119 chwil. Nie zapominaj tak\u017ce o odpowiednim nawadnianiu organizmu oraz jedzeniu porz\u0105dnych posi\u0142k\u00f3w.<\/div><\/div><\/div><\/div><div class=\"fwpl-result r4\"><div class=\"fwpl-row el-fh2opx\"><div class=\"fwpl-col fwpl-col el-z6z46o\"><div class=\"fwpl-item el-vzu7su item-image\"><a href=\"https:\/\/happyvetproject.org\/pl\/vet-yogi\/tryb-konsultacji\/\"><img width=\"768\" height=\"414\" src=\"https:\/\/happyvetproject.org\/wp-content\/uploads\/2022\/01\/consultations-mode-play-768x414.jpg\" class=\"attachment-medium_large size-medium_large wp-post-image\" alt=\"\" decoding=\"async\" loading=\"lazy\" srcset=\"https:\/\/happyvetproject.org\/wp-content\/uploads\/2022\/01\/consultations-mode-play-768x414.jpg 768w, https:\/\/happyvetproject.org\/wp-content\/uploads\/2022\/01\/consultations-mode-play-300x162.jpg 300w, https:\/\/happyvetproject.org\/wp-content\/uploads\/2022\/01\/consultations-mode-play-1024x552.jpg 1024w, https:\/\/happyvetproject.org\/wp-content\/uploads\/2022\/01\/consultations-mode-play.jpg 1200w\" sizes=\"(max-width: 768px) 100vw, 768px\" \/><\/a><\/div><div class=\"fwpl-item el-9tknsu item-duration\">7 min<\/div><div class=\"fwpl-item el-ht8iv item-title title-uppsercase\"><a href=\"https:\/\/happyvetproject.org\/pl\/vet-yogi\/tryb-konsultacji\/\">Tryb konsultacji<\/a><\/div><div class=\"fwpl-item el-pfeppr item-degree is-empty\"><\/div><div class=\"fwpl-item el-rd7s6 item-excerpt\">Oto sze\u015bciominutowa sekwencja pozwalaj\u0105ca na zwolnienie tempa oddechu i rozlu\u017anienie postawy cia\u0142a. Potrzebujesz tylko krzes\u0142a i wiesz czego jeszcze? ...smyczy! Sugerujemy nauczy\u0107 si\u0119 ca\u0142ej sekwencji, ale prawdopodobnie konieczne b\u0119dzie wykonanie ka\u017cdego \u0107wiczenia oddzielnie w ci\u0105gu jedno- albo dwuminutowej przerwy mi\u0119dzy pacjentami. Zaczynamy!<\/div><\/div><\/div><\/div><\/div>\n<style>\n.fwpl-layout, .fwpl-row {\n    display: grid;\n}\n.fwpl-layout.el-2dtxsr {\n    grid-template-columns: repeat(3, 1fr);\n    grid-gap: 10px;\n}\n.fwpl-row.el-fh2opx {\n    grid-template-columns: 1fr;\n}\n<\/style>\n<\/div><\/div>\n\t\t\t\t<\/div>\n\t\t\t\t<\/div>\n\t\t\t\t\t<\/div>\n\t\t<\/div>\n\t\t\t\t\t\t\t<\/div>\n\t\t<\/section>\n\t\t\t\t\t\t\t<\/div>\n\t\t","protected":false},"excerpt":{"rendered":"<p>9 minZwolnienie presjiW naszej codziennej pracy lekarzy weterynarii, technik\u00f3w czy kierownik\u00f3w lecznic pojawiaj\u0105 si\u0119 sytuacje konfliktowe, kt\u00f3rych \u017ar\u00f3d\u0142em mog\u0105 by\u0107 w\u0142a\u015bciciele zwierz\u0105t, klienci, wsp\u00f3\u0142pracownicy, pracownicy czy przedstawiciele handlowi; ponadto jako profesjonali\u015bci \u2013 o ile pojawiamy si\u0119 w mediach spo\u0142eczno\u015bciowych \u2013 zawsze b\u0119dziemy znajdowa\u0107 si\u0119 pod sta\u0142\u0105 obserwacj\u0105 opinii publicznej. Poczucie obecno\u015bci ci\u0105g\u0142ego konfliktu i napi\u0119cia&hellip;<\/p>\n","protected":false},"author":6,"featured_media":0,"parent":57283,"menu_order":0,"comment_status":"closed","ping_status":"closed","template":"","meta":{"inline_featured_image":false},"acf":[],"yoast_head":"<!-- This site is optimized with the Yoast SEO plugin v20.11 - https:\/\/yoast.com\/wordpress\/plugins\/seo\/ -->\n<title>Joga w\u00a0lecznicy - HappyVetProject<\/title>\n<meta name=\"robots\" content=\"index, follow, max-snippet:-1, max-image-preview:large, max-video-preview:-1\" \/>\n<link rel=\"canonical\" href=\"https:\/\/happyvetproject.org\/pl\/body-vet\/vet-yogi\/joga-w-lecznicy\/\" \/>\n<meta property=\"og:locale\" content=\"pl_PL\" \/>\n<meta property=\"og:type\" content=\"article\" \/>\n<meta property=\"og:title\" content=\"Joga w\u00a0lecznicy - HappyVetProject\" \/>\n<meta property=\"og:url\" content=\"https:\/\/happyvetproject.org\/pl\/body-vet\/vet-yogi\/joga-w-lecznicy\/\" \/>\n<meta property=\"og:site_name\" content=\"HappyVetProject\" \/>\n<meta property=\"article:modified_time\" content=\"2023-02-22T10:54:47+00:00\" \/>\n<meta property=\"og:image\" content=\"https:\/\/happyvetproject.org\/wp-content\/uploads\/2022\/04\/happy-vet-project-vet-yogi.png\" \/>\n<meta name=\"twitter:card\" content=\"summary_large_image\" \/>\n<meta name=\"twitter:label1\" content=\"Szacowany czas czytania\" \/>\n\t<meta name=\"twitter:data1\" content=\"1 minuta\" \/>\n<script type=\"application\/ld+json\" class=\"yoast-schema-graph\">{\"@context\":\"https:\/\/schema.org\",\"@graph\":[{\"@type\":\"WebPage\",\"@id\":\"https:\/\/happyvetproject.org\/pl\/body-vet\/vet-yogi\/joga-w-lecznicy\/\",\"url\":\"https:\/\/happyvetproject.org\/pl\/body-vet\/vet-yogi\/joga-w-lecznicy\/\",\"name\":\"Joga w\u00a0lecznicy - HappyVetProject\",\"isPartOf\":{\"@id\":\"https:\/\/happyvetproject.org\/pl\/#website\"},\"datePublished\":\"2022-02-08T09:40:57+00:00\",\"dateModified\":\"2023-02-22T10:54:47+00:00\",\"breadcrumb\":{\"@id\":\"https:\/\/happyvetproject.org\/pl\/body-vet\/vet-yogi\/joga-w-lecznicy\/#breadcrumb\"},\"inLanguage\":\"pl-PL\",\"potentialAction\":[{\"@type\":\"ReadAction\",\"target\":[\"https:\/\/happyvetproject.org\/pl\/body-vet\/vet-yogi\/joga-w-lecznicy\/\"]}]},{\"@type\":\"BreadcrumbList\",\"@id\":\"https:\/\/happyvetproject.org\/pl\/body-vet\/vet-yogi\/joga-w-lecznicy\/#breadcrumb\",\"itemListElement\":[{\"@type\":\"ListItem\",\"position\":1,\"name\":\"Home\",\"item\":\"https:\/\/happyvetproject.org\/pl\/\"},{\"@type\":\"ListItem\",\"position\":2,\"name\":\"BODY VET\",\"item\":\"https:\/\/happyvetproject.org\/pl\/body-vet\/\"},{\"@type\":\"ListItem\",\"position\":3,\"name\":\"VET YOGI\",\"item\":\"https:\/\/happyvetproject.org\/pl\/body-vet\/vet-yogi\/\"},{\"@type\":\"ListItem\",\"position\":4,\"name\":\"Joga w\u00a0lecznicy\"}]},{\"@type\":\"WebSite\",\"@id\":\"https:\/\/happyvetproject.org\/pl\/#website\",\"url\":\"https:\/\/happyvetproject.org\/pl\/\",\"name\":\"HappyVetProject\",\"description\":\"Burnout antidotes for vets\",\"publisher\":{\"@id\":\"https:\/\/happyvetproject.org\/pl\/#organization\"},\"potentialAction\":[{\"@type\":\"SearchAction\",\"target\":{\"@type\":\"EntryPoint\",\"urlTemplate\":\"https:\/\/happyvetproject.org\/pl\/?s={search_term_string}\"},\"query-input\":\"required name=search_term_string\"}],\"inLanguage\":\"pl-PL\"},{\"@type\":\"Organization\",\"@id\":\"https:\/\/happyvetproject.org\/pl\/#organization\",\"name\":\"HappyVetProject\",\"url\":\"https:\/\/happyvetproject.org\/pl\/\",\"logo\":{\"@type\":\"ImageObject\",\"inLanguage\":\"pl-PL\",\"@id\":\"https:\/\/happyvetproject.org\/pl\/#\/schema\/logo\/image\/\",\"url\":\"https:\/\/happyvetproject.org\/wp-content\/uploads\/2021\/11\/happyvet-logo.png\",\"contentUrl\":\"https:\/\/happyvetproject.org\/wp-content\/uploads\/2021\/11\/happyvet-logo.png\",\"width\":123,\"height\":150,\"caption\":\"HappyVetProject\"},\"image\":{\"@id\":\"https:\/\/happyvetproject.org\/pl\/#\/schema\/logo\/image\/\"}}]}<\/script>\n<!-- \/ Yoast SEO plugin. -->","yoast_head_json":{"title":"Joga w\u00a0lecznicy - HappyVetProject","robots":{"index":"index","follow":"follow","max-snippet":"max-snippet:-1","max-image-preview":"max-image-preview:large","max-video-preview":"max-video-preview:-1"},"canonical":"https:\/\/happyvetproject.org\/pl\/body-vet\/vet-yogi\/joga-w-lecznicy\/","og_locale":"pl_PL","og_type":"article","og_title":"Joga w\u00a0lecznicy - HappyVetProject","og_url":"https:\/\/happyvetproject.org\/pl\/body-vet\/vet-yogi\/joga-w-lecznicy\/","og_site_name":"HappyVetProject","article_modified_time":"2023-02-22T10:54:47+00:00","og_image":[{"url":"https:\/\/happyvetproject.org\/wp-content\/uploads\/2022\/04\/happy-vet-project-vet-yogi.png"}],"twitter_card":"summary_large_image","twitter_misc":{"Szacowany czas czytania":"1 minuta"},"schema":{"@context":"https:\/\/schema.org","@graph":[{"@type":"WebPage","@id":"https:\/\/happyvetproject.org\/pl\/body-vet\/vet-yogi\/joga-w-lecznicy\/","url":"https:\/\/happyvetproject.org\/pl\/body-vet\/vet-yogi\/joga-w-lecznicy\/","name":"Joga w\u00a0lecznicy - HappyVetProject","isPartOf":{"@id":"https:\/\/happyvetproject.org\/pl\/#website"},"datePublished":"2022-02-08T09:40:57+00:00","dateModified":"2023-02-22T10:54:47+00:00","breadcrumb":{"@id":"https:\/\/happyvetproject.org\/pl\/body-vet\/vet-yogi\/joga-w-lecznicy\/#breadcrumb"},"inLanguage":"pl-PL","potentialAction":[{"@type":"ReadAction","target":["https:\/\/happyvetproject.org\/pl\/body-vet\/vet-yogi\/joga-w-lecznicy\/"]}]},{"@type":"BreadcrumbList","@id":"https:\/\/happyvetproject.org\/pl\/body-vet\/vet-yogi\/joga-w-lecznicy\/#breadcrumb","itemListElement":[{"@type":"ListItem","position":1,"name":"Home","item":"https:\/\/happyvetproject.org\/pl\/"},{"@type":"ListItem","position":2,"name":"BODY VET","item":"https:\/\/happyvetproject.org\/pl\/body-vet\/"},{"@type":"ListItem","position":3,"name":"VET YOGI","item":"https:\/\/happyvetproject.org\/pl\/body-vet\/vet-yogi\/"},{"@type":"ListItem","position":4,"name":"Joga w\u00a0lecznicy"}]},{"@type":"WebSite","@id":"https:\/\/happyvetproject.org\/pl\/#website","url":"https:\/\/happyvetproject.org\/pl\/","name":"HappyVetProject","description":"Burnout antidotes for vets","publisher":{"@id":"https:\/\/happyvetproject.org\/pl\/#organization"},"potentialAction":[{"@type":"SearchAction","target":{"@type":"EntryPoint","urlTemplate":"https:\/\/happyvetproject.org\/pl\/?s={search_term_string}"},"query-input":"required name=search_term_string"}],"inLanguage":"pl-PL"},{"@type":"Organization","@id":"https:\/\/happyvetproject.org\/pl\/#organization","name":"HappyVetProject","url":"https:\/\/happyvetproject.org\/pl\/","logo":{"@type":"ImageObject","inLanguage":"pl-PL","@id":"https:\/\/happyvetproject.org\/pl\/#\/schema\/logo\/image\/","url":"https:\/\/happyvetproject.org\/wp-content\/uploads\/2021\/11\/happyvet-logo.png","contentUrl":"https:\/\/happyvetproject.org\/wp-content\/uploads\/2021\/11\/happyvet-logo.png","width":123,"height":150,"caption":"HappyVetProject"},"image":{"@id":"https:\/\/happyvetproject.org\/pl\/#\/schema\/logo\/image\/"}}]}},"_links":{"self":[{"href":"https:\/\/happyvetproject.org\/pl\/wp-json\/wp\/v2\/pages\/57289"}],"collection":[{"href":"https:\/\/happyvetproject.org\/pl\/wp-json\/wp\/v2\/pages"}],"about":[{"href":"https:\/\/happyvetproject.org\/pl\/wp-json\/wp\/v2\/types\/page"}],"author":[{"embeddable":true,"href":"https:\/\/happyvetproject.org\/pl\/wp-json\/wp\/v2\/users\/6"}],"replies":[{"embeddable":true,"href":"https:\/\/happyvetproject.org\/pl\/wp-json\/wp\/v2\/comments?post=57289"}],"version-history":[{"count":0,"href":"https:\/\/happyvetproject.org\/pl\/wp-json\/wp\/v2\/pages\/57289\/revisions"}],"up":[{"embeddable":true,"href":"https:\/\/happyvetproject.org\/pl\/wp-json\/wp\/v2\/pages\/57283"}],"wp:attachment":[{"href":"https:\/\/happyvetproject.org\/pl\/wp-json\/wp\/v2\/media?parent=57289"}],"curies":[{"name":"wp","href":"https:\/\/api.w.org\/{rel}","templated":true}]}}