{"id":57311,"date":"2022-02-08T10:41:21","date_gmt":"2022-02-08T09:41:21","guid":{"rendered":"https:\/\/happyvetproject.org\/vet-yogi\/skupienie-na-barkach\/"},"modified":"2023-02-22T11:54:30","modified_gmt":"2023-02-22T10:54:30","slug":"skupienie-na-barkach","status":"publish","type":"page","link":"https:\/\/happyvetproject.org\/pl\/body-vet\/vet-yogi\/skupienie-na-barkach\/","title":{"rendered":"Skupienie na barkach"},"content":{"rendered":"\t\t<div data-elementor-type=\"wp-page\" data-elementor-id=\"57311\" class=\"elementor elementor-57311 elementor-51889\">\n\t\t\t\t\t\t\t\t\t<section class=\"elementor-section elementor-top-section elementor-element elementor-element-2e4f7101 category-picto-box elementor-section-boxed elementor-section-height-default elementor-section-height-default\" data-id=\"2e4f7101\" data-element_type=\"section\">\n\t\t\t\t\t\t<div class=\"elementor-container elementor-column-gap-default\">\n\t\t\t\t\t<div class=\"elementor-column elementor-col-100 elementor-top-column elementor-element elementor-element-4e920595\" data-id=\"4e920595\" data-element_type=\"column\">\n\t\t\t<div class=\"elementor-widget-wrap elementor-element-populated\">\n\t\t\t\t\t\t\t\t<div class=\"elementor-element elementor-element-b15ba3 category-picto elementor-widget elementor-widget-image\" data-id=\"b15ba3\" data-element_type=\"widget\" data-widget_type=\"image.default\">\n\t\t\t\t<div class=\"elementor-widget-container\">\n\t\t\t<style>\/*! elementor - v3.13.3 - 28-05-2023 *\/\n.elementor-widget-image{text-align:center}.elementor-widget-image a{display:inline-block}.elementor-widget-image a img{width:48px}.elementor-widget-image img{vertical-align:middle;display:inline-block}<\/style>\t\t\t\t\t\t\t\t\t\t\t\t\t<a href=\"https:\/\/happyvetproject.org\/body-vet\/vet-yogi\/\">\n\t\t\t\t\t\t\t<img decoding=\"async\" width=\"92\" height=\"92\" src=\"https:\/\/happyvetproject.org\/wp-content\/uploads\/2022\/04\/happy-vet-project-vet-yogi.png\" class=\"attachment-full size-full wp-image-52388\" alt=\"happy vet project vet yogi\" loading=\"lazy\" \/>\t\t\t\t\t\t\t\t<\/a>\n\t\t\t\t\t\t\t\t\t\t\t\t\t\t\t<\/div>\n\t\t\t\t<\/div>\n\t\t\t\t<div class=\"elementor-element elementor-element-3a056898 category-picto elementor-widget elementor-widget-image\" data-id=\"3a056898\" data-element_type=\"widget\" data-widget_type=\"image.default\">\n\t\t\t\t<div class=\"elementor-widget-container\">\n\t\t\t\t\t\t\t\t\t\t\t\t\t\t\t<img decoding=\"async\" src=\"https:\/\/happyvetproject.org\/wp-content\/uploads\/elementor\/thumbs\/happy-vet-project-shoulder-focus-q3hpvoy0zteqk8olk9pc986vxfc1qr96lwvr9wrdso.png\" title=\"happy-vet-project-shoulder-focus\" alt=\"happy-vet-project-shoulder-focus\" loading=\"lazy\" \/>\t\t\t\t\t\t\t\t\t\t\t\t\t\t\t<\/div>\n\t\t\t\t<\/div>\n\t\t\t\t\t<\/div>\n\t\t<\/div>\n\t\t\t\t\t\t\t<\/div>\n\t\t<\/section>\n\t\t\t\t<section class=\"elementor-section elementor-top-section elementor-element elementor-element-323dffc6 elementor-section-boxed elementor-section-height-default elementor-section-height-default\" data-id=\"323dffc6\" data-element_type=\"section\">\n\t\t\t\t\t\t<div class=\"elementor-container elementor-column-gap-default\">\n\t\t\t\t\t<div class=\"elementor-column elementor-col-100 elementor-top-column elementor-element elementor-element-525371df\" data-id=\"525371df\" data-element_type=\"column\">\n\t\t\t<div class=\"elementor-widget-wrap elementor-element-populated\">\n\t\t\t\t\t\t\t\t<div class=\"elementor-element elementor-element-7198a266 elementor-widget elementor-widget-shortcode\" data-id=\"7198a266\" data-element_type=\"widget\" data-widget_type=\"shortcode.default\">\n\t\t\t\t<div class=\"elementor-widget-container\">\n\t\t\t\t\t<div class=\"elementor-shortcode\"><div class=\"facetwp-template\" data-name=\"shoulder_focus\"><div class=\"fwpl-layout el-r4ys0m\"><div class=\"fwpl-result r1\"><div class=\"fwpl-row el-w6djm\"><div class=\"fwpl-col fwpl-col el-6qb3vs\"><div class=\"fwpl-item el-6dsj4e item-image\"><a href=\"https:\/\/happyvetproject.org\/pl\/vet-yogi\/skupienie-na-barkach-postepujace-stanie-na-rekach-5-z-6\/\"><img width=\"392\" height=\"256\" src=\"https:\/\/happyvetproject.org\/wp-content\/uploads\/2022\/07\/happy-vet-yogi-shoulder-focus-chair_and_wall_poses_4-6.jpg\" class=\"attachment-medium_large size-medium_large wp-post-image\" alt=\"\" decoding=\"async\" loading=\"lazy\" srcset=\"https:\/\/happyvetproject.org\/wp-content\/uploads\/2022\/07\/happy-vet-yogi-shoulder-focus-chair_and_wall_poses_4-6.jpg 392w, https:\/\/happyvetproject.org\/wp-content\/uploads\/2022\/07\/happy-vet-yogi-shoulder-focus-chair_and_wall_poses_4-6-300x196.jpg 300w\" sizes=\"(max-width: 392px) 100vw, 392px\" \/><\/a><\/div><div class=\"fwpl-item el-bznl8 item-duration\">5 min<\/div><div class=\"fwpl-item el-b0a3u item-title title-uppercase\"><a href=\"https:\/\/happyvetproject.org\/pl\/vet-yogi\/skupienie-na-barkach-postepujace-stanie-na-rekach-5-z-6\/\">Skupienie na barkach: Post\u0119puj\u0105ce stanie na r\u0119kach (5 z 6)<\/a><\/div><div class=\"fwpl-item el-lmgqtv item-degree is-empty\"><\/div><div class=\"fwpl-item el-u6j4g item-excerpt\">Barki maj\u0105 wp\u0142yw na g\u0142ow\u0119 i szyj\u0119, doln\u0105 cz\u0119\u015b\u0107 plec\u00f3w i miednic\u0119, otwieranie klatki piersiowej, pozycj\u0119 ramion, elastyczno\u015b\u0107 kr\u0119gos\u0142upa i mo\u017cliwo\u015b\u0107 wygi\u0119cia go w \u0142uk, nacisk i obci\u0105\u017cenie kolan i kostek, a nawet na to, kt\u00f3r\u0105 cz\u0119\u015b\u0107 stopy zazwyczaj stawiamy na ziemi, dlatego wp\u0142ywaj\u0105 na nasze poczucie r\u00f3wnowagi i postaw\u0119 w bardzo istotny spos\u00f3b. To pierwszy z sze\u015bciu materia\u0142\u00f3w wideo.<\/div><\/div><\/div><\/div><div class=\"fwpl-result r2\"><div class=\"fwpl-row el-w6djm\"><div class=\"fwpl-col fwpl-col el-6qb3vs\"><div class=\"fwpl-item el-6dsj4e item-image\"><a href=\"https:\/\/happyvetproject.org\/pl\/vet-yogi\/skupienie-na-barkach-pozycje-przy-krzesle-i-scianie-4-z-6\/\"><img width=\"392\" height=\"256\" src=\"https:\/\/happyvetproject.org\/wp-content\/uploads\/2022\/07\/happy-vet-yogi-shoulder-focus-chair_and_wall_poses_4-6.jpg\" class=\"attachment-medium_large size-medium_large wp-post-image\" alt=\"\" decoding=\"async\" loading=\"lazy\" srcset=\"https:\/\/happyvetproject.org\/wp-content\/uploads\/2022\/07\/happy-vet-yogi-shoulder-focus-chair_and_wall_poses_4-6.jpg 392w, https:\/\/happyvetproject.org\/wp-content\/uploads\/2022\/07\/happy-vet-yogi-shoulder-focus-chair_and_wall_poses_4-6-300x196.jpg 300w\" sizes=\"(max-width: 392px) 100vw, 392px\" \/><\/a><\/div><div class=\"fwpl-item el-bznl8 item-duration\">5 min<\/div><div class=\"fwpl-item el-b0a3u item-title title-uppercase\"><a href=\"https:\/\/happyvetproject.org\/pl\/vet-yogi\/skupienie-na-barkach-pozycje-przy-krzesle-i-scianie-4-z-6\/\">Skupienie na barkach: Pozycje przy krze\u015ble i \u015bcianie (4 z 6)<\/a><\/div><div class=\"fwpl-item el-lmgqtv item-degree is-empty\"><\/div><div class=\"fwpl-item el-u6j4g item-excerpt\">Barki maj\u0105 wp\u0142yw na g\u0142ow\u0119 i szyj\u0119, doln\u0105 cz\u0119\u015b\u0107 plec\u00f3w i miednic\u0119, otwieranie klatki piersiowej, pozycj\u0119 ramion, elastyczno\u015b\u0107 kr\u0119gos\u0142upa i mo\u017cliwo\u015b\u0107 wygi\u0119cia go w \u0142uk, nacisk i obci\u0105\u017cenie kolan i kostek, a nawet na to, kt\u00f3r\u0105 cz\u0119\u015b\u0107 stopy zazwyczaj stawiamy na ziemi, dlatego wp\u0142ywaj\u0105 na nasze poczucie r\u00f3wnowagi i postaw\u0119 w bardzo istotny spos\u00f3b. To pierwszy z sze\u015bciu materia\u0142\u00f3w wideo.<\/div><\/div><\/div><\/div><div class=\"fwpl-result r3\"><div class=\"fwpl-row el-w6djm\"><div class=\"fwpl-col fwpl-col el-6qb3vs\"><div class=\"fwpl-item el-6dsj4e item-image\"><a href=\"https:\/\/happyvetproject.org\/pl\/vet-yogi\/skupienie-na-barkach-pozycje-z-lina-i-bloczkiem-3-z-6\/\"><img width=\"392\" height=\"256\" src=\"https:\/\/happyvetproject.org\/wp-content\/uploads\/2022\/05\/happy-vet-yogi-vet-yogi-shoulder-focus-3-of-6-rope-and-block-poses.jpg\" class=\"attachment-medium_large size-medium_large wp-post-image\" alt=\"\" decoding=\"async\" loading=\"lazy\" srcset=\"https:\/\/happyvetproject.org\/wp-content\/uploads\/2022\/05\/happy-vet-yogi-vet-yogi-shoulder-focus-3-of-6-rope-and-block-poses.jpg 392w, https:\/\/happyvetproject.org\/wp-content\/uploads\/2022\/05\/happy-vet-yogi-vet-yogi-shoulder-focus-3-of-6-rope-and-block-poses-300x196.jpg 300w\" sizes=\"(max-width: 392px) 100vw, 392px\" \/><\/a><\/div><div class=\"fwpl-item el-bznl8 item-duration\">6 min<\/div><div class=\"fwpl-item el-b0a3u item-title title-uppercase\"><a href=\"https:\/\/happyvetproject.org\/pl\/vet-yogi\/skupienie-na-barkach-pozycje-z-lina-i-bloczkiem-3-z-6\/\">Skupienie na barkach: Pozycje z lin\u0105 i bloczkiem (3 z 6)<\/a><\/div><div class=\"fwpl-item el-lmgqtv item-degree is-empty\"><\/div><div class=\"fwpl-item el-u6j4g item-excerpt\">Barki maj\u0105 wp\u0142yw na g\u0142ow\u0119 i szyj\u0119, doln\u0105 cz\u0119\u015b\u0107 plec\u00f3w i miednic\u0119, otwieranie klatki piersiowej, pozycj\u0119 ramion, elastyczno\u015b\u0107 kr\u0119gos\u0142upa i mo\u017cliwo\u015b\u0107 wygi\u0119cia go w \u0142uk, nacisk i obci\u0105\u017cenie kolan i kostek, a nawet na to, kt\u00f3r\u0105 cz\u0119\u015b\u0107 stopy zazwyczaj stawiamy na ziemi, dlatego wp\u0142ywaj\u0105 na nasze poczucie r\u00f3wnowagi i postaw\u0119 w bardzo istotny spos\u00f3b. To pierwszy z sze\u015bciu materia\u0142\u00f3w wideo.<\/div><\/div><\/div><\/div><div class=\"fwpl-result r4\"><div class=\"fwpl-row el-w6djm\"><div class=\"fwpl-col fwpl-col el-6qb3vs\"><div class=\"fwpl-item el-6dsj4e item-image\"><a href=\"https:\/\/happyvetproject.org\/pl\/vet-yogi\/skupienie-na-barkach-pozycje-wstepne-2-z-6\/\"><img width=\"392\" height=\"256\" src=\"https:\/\/happyvetproject.org\/wp-content\/uploads\/2022\/02\/happy-vet-yogi-shoulder-focus-initial-poses-2-of-6.jpg\" class=\"attachment-medium_large size-medium_large wp-post-image\" alt=\"\" decoding=\"async\" loading=\"lazy\" srcset=\"https:\/\/happyvetproject.org\/wp-content\/uploads\/2022\/02\/happy-vet-yogi-shoulder-focus-initial-poses-2-of-6.jpg 392w, https:\/\/happyvetproject.org\/wp-content\/uploads\/2022\/02\/happy-vet-yogi-shoulder-focus-initial-poses-2-of-6-300x196.jpg 300w\" sizes=\"(max-width: 392px) 100vw, 392px\" \/><\/a><\/div><div class=\"fwpl-item el-bznl8 item-duration\">8 min<\/div><div class=\"fwpl-item el-b0a3u item-title title-uppercase\"><a href=\"https:\/\/happyvetproject.org\/pl\/vet-yogi\/skupienie-na-barkach-pozycje-wstepne-2-z-6\/\">Skupienie na barkach: pozycje wst\u0119pne (2 z 6)<\/a><\/div><div class=\"fwpl-item el-lmgqtv item-degree is-empty\"><\/div><div class=\"fwpl-item el-u6j4g item-excerpt\">Barki maj\u0105 wp\u0142yw na g\u0142ow\u0119 i szyj\u0119, doln\u0105 cz\u0119\u015b\u0107 plec\u00f3w i miednic\u0119, otwieranie klatki piersiowej, pozycj\u0119 ramion, elastyczno\u015b\u0107 kr\u0119gos\u0142upa i mo\u017cliwo\u015b\u0107 wygi\u0119cia go w \u0142uk, nacisk i obci\u0105\u017cenie kolan i kostek, a nawet na to, kt\u00f3r\u0105 cz\u0119\u015b\u0107 stopy zazwyczaj stawiamy na ziemi, dlatego wp\u0142ywaj\u0105 na nasze poczucie r\u00f3wnowagi i postaw\u0119 w bardzo istotny spos\u00f3b.  To drugi z sze\u015bciu materia\u0142\u00f3w wideo.<\/div><\/div><\/div><\/div><div class=\"fwpl-result r5\"><div class=\"fwpl-row el-w6djm\"><div class=\"fwpl-col fwpl-col el-6qb3vs\"><div class=\"fwpl-item el-6dsj4e item-image\"><a href=\"https:\/\/happyvetproject.org\/pl\/vet-yogi\/skupienie-na-barkach-rozgrzewka-i-ustawianie-barkow-1-z-6\/\"><img width=\"392\" height=\"256\" src=\"https:\/\/happyvetproject.org\/wp-content\/uploads\/2022\/02\/happy-vet-yogi-shoulder-focus-warm-up-and-shoulder-placement-1-of-6.jpg\" class=\"attachment-medium_large size-medium_large wp-post-image\" alt=\"\" decoding=\"async\" loading=\"lazy\" srcset=\"https:\/\/happyvetproject.org\/wp-content\/uploads\/2022\/02\/happy-vet-yogi-shoulder-focus-warm-up-and-shoulder-placement-1-of-6.jpg 392w, https:\/\/happyvetproject.org\/wp-content\/uploads\/2022\/02\/happy-vet-yogi-shoulder-focus-warm-up-and-shoulder-placement-1-of-6-300x196.jpg 300w\" sizes=\"(max-width: 392px) 100vw, 392px\" \/><\/a><\/div><div class=\"fwpl-item el-bznl8 item-duration\">4 min<\/div><div class=\"fwpl-item el-b0a3u item-title title-uppercase\"><a href=\"https:\/\/happyvetproject.org\/pl\/vet-yogi\/skupienie-na-barkach-rozgrzewka-i-ustawianie-barkow-1-z-6\/\">Skupienie na barkach: rozgrzewka i ustawianie bark\u00f3w (1 z 6)<\/a><\/div><div class=\"fwpl-item el-lmgqtv item-degree is-empty\"><\/div><div class=\"fwpl-item el-u6j4g item-excerpt\">Barki maj\u0105 wp\u0142yw na g\u0142ow\u0119 i szyj\u0119, doln\u0105 cz\u0119\u015b\u0107 plec\u00f3w i miednic\u0119, otwieranie klatki piersiowej, pozycj\u0119 ramion, elastyczno\u015b\u0107 kr\u0119gos\u0142upa i mo\u017cliwo\u015b\u0107 wygi\u0119cia go w \u0142uk, nacisk i obci\u0105\u017cenie kolan i kostek, a nawet na to, kt\u00f3r\u0105 cz\u0119\u015b\u0107 stopy zazwyczaj stawiamy na ziemi, dlatego wp\u0142ywaj\u0105 na nasze poczucie r\u00f3wnowagi i postaw\u0119 w bardzo istotny spos\u00f3b. To pierwszy z sze\u015bciu materia\u0142\u00f3w wideo.<\/div><\/div><\/div><\/div><\/div>\n<style>\n.fwpl-layout, .fwpl-row {\n    display: grid;\n}\n.fwpl-layout.el-r4ys0m {\n    grid-template-columns: repeat(3, 1fr);\n    grid-gap: 10px;\n}\n.fwpl-row.el-w6djm {\n    grid-template-columns: 1fr;\n}\n<\/style>\n<\/div><\/div>\n\t\t\t\t<\/div>\n\t\t\t\t<\/div>\n\t\t\t\t\t<\/div>\n\t\t<\/div>\n\t\t\t\t\t\t\t<\/div>\n\t\t<\/section>\n\t\t\t\t\t\t\t<\/div>\n\t\t","protected":false},"excerpt":{"rendered":"<p>5 minSkupienie na barkach: Post\u0119puj\u0105ce stanie na r\u0119kach (5 z 6)Barki maj\u0105 wp\u0142yw na g\u0142ow\u0119 i szyj\u0119, doln\u0105 cz\u0119\u015b\u0107 plec\u00f3w i miednic\u0119, otwieranie klatki piersiowej, pozycj\u0119 ramion, elastyczno\u015b\u0107 kr\u0119gos\u0142upa i mo\u017cliwo\u015b\u0107 wygi\u0119cia go w \u0142uk, nacisk i obci\u0105\u017cenie kolan i kostek, a nawet na to, kt\u00f3r\u0105 cz\u0119\u015b\u0107 stopy zazwyczaj stawiamy na ziemi, dlatego wp\u0142ywaj\u0105 na&hellip;<\/p>\n","protected":false},"author":6,"featured_media":0,"parent":57283,"menu_order":0,"comment_status":"closed","ping_status":"closed","template":"","meta":{"inline_featured_image":false},"acf":[],"yoast_head":"<!-- This site is optimized with the Yoast SEO plugin v20.11 - https:\/\/yoast.com\/wordpress\/plugins\/seo\/ -->\n<title>Skupienie na barkach - HappyVetProject<\/title>\n<meta name=\"robots\" content=\"index, follow, max-snippet:-1, max-image-preview:large, max-video-preview:-1\" \/>\n<link rel=\"canonical\" href=\"https:\/\/happyvetproject.org\/pl\/body-vet\/vet-yogi\/skupienie-na-barkach\/\" \/>\n<meta property=\"og:locale\" content=\"pl_PL\" \/>\n<meta property=\"og:type\" content=\"article\" \/>\n<meta property=\"og:title\" content=\"Skupienie na barkach - HappyVetProject\" \/>\n<meta property=\"og:url\" content=\"https:\/\/happyvetproject.org\/pl\/body-vet\/vet-yogi\/skupienie-na-barkach\/\" \/>\n<meta property=\"og:site_name\" content=\"HappyVetProject\" \/>\n<meta property=\"article:modified_time\" content=\"2023-02-22T10:54:30+00:00\" \/>\n<meta property=\"og:image\" content=\"https:\/\/happyvetproject.org\/wp-content\/uploads\/2022\/04\/happy-vet-project-vet-yogi.png\" \/>\n<meta name=\"twitter:card\" content=\"summary_large_image\" \/>\n<meta name=\"twitter:label1\" content=\"Szacowany czas czytania\" \/>\n\t<meta name=\"twitter:data1\" content=\"1 minuta\" \/>\n<script type=\"application\/ld+json\" class=\"yoast-schema-graph\">{\"@context\":\"https:\/\/schema.org\",\"@graph\":[{\"@type\":\"WebPage\",\"@id\":\"https:\/\/happyvetproject.org\/pl\/body-vet\/vet-yogi\/skupienie-na-barkach\/\",\"url\":\"https:\/\/happyvetproject.org\/pl\/body-vet\/vet-yogi\/skupienie-na-barkach\/\",\"name\":\"Skupienie na barkach - HappyVetProject\",\"isPartOf\":{\"@id\":\"https:\/\/happyvetproject.org\/pl\/#website\"},\"datePublished\":\"2022-02-08T09:41:21+00:00\",\"dateModified\":\"2023-02-22T10:54:30+00:00\",\"breadcrumb\":{\"@id\":\"https:\/\/happyvetproject.org\/pl\/body-vet\/vet-yogi\/skupienie-na-barkach\/#breadcrumb\"},\"inLanguage\":\"pl-PL\",\"potentialAction\":[{\"@type\":\"ReadAction\",\"target\":[\"https:\/\/happyvetproject.org\/pl\/body-vet\/vet-yogi\/skupienie-na-barkach\/\"]}]},{\"@type\":\"BreadcrumbList\",\"@id\":\"https:\/\/happyvetproject.org\/pl\/body-vet\/vet-yogi\/skupienie-na-barkach\/#breadcrumb\",\"itemListElement\":[{\"@type\":\"ListItem\",\"position\":1,\"name\":\"Home\",\"item\":\"https:\/\/happyvetproject.org\/pl\/\"},{\"@type\":\"ListItem\",\"position\":2,\"name\":\"BODY VET\",\"item\":\"https:\/\/happyvetproject.org\/pl\/body-vet\/\"},{\"@type\":\"ListItem\",\"position\":3,\"name\":\"VET YOGI\",\"item\":\"https:\/\/happyvetproject.org\/pl\/body-vet\/vet-yogi\/\"},{\"@type\":\"ListItem\",\"position\":4,\"name\":\"Skupienie na barkach\"}]},{\"@type\":\"WebSite\",\"@id\":\"https:\/\/happyvetproject.org\/pl\/#website\",\"url\":\"https:\/\/happyvetproject.org\/pl\/\",\"name\":\"HappyVetProject\",\"description\":\"Burnout antidotes for vets\",\"publisher\":{\"@id\":\"https:\/\/happyvetproject.org\/pl\/#organization\"},\"potentialAction\":[{\"@type\":\"SearchAction\",\"target\":{\"@type\":\"EntryPoint\",\"urlTemplate\":\"https:\/\/happyvetproject.org\/pl\/?s={search_term_string}\"},\"query-input\":\"required name=search_term_string\"}],\"inLanguage\":\"pl-PL\"},{\"@type\":\"Organization\",\"@id\":\"https:\/\/happyvetproject.org\/pl\/#organization\",\"name\":\"HappyVetProject\",\"url\":\"https:\/\/happyvetproject.org\/pl\/\",\"logo\":{\"@type\":\"ImageObject\",\"inLanguage\":\"pl-PL\",\"@id\":\"https:\/\/happyvetproject.org\/pl\/#\/schema\/logo\/image\/\",\"url\":\"https:\/\/happyvetproject.org\/wp-content\/uploads\/2021\/11\/happyvet-logo.png\",\"contentUrl\":\"https:\/\/happyvetproject.org\/wp-content\/uploads\/2021\/11\/happyvet-logo.png\",\"width\":123,\"height\":150,\"caption\":\"HappyVetProject\"},\"image\":{\"@id\":\"https:\/\/happyvetproject.org\/pl\/#\/schema\/logo\/image\/\"}}]}<\/script>\n<!-- \/ Yoast SEO plugin. -->","yoast_head_json":{"title":"Skupienie na barkach - HappyVetProject","robots":{"index":"index","follow":"follow","max-snippet":"max-snippet:-1","max-image-preview":"max-image-preview:large","max-video-preview":"max-video-preview:-1"},"canonical":"https:\/\/happyvetproject.org\/pl\/body-vet\/vet-yogi\/skupienie-na-barkach\/","og_locale":"pl_PL","og_type":"article","og_title":"Skupienie na barkach - HappyVetProject","og_url":"https:\/\/happyvetproject.org\/pl\/body-vet\/vet-yogi\/skupienie-na-barkach\/","og_site_name":"HappyVetProject","article_modified_time":"2023-02-22T10:54:30+00:00","og_image":[{"url":"https:\/\/happyvetproject.org\/wp-content\/uploads\/2022\/04\/happy-vet-project-vet-yogi.png"}],"twitter_card":"summary_large_image","twitter_misc":{"Szacowany czas czytania":"1 minuta"},"schema":{"@context":"https:\/\/schema.org","@graph":[{"@type":"WebPage","@id":"https:\/\/happyvetproject.org\/pl\/body-vet\/vet-yogi\/skupienie-na-barkach\/","url":"https:\/\/happyvetproject.org\/pl\/body-vet\/vet-yogi\/skupienie-na-barkach\/","name":"Skupienie na barkach - HappyVetProject","isPartOf":{"@id":"https:\/\/happyvetproject.org\/pl\/#website"},"datePublished":"2022-02-08T09:41:21+00:00","dateModified":"2023-02-22T10:54:30+00:00","breadcrumb":{"@id":"https:\/\/happyvetproject.org\/pl\/body-vet\/vet-yogi\/skupienie-na-barkach\/#breadcrumb"},"inLanguage":"pl-PL","potentialAction":[{"@type":"ReadAction","target":["https:\/\/happyvetproject.org\/pl\/body-vet\/vet-yogi\/skupienie-na-barkach\/"]}]},{"@type":"BreadcrumbList","@id":"https:\/\/happyvetproject.org\/pl\/body-vet\/vet-yogi\/skupienie-na-barkach\/#breadcrumb","itemListElement":[{"@type":"ListItem","position":1,"name":"Home","item":"https:\/\/happyvetproject.org\/pl\/"},{"@type":"ListItem","position":2,"name":"BODY VET","item":"https:\/\/happyvetproject.org\/pl\/body-vet\/"},{"@type":"ListItem","position":3,"name":"VET YOGI","item":"https:\/\/happyvetproject.org\/pl\/body-vet\/vet-yogi\/"},{"@type":"ListItem","position":4,"name":"Skupienie na barkach"}]},{"@type":"WebSite","@id":"https:\/\/happyvetproject.org\/pl\/#website","url":"https:\/\/happyvetproject.org\/pl\/","name":"HappyVetProject","description":"Burnout antidotes for vets","publisher":{"@id":"https:\/\/happyvetproject.org\/pl\/#organization"},"potentialAction":[{"@type":"SearchAction","target":{"@type":"EntryPoint","urlTemplate":"https:\/\/happyvetproject.org\/pl\/?s={search_term_string}"},"query-input":"required name=search_term_string"}],"inLanguage":"pl-PL"},{"@type":"Organization","@id":"https:\/\/happyvetproject.org\/pl\/#organization","name":"HappyVetProject","url":"https:\/\/happyvetproject.org\/pl\/","logo":{"@type":"ImageObject","inLanguage":"pl-PL","@id":"https:\/\/happyvetproject.org\/pl\/#\/schema\/logo\/image\/","url":"https:\/\/happyvetproject.org\/wp-content\/uploads\/2021\/11\/happyvet-logo.png","contentUrl":"https:\/\/happyvetproject.org\/wp-content\/uploads\/2021\/11\/happyvet-logo.png","width":123,"height":150,"caption":"HappyVetProject"},"image":{"@id":"https:\/\/happyvetproject.org\/pl\/#\/schema\/logo\/image\/"}}]}},"_links":{"self":[{"href":"https:\/\/happyvetproject.org\/pl\/wp-json\/wp\/v2\/pages\/57311"}],"collection":[{"href":"https:\/\/happyvetproject.org\/pl\/wp-json\/wp\/v2\/pages"}],"about":[{"href":"https:\/\/happyvetproject.org\/pl\/wp-json\/wp\/v2\/types\/page"}],"author":[{"embeddable":true,"href":"https:\/\/happyvetproject.org\/pl\/wp-json\/wp\/v2\/users\/6"}],"replies":[{"embeddable":true,"href":"https:\/\/happyvetproject.org\/pl\/wp-json\/wp\/v2\/comments?post=57311"}],"version-history":[{"count":0,"href":"https:\/\/happyvetproject.org\/pl\/wp-json\/wp\/v2\/pages\/57311\/revisions"}],"up":[{"embeddable":true,"href":"https:\/\/happyvetproject.org\/pl\/wp-json\/wp\/v2\/pages\/57283"}],"wp:attachment":[{"href":"https:\/\/happyvetproject.org\/pl\/wp-json\/wp\/v2\/media?parent=57311"}],"curies":[{"name":"wp","href":"https:\/\/api.w.org\/{rel}","templated":true}]}}